{"id":2414,"date":"2025-01-02T20:08:30","date_gmt":"2025-01-02T17:08:30","guid":{"rendered":"https:\/\/klasikdusunceokulu.com\/?page_id=2414"},"modified":"2025-04-13T02:35:18","modified_gmt":"2025-04-12T23:35:18","slug":"ekrem-demirli-2024-2025-lisans-programi-islam-dusuncesine-giris-2","status":"publish","type":"page","link":"http:\/\/klasikdusunceokulu.com\/index.php\/ekrem-demirli-2024-2025-lisans-programi-islam-dusuncesine-giris-2\/","title":{"rendered":"Ekrem Demirli, 2024-2025 Lisans Program\u0131: \u0130slam D\u00fc\u015f\u00fcncesine Giri\u015f"},"content":{"rendered":"<p data-fusion-font=\"true\" data-fusion-google-font=\"Roboto Flex\" data-fusion-google-variant=\"400\"><a href=\"https:\/\/klasikdusunceokulu.com\/index.php\/ekrem-demirli-islam-dusuncesine-giris-1-2\/\"><span style=\"color: #3b5163;\"><b>EKREM DEM\u0130RL\u0130: \u0130SLAM D\u00dc\u015e\u00dcNCES\u0130NE G\u0130R\u0130\u015e 1. SEM\u0130NER \u00d6ZET\u0130<\/b><\/span><\/a><\/p>\n<p data-fusion-font=\"true\" data-fusion-google-font=\"Roboto Flex\" data-fusion-google-variant=\"400\"><a href=\"https:\/\/klasikdusunceokulu.com\/index.php\/ekrem-demirli-islam-dusuncesine-giris-2\/\"><span style=\"color: #3b5163;\"><b>EKREM DEM\u0130RL\u0130: \u0130SLAM D\u00dc\u015e\u00dcNCES\u0130NE G\u0130R\u0130\u015e 2. SEM\u0130NER \u00d6ZET\u0130<\/b><\/span><\/a><\/p>\n<p data-fusion-font=\"true\" data-fusion-google-font=\"Roboto Flex\" data-fusion-google-variant=\"400\"><a href=\"https:\/\/klasikdusunceokulu.com\/index.php\/ekrem-demirli-islam-dusuncesine-giris-3\/\"><span style=\"color: #3b5163;\"><b>EKREM DEM\u0130RL\u0130: \u0130SLAM D\u00dc\u015e\u00dcNCES\u0130NE G\u0130R\u0130\u015e 3. SEM\u0130NER \u00d6ZET\u0130<\/b><\/span><\/a><\/p>\n<p data-fusion-font=\"true\" data-fusion-google-font=\"Roboto Flex\" data-fusion-google-variant=\"400\"><a href=\"https:\/\/klasikdusunceokulu.com\/index.php\/ekrem-demirli-islam-dusuncesine-giris-4\/\"><span style=\"color: #3b5163;\"><b>EKREM DEM\u0130RL\u0130: \u0130SLAM D\u00dc\u015e\u00dcNCES\u0130NE G\u0130R\u0130\u015e 4. SEM\u0130NER \u00d6ZET\u0130<\/b><\/span><\/a><\/p>\n<p data-fusion-font=\"true\" data-fusion-google-font=\"Roboto Flex\" data-fusion-google-variant=\"400\"><a href=\"https:\/\/klasikdusunceokulu.com\/index.php\/ekrem-demirli-islam-dusuncesine-giris-5\/\"><span style=\"color: #3b5163;\"><b>EKREM DEM\u0130RL\u0130: \u0130SLAM D\u00dc\u015e\u00dcNCES\u0130NE G\u0130R\u0130\u015e 5. SEM\u0130NER \u00d6ZET\u0130<\/b><\/span><\/a><\/p>\n<p data-fusion-font=\"true\" data-fusion-google-font=\"Roboto Flex\" data-fusion-google-variant=\"400\"><a href=\"https:\/\/klasikdusunceokulu.com\/index.php\/ekrem-demirli-islam-dusuncesine-giris-6\/\"><span style=\"color: #3b5163;\"><b>EKREM DEM\u0130RL\u0130: \u0130SLAM D\u00dc\u015e\u00dcNCES\u0130NE G\u0130R\u0130\u015e 6. SEM\u0130NER \u00d6ZET\u0130<\/b><\/span><\/a><\/p>\n<p data-fusion-font=\"true\" data-fusion-google-font=\"Roboto Flex\" data-fusion-google-variant=\"400\"><a href=\"https:\/\/klasikdusunceokulu.com\/index.php\/ekrem-demirli-islam-dusuncesine-giris-7\/\"><span style=\"color: #3b5163;\"><b>EKREM DEM\u0130RL\u0130: \u0130SLAM D\u00dc\u015e\u00dcNCES\u0130NE G\u0130R\u0130\u015e 7. SEM\u0130NER \u00d6ZET\u0130<\/b><\/span><\/a><\/p>\n<p data-fusion-font=\"true\" data-fusion-google-font=\"Roboto Flex\" data-fusion-google-variant=\"400\"><a href=\"https:\/\/klasikdusunceokulu.com\/index.php\/ekrem-demirli-islam-dusuncesine-giris-8\/\"><span style=\"color: #3b5163;\"><b>EKREM DEM\u0130RL\u0130: \u0130SLAM D\u00dc\u015e\u00dcNCES\u0130NE G\u0130R\u0130\u015e 8. SEM\u0130NER \u00d6ZET\u0130<\/b><\/span><\/a><\/p>\n<p data-fusion-font=\"true\" data-fusion-google-font=\"Roboto Flex\" data-fusion-google-variant=\"400\"><a href=\"https:\/\/klasikdusunceokulu.com\/index.php\/ekrem-demirli-islam-dusuncesine-giris-9\/\"><span style=\"color: #3b5163;\"><b>EKREM DEM\u0130RL\u0130: \u0130SLAM D\u00dc\u015e\u00dcNCES\u0130NE G\u0130R\u0130\u015e 9. SEM\u0130NER \u00d6ZET\u0130<\/b><\/span><\/a><\/p>\n<p data-fusion-font=\"true\" data-fusion-google-font=\"Roboto Flex\" data-fusion-google-variant=\"400\"><a href=\"https:\/\/klasikdusunceokulu.com\/index.php\/ekrem-demirli-islam-dusuncesine-giris-10\/\"><span style=\"color: #3b5163;\"><b>EKREM DEM\u0130RL\u0130: \u0130SLAM D\u00dc\u015e\u00dcNCES\u0130NE G\u0130R\u0130\u015e 10. SEM\u0130NER \u00d6ZET\u0130<\/b><\/span><\/a><\/p>\n","protected":false},"excerpt":{"rendered":"<p>EKREM DEM\u0130RL\u0130: \u0130SLAM D\u00dc\u015e\u00dcNCES\u0130NE G\u0130R\u0130\u015e 1. SEM\u0130NER \u00d6ZET\u0130 EKREM DEM\u0130RL\u0130: [&hellip;]<\/p>\n","protected":false},"author":1,"featured_media":0,"parent":0,"menu_order":0,"comment_status":"closed","ping_status":"closed","template":"100-width.php","meta":{"footnotes":""},"class_list":["post-2414","page","type-page","status-publish","hentry"],"jetpack_sharing_enabled":true,"_links":{"self":[{"href":"http:\/\/klasikdusunceokulu.com\/index.php\/wp-json\/wp\/v2\/pages\/2414","targetHints":{"allow":["GET"]}}],"collection":[{"href":"http:\/\/klasikdusunceokulu.com\/index.php\/wp-json\/wp\/v2\/pages"}],"about":[{"href":"http:\/\/klasikdusunceokulu.com\/index.php\/wp-json\/wp\/v2\/types\/page"}],"author":[{"embeddable":true,"href":"http:\/\/klasikdusunceokulu.com\/index.php\/wp-json\/wp\/v2\/users\/1"}],"replies":[{"embeddable":true,"href":"http:\/\/klasikdusunceokulu.com\/index.php\/wp-json\/wp\/v2\/comments?post=2414"}],"version-history":[{"count":3,"href":"http:\/\/klasikdusunceokulu.com\/index.php\/wp-json\/wp\/v2\/pages\/2414\/revisions"}],"predecessor-version":[{"id":4509,"href":"http:\/\/klasikdusunceokulu.com\/index.php\/wp-json\/wp\/v2\/pages\/2414\/revisions\/4509"}],"wp:attachment":[{"href":"http:\/\/klasikdusunceokulu.com\/index.php\/wp-json\/wp\/v2\/media?parent=2414"}],"curies":[{"name":"wp","href":"https:\/\/api.w.org\/{rel}","templated":true}]}}