{"id":2661,"date":"2025-01-20T14:11:13","date_gmt":"2025-01-20T11:11:13","guid":{"rendered":"https:\/\/klasikdusunceokulu.com\/?page_id=2661"},"modified":"2025-05-09T14:41:46","modified_gmt":"2025-05-09T11:41:46","slug":"dursun-ali-aykit-dinler-tarihi-okumalari-2","status":"publish","type":"page","link":"http:\/\/klasikdusunceokulu.com\/index.php\/dursun-ali-aykit-dinler-tarihi-okumalari-2\/","title":{"rendered":"Dursun Ali Ayk\u0131t: Dinler Tarihi Okumalar\u0131:Hristiyanl\u0131k"},"content":{"rendered":"<p><a href=\"https:\/\/klasikdusunceokulu.com\/index.php\/dursun-ali-aykit-dinler-tarihi-okumalarihristiyanlik-1-2\/\"><span style=\"color: #3b5163;\"><strong>DURSUN AL\u0130 AYKIT, D\u0130NLER TAR\u0130H\u0130 OKUMALARI:HR\u0130ST\u0130YANLIK 1. SEM\u0130NER \u00d6ZET\u0130<\/strong><\/span><\/a><\/p>\n<p><a href=\"https:\/\/klasikdusunceokulu.com\/index.php\/dursun-ali-aykit-dinler-tarihi-okumalarihristiyanlik-2\/\"><span style=\"color: #3b5163;\"><strong>DURSUN AL\u0130 AYKIT, D\u0130NLER TAR\u0130H\u0130 OKUMALARI:HR\u0130ST\u0130YANLIK 2. SEM\u0130NER \u00d6ZET\u0130<\/strong><\/span><\/a><\/p>\n<p><a href=\"https:\/\/klasikdusunceokulu.com\/index.php\/dursun-ali-aykit-dinler-tarihi-okumalarihristiyanlik-3\/\"><span style=\"color: #3b5163;\"><strong>DURSUN AL\u0130 AYKIT, D\u0130NLER TAR\u0130H\u0130 OKUMALARI:HR\u0130ST\u0130YANLIK 3. SEM\u0130NER \u00d6ZET\u0130<\/strong><\/span><\/a><\/p>\n<p><a href=\"https:\/\/klasikdusunceokulu.com\/index.php\/dursun-ali-aykit-dinler-tarihi-okumalarihristiyanlik-4\/\"><span style=\"color: #3b5163;\"><strong>DURSUN AL\u0130 AYKIT, D\u0130NLER TAR\u0130H\u0130 OKUMALARI:HR\u0130ST\u0130YANLIK 4. SEM\u0130NER \u00d6ZET\u0130<\/strong><\/span><\/a><\/p>\n<p><a href=\"https:\/\/klasikdusunceokulu.com\/index.php\/dursun-ali-aykit-dinler-tarihi-okumalarihristiyanlik-5\/\"><span style=\"color: #3b5163;\"><strong>DURSUN AL\u0130 AYKIT, D\u0130NLER TAR\u0130H\u0130 OKUMALARI:HR\u0130ST\u0130YANLIK 5. SEM\u0130NER \u00d6ZET\u0130<\/strong><\/span><\/a><\/p>\n<p><a href=\"https:\/\/klasikdusunceokulu.com\/index.php\/dursun-ali-aykit-dinler-tarihi-okumalarihristiyanlik-6\/\"><span style=\"color: #3b5163;\"><strong>DURSUN AL\u0130 AYKIT, D\u0130NLER TAR\u0130H\u0130 OKUMALARI:HR\u0130ST\u0130YANLIK 6. SEM\u0130NER \u00d6ZET\u0130<\/strong><\/span><\/a><\/p>\n<p><span style=\"color: #3b5163;\"><strong>DURSUN AL\u0130 AYKIT, D\u0130NLER TAR\u0130H\u0130 OKUMALARI:HR\u0130ST\u0130YANLIK 7. SEM\u0130NER \u00d6ZET\u0130<\/strong><\/span><\/p>\n<p><span style=\"color: #3b5163;\"><strong>DURSUN AL\u0130 AYKIT, D\u0130NLER TAR\u0130H\u0130 OKUMALARI:HR\u0130ST\u0130YANLIK 8. SEM\u0130NER \u00d6ZET\u0130<\/strong><\/span><\/p>\n<p><span style=\"color: #3b5163;\"><strong>DURSUN AL\u0130 AYKIT, D\u0130NLER TAR\u0130H\u0130 OKUMALARI:HR\u0130ST\u0130YANLIK 9. SEM\u0130NER \u00d6ZET\u0130<\/strong><\/span><\/p>\n<p><span style=\"color: #3b5163;\"><strong>DURSUN AL\u0130 AYKIT, D\u0130NLER TAR\u0130H\u0130 OKUMALARI:HR\u0130ST\u0130YANLIK 10. SEM\u0130NER \u00d6ZET\u0130<\/strong><\/span><\/p>\n<p><a href=\"https:\/\/klasikdusunceokulu.com\/index.php\/dursun-ali-aykit-dinler-tarihi-okumalarihristiyanlik-11\/\"><span style=\"color: #3b5163;\"><strong>DURSUN AL\u0130 AYKIT, D\u0130NLER TAR\u0130H\u0130 OKUMALARI:HR\u0130ST\u0130YANLIK 11. SEM\u0130NER \u00d6ZET\u0130<\/strong><\/span><\/a><\/p>\n<p><a href=\"https:\/\/klasikdusunceokulu.com\/index.php\/dursun-ali-aykit-dinler-tarihi-okumalarihristiyanlik-12\/\"><span style=\"color: #3b5163;\"><strong>DURSUN AL\u0130 AYKIT, D\u0130NLER TAR\u0130H\u0130 OKUMALARI:HR\u0130ST\u0130YANLIK 12. SEM\u0130NER \u00d6ZET\u0130<\/strong><\/span><\/a><\/p>\n<p><a href=\"https:\/\/klasikdusunceokulu.com\/index.php\/dursun-ali-aykit-dinler-tarihi-okumalarihristiyanlik-13\/\"><span style=\"color: #3b5163;\"><strong>DURSUN AL\u0130 AYKIT, D\u0130NLER TAR\u0130H\u0130 OKUMALARI:HR\u0130ST\u0130YANLIK 13. SEM\u0130NER \u00d6ZET\u0130<\/strong><\/span><\/a><\/p>\n<p><a href=\"https:\/\/klasikdusunceokulu.com\/index.php\/dursun-ali-aykit-dinler-tarihi-okumalarihristiyanlik-14\/\"><span style=\"color: #3b5163;\"><strong>DURSUN AL\u0130 AYKIT, D\u0130NLER TAR\u0130H\u0130 OKUMALARI:HR\u0130ST\u0130YANLIK 14. SEM\u0130NER \u00d6ZET\u0130<\/strong><\/span><\/a><\/p>\n<p><a href=\"https:\/\/klasikdusunceokulu.com\/index.php\/dursun-ali-aykit-dinler-tarihi-okumalarihristiyanlik-15\/\"><span style=\"color: #3b5163;\"><strong>DURSUN AL\u0130 AYKIT, D\u0130NLER TAR\u0130H\u0130 OKUMALARI:HR\u0130ST\u0130YANLIK 15. SEM\u0130NER \u00d6ZET\u0130<\/strong><\/span><\/a><\/p>\n<p><a href=\"https:\/\/klasikdusunceokulu.com\/index.php\/dursun-ali-aykit-dinler-tarihi-okumalarihristiyanlik-16\/\"><span style=\"color: #3b5163;\"><strong>DURSUN AL\u0130 AYKIT, D\u0130NLER TAR\u0130H\u0130 OKUMALARI:HR\u0130ST\u0130YANLIK 16. SEM\u0130NER \u00d6ZET\u0130<\/strong><\/span><\/a><\/p>\n<p><a href=\"https:\/\/klasikdusunceokulu.com\/index.php\/dursun-ali-aykit-dinler-tarihi-okumalarihristiyanlik-17\/\"><span style=\"color: #3b5163;\"><strong>DURSUN AL\u0130 AYKIT, D\u0130NLER TAR\u0130H\u0130 OKUMALARI:HR\u0130ST\u0130YANLIK 17. SEM\u0130NER \u00d6ZET\u0130<\/strong><\/span><\/a><\/p>\n<p><a href=\"https:\/\/klasikdusunceokulu.com\/index.php\/dursun-ali-aykit-dinler-tarihi-okumalarihristiyanlik-18\/\"><span style=\"color: #3b5163;\"><strong>DURSUN AL\u0130 AYKIT, D\u0130NLER TAR\u0130H\u0130 OKUMALARI:HR\u0130ST\u0130YANLIK 18. SEM\u0130NER \u00d6ZET\u0130<\/strong><\/span><\/a><\/p>\n<p><a href=\"https:\/\/klasikdusunceokulu.com\/index.php\/dursun-ali-aykit-dinler-tarihi-okumalarihristiyanlik-19\/\"><span style=\"color: #3b5163;\"><strong>DURSUN AL\u0130 AYKIT, D\u0130NLER TAR\u0130H\u0130 OKUMALARI:HR\u0130ST\u0130YANLIK 19. SEM\u0130NER \u00d6ZET\u0130<\/strong><\/span><\/a><\/p>\n<p><a href=\"https:\/\/klasikdusunceokulu.com\/index.php\/dursun-ali-aykit-dinler-tarihi-okumalarihristiyanlik-20\/\"><span style=\"color: #3b5163;\"><strong>DURSUN AL\u0130 AYKIT, D\u0130NLER TAR\u0130H\u0130 OKUMALARI:HR\u0130ST\u0130YANLIK 20. SEM\u0130NER \u00d6ZET\u0130<\/strong><\/span><\/a><\/p>\n<p><a href=\"https:\/\/klasikdusunceokulu.com\/index.php\/dursun-ali-aykit-dinler-tarihi-okumalarihristiyanlik-21\/\"><span style=\"color: #3b5163;\"><strong>DURSUN AL\u0130 AYKIT, D\u0130NLER TAR\u0130H\u0130 OKUMALARI:HR\u0130ST\u0130YANLIK 21. SEM\u0130NER \u00d6ZET\u0130<\/strong><\/span><\/a><\/p>\n<p><a href=\"http:\/\/dursun\"><span style=\"color: #3b5163;\"><strong>DURSUN AL\u0130 AYKIT, D\u0130NLER TAR\u0130H\u0130 OKUMALARI:HR\u0130ST\u0130YANLIK 22. SEM\u0130NER \u00d6ZET\u0130<\/strong><\/span><\/a><\/p>\n<p><a href=\"https:\/\/klasikdusunceokulu.com\/index.php\/dursun-ali-aykit-dinler-tarihi-okumalarihristiyanlik-23\/\"><span style=\"color: #3b5163;\"><strong>DURSUN AL\u0130 AYKIT, D\u0130NLER TAR\u0130H\u0130 OKUMALARI:HR\u0130ST\u0130YANLIK 23. SEM\u0130NER \u00d6ZET\u0130<\/strong><\/span><\/a><\/p>\n<p><a href=\"https:\/\/klasikdusunceokulu.com\/index.php\/dursun-ali-aykit-dinler-tarihi-okumalarihristiyanlik-24\/\"><span style=\"color: #3b5163;\"><strong>DURSUN AL\u0130 AYKIT, D\u0130NLER TAR\u0130H\u0130 OKUMALARI:HR\u0130ST\u0130YANLIK 24. SEM\u0130NER \u00d6ZET\u0130<\/strong><\/span><\/a><\/p>\n<p><a href=\"https:\/\/klasikdusunceokulu.com\/index.php\/dursun-ali-aykit-dinler-tarihi-okumalari-25\/\"><span style=\"color: #3b5163;\"><strong>DURSUN AL\u0130 AYKIT, D\u0130NLER TAR\u0130H\u0130 OKUMALARI:HR\u0130ST\u0130YANLIK 25. SEM\u0130NER \u00d6ZET\u0130<\/strong><\/span><\/a><\/p>\n<p><a href=\"https:\/\/klasikdusunceokulu.com\/index.php\/dursun-ali-aykit-dinler-tarihi-okumalari-26\/\"><span style=\"color: #3b5163;\"><strong>DURSUN AL\u0130 AYKIT, D\u0130NLER TAR\u0130H\u0130 OKUMALARI:HR\u0130ST\u0130YANLIK 26. SEM\u0130NER \u00d6ZET\u0130<\/strong><\/span><\/a><\/p>\n<p><a href=\"https:\/\/klasikdusunceokulu.com\/index.php\/dursun-ali-aykit-dinler-tarihi-okumalari-27\/\"><span style=\"color: #3b5163;\"><strong>DURSUN AL\u0130 AYKIT, D\u0130NLER TAR\u0130H\u0130 OKUMALARI:HR\u0130ST\u0130YANLIK 27. SEM\u0130NER \u00d6ZET\u0130<\/strong><\/span><\/a><\/p>\n","protected":false},"excerpt":{"rendered":"<p>DURSUN AL\u0130 AYKIT, D\u0130NLER TAR\u0130H\u0130 OKUMALARI:HR\u0130ST\u0130YANLIK 1. SEM\u0130NER \u00d6ZET\u0130 DURSUN [&hellip;]<\/p>\n","protected":false},"author":1,"featured_media":0,"parent":0,"menu_order":0,"comment_status":"closed","ping_status":"closed","template":"100-width.php","meta":{"footnotes":""},"class_list":["post-2661","page","type-page","status-publish","hentry"],"jetpack_sharing_enabled":true,"_links":{"self":[{"href":"http:\/\/klasikdusunceokulu.com\/index.php\/wp-json\/wp\/v2\/pages\/2661","targetHints":{"allow":["GET"]}}],"collection":[{"href":"http:\/\/klasikdusunceokulu.com\/index.php\/wp-json\/wp\/v2\/pages"}],"about":[{"href":"http:\/\/klasikdusunceokulu.com\/index.php\/wp-json\/wp\/v2\/types\/page"}],"author":[{"embeddable":true,"href":"http:\/\/klasikdusunceokulu.com\/index.php\/wp-json\/wp\/v2\/users\/1"}],"replies":[{"embeddable":true,"href":"http:\/\/klasikdusunceokulu.com\/index.php\/wp-json\/wp\/v2\/comments?post=2661"}],"version-history":[{"count":5,"href":"http:\/\/klasikdusunceokulu.com\/index.php\/wp-json\/wp\/v2\/pages\/2661\/revisions"}],"predecessor-version":[{"id":5175,"href":"http:\/\/klasikdusunceokulu.com\/index.php\/wp-json\/wp\/v2\/pages\/2661\/revisions\/5175"}],"wp:attachment":[{"href":"http:\/\/klasikdusunceokulu.com\/index.php\/wp-json\/wp\/v2\/media?parent=2661"}],"curies":[{"name":"wp","href":"https:\/\/api.w.org\/{rel}","templated":true}]}}