{"id":3969,"date":"2025-03-08T23:49:48","date_gmt":"2025-03-08T20:49:48","guid":{"rendered":"https:\/\/klasikdusunceokulu.com\/?page_id=3969"},"modified":"2025-03-08T23:49:48","modified_gmt":"2025-03-08T20:49:48","slug":"omer-turker-2023-2024-lisans-programi-kitabul-mille-4","status":"publish","type":"page","link":"http:\/\/klasikdusunceokulu.com\/index.php\/omer-turker-2023-2024-lisans-programi-kitabul-mille-4\/","title":{"rendered":"\u00d6mer T\u00fcrker, 2023-2024 Lisans Program\u0131: Kit\u00e2b\u00fc\u2019l-Mille 4"},"content":{"rendered":"<p><strong>\u00d6MER T\u00dcRKER,2023-2024 L\u0130SANS PROGRAMI: K\u0130T\u00c2B\u00dc&#8217;L-M\u0130LLE 4. SEM\u0130NER \u00d6ZET\u0130<\/strong><\/p>\n<p>Bu seminerde, F\u00e2r\u00e2b\u00ee&#8217;nin medeni ilim anlay\u0131\u015f\u0131 ele al\u0131narak felsefe, siyaset ve metafizik aras\u0131ndaki ili\u015fkiler tart\u0131\u015f\u0131lm\u0131\u015ft\u0131r. Medeni ilim kavram\u0131, sadece siyaset bilimiyle s\u0131n\u0131rl\u0131 olmay\u0131p bir toplumun pratik ya\u015fam\u0131n\u0131 nazar\u00ee ve amel\u00ee y\u00f6nleriyle inceleyen bir disiplin olarak tan\u0131mlanm\u0131\u015ft\u0131r. F\u00e2r\u00e2b\u00ee\u2019ye g\u00f6re, ahlak ve siyasetin teorik d\u00fczlemde ele al\u0131nabilmesi i\u00e7in \u00f6nce metafizik bilginin kazan\u0131lmas\u0131 gerekmektedir. Seminerde, insan\u0131n hakiki mutlulu\u011fa ula\u015fma s\u00fcreci, filozof ve peygamber fig\u00fcrlerinin toplum \u00fczerindeki etkileri, y\u00f6netim bi\u00e7imleri ve erdemli \u015fehirlerin d\u00f6n\u00fc\u015f\u00fcm s\u00fcre\u00e7leri detayland\u0131r\u0131lm\u0131\u015ft\u0131r.<\/p>\n<p><strong>Ana temalar ve ba\u015fl\u0131klar<\/strong><\/p>\n<ol>\n<li><strong>Medeni \u0130lim ve Siyaset Bilimi<\/strong><br \/>\nMedeni ilim, toplumun siyasi ve ahlaki d\u00fczenini teorik ve pratik y\u00f6nleriyle ele alan geni\u015f kapsaml\u0131 bir disiplindir. F\u00e2r\u00e2b\u00ee, medeni ilmi metafizik bilgiden beslenen bir alan olarak g\u00f6rm\u00fc\u015f ve bu ilmin yaln\u0131zca siyasetle de\u011fil, insan\u0131n iradi fiilleri, ya\u015fay\u0131\u015f tarzlar\u0131 ve erdemli ya\u015fam anlay\u0131\u015f\u0131yla ilgili oldu\u011funu vurgulam\u0131\u015ft\u0131r.<\/li>\n<li><strong>Ahlak ve Siyasetin Metafizik Temelleri<\/strong><br \/>\nAhlak ve siyaset hakk\u0131nda sa\u011fl\u0131kl\u0131 bir nazar\u00ee tart\u0131\u015fma yapabilmek i\u00e7in \u00f6ncelikle insan\u0131n hakiki mutlulu\u011funun ve kemalinin belirlenmesi gerekmektedir. F\u00e2r\u00e2b\u00ee\u2019ye g\u00f6re, bir filozofun veya y\u00f6neticinin insan t\u00fcr\u00fc i\u00e7in faydal\u0131 olan\u0131 belirleyebilmesi i\u00e7in metafiziksel hakikati idrak etmi\u015f olmas\u0131 gerekir. Bu sebeple, siyaset ve ahlak \u00fczerine yap\u0131lan tart\u0131\u015fmalar, insan\u0131n ula\u015fabilece\u011fi en y\u00fcksek yetkinlik \u00e7er\u00e7evesinde de\u011ferlendirilmelidir.<\/li>\n<li><strong>Filozof, Peygamber ve Y\u00f6netici Fig\u00fcrleri<\/strong><br \/>\nF\u00e2r\u00e2b\u00ee, filozoflar\u0131 ve peygamberleri toplumun hakikate ula\u015fmas\u0131nda yol g\u00f6sterici fig\u00fcrler olarak g\u00f6r\u00fcr. Filozof teorik bilgiyi kavrarken, peygamber bu bilgiyi pratik hayata aktar\u0131r ve toplumsal d\u00fczenin \u015fekillenmesini sa\u011flar. Filozof yaln\u0131zca genel ilkeleri belirlerken, peygamber bu ilkeleri hayata ge\u00e7irme konusunda yetkinlik sahibidir. Y\u00f6netici ise bu iki bilginin dengesini kurarak toplumu adil bir bi\u00e7imde y\u00f6netmekle sorumludur.<\/li>\n<li><strong>Erdemli \u015eehirlerin D\u00f6n\u00fc\u015f\u00fcm\u00fc ve \u00c7\u00f6k\u00fc\u015f S\u00fcre\u00e7leri<\/strong><br \/>\nErdemli \u015fehirler, zaman i\u00e7inde yozla\u015fabilir ve erdemsiz y\u00f6netimlere d\u00f6n\u00fc\u015febilir. Bu d\u00f6n\u00fc\u015f\u00fcm\u00fcn nedenleri aras\u0131nda ekonomik, siyasi ve sosyal fakt\u00f6rler bulunmaktad\u0131r. F\u00e2r\u00e2b\u00ee\u2019ye g\u00f6re, toplumun erdemden sapmas\u0131n\u0131 anlamak i\u00e7in sadece bireysel ahlaki zay\u0131fl\u0131klar\u0131 de\u011fil, ayn\u0131 zamanda ekonomik ve siyasi yap\u0131lar\u0131n de\u011fi\u015fimini de analiz etmek gerekmektedir. Erdemli bir toplumun \u00e7\u00f6k\u00fc\u015f s\u00fcreci, y\u00f6netimin adaletsizle\u015fmesi ve bireylerin sahte mutluluk aray\u0131\u015flar\u0131na y\u00f6nelmesiyle h\u0131zlan\u0131r.<\/li>\n<li><strong>Modern D\u00f6nemde Siyaset, Ekonomi ve Toplumsal D\u00fczen<\/strong><br \/>\nModern d\u00fcnyada siyasi ve ekonomik sistemler, bireyin hakiki mutlulu\u011fa ula\u015fmas\u0131n\u0131 engelleyebilecek unsurlar bar\u0131nd\u0131rmaktad\u0131r. T\u00fcketim k\u00fclt\u00fcr\u00fc, bireylerin maddi hazlara y\u00f6nelmesine ve ger\u00e7ek mutlulukla sahte mutluluk aras\u0131ndaki fark\u0131 ay\u0131rt edememesine yol a\u00e7maktad\u0131r. F\u00e2r\u00e2b\u00ee\u2019nin ortaya koydu\u011fu medeni ilim anlay\u0131\u015f\u0131, modern d\u00f6nemde toplumlar\u0131n siyasal, ekonomik ve k\u00fclt\u00fcrel yap\u0131lar\u0131n\u0131n ele\u015ftirel bir analizini yapmam\u0131za imk\u00e2n tan\u0131maktad\u0131r.<\/li>\n<li><strong>Erdemli Y\u00f6netim ve Toplumsal Adaletin Korunmas\u0131<\/strong><br \/>\nBir toplumun erdemli kalabilmesi i\u00e7in y\u00f6neticilerin adalet ilkesine s\u0131k\u0131 s\u0131k\u0131ya ba\u011fl\u0131 olmas\u0131 gerekmektedir. Adalet, yaln\u0131zca bireyler aras\u0131nda de\u011fil, toplumun t\u00fcm kesimleri aras\u0131nda sa\u011flanmal\u0131d\u0131r. Y\u00f6neticiler, bireylerin yetkinle\u015fmesine imk\u00e2n tan\u0131yan sosyal, ekonomik ve hukuki d\u00fczenlemeleri hayata ge\u00e7irmelidir. F\u00e2r\u00e2b\u00ee\u2019ye g\u00f6re, adaletin sa\u011flanmad\u0131\u011f\u0131 toplumlar zaman i\u00e7inde \u00e7\u00f6k\u00fc\u015fe s\u00fcr\u00fcklenir ve bireyler sahte mutluluk pe\u015finde ko\u015fmaya ba\u015flar.<\/li>\n<\/ol>\n<p><strong>Sonu\u00e7<\/strong><\/p>\n<p>Seminerde, F\u00e2r\u00e2b\u00ee\u2019nin medeni ilim anlay\u0131\u015f\u0131 ve bunun siyasetle ili\u015fkisi kapsaml\u0131 bir \u015fekilde ele al\u0131nm\u0131\u015ft\u0131r. Metafizik bilginin ahlak ve siyasetin temelini olu\u015fturdu\u011fu vurgulanm\u0131\u015f, filozof, peygamber ve y\u00f6netici fig\u00fcrleri aras\u0131ndaki farklar a\u00e7\u0131klanm\u0131\u015ft\u0131r. Erdemli \u015fehirlerin yozla\u015fma s\u00fcre\u00e7leri, modern d\u00fcnyada siyasetin ve ekonominin birey \u00fczerindeki etkileri de\u011ferlendirilmi\u015f ve adil y\u00f6netimin toplumsal d\u00fczenin korunmas\u0131ndaki rol\u00fc ele al\u0131nm\u0131\u015ft\u0131r. Sonu\u00e7 olarak, medeni ilim, bireyin ve toplumun yetkinle\u015fmesini ama\u00e7layan bir sistem olarak tan\u0131mlanm\u0131\u015ft\u0131r.<\/p>\n<p>&nbsp;<\/p>\n<p>This seminar explores F\u00e2r\u00e2b\u00ee\u2019s concept of <em>Ilm al-Madani<\/em> (Civil Science) and its relationship with philosophy, politics, and metaphysics. Civil science is not limited to political science; rather, it is a discipline that examines the practical and theoretical aspects of a society\u2019s way of life. According to F\u00e2r\u00e2b\u00ee, ethics and politics can only be properly understood after acquiring metaphysical knowledge. The seminar discusses the process of attaining true happiness, the roles of philosophers and prophets in shaping society, governance models, and the transformation of virtuous cities.<\/p>\n<p><strong>Main Themes and Topics<\/strong><\/p>\n<ol>\n<li><strong>Civil Science and Political Theory<\/strong><br \/>\nCivil science encompasses the theoretical and practical principles that establish and sustain the political and moral order of society. F\u00e2r\u00e2b\u00ee defines it as a field that extends beyond political structures, incorporating ethical values, voluntary actions, and the pursuit of a virtuous life.<\/li>\n<li><strong>The Metaphysical Foundations of Ethics and Politics<\/strong><br \/>\nA sound theoretical discussion on ethics and politics requires first defining true happiness and human perfection. F\u00e2r\u00e2b\u00ee argues that a philosopher or ruler must grasp metaphysical truth to determine what is beneficial or harmful to human nature. Thus, political and ethical debates should be evaluated within the framework of human potential and ultimate fulfillment.<\/li>\n<li><strong>The Roles of the Philosopher, Prophet, and Ruler<\/strong><br \/>\nF\u00e2r\u00e2b\u00ee considers philosophers and prophets as guiding figures in humanity\u2019s pursuit of truth. While the philosopher possesses theoretical knowledge, the prophet translates this knowledge into practical governance. The ruler, in turn, balances these two domains, ensuring a just administration that upholds ethical and metaphysical principles.<\/li>\n<li><strong>The Transformation and Decline of Virtuous Cities<\/strong><br \/>\nVirtuous cities can deteriorate over time, shifting into corrupt governance models. The causes of this transformation include economic, political, and social factors. F\u00e2r\u00e2b\u00ee emphasizes that analyzing a society\u2019s moral decline requires not only studying individual ethical weaknesses but also understanding the structural changes in economic and political institutions. The erosion of justice and the pursuit of false happiness accelerate societal collapse.<\/li>\n<li><strong>Modern Politics, Economy, and Social Order<\/strong><br \/>\nContemporary political and economic systems often contain elements that hinder individuals from attaining true happiness. Consumer culture directs people toward material desires, making it difficult to distinguish between genuine and illusory happiness. F\u00e2r\u00e2b\u00ee\u2019s civil science framework offers a critical approach to analyzing modern societies\u2019 political, economic, and cultural structures.<\/li>\n<li><strong>Virtuous Governance and the Preservation of Social Justice<\/strong><br \/>\nA society can remain virtuous only if its rulers adhere to the principle of justice. Justice must be maintained not only between individuals but across all social classes. Leaders should implement legal, economic, and social policies that enable individuals to achieve intellectual and moral excellence. According to F\u00e2r\u00e2b\u00ee, societies that fail to uphold justice inevitably decline, leading their citizens to chase false forms of happiness.<\/li>\n<\/ol>\n<p><strong>Conclusion<\/strong><\/p>\n<p>This seminar provides an in-depth analysis of F\u00e2r\u00e2b\u00ee\u2019s civil science and its connection to political philosophy. It highlights the role of metaphysical knowledge in shaping ethical and political thought and distinguishes between philosophers, prophets, and rulers. The decline of virtuous cities, the impact of modern political and economic systems on individuals, and the role of just governance in preserving social harmony have been explored. Ultimately, civil science is presented as a framework aimed at fostering human and societal perfection.<\/p>\n<p>&nbsp;<\/p>\n","protected":false},"excerpt":{"rendered":"<p>\u00d6MER T\u00dcRKER,2023-2024 L\u0130SANS PROGRAMI: K\u0130T\u00c2B\u00dc&#8217;L-M\u0130LLE 4. SEM\u0130NER \u00d6ZET\u0130 Bu seminerde, [&hellip;]<\/p>\n","protected":false},"author":1,"featured_media":0,"parent":0,"menu_order":0,"comment_status":"closed","ping_status":"closed","template":"100-width.php","meta":{"footnotes":""},"class_list":["post-3969","page","type-page","status-publish","hentry"],"jetpack_sharing_enabled":true,"_links":{"self":[{"href":"http:\/\/klasikdusunceokulu.com\/index.php\/wp-json\/wp\/v2\/pages\/3969","targetHints":{"allow":["GET"]}}],"collection":[{"href":"http:\/\/klasikdusunceokulu.com\/index.php\/wp-json\/wp\/v2\/pages"}],"about":[{"href":"http:\/\/klasikdusunceokulu.com\/index.php\/wp-json\/wp\/v2\/types\/page"}],"author":[{"embeddable":true,"href":"http:\/\/klasikdusunceokulu.com\/index.php\/wp-json\/wp\/v2\/users\/1"}],"replies":[{"embeddable":true,"href":"http:\/\/klasikdusunceokulu.com\/index.php\/wp-json\/wp\/v2\/comments?post=3969"}],"version-history":[{"count":1,"href":"http:\/\/klasikdusunceokulu.com\/index.php\/wp-json\/wp\/v2\/pages\/3969\/revisions"}],"predecessor-version":[{"id":3971,"href":"http:\/\/klasikdusunceokulu.com\/index.php\/wp-json\/wp\/v2\/pages\/3969\/revisions\/3971"}],"wp:attachment":[{"href":"http:\/\/klasikdusunceokulu.com\/index.php\/wp-json\/wp\/v2\/media?parent=3969"}],"curies":[{"name":"wp","href":"https:\/\/api.w.org\/{rel}","templated":true}]}}