{"id":4176,"date":"2025-03-11T00:02:16","date_gmt":"2025-03-10T21:02:16","guid":{"rendered":"https:\/\/klasikdusunceokulu.com\/?page_id=4176"},"modified":"2025-03-21T16:18:08","modified_gmt":"2025-03-21T13:18:08","slug":"cuneyt-kaya","status":"publish","type":"page","link":"http:\/\/klasikdusunceokulu.com\/index.php\/cuneyt-kaya\/","title":{"rendered":"C\u00dcNEYT KAYA"},"content":{"rendered":"<div class=\"fusion-fullwidth fullwidth-box fusion-builder-row-1 fusion-flex-container nonhundred-percent-fullwidth non-hundred-percent-height-scrolling\" style=\"--awb-border-radius-top-left:0px;--awb-border-radius-top-right:0px;--awb-border-radius-bottom-right:0px;--awb-border-radius-bottom-left:0px;--awb-flex-wrap:wrap;\" ><div class=\"fusion-builder-row fusion-row fusion-flex-align-items-flex-start fusion-flex-content-wrap\" style=\"max-width:1248px;margin-left: calc(-4% \/ 2 );margin-right: calc(-4% \/ 2 );\"><div class=\"fusion-layout-column fusion_builder_column fusion-builder-column-0 fusion_builder_column_1_1 1_1 fusion-flex-column\" style=\"--awb-bg-size:cover;--awb-width-large:100%;--awb-margin-top-large:0px;--awb-spacing-right-large:1.92%;--awb-margin-bottom-large:0px;--awb-spacing-left-large:1.92%;--awb-width-medium:100%;--awb-spacing-right-medium:1.92%;--awb-spacing-left-medium:1.92%;--awb-width-small:100%;--awb-spacing-right-small:1.92%;--awb-spacing-left-small:1.92%;\"><div class=\"fusion-column-wrapper fusion-flex-justify-content-flex-start fusion-content-layout-column\"><div class=\"fusion-text fusion-text-1\"><p style=\"text-align: center;\"><span style=\"color: #3b5163;\"><strong><img decoding=\"async\" class=\"aligncenter size-full wp-image-4072\" src=\"http:\/\/klasikdusunceokulu.com\/wp-content\/uploads\/2025\/03\/s200_m._cuneyt.kaya_.jpg\" alt=\"\" width=\"200\" height=\"200\" srcset=\"http:\/\/klasikdusunceokulu.com\/wp-content\/uploads\/2025\/03\/s200_m._cuneyt.kaya_-66x66.jpg 66w, http:\/\/klasikdusunceokulu.com\/wp-content\/uploads\/2025\/03\/s200_m._cuneyt.kaya_-150x150.jpg 150w, http:\/\/klasikdusunceokulu.com\/wp-content\/uploads\/2025\/03\/s200_m._cuneyt.kaya_.jpg 200w\" sizes=\"(max-width: 200px) 100vw, 200px\" \/><\/strong><\/span><\/p>\n<p style=\"text-align: center;\"><span style=\"color: #3b5163;\"><strong>C\u00dcNEYT KAYA<\/strong><\/span><\/p>\n<p style=\"text-align: center;\"><span style=\"color: #3b5163;\">Marmara \u00dcniversitesi \u0130lahiyat Fak\u00fcltesi\u2019nden mezun oldu (2000). Ayn\u0131 \u00fcniversitede y\u00fcksek lisans\u0131n\u0131 (2002), \u0130stanbul \u00dcniversitesi\u2019nde doktoras\u0131n\u0131 tamamlad\u0131 (2008). 2009 y\u0131l\u0131ndan bu yana \u0130stanbul \u00dcniversitesi Edebiyat Fak\u00fcltesi Felsefe B\u00f6l\u00fcm\u00fc T\u00fcrk-\u0130slam D\u00fc\u015f\u00fcnce Tarihi Anabilim Dal\u0131\u2019nda g\u00f6rev yapan Kaya\u2019n\u0131n temel ara\u015ft\u0131rma alan\u0131 metafizik, epistemoloji ve pratik felsefe ba\u011flam\u0131nda \u0130bn S\u00een\u00e2, \u00e7a\u011fda\u015flar\u0131 (\u00c2mir\u00ee, Mes\u00eeh\u00ee, \u0130bn Hind\u00fb) ve etkileridir (Gazz\u00e2l\u00ee, Urmev\u00ee). Bunun yan\u0131 s\u0131ra Babanz\u00e2de Ahmed Naim, Mehmet Emin Eri\u015firgil, Orhan Sadeddin ve Hilmi Ziya \u00dclken \u00f6zelinde Osmanl\u0131-T\u00fcrk modernle\u015fmesi s\u00fcrecinde felsefenin konumu ve T\u00fcrkiye\u2019de \u0130slam felsefesi tarihiyaz\u0131m\u0131 \u00fczerine de \u00e7al\u0131\u015fmalar kaleme alan Kaya, Varl\u0131k ve \u0130mk\u00e2n: Aristoteles\u2019ten \u0130bn S\u00een\u00e2\u2019ya \u0130mk\u00e2n\u0131n Tarihi (Klasik 2011) ve Bir ve \u00c7ok: \u00c2mir\u00ee Felsefesinde Tanr\u0131 ve \u00c2lem (Klasik 2017) yan\u0131nda edit\u00f6r ve m\u00fctercim olarak pek \u00e7ok esere imza atm\u0131\u015ft\u0131r.<\/span><\/p>\n<p style=\"text-align: center;\"><span style=\"color: #3b5163;\"><b data-fusion-font=\"true\" style=\"letter-spacing: 0.25px; line-height: 15px;\">Klasik D\u00fc\u015f\u00fcnce Okulu&#8217;nda okuttu\u011fu dersler;<\/b><\/span><\/p>\n<p style=\"text-align: center;\"><span style=\"color: #3b5163; letter-spacing: 0.25px; line-height: 15px;\" data-fusion-font=\"true\"> F\u00e2r\u00e2b\u00ee, el-Med\u00eenet\u00fc\u2019l-F\u00e2z\u0131la<\/span><\/p>\n<p style=\"text-align: center;\"><span style=\"color: #3b5163; font-family: var(--awb-text-font-family); font-size: var(--awb-font-size); font-style: var(--awb-text-font-style); font-weight: var(--awb-text-font-weight); letter-spacing: 0.25px; text-transform: var(--awb-text-transform); background-color: var(--awb-bg-color-hover); line-height: 15px;\" data-fusion-font=\"true\">F\u00e2r\u00e2b\u00ee, Tahs\u00eelu&#8217;s Sa&#8217;\u00e2de<\/span><\/p>\n<p style=\"text-align: center;\"><span style=\"color: #3b5163; font-family: var(--awb-text-font-family); font-size: var(--awb-font-size); font-style: var(--awb-text-font-style); font-weight: var(--awb-text-font-weight); letter-spacing: 0.25px; text-transform: var(--awb-text-transform); background-color: var(--awb-bg-color-hover); line-height: 15px;\" data-fusion-font=\"true\">F\u00e2r\u00e2b\u00ee, \u0130hs\u00e2\u00fc\u2019l-Ul\u00fbm<\/span><\/p>\n<p style=\"text-align: center;\"><span style=\"color: #3b5163; font-family: var(--awb-text-font-family); font-size: var(--awb-font-size); font-style: var(--awb-text-font-style); font-weight: var(--awb-text-font-weight); letter-spacing: 0.25px; text-transform: var(--awb-text-transform); background-color: var(--awb-bg-color-hover); line-height: 15px;\" data-fusion-font=\"true\">Gazz\u00e2l\u00ee, Mak\u00e2s\u0131d\u00fc\u2019l-Fel\u00e2sife<\/span><\/p>\n<p style=\"text-align: center;\"><span style=\"color: #3b5163; font-family: var(--awb-text-font-family); font-size: var(--awb-font-size); font-style: var(--awb-text-font-style); font-weight: var(--awb-text-font-weight); letter-spacing: 0.25px; text-transform: var(--awb-text-transform); background-color: var(--awb-bg-color-hover); line-height: 15px;\" data-fusion-font=\"true\">K\u00e2tip \u00c7elebi, Ke\u015ff\u00fc\u2019z-Z\u00fcn\u00fbn<\/span><\/p>\n<\/div><\/div><\/div><\/div><\/div>\n","protected":false},"excerpt":{"rendered":"","protected":false},"author":1,"featured_media":0,"parent":0,"menu_order":0,"comment_status":"closed","ping_status":"closed","template":"100-width.php","meta":{"footnotes":""},"class_list":["post-4176","page","type-page","status-publish","hentry"],"jetpack_sharing_enabled":true,"_links":{"self":[{"href":"http:\/\/klasikdusunceokulu.com\/index.php\/wp-json\/wp\/v2\/pages\/4176","targetHints":{"allow":["GET"]}}],"collection":[{"href":"http:\/\/klasikdusunceokulu.com\/index.php\/wp-json\/wp\/v2\/pages"}],"about":[{"href":"http:\/\/klasikdusunceokulu.com\/index.php\/wp-json\/wp\/v2\/types\/page"}],"author":[{"embeddable":true,"href":"http:\/\/klasikdusunceokulu.com\/index.php\/wp-json\/wp\/v2\/users\/1"}],"replies":[{"embeddable":true,"href":"http:\/\/klasikdusunceokulu.com\/index.php\/wp-json\/wp\/v2\/comments?post=4176"}],"version-history":[{"count":5,"href":"http:\/\/klasikdusunceokulu.com\/index.php\/wp-json\/wp\/v2\/pages\/4176\/revisions"}],"predecessor-version":[{"id":4402,"href":"http:\/\/klasikdusunceokulu.com\/index.php\/wp-json\/wp\/v2\/pages\/4176\/revisions\/4402"}],"wp:attachment":[{"href":"http:\/\/klasikdusunceokulu.com\/index.php\/wp-json\/wp\/v2\/media?parent=4176"}],"curies":[{"name":"wp","href":"https:\/\/api.w.org\/{rel}","templated":true}]}}