{"id":4231,"date":"2025-03-11T01:25:29","date_gmt":"2025-03-10T22:25:29","guid":{"rendered":"https:\/\/klasikdusunceokulu.com\/?page_id=4231"},"modified":"2025-03-11T22:34:57","modified_gmt":"2025-03-11T19:34:57","slug":"mustakim-arici","status":"publish","type":"page","link":"http:\/\/klasikdusunceokulu.com\/index.php\/mustakim-arici\/","title":{"rendered":"M\u00dcSTAK\u0130M ARICI"},"content":{"rendered":"<div class=\"fusion-fullwidth fullwidth-box fusion-builder-row-1 fusion-flex-container nonhundred-percent-fullwidth non-hundred-percent-height-scrolling\" style=\"--awb-border-radius-top-left:0px;--awb-border-radius-top-right:0px;--awb-border-radius-bottom-right:0px;--awb-border-radius-bottom-left:0px;--awb-flex-wrap:wrap;\" ><div class=\"fusion-builder-row fusion-row fusion-flex-align-items-flex-start fusion-flex-content-wrap\" style=\"max-width:1248px;margin-left: calc(-4% \/ 2 );margin-right: calc(-4% \/ 2 );\"><div class=\"fusion-layout-column fusion_builder_column fusion-builder-column-0 fusion_builder_column_1_1 1_1 fusion-flex-column\" style=\"--awb-bg-size:cover;--awb-width-large:100%;--awb-margin-top-large:0px;--awb-spacing-right-large:1.92%;--awb-margin-bottom-large:0px;--awb-spacing-left-large:1.92%;--awb-width-medium:100%;--awb-spacing-right-medium:1.92%;--awb-spacing-left-medium:1.92%;--awb-width-small:100%;--awb-spacing-right-small:1.92%;--awb-spacing-left-small:1.92%;\"><div class=\"fusion-column-wrapper fusion-flex-justify-content-flex-start fusion-content-layout-column\"><div class=\"fusion-text fusion-text-1\"><p style=\"text-align: center;\"><strong><span style=\"color: #3b5163;\"><img fetchpriority=\"high\" decoding=\"async\" class=\"aligncenter size-full wp-image-4109\" src=\"http:\/\/klasikdusunceokulu.com\/wp-content\/uploads\/2025\/03\/OIP-11.jpg\" alt=\"\" width=\"326\" height=\"360\" srcset=\"http:\/\/klasikdusunceokulu.com\/wp-content\/uploads\/2025\/03\/OIP-11-200x221.jpg 200w, http:\/\/klasikdusunceokulu.com\/wp-content\/uploads\/2025\/03\/OIP-11-272x300.jpg 272w, http:\/\/klasikdusunceokulu.com\/wp-content\/uploads\/2025\/03\/OIP-11.jpg 326w\" sizes=\"(max-width: 326px) 100vw, 326px\" \/><\/span><\/strong><\/p>\n<p style=\"text-align: center;\"><strong><span style=\"color: #3b5163;\">M\u00dcSTAK\u0130M ARICI<\/span><\/strong><\/p>\n<p style=\"text-align: center;\"><span style=\"color: #3b5163;\">1978\u2019de \u0130stanbul&#8217;da do\u011fdu. Marmara \u00dcniversitesi \u0130lahiyat Fak\u00fcltesi\u2019nden mezun oldu (2002). Y\u00fcksek lisans\u0131n\u0131 &#8220;\u0130bn S\u00een\u00e2\u2019n\u0131n \u00d6\u011frencisi Behmeny\u00e2r b. Merzuban ve Felsefesi&#8221; ba\u015fl\u0131kl\u0131 teziyle Marmara \u00dcniversitesi\u2019nde (2005), &#8220;Necmettin el-K\u00e2tib\u00ee ve Metafizik D\u00fc\u015f\u00fcncesi ba\u015fl\u0131kl\u0131 doktora \u00e7al\u0131\u015fmas\u0131n\u0131 da \u0130stanbul \u00dcniversitesi\u2019nde tamamlad\u0131 (2011). 2012-2020 tarihleri aras\u0131nda \u0130stanbul \u00dcniversitesi \u0130lahiyat Fak\u00fcltesi \u0130slam Felsefesi Anabilim Dal\u0131\u2019nda \u00f6\u011fretim \u00fcyesi olarak \u00e7al\u0131\u015ft\u0131. 2017 y\u0131l\u0131nda do\u00e7ent, 2023 y\u0131l\u0131nda profes\u00f6r unvan\u0131n\u0131 ald\u0131. Halen \u0130stanbul Medeniyet \u00dcniversitesi Edebiyat Fak\u00fcltesi T\u00fcrk Felsefesi Tarihi Anabilim Dal\u0131\u2019nda g\u00f6rev yapmaktad\u0131r.<\/span><\/p>\n<p style=\"text-align: center;\"><span style=\"color: #3b5163;\">Klasik D\u00fc\u015f\u00fcnce Okulu&#8217;nda &#8216;<span style=\"font-family: var(--awb-text-font-family); font-size: var(--awb-font-size); font-style: var(--awb-text-font-style); font-weight: var(--awb-text-font-weight); letter-spacing: var(--awb-letter-spacing); text-align: var(--awb-content-alignment); text-transform: var(--awb-text-transform); background-color: var(--awb-bg-color-hover);\">\u0130hs\u00e2\u00fc\u2019l-Ul\u00fbm Okumalar\u0131&#8217; dersini okutmu\u015ftur.<\/span><\/span><\/p>\n<\/div><\/div><\/div><\/div><\/div>\n","protected":false},"excerpt":{"rendered":"","protected":false},"author":1,"featured_media":0,"parent":0,"menu_order":0,"comment_status":"closed","ping_status":"closed","template":"100-width.php","meta":{"footnotes":""},"class_list":["post-4231","page","type-page","status-publish","hentry"],"jetpack_sharing_enabled":true,"_links":{"self":[{"href":"http:\/\/klasikdusunceokulu.com\/index.php\/wp-json\/wp\/v2\/pages\/4231","targetHints":{"allow":["GET"]}}],"collection":[{"href":"http:\/\/klasikdusunceokulu.com\/index.php\/wp-json\/wp\/v2\/pages"}],"about":[{"href":"http:\/\/klasikdusunceokulu.com\/index.php\/wp-json\/wp\/v2\/types\/page"}],"author":[{"embeddable":true,"href":"http:\/\/klasikdusunceokulu.com\/index.php\/wp-json\/wp\/v2\/users\/1"}],"replies":[{"embeddable":true,"href":"http:\/\/klasikdusunceokulu.com\/index.php\/wp-json\/wp\/v2\/comments?post=4231"}],"version-history":[{"count":2,"href":"http:\/\/klasikdusunceokulu.com\/index.php\/wp-json\/wp\/v2\/pages\/4231\/revisions"}],"predecessor-version":[{"id":4316,"href":"http:\/\/klasikdusunceokulu.com\/index.php\/wp-json\/wp\/v2\/pages\/4231\/revisions\/4316"}],"wp:attachment":[{"href":"http:\/\/klasikdusunceokulu.com\/index.php\/wp-json\/wp\/v2\/media?parent=4231"}],"curies":[{"name":"wp","href":"https:\/\/api.w.org\/{rel}","templated":true}]}}