{"id":4240,"date":"2025-03-11T01:30:09","date_gmt":"2025-03-10T22:30:09","guid":{"rendered":"https:\/\/klasikdusunceokulu.com\/?page_id=4240"},"modified":"2025-03-11T22:48:38","modified_gmt":"2025-03-11T19:48:38","slug":"oguz-haslakoglu","status":"publish","type":"page","link":"http:\/\/klasikdusunceokulu.com\/index.php\/oguz-haslakoglu\/","title":{"rendered":"O\u011eUZ HA\u015eLAKO\u011eLU"},"content":{"rendered":"<div class=\"fusion-fullwidth fullwidth-box fusion-builder-row-1 fusion-flex-container nonhundred-percent-fullwidth non-hundred-percent-height-scrolling\" style=\"--awb-border-radius-top-left:0px;--awb-border-radius-top-right:0px;--awb-border-radius-bottom-right:0px;--awb-border-radius-bottom-left:0px;--awb-flex-wrap:wrap;\" ><div class=\"fusion-builder-row fusion-row fusion-flex-align-items-flex-start fusion-flex-content-wrap\" style=\"max-width:1248px;margin-left: calc(-4% \/ 2 );margin-right: calc(-4% \/ 2 );\"><div class=\"fusion-layout-column fusion_builder_column fusion-builder-column-0 fusion_builder_column_1_1 1_1 fusion-flex-column\" style=\"--awb-bg-size:cover;--awb-width-large:100%;--awb-margin-top-large:0px;--awb-spacing-right-large:1.92%;--awb-margin-bottom-large:0px;--awb-spacing-left-large:1.92%;--awb-width-medium:100%;--awb-spacing-right-medium:1.92%;--awb-spacing-left-medium:1.92%;--awb-width-small:100%;--awb-spacing-right-small:1.92%;--awb-spacing-left-small:1.92%;\"><div class=\"fusion-column-wrapper fusion-flex-justify-content-flex-start fusion-content-layout-column\"><div class=\"fusion-text fusion-text-1\"><p style=\"text-align: center;\"><span style=\"color: #3b5163;\"><strong><img fetchpriority=\"high\" decoding=\"async\" class=\"aligncenter size-full wp-image-4115\" src=\"http:\/\/klasikdusunceokulu.com\/wp-content\/uploads\/2025\/03\/th-4.jpg\" alt=\"\" width=\"275\" height=\"266\" srcset=\"http:\/\/klasikdusunceokulu.com\/wp-content\/uploads\/2025\/03\/th-4-200x193.jpg 200w, http:\/\/klasikdusunceokulu.com\/wp-content\/uploads\/2025\/03\/th-4.jpg 275w\" sizes=\"(max-width: 275px) 100vw, 275px\" \/><\/strong><\/span><\/p>\n<p style=\"text-align: center;\"><span style=\"color: #3b5163;\"><strong>O\u011eUZ HA\u015eLAKO\u011eLU<\/strong><\/span><\/p>\n<p style=\"text-align: center;\"><span style=\"color: #3b5163;\">1964 y\u0131l\u0131nda Trabzon\u2019da do\u011fdu. 1983\u2019de TED Ankara Kolejinden mezun oldu. 1983-86 aras\u0131nda Bo\u011fazi\u00e7i \u00dcniversitesi Felsefe B\u00f6l\u00fcm\u00fcne devam etti. 1986 y\u0131l\u0131nda Mimar Sinan \u00dcniversitesi (MS\u00dc) Resim B\u00f6l\u00fcm\u00fcne girdi. 1991 y\u0131l\u0131nda Lisans, 1993 y\u0131l\u0131nda ayn\u0131 \u00fcniversitede Resim alan\u0131nda Y\u00fcksek Lisans derecesi ald\u0131. 1999 y\u0131l\u0131nda Bo\u011fazi\u00e7i \u00dcniversitesi Felsefe Y\u00fcksek Lisans Program\u0131ndan \u201cTechn\u00ea in Plato\u2019s Thought\u201d isimli teziyle mezun oldu. 2003 y\u0131l\u0131nda Mimar Sinan G\u00fczel Sanatlar \u00dcniversitesi\u2019nde (MSGS\u00dc) Resim alan\u0131nda Sanatta Yeterlik derecesi ald\u0131. 1995-99 y\u0131llar\u0131 aras\u0131nda \u0130T\u00dc\u2019de \u00fc\u00e7 y\u0131l ve Kocaeli \u00dcniversitesi\u2019nde bir y\u0131l kuramsal ve uygulamal\u0131 dersler verdi. T\u00fcm bu s\u00fcre\u00e7te ayn\u0131 zamanda toplam on be\u015f y\u0131l profesyonel anlamda reklam sekt\u00f6r\u00fcnde ulusal ve uluslararas\u0131 ajanslarda s\u0131ras\u0131yla grafik tasar\u0131mc\u0131, sanat y\u00f6netmeni ve yarat\u0131c\u0131 y\u00f6netmen olarak \u00e7al\u0131\u015ft\u0131. 2004\u2019ten itibaren alt\u0131 y\u0131l Akdeniz \u00dcniversitesi\u2019nde \u00f6nce kadrolu \u00f6\u011fretim g\u00f6revlisi ve daha sonra da \u00f6\u011fretim \u00fcyesi olarak bulundu, bir y\u0131l Resim B\u00f6l\u00fcm Ba\u015fkanl\u0131\u011f\u0131 yapt\u0131. Yurt i\u00e7i ve d\u0131\u015f\u0131nda \u00e7ok say\u0131da ki\u015fisel ve grup sergileri a\u00e7t\u0131, karma sergilere kat\u0131ld\u0131, konferans ve seminerler verdi. Temel kuramsal \u00e7al\u0131\u015fma alanlar\u0131 olan sanat felsefesi ve estetik ba\u015fta olmak \u00fczere \u00e7e\u015fitli hakemli, uluslararas\u0131 ve k\u00fclt\u00fcr sanat dergilerinde makaleleri yay\u0131nland\u0131. Sanat\u00e7\u0131 kitaplar\u0131 ve katalo\u011fu, metin yazarl\u0131\u011f\u0131 ve edit\u00f6rl\u00fc\u011f\u00fc yapt\u0131, sanat ele\u015ftirileri yazd\u0131. Ayr\u0131ca Akdeniz \u00dcniversitesi\u2019nde rekt\u00f6rl\u00fck bilimsel proje takdir \u00f6d\u00fcll\u00fc bir Avrupa Birli\u011fi projesi olan \u2018Y\u00fcksek \u00d6\u011frenimde Sanat ve Tasar\u0131m Alan\u0131nda Kalite Y\u00f6netimi ve Akreditasyon\u2019 i\u00e7erikli \u2018Artesnet\u2019 projesinin y\u00fcr\u00fct\u00fcc\u00fcl\u00fc\u011f\u00fcn\u00fc ve fak\u00fclte koordinat\u00f6rl\u00fc\u011f\u00fcn\u00fc yapt\u0131. \u201cPlaton D\u00fc\u015f\u00fcncesinde Tekhn\u00ea: Sanat ve Felsefenin Ortak K\u00f6keni\u201d (2016) isimli bir kitab\u0131 bulunmaktad\u0131r. H\u00e2len, \u0130stanbul Teknik \u00dcniversitesi \u2018G\u00fczel Sanatlar B\u00f6l\u00fcm\u00fc\u2019 ba\u015fkanl\u0131\u011f\u0131 yapmaktad\u0131r ve \u0130stanbul Teknik \u00dcniversitesi, Mimarl\u0131k Fak\u00fcltesi, Mimarl\u0131k B\u00f6l\u00fcm\u00fcnde do\u00e7ent \u00f6\u011fretim \u00fcyesi olarak \u2018Temel Tasar\u0131m ve G\u00f6rsel Sanatlar\u2019, \u2018Sanat Felsefesi\u2019 ve \u2018Estetik\u2019 alanlar\u0131nda \u00e7al\u0131\u015fmalar\u0131n\u0131 s\u00fcrd\u00fcrmektedir. <\/span><\/p>\n<p style=\"text-align: center;\"><span style=\"color: #3b5163;\"><b style=\"letter-spacing: 0.25px; line-height: 15px;\" data-fusion-font=\"true\">Klasik D\u00fc\u015f\u00fcnce Okulu&#8217;nda okuttu\u011fu dersler;<\/b><\/span><\/p>\n<p style=\"text-align: center;\"><span style=\"color: #3b5163; letter-spacing: 0.25px; line-height: 15px;\" data-fusion-font=\"true\">Platon, Devlet<\/span><\/p>\n<p style=\"text-align: center;\"><span style=\"color: #3b5163; letter-spacing: 0.25px; line-height: 15px;\" data-fusion-font=\"true\">Platon, Phaidon<\/span><\/p>\n<p style=\"text-align: center;\"><span style=\"color: #3b5163; letter-spacing: 0.25px; line-height: 15px;\" data-fusion-font=\"true\">Herakleitos ve Parmenides At\u00f6lyesi<\/span><\/p>\n<p style=\"text-align: center;\"><span style=\"color: #3b5163; letter-spacing: 0.25px; line-height: 15px;\" data-fusion-font=\"true\">Politeia Okumalar\u0131<\/span><\/p>\n<p style=\"text-align: center;\">&nbsp;<\/p>\n<\/div><\/div><\/div><\/div><\/div>\n","protected":false},"excerpt":{"rendered":"","protected":false},"author":1,"featured_media":0,"parent":0,"menu_order":0,"comment_status":"closed","ping_status":"closed","template":"100-width.php","meta":{"footnotes":""},"class_list":["post-4240","page","type-page","status-publish","hentry"],"jetpack_sharing_enabled":true,"_links":{"self":[{"href":"http:\/\/klasikdusunceokulu.com\/index.php\/wp-json\/wp\/v2\/pages\/4240","targetHints":{"allow":["GET"]}}],"collection":[{"href":"http:\/\/klasikdusunceokulu.com\/index.php\/wp-json\/wp\/v2\/pages"}],"about":[{"href":"http:\/\/klasikdusunceokulu.com\/index.php\/wp-json\/wp\/v2\/types\/page"}],"author":[{"embeddable":true,"href":"http:\/\/klasikdusunceokulu.com\/index.php\/wp-json\/wp\/v2\/users\/1"}],"replies":[{"embeddable":true,"href":"http:\/\/klasikdusunceokulu.com\/index.php\/wp-json\/wp\/v2\/comments?post=4240"}],"version-history":[{"count":2,"href":"http:\/\/klasikdusunceokulu.com\/index.php\/wp-json\/wp\/v2\/pages\/4240\/revisions"}],"predecessor-version":[{"id":4320,"href":"http:\/\/klasikdusunceokulu.com\/index.php\/wp-json\/wp\/v2\/pages\/4240\/revisions\/4320"}],"wp:attachment":[{"href":"http:\/\/klasikdusunceokulu.com\/index.php\/wp-json\/wp\/v2\/media?parent=4240"}],"curies":[{"name":"wp","href":"https:\/\/api.w.org\/{rel}","templated":true}]}}