{"id":4523,"date":"2025-04-13T03:23:06","date_gmt":"2025-04-13T00:23:06","guid":{"rendered":"https:\/\/klasikdusunceokulu.com\/?page_id=4523"},"modified":"2025-04-13T03:23:06","modified_gmt":"2025-04-13T00:23:06","slug":"hayrettin-nebi-gudekli-2024-2025-lisans-programi-kelama-giris-2","status":"publish","type":"page","link":"http:\/\/klasikdusunceokulu.com\/index.php\/hayrettin-nebi-gudekli-2024-2025-lisans-programi-kelama-giris-2\/","title":{"rendered":"Hayrettin Nebi G\u00fcdekli, 2024-2025 Lisans Program\u0131: Kelama Giri\u015f"},"content":{"rendered":"<p><a href=\"https:\/\/klasikdusunceokulu.com\/index.php\/hayrettin-nebi-gudekli-kelama-giris-1\/\"><strong><span style=\"color: #3b5163;\">HAYRETT\u0130N NEB\u0130 G\u00dcDEKL\u0130,KELAMA G\u0130R\u0130\u015e 1. SEM\u0130NER \u00d6ZET\u0130<\/span><\/strong><\/a><\/p>\n<p><a href=\"https:\/\/klasikdusunceokulu.com\/index.php\/hayrettin-nebi-gudekli-kelama-giris-2\/\"><strong><span style=\"color: #3b5163;\">HAYRETT\u0130N NEB\u0130 G\u00dcDEKL\u0130,KELAMA G\u0130R\u0130\u015e 2. SEM\u0130NER \u00d6ZET\u0130<\/span><\/strong><\/a><\/p>\n<p><a href=\"https:\/\/klasikdusunceokulu.com\/index.php\/hayrettin-nebi-gudekli-kelama-giris-3\/\"><strong><span style=\"color: #3b5163;\">HAYRETT\u0130N NEB\u0130 G\u00dcDEKL\u0130,KELAMA G\u0130R\u0130\u015e 3. SEM\u0130NER \u00d6ZET\u0130<\/span><\/strong><\/a><\/p>\n<p><a href=\"https:\/\/klasikdusunceokulu.com\/index.php\/hayrettin-nebi-gudekli-kelama-giris-4\/\"><strong><span style=\"color: #3b5163;\">HAYRETT\u0130N NEB\u0130 G\u00dcDEKL\u0130,KELAMA G\u0130R\u0130\u015e 4. SEM\u0130NER \u00d6ZET\u0130<\/span><\/strong><\/a><\/p>\n<p><a href=\"https:\/\/klasikdusunceokulu.com\/index.php\/hayrettin-nebi-gudekli-kelama-giris-5\/\"><strong><span style=\"color: #3b5163;\">HAYRETT\u0130N NEB\u0130 G\u00dcDEKL\u0130,KELAMA G\u0130R\u0130\u015e 5. SEM\u0130NER \u00d6ZET\u0130<\/span><\/strong><\/a><\/p>\n<p><a href=\"https:\/\/klasikdusunceokulu.com\/index.php\/hayrettin-nebi-gudekli-kelama-giris-6\/\"><strong><span style=\"color: #3b5163;\">HAYRETT\u0130N NEB\u0130 G\u00dcDEKL\u0130,KELAMA G\u0130R\u0130\u015e 6. SEM\u0130NER \u00d6ZET\u0130<\/span><\/strong><\/a><\/p>\n<p><a href=\"https:\/\/klasikdusunceokulu.com\/index.php\/hayrettin-nebi-gudekli-kelama-giris-7\/\"><strong><span style=\"color: #3b5163;\">HAYRETT\u0130N NEB\u0130 G\u00dcDEKL\u0130,KELAMA G\u0130R\u0130\u015e 7. SEM\u0130NER \u00d6ZET\u0130<\/span><\/strong><\/a><\/p>\n<p><a href=\"https:\/\/klasikdusunceokulu.com\/index.php\/hayrettin-nebi-gudekli-kelama-giris-8\/\"><strong><span style=\"color: #3b5163;\">HAYRETT\u0130N NEB\u0130 G\u00dcDEKL\u0130,KELAMA G\u0130R\u0130\u015e 8. SEM\u0130NER \u00d6ZET\u0130<\/span><\/strong><\/a><\/p>\n<p><a href=\"https:\/\/klasikdusunceokulu.com\/index.php\/hayrettin-nebi-gudekli-kelama-giris-9\/\"><strong><span style=\"color: #3b5163;\">HAYRETT\u0130N NEB\u0130 G\u00dcDEKL\u0130,KELAMA G\u0130R\u0130\u015e 9. SEM\u0130NER \u00d6ZET\u0130<\/span><\/strong><\/a><\/p>\n<p><a href=\"https:\/\/klasikdusunceokulu.com\/index.php\/hayrettin-nebi-gudekli-kelama-giris-10\/\"><strong><span style=\"color: #3b5163;\">HAYRETT\u0130N NEB\u0130 G\u00dcDEKL\u0130,KELAMA G\u0130R\u0130\u015e 10. SEM\u0130NER \u00d6ZET\u0130<\/span><\/strong><\/a><\/p>\n<p>&nbsp;<\/p>\n","protected":false},"excerpt":{"rendered":"<p>HAYRETT\u0130N NEB\u0130 G\u00dcDEKL\u0130,KELAMA G\u0130R\u0130\u015e 1. SEM\u0130NER \u00d6ZET\u0130 HAYRETT\u0130N NEB\u0130 G\u00dcDEKL\u0130,KELAMA [&hellip;]<\/p>\n","protected":false},"author":1,"featured_media":0,"parent":0,"menu_order":0,"comment_status":"closed","ping_status":"closed","template":"","meta":{"footnotes":""},"class_list":["post-4523","page","type-page","status-publish","hentry"],"jetpack_sharing_enabled":true,"_links":{"self":[{"href":"http:\/\/klasikdusunceokulu.com\/index.php\/wp-json\/wp\/v2\/pages\/4523","targetHints":{"allow":["GET"]}}],"collection":[{"href":"http:\/\/klasikdusunceokulu.com\/index.php\/wp-json\/wp\/v2\/pages"}],"about":[{"href":"http:\/\/klasikdusunceokulu.com\/index.php\/wp-json\/wp\/v2\/types\/page"}],"author":[{"embeddable":true,"href":"http:\/\/klasikdusunceokulu.com\/index.php\/wp-json\/wp\/v2\/users\/1"}],"replies":[{"embeddable":true,"href":"http:\/\/klasikdusunceokulu.com\/index.php\/wp-json\/wp\/v2\/comments?post=4523"}],"version-history":[{"count":1,"href":"http:\/\/klasikdusunceokulu.com\/index.php\/wp-json\/wp\/v2\/pages\/4523\/revisions"}],"predecessor-version":[{"id":4524,"href":"http:\/\/klasikdusunceokulu.com\/index.php\/wp-json\/wp\/v2\/pages\/4523\/revisions\/4524"}],"wp:attachment":[{"href":"http:\/\/klasikdusunceokulu.com\/index.php\/wp-json\/wp\/v2\/media?parent=4523"}],"curies":[{"name":"wp","href":"https:\/\/api.w.org\/{rel}","templated":true}]}}