{"id":4685,"date":"2025-04-23T11:50:03","date_gmt":"2025-04-23T08:50:03","guid":{"rendered":"https:\/\/klasikdusunceokulu.com\/?page_id=4685"},"modified":"2025-06-21T17:04:11","modified_gmt":"2025-06-21T14:04:11","slug":"semih-ceyhan-serrac-luma","status":"publish","type":"page","link":"http:\/\/klasikdusunceokulu.com\/index.php\/semih-ceyhan-serrac-luma\/","title":{"rendered":"SEM\u0130H CEYHAN: SERRAC, L\u00dcMA"},"content":{"rendered":"<p><a href=\"https:\/\/klasikdusunceokulu.com\/index.php\/semih-ceyhan-serrac-luma-1-seminer-ozeti\/\"><span style=\"color: #3b5163;\"><strong>SEM\u0130H CEYHAN: SERRAC, L\u00dcMA 1.SEM\u0130NER \u00d6ZET\u0130<\/strong><\/span><\/a><\/p>\n<p><a href=\"https:\/\/klasikdusunceokulu.com\/index.php\/semih-ceyhan-serrac-luma-2-seminer-ozeti\/\"><span style=\"color: #3b5163;\"><strong>SEM\u0130H CEYHAN: SERRAC, L\u00dcMA 2.SEM\u0130NER \u00d6ZET\u0130<\/strong><\/span><\/a><\/p>\n<p><a href=\"https:\/\/klasikdusunceokulu.com\/index.php\/semih-ceyhan-serrac-luma-3-seminer-ozeti\/\"><span style=\"color: #3b5163;\"><strong>SEM\u0130H CEYHAN: SERRAC, L\u00dcMA 3.SEM\u0130NER \u00d6ZET\u0130<\/strong><\/span><\/a><\/p>\n<p><a href=\"https:\/\/klasikdusunceokulu.com\/index.php\/semih-ceyhan-serrac-luma-4-seminer-ozeti\/\"><span style=\"color: #3b5163;\"><strong>SEM\u0130H CEYHAN: SERRAC, L\u00dcMA 4.SEM\u0130NER \u00d6ZET\u0130<\/strong><\/span><\/a><\/p>\n<p><a href=\"https:\/\/klasikdusunceokulu.com\/index.php\/semih-ceyhan-serrac-luma-5-seminer-ozeti\/\"><span style=\"color: #3b5163;\"><strong>SEM\u0130H CEYHAN: SERRAC, L\u00dcMA 5.SEM\u0130NER \u00d6ZET\u0130<\/strong><\/span><\/a><\/p>\n","protected":false},"excerpt":{"rendered":"<p>SEM\u0130H CEYHAN: SERRAC, L\u00dcMA 1.SEM\u0130NER \u00d6ZET\u0130 SEM\u0130H CEYHAN: SERRAC, L\u00dcMA [&hellip;]<\/p>\n","protected":false},"author":1,"featured_media":0,"parent":0,"menu_order":0,"comment_status":"closed","ping_status":"closed","template":"","meta":{"footnotes":""},"class_list":["post-4685","page","type-page","status-publish","hentry"],"jetpack_sharing_enabled":true,"_links":{"self":[{"href":"http:\/\/klasikdusunceokulu.com\/index.php\/wp-json\/wp\/v2\/pages\/4685","targetHints":{"allow":["GET"]}}],"collection":[{"href":"http:\/\/klasikdusunceokulu.com\/index.php\/wp-json\/wp\/v2\/pages"}],"about":[{"href":"http:\/\/klasikdusunceokulu.com\/index.php\/wp-json\/wp\/v2\/types\/page"}],"author":[{"embeddable":true,"href":"http:\/\/klasikdusunceokulu.com\/index.php\/wp-json\/wp\/v2\/users\/1"}],"replies":[{"embeddable":true,"href":"http:\/\/klasikdusunceokulu.com\/index.php\/wp-json\/wp\/v2\/comments?post=4685"}],"version-history":[{"count":3,"href":"http:\/\/klasikdusunceokulu.com\/index.php\/wp-json\/wp\/v2\/pages\/4685\/revisions"}],"predecessor-version":[{"id":6361,"href":"http:\/\/klasikdusunceokulu.com\/index.php\/wp-json\/wp\/v2\/pages\/4685\/revisions\/6361"}],"wp:attachment":[{"href":"http:\/\/klasikdusunceokulu.com\/index.php\/wp-json\/wp\/v2\/media?parent=4685"}],"curies":[{"name":"wp","href":"https:\/\/api.w.org\/{rel}","templated":true}]}}