{"id":4800,"date":"2025-04-24T00:15:17","date_gmt":"2025-04-23T21:15:17","guid":{"rendered":"https:\/\/klasikdusunceokulu.com\/?page_id=4800"},"modified":"2025-04-24T00:15:17","modified_gmt":"2025-04-23T21:15:17","slug":"oguz-haslakogluplaton-devlet-27-seminer-ozeti","status":"publish","type":"page","link":"http:\/\/klasikdusunceokulu.com\/index.php\/oguz-haslakogluplaton-devlet-27-seminer-ozeti\/","title":{"rendered":"O\u011eUZ HA\u015eLAKO\u011eLU:PLATON, DEVLET 27. SEM\u0130NER \u00d6ZET\u0130"},"content":{"rendered":"<p><strong>O\u011eUZ HA\u015eLAKO\u011eLU:PLATON, DEVLET 27. SEM\u0130NER \u00d6ZET\u0130<\/strong><\/p>\n<ol>\n<li><strong>Seminerin Amac\u0131 ve \u0130\u00e7eri\u011fi<\/strong><br \/>\nBu seminer, Platon\u2019un <em>Sofist<\/em> diyalo\u011fundaki felsefi temalar\u0131 temel alarak sahte olan ile hakiki olan\u0131n ayr\u0131m\u0131n\u0131, <em>sofist<\/em> fig\u00fcr\u00fcn\u00fcn ne anlam ifade etti\u011fini, bilginin do\u011fas\u0131n\u0131 ve ps\u00fckenin hastal\u0131k halini tart\u0131\u015f\u0131r. Ha\u015flako\u011flu, sofistin sadece bilgi sahas\u0131nda de\u011fil, t\u00fcm sahte hakikat iddialar\u0131nda var oldu\u011funu g\u00f6stererek Platon\u2019un bilgi, erdem, cehalet ve iyilik kavray\u0131\u015f\u0131n\u0131 \u00e7a\u011fda\u015f felsefeye kar\u015f\u0131 konumland\u0131r\u0131r.<\/li>\n<li><strong> Ana Temalar ve Ba\u015fl\u0131klar<\/strong><\/li>\n<\/ol>\n<ol>\n<li><strong>Sofistin Tan\u0131m\u0131: Bilgi Taciri Olarak Sahtekar<\/strong><br \/>\nSofist, hakiki bilgiyi taklit eden ama onu bilmeden satan ki\u015fidir. Sofist fig\u00fcr\u00fc, yaln\u0131zca bilgi alan\u0131nda de\u011fil, siyasetten e\u011fitime her sahada sahte bilgi \u00fcreten bir fig\u00fcrd\u00fcr. Platon\u2019da sofist ile filozof aras\u0131ndaki temel ayr\u0131m, niyette ve hakikate y\u00f6nelimdedir.<\/li>\n<li><strong>Elenkus ve Sahte Bilginin Te\u015fhiri<\/strong><br \/>\nSofistlerin kulland\u0131\u011f\u0131 sorgulama y\u00f6ntemi olan <em>elenkus<\/em>, Platon\u2019da da yer al\u0131r; fakat ama\u00e7 farkl\u0131d\u0131r. Sofist, \u00e7eli\u015fkileri ki\u015fisel \u00e7\u0131kar i\u00e7in kullan\u0131rken filozof bu y\u00f6ntemi hakikati ortaya koymak i\u00e7in kullan\u0131r. Bu ayr\u0131m, felsefenin etik sorumlulu\u011funu ortaya koyar.<\/li>\n<li><strong>Cehalet, Ametriya ve Ps\u00fckenin Hastal\u0131\u011f\u0131<\/strong><br \/>\nPlaton\u2019a g\u00f6re cehalet, ps\u00fckenin iradesi d\u0131\u015f\u0131nda i\u00e7ine d\u00fc\u015ft\u00fc\u011f\u00fc bir durumdur. Bu hal, <em>ametriya<\/em> (\u00f6l\u00e7\u00fcs\u00fczl\u00fck) olarak tan\u0131mlan\u0131r ve ps\u00fckenin i\u00e7sel oranlar\u0131n\u0131 kaybetmesiyle ilgilidir. Cehalet bir eksiklik de\u011fil, bir bozukluk; yani hastal\u0131kt\u0131r.<\/li>\n<li><strong>Doxa\u2019ya D\u00fc\u015f\u00fc\u015f ve Akl\u0131n Sapmas\u0131<\/strong><br \/>\nPlaton\u2019da <em>doxa<\/em>, ruhun hakikatten sapmas\u0131d\u0131r. Doxa\u2019ya d\u00fc\u015fen ps\u00fcke, ak\u0131ls\u0131zla\u015f\u0131r ve \u00f6l\u00e7\u00fcs\u00fcz hale gelir. Bu da onun bilgiye ula\u015fmas\u0131n\u0131 engeller. Bu nedenle bilgi, yaln\u0131zca noetik faaliyetle, hakikate y\u00f6nelimle m\u00fcmk\u00fcnd\u00fcr.<\/li>\n<li><strong>Diakritiken ve Katarsis: Ar\u0131nman\u0131n Ontolojik Temeli<\/strong><br \/>\n\u0130yi ile k\u00f6t\u00fcn\u00fcn ayr\u0131m\u0131 olan <em>diakritiken<\/em>, yaln\u0131zca zihinsel bir etkinlik de\u011fil, ayn\u0131 zamanda ruhsal bir ar\u0131nma (<em>katarsis<\/em>) s\u00fcrecidir. Bedensel ve ruhsal temizlik olarak ikiye ayr\u0131l\u0131r. Ahlak, bilgiyle do\u011frudan ba\u011flant\u0131l\u0131d\u0131r ve bilgi olmadan erdem m\u00fcmk\u00fcn de\u011fildir.<\/li>\n<li><strong>S\u00fcmmetriya, Kalos ve Ps\u00fckenin Denge Durumu<\/strong><br \/>\n<em>Metron<\/em> (\u00f6l\u00e7\u00fc) ve <em>s\u00fcmmetriya<\/em> (orant\u0131), ps\u00fckenin sa\u011fl\u0131kl\u0131 hali olarak tan\u0131mlan\u0131r. Platon\u2019a g\u00f6re g\u00fczellik (<em>kalos<\/em>), bu orant\u0131dan do\u011far. <em>Ametriya<\/em>, \u00e7irkinlik ve k\u00f6t\u00fcl\u00fckle e\u015f tutulur.<\/li>\n<li><strong>Nietzsche ve Platon\u2019un Y\u00fczle\u015fmesi<\/strong><br \/>\nSeminerde Nietzsche\u2019nin <em>B\u00f6yle Buyurdu Zerd\u00fc\u015ft<\/em> eseri \u00fczerinden Platon\u2019la \u00f6rt\u00fck bir hesapla\u015fma kurulur. Nietzsche\u2019nin \u201csonsuz tekrar\u201d d\u00fc\u015f\u00fcncesi ile Platon\u2019daki <em>anamnesis<\/em> (hat\u0131rlama) kar\u015f\u0131la\u015ft\u0131r\u0131l\u0131r. Ha\u015flako\u011flu\u2019na g\u00f6re Nietzsche, Platon\u2019a benzememek ad\u0131na onunla derin bir benzerlik kurmu\u015ftur.<\/li>\n<\/ol>\n<ol start=\"3\">\n<li><strong> Sonu\u00e7<\/strong><br \/>\nBu seminerde Platon\u2019un sofist kavram\u0131 \u00fczerinden ortaya koydu\u011fu bilgi, cehalet, iyilik, erdem ve ps\u00fcke anlay\u0131\u015f\u0131 modern felsefeyle kar\u015f\u0131la\u015ft\u0131rmal\u0131 bi\u00e7imde ele al\u0131n\u0131r. Ha\u015flako\u011flu, ps\u00fckenin \u00f6l\u00e7\u00fcs\u00fczl\u00fc\u011f\u00fcn\u00fcn (ametriya) en b\u00fcy\u00fck k\u00f6t\u00fcl\u00fck oldu\u011funu ve bu halin ancak hakiki bilgiyle, yani filozofyan\u0131n katarsis yoluyla m\u00fcmk\u00fcn k\u0131ld\u0131\u011f\u0131 bir ar\u0131nma s\u00fcreciyle a\u015f\u0131labilece\u011fini vurgular.<\/li>\n<\/ol>\n<p>&nbsp;<\/p>\n<ol>\n<li><strong> Purpose and Content of the Seminar<\/strong><br \/>\nThis seminar centers on Plato\u2019s <em>Sophist<\/em> dialogue, focusing on the philosophical problem of distinguishing the false from the true, the role of the sophist, the nature of knowledge, and the pathological condition of the soul (<em>psukh\u0113<\/em>). Ha\u015flako\u011flu repositions Plato\u2019s understanding of knowledge, virtue, ignorance, and goodness in contrast to modern thought, especially highlighting how the sophist represents not only intellectual deception but a broader metaphysical threat.<\/li>\n<li><strong> Main Themes and Topics<\/strong><\/li>\n<\/ol>\n<ol>\n<li><strong>The Sophist: Charlatan as Merchant of False Knowledge<\/strong><br \/>\nThe sophist is not merely an imitator but a peddler of counterfeit knowledge. This figure appears across all domains\u2014from politics to education\u2014as one who mimics truth without understanding it. The fundamental difference between the sophist and the philosopher lies in intention and orientation toward truth.<\/li>\n<li><strong>Elenchus and the Exposure of False Knowledge<\/strong><br \/>\nBoth the sophist and the philosopher use the method of <em>elenchus<\/em> (refutation), but for different ends. The sophist exploits contradictions for manipulation; the philosopher uses them to reveal truth. This distinction underlines the ethical responsibility inherent in genuine philosophy.<\/li>\n<li><strong>Ignorance, Ametria, and the Soul&#8217;s Sickness<\/strong><br \/>\nIgnorance (<em>agnoia<\/em>) in Plato is not mere absence of knowledge but a disorder of the soul. This disorder, called <em>ametria<\/em> (disproportion), results from the soul\u2019s loss of internal harmony. Ignorance is thus not emptiness but a disease that distorts the soul\u2019s orientation.<\/li>\n<li><strong>Fall into Doxa and the Distortion of the Mind<\/strong><br \/>\n<em>Doxa<\/em> (opinion) marks the soul\u2019s deviation from truth. When the soul falls into <em>doxa<\/em>, it becomes irrational and imbalanced, losing its capacity to access truth. Genuine knowledge requires a noetic, truth-directed reorientation.<\/li>\n<li><strong>Diakritik\u0113 and Katharsis: The Ontological Foundation of Purification<\/strong><br \/>\nThe discernment between good and evil (<em>diakritik\u0113<\/em>) is not merely an intellectual activity but a purifying process (<em>katharsis<\/em>). Plato identifies both physical and spiritual purification, affirming that ethical transformation is inseparable from philosophical insight.<\/li>\n<li><strong>Symmetria, Kalos, and the Soul\u2019s Balanced State<\/strong><br \/>\n<em>Metron<\/em> (measure) and <em>symmetria<\/em> (proportion) define the healthy state of the soul. Beauty (<em>kalos<\/em>) emerges from such proportion, while <em>ametria<\/em> equates to ugliness and evil. A just soul is a measured soul.<\/li>\n<li><strong>Plato vs. Nietzsche: A Philosophical Confrontation<\/strong><br \/>\nThe seminar contrasts Plato\u2019s theory of <em>anamnesis<\/em> (recollection) with Nietzsche\u2019s notion of eternal recurrence from <em>Thus Spoke Zarathustra<\/em>. Ha\u015flako\u011flu suggests that Nietzsche\u2019s philosophical opposition to Plato paradoxically results in a profound hidden kinship.<\/li>\n<\/ol>\n<ol start=\"3\">\n<li><strong> Conclusion<\/strong><br \/>\nThis seminar presents Plato\u2019s concept of the sophist as a lens through which to explore ignorance, knowledge, virtue, and soul. Ha\u015flako\u011flu argues that the soul\u2019s disorder\u2014<em>ametria<\/em>\u2014is the root of all moral and epistemic failure, and that this can only be healed through a philosophical <em>katharsis<\/em>. In Plato\u2019s vision, philosophy is not just rational inquiry but a transformative path to truth and inner harmony.<\/li>\n<\/ol>\n<p>&nbsp;<\/p>\n","protected":false},"excerpt":{"rendered":"<p>O\u011eUZ HA\u015eLAKO\u011eLU:PLATON, DEVLET 27. SEM\u0130NER \u00d6ZET\u0130 Seminerin Amac\u0131 ve \u0130\u00e7eri\u011fi [&hellip;]<\/p>\n","protected":false},"author":1,"featured_media":0,"parent":0,"menu_order":0,"comment_status":"closed","ping_status":"closed","template":"","meta":{"footnotes":""},"class_list":["post-4800","page","type-page","status-publish","hentry"],"jetpack_sharing_enabled":true,"_links":{"self":[{"href":"http:\/\/klasikdusunceokulu.com\/index.php\/wp-json\/wp\/v2\/pages\/4800","targetHints":{"allow":["GET"]}}],"collection":[{"href":"http:\/\/klasikdusunceokulu.com\/index.php\/wp-json\/wp\/v2\/pages"}],"about":[{"href":"http:\/\/klasikdusunceokulu.com\/index.php\/wp-json\/wp\/v2\/types\/page"}],"author":[{"embeddable":true,"href":"http:\/\/klasikdusunceokulu.com\/index.php\/wp-json\/wp\/v2\/users\/1"}],"replies":[{"embeddable":true,"href":"http:\/\/klasikdusunceokulu.com\/index.php\/wp-json\/wp\/v2\/comments?post=4800"}],"version-history":[{"count":1,"href":"http:\/\/klasikdusunceokulu.com\/index.php\/wp-json\/wp\/v2\/pages\/4800\/revisions"}],"predecessor-version":[{"id":4801,"href":"http:\/\/klasikdusunceokulu.com\/index.php\/wp-json\/wp\/v2\/pages\/4800\/revisions\/4801"}],"wp:attachment":[{"href":"http:\/\/klasikdusunceokulu.com\/index.php\/wp-json\/wp\/v2\/media?parent=4800"}],"curies":[{"name":"wp","href":"https:\/\/api.w.org\/{rel}","templated":true}]}}