{"id":4865,"date":"2025-05-05T12:54:44","date_gmt":"2025-05-05T09:54:44","guid":{"rendered":"https:\/\/klasikdusunceokulu.com\/?page_id=4865"},"modified":"2025-05-05T12:54:44","modified_gmt":"2025-05-05T09:54:44","slug":"ayhan-citil-aristoteles-metafizik-okumalari-27-seminer-ozeti","status":"publish","type":"page","link":"http:\/\/klasikdusunceokulu.com\/index.php\/ayhan-citil-aristoteles-metafizik-okumalari-27-seminer-ozeti\/","title":{"rendered":"AYHAN \u00c7\u0130T\u0130L: AR\u0130STOTELES, METAF\u0130Z\u0130K OKUMALARI 27. SEM\u0130NER \u00d6ZET\u0130"},"content":{"rendered":"<p><strong>AYHAN \u00c7\u0130T\u0130L: AR\u0130STOTELES, METAF\u0130Z\u0130K OKUMALARI 27. SEM\u0130NER \u00d6ZET\u0130<\/strong><\/p>\n<p><strong>Ana Temalar:<\/strong><\/p>\n<ol>\n<li><strong>Temel Kavramlara ve Y\u00f6nelimlere Geri D\u00f6n\u00fc\u015f<br \/>\n<\/strong>Seminer, Aristoteles\u2019in <em>Metafizik<\/em>\u2019inin I\u2013IV. kitaplar\u0131nda ele al\u0131nan temel kavramlar\u0131n genel bir tekrar\u0131yla ba\u015flar. Varl\u0131k olmak bak\u0131m\u0131ndan varl\u0131\u011f\u0131n konusu olarak metafizik; bunun temel formu olarak cevher (usia); ve \u00fc\u00e7 b\u00fcy\u00fck hedef belirlenir: Aristoteles temelli yeni bir fizik kurmak, Aristoteles mant\u0131\u011f\u0131n\u0131 \u00e7a\u011fda\u015f geli\u015fmeler \u0131\u015f\u0131\u011f\u0131nda yeniden de\u011ferlendirmek ve bir hayat kuram\u0131 olarak semantik temelli d\u00fc\u015f\u00fcnce geli\u015ftirmek.<\/li>\n<li><strong>Mant\u0131k ile De\u011fi\u015fim Aras\u0131ndaki Gerilim<br \/>\n<\/strong>Aristoteles\u2019in metafizi\u011fini \u00e7eli\u015fmezlik ilkesi \u00fczerine kurmas\u0131, d\u00fc\u015f\u00fcnce ve varl\u0131k i\u00e7in zorunlu bir temeldir. Ancak bu ilke sabitlik ve \u00f6zde\u015flik gerektirirken, metafizik zaman, de\u011fi\u015fim ve canl\u0131l\u0131k gibi dinamik olgular\u0131 da a\u00e7\u0131klamak zorundad\u0131r. Bu, mant\u0131\u011f\u0131n temel ilkeleri ile de\u011fi\u015fen varl\u0131\u011f\u0131n do\u011fas\u0131 aras\u0131nda \u00e7\u00f6z\u00fclememi\u015f bir felsefi gerilim yarat\u0131r.<\/li>\n<li><strong>Platon, S\u0131f\u0131r ve D\u00fc\u015f\u00fcncenin Yap\u0131s\u0131<br \/>\n<\/strong>Platon\u2019un \u201cbir\u201d kavram\u0131 \u00fczerinden geli\u015ftirilen yap\u0131, varl\u0131k ile yokluk ayr\u0131m\u0131n\u0131n kurulabilmesi i\u00e7in s\u0131f\u0131r, bo\u015fluk ve eksiklik gibi kavramlar\u0131n metafizik d\u00fczlemde zorunlu oldu\u011funu savunur. Mek\u00e2n, zaman ve \u00e7okluk ancak bu ayr\u0131mlar sayesinde anla\u015f\u0131labilir. Bu b\u00f6l\u00fcmde Platon\u2019un sistemi \u201chi\u00e7lik\u201d, \u201cs\u0131n\u0131r\u201d ve \u201cili\u015fki\u201d i\u00e7erecek \u015fekilde yeniden yorumlan\u0131r.<\/li>\n<li><strong>Bitirilmemi\u015f Fizik ve Yeni Ba\u015flang\u0131\u00e7lar<br \/>\n<\/strong>Seminer, \u201cunsurlar fizi\u011fi\u201d olarak adland\u0131r\u0131lan ama Aristoteles\u2019te eksik kalan bir teorik fizi\u011fin gereklili\u011fini belirtir. Bu yeni fizik, uzay, zaman ve s\u00fcreklili\u011fin metafizik temellerini kurmal\u0131d\u0131r. Ancak bu hedef ba\u015fka bir ortama ertelenir; onun yerine seminerin ikinci y\u00f6nelimi olan modern mant\u0131k ele\u015ftirisine ge\u00e7ilir.<\/li>\n<li><strong>Modern Mant\u0131k ve Aristoteles\u00e7i Yap\u0131<br \/>\n<\/strong>\u00c7a\u011fda\u015f mant\u0131k sistemleri \u2013\u00f6zellikle \u00e7ok de\u011ferli, paraconsistent ve sezgisel mant\u0131klar\u2013 klasik mant\u0131\u011f\u0131n \u00f6zde\u015flik, \u00e7eli\u015fmezlik ve \u00fc\u00e7\u00fcnc\u00fc halin imk\u00e2ns\u0131zl\u0131\u011f\u0131 ilkelerini sorgular. Bu sistemler s\u0131kl\u0131kla matematiksel veya dilbilimsel ba\u011flamlarda ortaya \u00e7\u0131kar. Ancak konu\u015fmac\u0131, klasik mant\u0131\u011f\u0131n ontolojik zeminde ge\u00e7erlili\u011fini korudu\u011funu savunur.<\/li>\n<li><strong>Dil, Anlam ve Canl\u0131l\u0131k Kuram\u0131<br \/>\n<\/strong>\u00dc\u00e7\u00fcnc\u00fc y\u00f6nelim, dil ve hayat ili\u015fkisini inceler. \u201cAd ile adland\u0131r\u0131lan\u201d aras\u0131ndaki ba\u011f\u0131 temel alan bir canl\u0131l\u0131k kuram\u0131 kurulabilir mi? Aristoteles\u2019in bu yolu izlemedi\u011fi, ancak semantik zeminde birey, \u00f6z ve \u00f6zerklik tart\u0131\u015fmalar\u0131 a\u00e7\u0131s\u0131ndan bu yakla\u015f\u0131m\u0131n verimli olabilece\u011fi ileri s\u00fcr\u00fcl\u00fcr.<\/li>\n<\/ol>\n<p><strong>Sonu\u00e7:<br \/>\n<\/strong>Bu seminer, Aristoteles metafizi\u011fi ile de\u011fi\u015fim, \u00e7eli\u015fki ve \u00e7a\u011fda\u015f mant\u0131k aras\u0131ndaki gerilimleri tart\u0131\u015f\u0131r. Platoncu yap\u0131 ve dil-anlam ili\u015fkisi \u00fczerinden metafizi\u011fe yeni a\u00e7\u0131l\u0131mlar \u00f6nerilir. Gelecek seminerde, anlam merkezli bir canl\u0131l\u0131k kuram\u0131n\u0131n temellendirilmesi planlanmaktad\u0131r.<\/p>\n<p><strong>\u00a0<\/strong><\/p>\n<p><strong>\u00a0<\/strong><\/p>\n<p><strong>Main Themes:<\/strong><\/p>\n<ol>\n<li><strong>Return to Fundamental Concepts and Commitments<\/strong><br \/>\nThis seminar begins with a comprehensive review of previous discussions from Books I\u2013IV of Aristotle&#8217;s <em>Metaphysics<\/em>. Emphasis is placed on Aristotle\u2019s assertion that metaphysics, or \u201cfirst philosophy,\u201d investigates <em>being qua being<\/em> and centers around <em>substance (ousia)<\/em> as the privileged form of being. The seminar reaffirms three central topics to be pursued: developing a new physics based on Aristotelian metaphysics, evaluating Aristotle\u2019s logic in light of contemporary developments, and formulating a theory of life grounded in semantics.<\/li>\n<li><strong>The Tension between Logic and Change<\/strong><br \/>\nAristotle grounds metaphysics in the principle of non-contradiction, which is essential to both thought and being. However, the seminar exposes a critical tension: this logical principle presupposes identity and fixity, yet metaphysics must also account for <em>change<\/em>, <em>motion<\/em>, and <em>living beings<\/em>. How can a logic that disallows contradiction handle inherently dynamic phenomena like time, space, and living processes? This tension signals a philosophical challenge unresolved within Aristotelian frameworks.<\/li>\n<li><strong>Plato, Zero, and the Structure of Thought<\/strong><br \/>\nBuilding on previous expansions of Plato\u2019s system, the seminar delves into the conceptual necessity of <em>zero<\/em> and <em>emptiness<\/em> as foundational for distinguishing being from non-being. This leads to a reformulation of the idea that spatiality, temporality, and multiplicity are intelligible only through the differentiation made possible by negation and contradiction. The Platonic \u201cOne\u201d is thus developed into a more complex metaphysical structure accommodating absence, limit, and relation.<\/li>\n<li><strong>The Unfinished Task of Metaphysical Physics<\/strong><br \/>\nThe speaker commits to developing a new \u201ctheoretical physics of elements\u201d (unsurlar fizi\u011fi) not covered in classical metaphysics. Such a theory should account for the metaphysical grounds of space, time, and continuity. However, this task is deferred to a different setting, and the seminar instead pivots to address a second commitment\u2014assessing modern logic\u2019s departure from Aristotelian principles.<\/li>\n<li><strong>Modern Logic vs. Aristotelian Logic<\/strong><br \/>\nA critical overview is offered of contemporary logic, especially <em>non-classical logics<\/em>, which challenge Aristotle\u2019s foundational principles (identity, non-contradiction, excluded middle). Examples include intuitionist logic, paraconsistent logic, and multi-valued logics. These new systems often arise from mathematical or linguistic contexts, questioning the absoluteness of logical laws. Despite this, the speaker asserts that classical logic retains metaphysical validity when grounded in ontology, not just formalism.<\/li>\n<li><strong>Language, Semantics, and the Theory of the Living<\/strong><br \/>\nA third major theme concerns the relation between language and life. Can a theory of the living be developed based on semantic relations\u2014specifically, the bond between <em>name<\/em> and <em>named<\/em>? Aristotle does not explore this path, but the speaker suggests that such a theory may open new perspectives on autonomy, essence, and the problem of individuation in dynamic contexts.<\/li>\n<\/ol>\n<p><strong>Conclusion:<\/strong><br \/>\nThis dense seminar outlines the deep tensions between Aristotelian metaphysics and the challenges of modern logic and dynamic being. While defending classical thought, it also opens space for critical extensions\u2014especially via Platonic elements and the reconsideration of contradiction, space, and language. The next session promises to delve into the theory of life from the lens of semantics and meaning.<\/p>\n<p>&nbsp;<\/p>\n","protected":false},"excerpt":{"rendered":"<p>AYHAN \u00c7\u0130T\u0130L: AR\u0130STOTELES, METAF\u0130Z\u0130K OKUMALARI 27. SEM\u0130NER \u00d6ZET\u0130 Ana Temalar: [&hellip;]<\/p>\n","protected":false},"author":1,"featured_media":0,"parent":0,"menu_order":0,"comment_status":"closed","ping_status":"closed","template":"","meta":{"footnotes":""},"class_list":["post-4865","page","type-page","status-publish","hentry"],"jetpack_sharing_enabled":true,"_links":{"self":[{"href":"http:\/\/klasikdusunceokulu.com\/index.php\/wp-json\/wp\/v2\/pages\/4865","targetHints":{"allow":["GET"]}}],"collection":[{"href":"http:\/\/klasikdusunceokulu.com\/index.php\/wp-json\/wp\/v2\/pages"}],"about":[{"href":"http:\/\/klasikdusunceokulu.com\/index.php\/wp-json\/wp\/v2\/types\/page"}],"author":[{"embeddable":true,"href":"http:\/\/klasikdusunceokulu.com\/index.php\/wp-json\/wp\/v2\/users\/1"}],"replies":[{"embeddable":true,"href":"http:\/\/klasikdusunceokulu.com\/index.php\/wp-json\/wp\/v2\/comments?post=4865"}],"version-history":[{"count":1,"href":"http:\/\/klasikdusunceokulu.com\/index.php\/wp-json\/wp\/v2\/pages\/4865\/revisions"}],"predecessor-version":[{"id":4866,"href":"http:\/\/klasikdusunceokulu.com\/index.php\/wp-json\/wp\/v2\/pages\/4865\/revisions\/4866"}],"wp:attachment":[{"href":"http:\/\/klasikdusunceokulu.com\/index.php\/wp-json\/wp\/v2\/media?parent=4865"}],"curies":[{"name":"wp","href":"https:\/\/api.w.org\/{rel}","templated":true}]}}