{"id":2416,"date":"2025-01-02T20:09:19","date_gmt":"2025-01-02T17:09:19","guid":{"rendered":"https:\/\/klasikdusunceokulu.com\/?page_id=2416"},"modified":"2025-04-13T02:39:59","modified_gmt":"2025-04-12T23:39:59","slug":"abdurrahim-kozali-2024-2025-lisans-programi-fikih-usulune-giris","status":"publish","type":"page","link":"https:\/\/klasikdusunceokulu.com\/index.php\/abdurrahim-kozali-2024-2025-lisans-programi-fikih-usulune-giris\/","title":{"rendered":"Abdurrahim Kozal\u0131, 2024-2025 Lisans Program\u0131: F\u0131k\u0131h Usul\u00fcne Giri\u015f"},"content":{"rendered":"<p><span style=\"color: #3b5163;\"><a style=\"color: #3b5163;\" href=\"https:\/\/klasikdusunceokulu.com\/index.php\/abdurrahim-kozali-fikih-usulune-giris-1\/\"><strong>ABDURRAH\u0130M KOZALI: FIKIH USUL\u00dcNE G\u0130R\u0130\u015e 1.SEM\u0130NER \u00d6ZET\u0130<\/strong><\/a><\/span><\/p>\n<p><span style=\"color: #3b5163;\"><a style=\"color: #3b5163;\" href=\"https:\/\/klasikdusunceokulu.com\/index.php\/abdurrahim-kozali-fikih-usulune-giris-2\/\"><strong>ABDURRAH\u0130M KOZALI: FIKIH USUL\u00dcNE G\u0130R\u0130\u015e 2.SEM\u0130NER \u00d6ZET\u0130<\/strong><\/a><\/span><\/p>\n<p><span style=\"color: #3b5163;\"><a style=\"color: #3b5163;\" href=\"https:\/\/klasikdusunceokulu.com\/index.php\/abdurrahim-kozali-fikih-usulune-giris-3\/\"><strong>ABDURRAH\u0130M KOZALI: FIKIH USUL\u00dcNE G\u0130R\u0130\u015e 3.SEM\u0130NER \u00d6ZET\u0130<\/strong><\/a><\/span><\/p>\n<p><span style=\"color: #3b5163;\"><a style=\"color: #3b5163;\" href=\"https:\/\/klasikdusunceokulu.com\/index.php\/abdurrahim-kozali-fikih-usulune-giris-4\/\"><strong>ABDURRAH\u0130M KOZALI: FIKIH USUL\u00dcNE G\u0130R\u0130\u015e 4.SEM\u0130NER \u00d6ZET\u0130<\/strong><\/a><\/span><\/p>\n<p><span style=\"color: #3b5163;\"><a style=\"color: #3b5163;\" href=\"https:\/\/klasikdusunceokulu.com\/index.php\/abdurrahim-kozali-fikih-usulune-giris-5\/\"><strong>ABDURRAH\u0130M KOZALI: FIKIH USUL\u00dcNE G\u0130R\u0130\u015e 5.SEM\u0130NER \u00d6ZET\u0130<\/strong><\/a><\/span><\/p>\n<p><span style=\"color: #3b5163;\"><a style=\"color: #3b5163;\" href=\"https:\/\/klasikdusunceokulu.com\/index.php\/abdurrahim-kozali-fikih-usulune-giris-6\/\"><strong>ABDURRAH\u0130M KOZALI: FIKIH USUL\u00dcNE G\u0130R\u0130\u015e 6.SEM\u0130NER \u00d6ZET\u0130<\/strong><\/a><\/span><\/p>\n<p><span style=\"color: #3b5163;\"><a style=\"color: #3b5163;\" href=\"https:\/\/klasikdusunceokulu.com\/index.php\/abdurrahim-kozali-fikih-usulune-giris-7\/\"><strong>ABDURRAH\u0130M KOZALI: FIKIH USUL\u00dcNE G\u0130R\u0130\u015e 7.SEM\u0130NER \u00d6ZET\u0130<\/strong><\/a><\/span><\/p>\n<p><span style=\"color: #3b5163;\"><a style=\"color: #3b5163;\" href=\"https:\/\/klasikdusunceokulu.com\/index.php\/abdurrahim-kozali-fikih-usulune-giris-8\/\"><strong>ABDURRAH\u0130M KOZALI: FIKIH USUL\u00dcNE G\u0130R\u0130\u015e 8.SEM\u0130NER \u00d6ZET\u0130<\/strong><\/a><\/span><\/p>\n<p><span style=\"color: #3b5163;\"><a style=\"color: #3b5163;\" href=\"https:\/\/klasikdusunceokulu.com\/index.php\/abdurrahim-kozali-fikih-usulune-giris-9\/\"><strong>ABDURRAH\u0130M KOZALI: FIKIH USUL\u00dcNE G\u0130R\u0130\u015e 9.SEM\u0130NER \u00d6ZET\u0130<\/strong><\/a><\/span><\/p>\n<p><span style=\"color: #3b5163;\"><a style=\"color: #3b5163;\" href=\"https:\/\/klasikdusunceokulu.com\/index.php\/abdurrahim-kozali-fikih-usulune-giris-10\/\"><strong>ABDURRAH\u0130M KOZALI: FIKIH USUL\u00dcNE G\u0130R\u0130\u015e 10.SEM\u0130NER \u00d6ZET\u0130<\/strong><\/a><\/span><\/p>\n<p><span style=\"color: #3b5163;\"><a style=\"color: #3b5163;\" href=\"https:\/\/klasikdusunceokulu.com\/index.php\/abdurrahim-kozali-fikih-usulune-giris-11\/\"><strong>ABDURRAH\u0130M KOZALI: FIKIH USUL\u00dcNE G\u0130R\u0130\u015e 11.SEM\u0130NER \u00d6ZET\u0130<\/strong><\/a><\/span><\/p>\n","protected":false},"excerpt":{"rendered":"<p>ABDURRAH\u0130M KOZALI: FIKIH USUL\u00dcNE G\u0130R\u0130\u015e 1.SEM\u0130NER \u00d6ZET\u0130 ABDURRAH\u0130M KOZALI: FIKIH [&hellip;]<\/p>\n","protected":false},"author":1,"featured_media":0,"parent":0,"menu_order":0,"comment_status":"closed","ping_status":"closed","template":"100-width.php","meta":{"footnotes":""},"class_list":["post-2416","page","type-page","status-publish","hentry"],"jetpack_sharing_enabled":true,"_links":{"self":[{"href":"https:\/\/klasikdusunceokulu.com\/index.php\/wp-json\/wp\/v2\/pages\/2416","targetHints":{"allow":["GET"]}}],"collection":[{"href":"https:\/\/klasikdusunceokulu.com\/index.php\/wp-json\/wp\/v2\/pages"}],"about":[{"href":"https:\/\/klasikdusunceokulu.com\/index.php\/wp-json\/wp\/v2\/types\/page"}],"author":[{"embeddable":true,"href":"https:\/\/klasikdusunceokulu.com\/index.php\/wp-json\/wp\/v2\/users\/1"}],"replies":[{"embeddable":true,"href":"https:\/\/klasikdusunceokulu.com\/index.php\/wp-json\/wp\/v2\/comments?post=2416"}],"version-history":[{"count":3,"href":"https:\/\/klasikdusunceokulu.com\/index.php\/wp-json\/wp\/v2\/pages\/2416\/revisions"}],"predecessor-version":[{"id":4512,"href":"https:\/\/klasikdusunceokulu.com\/index.php\/wp-json\/wp\/v2\/pages\/2416\/revisions\/4512"}],"wp:attachment":[{"href":"https:\/\/klasikdusunceokulu.com\/index.php\/wp-json\/wp\/v2\/media?parent=2416"}],"curies":[{"name":"wp","href":"https:\/\/api.w.org\/{rel}","templated":true}]}}