{"id":2432,"date":"2025-01-03T08:22:39","date_gmt":"2025-01-03T05:22:39","guid":{"rendered":"https:\/\/klasikdusunceokulu.com\/?page_id=2432"},"modified":"2025-01-04T22:41:23","modified_gmt":"2025-01-04T19:41:23","slug":"ekrem-demirli-islam-dusuncesine-giris-10","status":"publish","type":"page","link":"https:\/\/klasikdusunceokulu.com\/index.php\/ekrem-demirli-islam-dusuncesine-giris-10\/","title":{"rendered":"Ekrem Demirli: \u0130slam D\u00fc\u015f\u00fcncesine Giri\u015f 10"},"content":{"rendered":"<div class=\"fusion-fullwidth fullwidth-box fusion-builder-row-1 fusion-flex-container nonhundred-percent-fullwidth non-hundred-percent-height-scrolling\" style=\"--awb-border-radius-top-left:0px;--awb-border-radius-top-right:0px;--awb-border-radius-bottom-right:0px;--awb-border-radius-bottom-left:0px;--awb-flex-wrap:wrap;\" ><div class=\"fusion-builder-row fusion-row fusion-flex-align-items-flex-start fusion-flex-content-wrap\" style=\"max-width:1248px;margin-left: calc(-4% \/ 2 );margin-right: calc(-4% \/ 2 );\"><div class=\"fusion-layout-column fusion_builder_column fusion-builder-column-0 fusion_builder_column_1_1 1_1 fusion-flex-column\" style=\"--awb-bg-size:cover;--awb-width-large:100%;--awb-margin-top-large:0px;--awb-spacing-right-large:1.92%;--awb-margin-bottom-large:0px;--awb-spacing-left-large:1.92%;--awb-width-medium:100%;--awb-spacing-right-medium:1.92%;--awb-spacing-left-medium:1.92%;--awb-width-small:100%;--awb-spacing-right-small:1.92%;--awb-spacing-left-small:1.92%;\"><div class=\"fusion-column-wrapper fusion-flex-justify-content-flex-start fusion-content-layout-column\"><div class=\"fusion-text fusion-text-1\"><p data-fusion-font=\"true\" data-fusion-google-font=\"Roboto Mono\" data-fusion-google-variant=\"400\" style=\"font-family: 'Roboto Mono'; font-size: 20px;\"><b> <\/b><\/p>\n<p data-fusion-font=\"true\" data-fusion-google-font=\"Roboto Mono\" data-fusion-google-variant=\"400\" style=\"font-family: 'Roboto Mono'; font-size: 20px;\"><b>EKREM DEM\u0130RL\u0130: \u0130SLAM D\u00dc\u015e\u00dcNCES\u0130NE G\u0130R\u0130\u015e 10. SEM\u0130NER \u00d6ZET\u0130<\/b><\/p>\n<p>   Bu seminerde, \u0130slam d\u00fc\u015f\u00fcncesinde metinsellik ve metinsellik kar\u015f\u0131t\u0131 g\u00f6r\u00fc\u015fler aras\u0131ndaki \u00e7at\u0131\u015fma ele al\u0131nm\u0131\u015ft\u0131r. S\u00fcnnilik, metinlerin (Kur&#8217;an ve hadis) hakikatin kayna\u011f\u0131 oldu\u011funu savunurken, \u015eia ve Bat\u0131ni hareketler, hakikatin ancak bir imam ya da otorite arac\u0131l\u0131\u011f\u0131yla anla\u015f\u0131labilece\u011fini ileri s\u00fcrm\u00fc\u015ft\u00fcr. Bu fark, peygamberden sonra dinin nas\u0131l s\u00fcrd\u00fcr\u00fclece\u011fine dair temel bir ayr\u0131m yaratm\u0131\u015ft\u0131r.<\/p>\n<\/p>\n<p>   \u015eia, metinlerin yetersiz oldu\u011funu ve bir imam\u0131n rehberli\u011fine ihtiya\u00e7 duyuldu\u011funu belirtmi\u015ftir. Buna kar\u015f\u0131l\u0131k, S\u00fcnnilik, peygamberin Kur&#8217;an ve s\u00fcnnet ile tamamlanm\u0131\u015f bir din b\u0131rakt\u0131\u011f\u0131n\u0131 savunmu\u015f ve metinlere dayal\u0131 bir anlay\u0131\u015f geli\u015ftirmi\u015ftir. Bu yakla\u015f\u0131m, Gazali ve di\u011fer s\u00fcnni \u00e2limlerin eserlerinde de vurgulanm\u0131\u015ft\u0131r.<\/p>\n<\/p>\n<p>   Ayr\u0131ca, felsefenin \u0130slam co\u011frafyas\u0131na giri\u015fi, M\u00fcsl\u00fcman topluluklarda ciddi etkiler yaratm\u0131\u015ft\u0131r. Farabi ve \u0130bn Sina gibi filozoflar, Grek d\u00fc\u015f\u00fcncesini \u0130slam d\u00fcnyas\u0131na adapte ederek, mant\u0131k, do\u011fa bilimleri ve metafizik gibi alanlarda katk\u0131lar sunmu\u015flard\u0131r. Ancak bu d\u00fc\u015f\u00fcnceler, kelamc\u0131lar ve tasavvuf\u00e7ular taraf\u0131ndan ele\u015ftirilmi\u015f ve \u0130slam d\u00fcnyas\u0131nda uzun s\u00fcren bir tart\u0131\u015fma konusu olmu\u015ftur.<\/p>\n<p>   This seminar examined the conflict between textuality and anti-textuality in Islamic thought. Sunni Islam upheld texts (the Qur\u2019an and Hadith) as the sources of truth, while Shi\u2019a and Batini movements argued that truth could only be understood through an imam or authoritative figure. This difference created a fundamental divide on how religion was to be continued after the Prophet.<\/p>\n<\/p>\n<p>   Shi\u2019a perspectives considered texts insufficient, asserting the need for guidance from an imam. Conversely, Sunni Islam maintained that the Prophet left a complete religion through the Qur\u2019an and Sunnah, which served as the ultimate sources of understanding. This approach was echoed in the works of scholars such as Ghazali.<\/p>\n<\/p>\n<p>   Furthermore, the seminar discussed the entry of philosophy into the Islamic world and its profound impacts on Muslim communities. Philosophers like Farabi and Ibn Sina adapted Greek thought into Islamic contexts, contributing to fields such as logic, natural sciences, and metaphysics. However, these ideas were often met with criticism by theologians and mystics, becoming a longstanding subject of debate in the Islamic intellectual tradition.<\/p>\n<\/div><\/div><\/div><\/div><\/div>\n","protected":false},"excerpt":{"rendered":"","protected":false},"author":1,"featured_media":0,"parent":0,"menu_order":0,"comment_status":"closed","ping_status":"closed","template":"100-width.php","meta":{"footnotes":""},"class_list":["post-2432","page","type-page","status-publish","hentry"],"jetpack_sharing_enabled":true,"_links":{"self":[{"href":"https:\/\/klasikdusunceokulu.com\/index.php\/wp-json\/wp\/v2\/pages\/2432","targetHints":{"allow":["GET"]}}],"collection":[{"href":"https:\/\/klasikdusunceokulu.com\/index.php\/wp-json\/wp\/v2\/pages"}],"about":[{"href":"https:\/\/klasikdusunceokulu.com\/index.php\/wp-json\/wp\/v2\/types\/page"}],"author":[{"embeddable":true,"href":"https:\/\/klasikdusunceokulu.com\/index.php\/wp-json\/wp\/v2\/users\/1"}],"replies":[{"embeddable":true,"href":"https:\/\/klasikdusunceokulu.com\/index.php\/wp-json\/wp\/v2\/comments?post=2432"}],"version-history":[{"count":3,"href":"https:\/\/klasikdusunceokulu.com\/index.php\/wp-json\/wp\/v2\/pages\/2432\/revisions"}],"predecessor-version":[{"id":2492,"href":"https:\/\/klasikdusunceokulu.com\/index.php\/wp-json\/wp\/v2\/pages\/2432\/revisions\/2492"}],"wp:attachment":[{"href":"https:\/\/klasikdusunceokulu.com\/index.php\/wp-json\/wp\/v2\/media?parent=2432"}],"curies":[{"name":"wp","href":"https:\/\/api.w.org\/{rel}","templated":true}]}}