{"id":2453,"date":"2025-01-03T08:49:53","date_gmt":"2025-01-03T05:49:53","guid":{"rendered":"https:\/\/klasikdusunceokulu.com\/?page_id=2453"},"modified":"2025-01-03T08:52:43","modified_gmt":"2025-01-03T05:52:43","slug":"hayrettin-nebi-gudekli-2024-2025-lisans-programi-kelama-giris","status":"publish","type":"page","link":"https:\/\/klasikdusunceokulu.com\/index.php\/hayrettin-nebi-gudekli-2024-2025-lisans-programi-kelama-giris\/","title":{"rendered":"Hayrettin Nebi G\u00fcdekli, 2024-2025 Lisans Program\u0131: Kelama Giri\u015f"},"content":{"rendered":"<div class=\"fusion-fullwidth fullwidth-box fusion-builder-row-1 fusion-flex-container has-pattern-background has-mask-background nonhundred-percent-fullwidth non-hundred-percent-height-scrolling\" style=\"--awb-border-radius-top-left:0px;--awb-border-radius-top-right:0px;--awb-border-radius-bottom-right:0px;--awb-border-radius-bottom-left:0px;--awb-flex-wrap:wrap;\" ><div class=\"fusion-builder-row fusion-row fusion-flex-align-items-flex-start fusion-flex-content-wrap\" style=\"max-width:1248px;margin-left: calc(-4% \/ 2 );margin-right: calc(-4% \/ 2 );\"><div class=\"fusion-layout-column fusion_builder_column fusion-builder-column-0 fusion_builder_column_1_1 1_1 fusion-flex-column\" style=\"--awb-bg-size:cover;--awb-width-large:100%;--awb-margin-top-large:0px;--awb-spacing-right-large:1.92%;--awb-margin-bottom-large:20px;--awb-spacing-left-large:1.92%;--awb-width-medium:100%;--awb-order-medium:0;--awb-spacing-right-medium:1.92%;--awb-spacing-left-medium:1.92%;--awb-width-small:100%;--awb-order-small:0;--awb-spacing-right-small:1.92%;--awb-spacing-left-small:1.92%;\"><div class=\"fusion-column-wrapper fusion-column-has-shadow fusion-flex-justify-content-flex-start fusion-content-layout-column\"><div class=\"fusion-slider-sc\"><div class=\"fusion-flexslider-loading flexslider flexslider-hover-type-none\" data-slideshow_autoplay=\"1\" data-slideshow_smooth_height=\"0\" data-slideshow_speed=\"7000\" style=\"max-width:100%;height:100%;\"><ul class=\"slides\"><li class=\"image\"><a title=\"132\" data-title=\"132\" aria-label=\"132\" href=\"https:\/\/www.youtube.com\/watch?v=0E0leWQbuu4&amp;list=PLADMQ9VgSO5nh9rlhQNAQfHatMqcrk11d\" target=\"_blank\" rel=\"noopener noreferrer\"><span class=\"fusion-image-hover-element hover-type-none\"><img fetchpriority=\"high\" fetchpriority=\"high\" decoding=\"async\" src=\"http:\/\/klasikdusunceokulu.com\/wp-content\/uploads\/2025\/01\/132.png\" width=\"5333\" height=\"3000\" class=\"wp-image-2459\" srcset=\"https:\/\/klasikdusunceokulu.com\/wp-content\/uploads\/2025\/01\/132-200x113.png 200w, https:\/\/klasikdusunceokulu.com\/wp-content\/uploads\/2025\/01\/132-400x225.png 400w, https:\/\/klasikdusunceokulu.com\/wp-content\/uploads\/2025\/01\/132-600x338.png 600w, https:\/\/klasikdusunceokulu.com\/wp-content\/uploads\/2025\/01\/132-800x450.png 800w, https:\/\/klasikdusunceokulu.com\/wp-content\/uploads\/2025\/01\/132-1200x675.png 1200w, https:\/\/klasikdusunceokulu.com\/wp-content\/uploads\/2025\/01\/132.png 5333w\" sizes=\"(max-width: 640px) 100vw, 1200px\" \/><\/span><\/a><\/li><\/ul><\/div><\/div><\/div><\/div><\/div><\/div>\n","protected":false},"excerpt":{"rendered":"","protected":false},"author":1,"featured_media":0,"parent":0,"menu_order":0,"comment_status":"closed","ping_status":"closed","template":"100-width.php","meta":{"footnotes":""},"class_list":["post-2453","page","type-page","status-publish","hentry"],"jetpack_sharing_enabled":true,"_links":{"self":[{"href":"https:\/\/klasikdusunceokulu.com\/index.php\/wp-json\/wp\/v2\/pages\/2453","targetHints":{"allow":["GET"]}}],"collection":[{"href":"https:\/\/klasikdusunceokulu.com\/index.php\/wp-json\/wp\/v2\/pages"}],"about":[{"href":"https:\/\/klasikdusunceokulu.com\/index.php\/wp-json\/wp\/v2\/types\/page"}],"author":[{"embeddable":true,"href":"https:\/\/klasikdusunceokulu.com\/index.php\/wp-json\/wp\/v2\/users\/1"}],"replies":[{"embeddable":true,"href":"https:\/\/klasikdusunceokulu.com\/index.php\/wp-json\/wp\/v2\/comments?post=2453"}],"version-history":[{"count":2,"href":"https:\/\/klasikdusunceokulu.com\/index.php\/wp-json\/wp\/v2\/pages\/2453\/revisions"}],"predecessor-version":[{"id":2460,"href":"https:\/\/klasikdusunceokulu.com\/index.php\/wp-json\/wp\/v2\/pages\/2453\/revisions\/2460"}],"wp:attachment":[{"href":"https:\/\/klasikdusunceokulu.com\/index.php\/wp-json\/wp\/v2\/media?parent=2453"}],"curies":[{"name":"wp","href":"https:\/\/api.w.org\/{rel}","templated":true}]}}