{"id":2638,"date":"2025-01-20T12:33:42","date_gmt":"2025-01-20T09:33:42","guid":{"rendered":"https:\/\/klasikdusunceokulu.com\/?page_id=2638"},"modified":"2025-04-12T11:54:11","modified_gmt":"2025-04-12T08:54:11","slug":"baha-zafer-aristoteles-okumalari-fizik","status":"publish","type":"page","link":"https:\/\/klasikdusunceokulu.com\/index.php\/baha-zafer-aristoteles-okumalari-fizik\/","title":{"rendered":"Baha Zafer, Aristoteles Okumalar\u0131: Fizik"},"content":{"rendered":"<p><a href=\"https:\/\/klasikdusunceokulu.com\/index.php\/baha-zafer-aristoteles-okumalari-fizik-1\/\"><span style=\"color: #3b5163;\"><strong>BAHA ZAFER, AR\u0130STOTELES OKUMALARI 1. SEM\u0130NER \u00d6ZET\u0130<\/strong><\/span><\/a><\/p>\n<p><a href=\"https:\/\/klasikdusunceokulu.com\/index.php\/baha-zafer-aristoteles-okumalari-fizik-2\/\"><span style=\"color: #3b5163;\"><strong>BAHA ZAFER, AR\u0130STOTELES OKUMALARI 2. SEM\u0130NER \u00d6ZET\u0130<\/strong><\/span><\/a><\/p>\n<p><a href=\"https:\/\/klasikdusunceokulu.com\/index.php\/baha-zafer-aristoteles-okumalari-fizik-3\/\"><span style=\"color: #3b5163;\"><strong>BAHA ZAFER, AR\u0130STOTELES OKUMALARI 3. SEM\u0130NER \u00d6ZET\u0130<\/strong><\/span><\/a><\/p>\n<p><a href=\"https:\/\/klasikdusunceokulu.com\/index.php\/baha-zafer-aristoteles-okumalari-fizik-4\/\"><span style=\"color: #3b5163;\"><strong>BAHA ZAFER, AR\u0130STOTELES OKUMALARI 4. SEM\u0130NER \u00d6ZET\u0130<\/strong><\/span><\/a><\/p>\n<p><a href=\"https:\/\/klasikdusunceokulu.com\/index.php\/baha-zafer-aristoteles-okumalari-fizik-5\/\"><span style=\"color: #3b5163;\"><strong>BAHA ZAFER, AR\u0130STOTELES OKUMALARI 5. SEM\u0130NER \u00d6ZET\u0130<\/strong><\/span><\/a><\/p>\n<p><a href=\"https:\/\/klasikdusunceokulu.com\/index.php\/baha-zafer-aristoteles-okumalari-fizik-6\/\"><span style=\"color: #3b5163;\"><strong>BAHA ZAFER, AR\u0130STOTELES OKUMALARI 6. SEM\u0130NER \u00d6ZET\u0130<\/strong><\/span><\/a><\/p>\n<p><a href=\"https:\/\/klasikdusunceokulu.com\/index.php\/baha-zafer-aristoteles-okumalari-fizik-7\/\"><span style=\"color: #3b5163;\"><strong>BAHA ZAFER, AR\u0130STOTELES OKUMALARI 7. SEM\u0130NER \u00d6ZET\u0130<\/strong><\/span><\/a><\/p>\n<p><a href=\"https:\/\/klasikdusunceokulu.com\/index.php\/baha-zafer-aristoteles-okumalari-fizik-8\/\"><span style=\"color: #3b5163;\"><strong>BAHA ZAFER, AR\u0130STOTELES OKUMALARI 8. SEM\u0130NER \u00d6ZET\u0130<\/strong><\/span><\/a><\/p>\n<p><a href=\"https:\/\/klasikdusunceokulu.com\/index.php\/baha-zafer-aristoteles-okumalari-fizik-9\/\"><span style=\"color: #3b5163;\"><strong>BAHA ZAFER, AR\u0130STOTELES OKUMALARI 9. SEM\u0130NER \u00d6ZET\u0130<\/strong><\/span><\/a><\/p>\n<p><a href=\"https:\/\/klasikdusunceokulu.com\/index.php\/baha-zafer-aristoteles-okumalari-fizik-10\/\"><span style=\"color: #3b5163;\"><strong>BAHA ZAFER, AR\u0130STOTELES OKUMALARI 10. SEM\u0130NER \u00d6ZET\u0130<\/strong><\/span><\/a><\/p>\n","protected":false},"excerpt":{"rendered":"<p>BAHA ZAFER, AR\u0130STOTELES OKUMALARI 1. SEM\u0130NER \u00d6ZET\u0130 BAHA ZAFER, AR\u0130STOTELES [&hellip;]<\/p>\n","protected":false},"author":1,"featured_media":0,"parent":0,"menu_order":0,"comment_status":"closed","ping_status":"closed","template":"100-width.php","meta":{"footnotes":""},"class_list":["post-2638","page","type-page","status-publish","hentry"],"jetpack_sharing_enabled":true,"_links":{"self":[{"href":"https:\/\/klasikdusunceokulu.com\/index.php\/wp-json\/wp\/v2\/pages\/2638","targetHints":{"allow":["GET"]}}],"collection":[{"href":"https:\/\/klasikdusunceokulu.com\/index.php\/wp-json\/wp\/v2\/pages"}],"about":[{"href":"https:\/\/klasikdusunceokulu.com\/index.php\/wp-json\/wp\/v2\/types\/page"}],"author":[{"embeddable":true,"href":"https:\/\/klasikdusunceokulu.com\/index.php\/wp-json\/wp\/v2\/users\/1"}],"replies":[{"embeddable":true,"href":"https:\/\/klasikdusunceokulu.com\/index.php\/wp-json\/wp\/v2\/comments?post=2638"}],"version-history":[{"count":3,"href":"https:\/\/klasikdusunceokulu.com\/index.php\/wp-json\/wp\/v2\/pages\/2638\/revisions"}],"predecessor-version":[{"id":4479,"href":"https:\/\/klasikdusunceokulu.com\/index.php\/wp-json\/wp\/v2\/pages\/2638\/revisions\/4479"}],"wp:attachment":[{"href":"https:\/\/klasikdusunceokulu.com\/index.php\/wp-json\/wp\/v2\/media?parent=2638"}],"curies":[{"name":"wp","href":"https:\/\/api.w.org\/{rel}","templated":true}]}}