{"id":2688,"date":"2025-01-21T10:38:12","date_gmt":"2025-01-21T07:38:12","guid":{"rendered":"https:\/\/klasikdusunceokulu.com\/?page_id=2688"},"modified":"2025-04-13T02:07:10","modified_gmt":"2025-04-12T23:07:10","slug":"esref-altas-teftazani-okumalari-serhul-akaid","status":"publish","type":"page","link":"https:\/\/klasikdusunceokulu.com\/index.php\/esref-altas-teftazani-okumalari-serhul-akaid\/","title":{"rendered":"E\u015fref Alta\u015f, Teft\u00e2z\u00e2n\u00ee Okumalar\u0131: \u015eerhu\u2019l-ak\u00e2id"},"content":{"rendered":"<p><a href=\"https:\/\/klasikdusunceokulu.com\/index.php\/esref-altas-teftazani-okumalari-serhul-akaid-1\/\"><span style=\"color: #3b5163;\"><strong>E\u015eREF ALTA\u015e, TEFT\u00c2Z\u00c2N\u00ce OKUMALARI \u015eERHU\u2019L-AK\u00c2\u0130D\u00a0 1. SEM\u0130NER \u00d6ZET\u0130<\/strong><\/span><\/a><\/p>\n<p><a href=\"https:\/\/klasikdusunceokulu.com\/index.php\/esref-altas-teftazani-okumalari-serhul-akaid-2\/\"><span style=\"color: #3b5163;\"><strong>E\u015eREF ALTA\u015e, TEFT\u00c2Z\u00c2N\u00ce OKUMALARI \u015eERHU\u2019L-AK\u00c2\u0130D\u00a0 2. SEM\u0130NER \u00d6ZET\u0130<\/strong><\/span><\/a><\/p>\n<p><a href=\"https:\/\/klasikdusunceokulu.com\/index.php\/esref-altas-teftazani-okumalari-serhul-akaid-3\/\"><span style=\"color: #3b5163;\"><strong>E\u015eREF ALTA\u015e, TEFT\u00c2Z\u00c2N\u00ce OKUMALARI \u015eERHU\u2019L-AK\u00c2\u0130D\u00a0 3. SEM\u0130NER \u00d6ZET\u0130<\/strong><\/span><\/a><\/p>\n<p><a href=\"https:\/\/klasikdusunceokulu.com\/index.php\/esref-altas-teftazani-okumalari-serhul-akaid-1-2\/\"><span style=\"color: #3b5163;\"><strong>E\u015eREF ALTA\u015e, TEFT\u00c2Z\u00c2N\u00ce OKUMALARI \u015eERHU\u2019L-AK\u00c2\u0130D\u00a0 4. SEM\u0130NER \u00d6ZET\u0130<\/strong><\/span><\/a><\/p>\n<p><a href=\"https:\/\/klasikdusunceokulu.com\/index.php\/esref-altas-teftazani-okumalari-serhul-akaid-5\/\"><span style=\"color: #3b5163;\"><strong>E\u015eREF ALTA\u015e, TEFT\u00c2Z\u00c2N\u00ce OKUMALARI \u015eERHU\u2019L-AK\u00c2\u0130D\u00a0 5. SEM\u0130NER \u00d6ZET\u0130<\/strong><\/span><\/a><\/p>\n<p><a href=\"https:\/\/klasikdusunceokulu.com\/index.php\/esref-altas-teftazani-okumalari-serhul-akaid-6\/\"><span style=\"color: #3b5163;\"><strong>E\u015eREF ALTA\u015e, TEFT\u00c2Z\u00c2N\u00ce OKUMALARI \u015eERHU\u2019L-AK\u00c2\u0130D\u00a0 6. SEM\u0130NER \u00d6ZET\u0130<\/strong><\/span><\/a><\/p>\n<p><a href=\"https:\/\/klasikdusunceokulu.com\/index.php\/esref-altas-teftazani-okumalari-serhul-akaid-7\/\"><span style=\"color: #3b5163;\"><strong>E\u015eREF ALTA\u015e, TEFT\u00c2Z\u00c2N\u00ce OKUMALARI \u015eERHU\u2019L-AK\u00c2\u0130D\u00a0 7. SEM\u0130NER \u00d6ZET\u0130<\/strong><\/span><\/a><\/p>\n<p><a href=\"https:\/\/klasikdusunceokulu.com\/index.php\/esref-altas-teftazani-okumalari-serhul-akaid-8\/\"><span style=\"color: #3b5163;\"><strong>E\u015eREF ALTA\u015e, TEFT\u00c2Z\u00c2N\u00ce OKUMALARI \u015eERHU\u2019L-AK\u00c2\u0130D\u00a0 8. SEM\u0130NER \u00d6ZET\u0130<\/strong><\/span><\/a><\/p>\n<p><a href=\"https:\/\/klasikdusunceokulu.com\/index.php\/esref-altas-teftazani-okumalari-serhul-akaid-9\/\"><span style=\"color: #3b5163;\"><strong>E\u015eREF ALTA\u015e, TEFT\u00c2Z\u00c2N\u00ce OKUMALARI \u015eERHU\u2019L-AK\u00c2\u0130D\u00a0 9. SEM\u0130NER \u00d6ZET\u0130<\/strong><\/span><\/a><\/p>\n<p><a href=\"https:\/\/klasikdusunceokulu.com\/index.php\/esref-altas-teftazani-okumalari-serhul-akaid-10\/\"><span style=\"color: #3b5163;\"><strong>E\u015eREF ALTA\u015e, TEFT\u00c2Z\u00c2N\u00ce OKUMALARI \u015eERHU\u2019L-AK\u00c2\u0130D\u00a0 10. SEM\u0130NER \u00d6ZET\u0130<\/strong><\/span><\/a><\/p>\n","protected":false},"excerpt":{"rendered":"<p>E\u015eREF ALTA\u015e, TEFT\u00c2Z\u00c2N\u00ce OKUMALARI \u015eERHU\u2019L-AK\u00c2\u0130D\u00a0 1. SEM\u0130NER \u00d6ZET\u0130 E\u015eREF ALTA\u015e, [&hellip;]<\/p>\n","protected":false},"author":1,"featured_media":0,"parent":0,"menu_order":0,"comment_status":"closed","ping_status":"closed","template":"100-width.php","meta":{"footnotes":""},"class_list":["post-2688","page","type-page","status-publish","hentry"],"jetpack_sharing_enabled":true,"_links":{"self":[{"href":"https:\/\/klasikdusunceokulu.com\/index.php\/wp-json\/wp\/v2\/pages\/2688","targetHints":{"allow":["GET"]}}],"collection":[{"href":"https:\/\/klasikdusunceokulu.com\/index.php\/wp-json\/wp\/v2\/pages"}],"about":[{"href":"https:\/\/klasikdusunceokulu.com\/index.php\/wp-json\/wp\/v2\/types\/page"}],"author":[{"embeddable":true,"href":"https:\/\/klasikdusunceokulu.com\/index.php\/wp-json\/wp\/v2\/users\/1"}],"replies":[{"embeddable":true,"href":"https:\/\/klasikdusunceokulu.com\/index.php\/wp-json\/wp\/v2\/comments?post=2688"}],"version-history":[{"count":3,"href":"https:\/\/klasikdusunceokulu.com\/index.php\/wp-json\/wp\/v2\/pages\/2688\/revisions"}],"predecessor-version":[{"id":4504,"href":"https:\/\/klasikdusunceokulu.com\/index.php\/wp-json\/wp\/v2\/pages\/2688\/revisions\/4504"}],"wp:attachment":[{"href":"https:\/\/klasikdusunceokulu.com\/index.php\/wp-json\/wp\/v2\/media?parent=2688"}],"curies":[{"name":"wp","href":"https:\/\/api.w.org\/{rel}","templated":true}]}}