{"id":2696,"date":"2025-01-21T10:44:37","date_gmt":"2025-01-21T07:44:37","guid":{"rendered":"https:\/\/klasikdusunceokulu.com\/?page_id=2696"},"modified":"2025-01-27T13:19:17","modified_gmt":"2025-01-27T10:19:17","slug":"esref-altas-teftazani-okumalari-serhul-akaid-5","status":"publish","type":"page","link":"https:\/\/klasikdusunceokulu.com\/index.php\/esref-altas-teftazani-okumalari-serhul-akaid-5\/","title":{"rendered":"E\u015fref Alta\u015f, Teft\u00e2z\u00e2n\u00ee Okumalar\u0131: \u015eerhu\u2019l-ak\u00e2id 5"},"content":{"rendered":"<p><strong>E\u015eREF ALTA\u015e, TEFT\u00c2Z\u00c2N\u00ce OKUMALARI: \u015eERHU&#8217;L-AK\u00c2\u0130D 5. SEM\u0130NER \u00d6ZET\u0130<\/strong><\/p>\n<p>E\u015fref Alta\u015f\u2019\u0131n be\u015finci semineri, Taftaz\u00e2n\u00ee\u2019nin <em>\u015eerhu\u2019l-Ak\u00e2id<\/em> eserinde bilgi edinme yollar\u0131 (<em>esb\u00e2b-\u00fcl ilim<\/em>) \u00fczerine yap\u0131lan tart\u0131\u015fmalara odaklan\u0131r. Seminer, bilginin tan\u0131m\u0131, kaynaklar\u0131 ve s\u0131n\u0131rl\u0131l\u0131klar\u0131 gibi temel meseleleri ele al\u0131r. \u00d6zellikle selim duyular, do\u011fru haber ve ak\u0131l kavramlar\u0131 tart\u0131\u015f\u0131lm\u0131\u015f; sofist ele\u015ftirilerle kar\u015f\u0131la\u015ft\u0131rmal\u0131 analizler yap\u0131lm\u0131\u015ft\u0131r.<\/p>\n<p><strong>Ana Temalar<\/strong><\/p>\n<ol>\n<li><strong>Bilgi Edinme Yollar\u0131 ve Tan\u0131mlar\u0131<\/strong>\n<ul>\n<li>Taftaz\u00e2n\u00ee, bilginin \u00fc\u00e7 kayna\u011f\u0131 oldu\u011funu belirtir: selim duyular, do\u011fru haber (<em>haber-i s\u00e2d\u0131k<\/em>) ve ak\u0131l.<\/li>\n<li>Duyular, d\u0131\u015f d\u00fcnyadan bilgi alman\u0131n temel arac\u0131 olarak ele al\u0131n\u0131rken, do\u011fru haber din\u00ee ve tarih\u00ee bilgilerin kayna\u011f\u0131 olarak g\u00f6r\u00fcl\u00fcr. Ak\u0131l ise her iki kayna\u011f\u0131n i\u015fleyi\u015fini destekleyen temel bir ara\u00e7t\u0131r.<\/li>\n<li>Taftaz\u00e2n\u00ee, bilgi tan\u0131mlar\u0131n\u0131 E\u015f\u2018ar\u00ee ve M\u00e2t\u00fcr\u00eed\u00ee gelenekleri \u00e7er\u00e7evesinde ele alm\u0131\u015f, E\u015f\u2018ar\u00ee yakla\u015f\u0131m\u0131n\u0131n daha kat\u0131 bir tan\u0131m sundu\u011funu vurgulam\u0131\u015ft\u0131r.<\/li>\n<\/ul>\n<\/li>\n<li><strong>Sofist Ele\u015ftiriler ve Cevaplar<\/strong>\n<ul>\n<li>Sofistlerin duyular\u0131n g\u00fcvenilirli\u011fi ve bilginin kesinli\u011fi \u00fczerine y\u00f6neltti\u011fi ele\u015ftiriler analiz edilmi\u015ftir.<\/li>\n<li>Taftaz\u00e2n\u00ee, duyular\u0131n s\u0131n\u0131rl\u0131 ama g\u00fcvenilir oldu\u011funu belirtmi\u015f; duyular\u0131n yaln\u0131zca &#8220;o andaki&#8221; alg\u0131lar i\u00e7in kesin bilgi sa\u011flad\u0131\u011f\u0131n\u0131 vurgulam\u0131\u015ft\u0131r.<\/li>\n<li>Ayr\u0131ca, sofistlerin \u00e7eli\u015fkili arg\u00fcmanlar\u0131n\u0131n, kel\u00e2mc\u0131lar\u0131n mant\u0131ksal savunmalar\u0131yla \u00e7\u00fcr\u00fct\u00fcld\u00fc\u011f\u00fc ifade edilmi\u015ftir.<\/li>\n<\/ul>\n<\/li>\n<li><strong>\u0130\u00e7 ve D\u0131\u015f Duyular\u0131n Rol\u00fc<\/strong>\n<ul>\n<li>Be\u015f temel duyunun (<em>el-hav\u00e2ss<\/em>) bilginin ana kaynaklar\u0131 oldu\u011fu belirtilmi\u015ftir. Ancak, felsefi gelenekte tart\u0131\u015f\u0131lan &#8220;i\u00e7 duyular&#8221; (hayal, haf\u0131za, vehim vb.) kel\u00e2m\u00ee \u00e7er\u00e7evede tam olarak kabul edilmemi\u015ftir.<\/li>\n<li>\u0130\u00e7 duyular\u0131n ispat\u0131, kel\u00e2m gelene\u011finde felsefi arg\u00fcmanlara dayand\u0131\u011f\u0131 i\u00e7in ihtiyatla ele al\u0131nm\u0131\u015ft\u0131r.<\/li>\n<\/ul>\n<\/li>\n<li><strong>Haber-i S\u00e2d\u0131k ve Do\u011fruluk Teorisi<\/strong>\n<ul>\n<li>Haber-i s\u00e2d\u0131k (do\u011fru haber) kavram\u0131, din\u00ee bilgilerin aktar\u0131m\u0131nda merkezi bir rol oynar.<\/li>\n<li>Taftaz\u00e2n\u00ee, haberin do\u011frulu\u011funu vakaya mutabakatla a\u00e7\u0131klam\u0131\u015f ve semantik realizm anlay\u0131\u015f\u0131n\u0131 savunmu\u015ftur.<\/li>\n<li>M\u00fctevatir haber (bir\u00e7ok kaynaktan gelen ve yalan olmas\u0131 m\u00fcmk\u00fcn olmayan bilgi) teorisi detayl\u0131 \u015fekilde ele al\u0131nm\u0131\u015f, tarih\u00ee ve din\u00ee bilginin temeli olarak de\u011ferlendirilmi\u015ftir.<\/li>\n<\/ul>\n<\/li>\n<li><strong>Duyular\u0131n S\u0131n\u0131rlar\u0131 ve Metafizik Tart\u0131\u015fmalar<\/strong>\n<ul>\n<li>Duyular\u0131n yaln\u0131zca belirli bir bilgi d\u00fczeyine kadar i\u015flev g\u00f6rd\u00fc\u011f\u00fc, ancak metafizik d\u00fcnyay\u0131 kavramada yetersiz oldu\u011fu ifade edilmi\u015ftir.<\/li>\n<li>\u0130slam d\u00fc\u015f\u00fcncesinde duyular\u0131n s\u0131n\u0131rlar\u0131 ve \u00f6tesinde bilgi edinme yollar\u0131 tart\u0131\u015f\u0131lm\u0131\u015ft\u0131r. Bu ba\u011flamda, insan bilgisinin ilah\u00ee yarat\u0131l\u0131\u015f\u0131n bir \u00fcr\u00fcn\u00fc oldu\u011fu vurgulanm\u0131\u015ft\u0131r.<\/li>\n<\/ul>\n<\/li>\n<\/ol>\n<p><strong>Sonu\u00e7<\/strong><\/p>\n<p>Seminer, Taftaz\u00e2n\u00ee\u2019nin bilgi teorisini derinlemesine inceleyerek, \u0130slam d\u00fc\u015f\u00fcncesinde bilginin kaynaklar\u0131 ve s\u0131n\u0131rlar\u0131 hakk\u0131nda kapsaml\u0131 bir \u00e7er\u00e7eve sunar. Selim duyular, do\u011fru haber ve ak\u0131l gibi kavramlar, sofist ele\u015ftirilerle kar\u015f\u0131la\u015ft\u0131r\u0131larak de\u011ferlendirilmi\u015f ve bilginin g\u00fcvenilir temelleri tart\u0131\u015f\u0131lm\u0131\u015ft\u0131r. Ayr\u0131ca, duyular\u0131n epistemolojik s\u0131n\u0131rlar\u0131 ve metafizik bilgiye ula\u015fma imk\u00e2nlar\u0131, kel\u00e2m\u0131n temel sorular\u0131 aras\u0131nda yer alm\u0131\u015ft\u0131r.<\/p>\n<p>&nbsp;<\/p>\n<p>E\u015fref Alta\u015f\u2019s fifth seminar focuses on discussions about the methods of acquiring knowledge (<em>asb\u0101b al-\u2018ilm<\/em>) as outlined in Taftazani\u2019s <em>Sharh al-Aq\u0101id<\/em>. The seminar addresses fundamental issues such as the definition, sources, and limitations of knowledge. It examines key concepts like sound senses, truthful reports, and reason, while also comparing them with sophistic critiques.<\/p>\n<p><strong>Key Themes<\/strong><\/p>\n<ol>\n<li><strong>Sources and Definitions of Knowledge<\/strong>\n<ul>\n<li>Taftazani identifies three primary sources of knowledge: sound senses, truthful reports (<em>khabar al-s\u0101diq<\/em>), and reason.<\/li>\n<li>The senses are seen as the main means of perceiving the external world, truthful reports as the foundation for religious and historical knowledge, and reason as the tool supporting both.<\/li>\n<li>Taftazani discusses these definitions within Ash\u2018arite and Maturidite traditions, noting that the Ash\u2018arite approach offers a stricter definition of knowledge.<\/li>\n<\/ul>\n<\/li>\n<li><strong>Sophistic Critiques and Responses<\/strong>\n<ul>\n<li>Sophists\u2019 critiques of the reliability of senses and the certainty of knowledge are analyzed.<\/li>\n<li>Taftazani argues that while senses are limited, they are reliable for perceiving immediate phenomena. He emphasizes that sensory information provides definitive knowledge in the present moment.<\/li>\n<li>Sophistic contradictions are addressed and refuted using logical defenses offered by Islamic theologians.<\/li>\n<\/ul>\n<\/li>\n<li><strong>The Role of Internal and External Senses<\/strong>\n<ul>\n<li>The five primary senses (<em>al-haw\u0101ss<\/em>) are considered the main sources of knowledge. However, philosophical concepts like \u201cinternal senses\u201d (imagination, memory, estimation, etc.) are not fully integrated into the kalam framework.<\/li>\n<li>Internal senses are treated with caution as their validation relies heavily on philosophical arguments.<\/li>\n<\/ul>\n<\/li>\n<li><strong>Truthful Reports (<em>Khabar al-S\u0101diq<\/em>) and Theories of Truth<\/strong>\n<ul>\n<li>The concept of <em>khabar al-s\u0101diq<\/em> (truthful reports) plays a central role in the transmission of religious knowledge.<\/li>\n<li>Taftazani explains the truth of reports through their correspondence to reality, advocating for a semantic realist perspective.<\/li>\n<li>The theory of <em>mutawatir<\/em> (concurrent reports from multiple sources that cannot all be false) is explored in detail, positioning it as the foundation for historical and religious knowledge.<\/li>\n<\/ul>\n<\/li>\n<li><strong>The Limits of the Senses and Metaphysical Discussions<\/strong>\n<ul>\n<li>The seminar discusses the limits of sensory perception, which is restricted to certain levels of knowledge and insufficient for comprehending the metaphysical realm.<\/li>\n<li>Islamic thought explores ways of acquiring knowledge beyond the senses, emphasizing that human understanding is ultimately a product of divine creation.<\/li>\n<\/ul>\n<\/li>\n<\/ol>\n<p><strong>Conclusion<\/strong><\/p>\n<p>This seminar offers an in-depth examination of Taftazani\u2019s epistemological framework, presenting a comprehensive discussion of the sources and limitations of knowledge in Islamic thought. Concepts such as sound senses, truthful reports, and reason are evaluated alongside sophistic critiques, affirming the reliable foundations of knowledge. Additionally, the limits of sensory perception and the possibilities of accessing metaphysical knowledge are identified as central questions within kalam.<\/p>\n<p>&nbsp;<\/p>\n","protected":false},"excerpt":{"rendered":"<p>E\u015eREF ALTA\u015e, TEFT\u00c2Z\u00c2N\u00ce OKUMALARI: \u015eERHU&#8217;L-AK\u00c2\u0130D 5. SEM\u0130NER \u00d6ZET\u0130 E\u015fref Alta\u015f\u2019\u0131n [&hellip;]<\/p>\n","protected":false},"author":1,"featured_media":0,"parent":0,"menu_order":0,"comment_status":"closed","ping_status":"closed","template":"100-width.php","meta":{"footnotes":""},"class_list":["post-2696","page","type-page","status-publish","hentry"],"jetpack_sharing_enabled":true,"_links":{"self":[{"href":"https:\/\/klasikdusunceokulu.com\/index.php\/wp-json\/wp\/v2\/pages\/2696","targetHints":{"allow":["GET"]}}],"collection":[{"href":"https:\/\/klasikdusunceokulu.com\/index.php\/wp-json\/wp\/v2\/pages"}],"about":[{"href":"https:\/\/klasikdusunceokulu.com\/index.php\/wp-json\/wp\/v2\/types\/page"}],"author":[{"embeddable":true,"href":"https:\/\/klasikdusunceokulu.com\/index.php\/wp-json\/wp\/v2\/users\/1"}],"replies":[{"embeddable":true,"href":"https:\/\/klasikdusunceokulu.com\/index.php\/wp-json\/wp\/v2\/comments?post=2696"}],"version-history":[{"count":3,"href":"https:\/\/klasikdusunceokulu.com\/index.php\/wp-json\/wp\/v2\/pages\/2696\/revisions"}],"predecessor-version":[{"id":3102,"href":"https:\/\/klasikdusunceokulu.com\/index.php\/wp-json\/wp\/v2\/pages\/2696\/revisions\/3102"}],"wp:attachment":[{"href":"https:\/\/klasikdusunceokulu.com\/index.php\/wp-json\/wp\/v2\/media?parent=2696"}],"curies":[{"name":"wp","href":"https:\/\/api.w.org\/{rel}","templated":true}]}}