{"id":2698,"date":"2025-01-21T10:46:17","date_gmt":"2025-01-21T07:46:17","guid":{"rendered":"https:\/\/klasikdusunceokulu.com\/?page_id=2698"},"modified":"2025-04-13T03:58:51","modified_gmt":"2025-04-13T00:58:51","slug":"ekrem-demirli-2022-2023-lisans-programi-kitabut-tevhid-okumalari","status":"publish","type":"page","link":"https:\/\/klasikdusunceokulu.com\/index.php\/ekrem-demirli-2022-2023-lisans-programi-kitabut-tevhid-okumalari\/","title":{"rendered":"Ekrem Demirli, 2022-2023 Lisans Program\u0131: Kit\u00e2bu\u2019t-Tevh\u00eed Okumalar\u0131"},"content":{"rendered":"<p><a href=\"https:\/\/klasikdusunceokulu.com\/index.php\/ekrem-demirli-kitabut-tevhid-okumalari\/\"><span style=\"color: #3b5163;\"><strong>EKREM DEM\u0130RL\u0130: K\u0130T\u00c2BU\u2019T-TEVH\u00ceD OKUMALARI 1. SEM\u0130NER \u00d6ZET\u0130<\/strong><\/span><\/a><\/p>\n<p><a href=\"https:\/\/klasikdusunceokulu.com\/index.php\/ekrem-demirli-kitabut-tevhid-okumalari-2\/\"><span style=\"color: #3b5163;\"><strong>EKREM DEM\u0130RL\u0130: K\u0130T\u00c2BU\u2019T-TEVH\u00ceD OKUMALARI 2. SEM\u0130NER \u00d6ZET\u0130<\/strong><\/span><\/a><\/p>\n<p><a href=\"https:\/\/klasikdusunceokulu.com\/index.php\/ekrem-demirli-kitabut-tevhid-okumalari-3\/\"><span style=\"color: #3b5163;\"><strong>EKREM DEM\u0130RL\u0130: K\u0130T\u00c2BU\u2019T-TEVH\u00ceD OKUMALARI 3. SEM\u0130NER \u00d6ZET\u0130<\/strong><\/span><\/a><\/p>\n<p><span style=\"color: #3b5163;\"><strong>EKREM DEM\u0130RL\u0130: K\u0130T\u00c2BU\u2019T-TEVH\u00ceD OKUMALARI 4. SEM\u0130NER \u00d6ZET\u0130<\/strong><\/span><\/p>\n<p><span style=\"color: #3b5163;\"><strong>EKREM DEM\u0130RL\u0130: K\u0130T\u00c2BU\u2019T-TEVH\u00ceD OKUMALARI 5. SEM\u0130NER \u00d6ZET\u0130<\/strong><\/span><\/p>\n<p><span style=\"color: #3b5163;\"><strong>EKREM DEM\u0130RL\u0130: K\u0130T\u00c2BU\u2019T-TEVH\u00ceD OKUMALARI 6. SEM\u0130NER \u00d6ZET\u0130<\/strong><\/span><\/p>\n<p><span style=\"color: #3b5163;\"><strong>EKREM DEM\u0130RL\u0130: K\u0130T\u00c2BU\u2019T-TEVH\u00ceD OKUMALARI 7. SEM\u0130NER \u00d6ZET\u0130<\/strong><\/span><\/p>\n<p><span style=\"color: #3b5163;\"><strong>EKREM DEM\u0130RL\u0130: K\u0130T\u00c2BU\u2019T-TEVH\u00ceD OKUMALARI 8. SEM\u0130NER \u00d6ZET\u0130<\/strong><\/span><\/p>\n<p><span style=\"color: #3b5163;\"><strong>EKREM DEM\u0130RL\u0130: K\u0130T\u00c2BU\u2019T-TEVH\u00ceD OKUMALARI 9. SEM\u0130NER \u00d6ZET\u0130<\/strong><\/span><\/p>\n<p><a href=\"https:\/\/klasikdusunceokulu.com\/index.php\/ekrem-demirli-kitabut-tevhid-okumalari-10\/\"><span style=\"color: #3b5163;\"><strong>EKREM DEM\u0130RL\u0130: K\u0130T\u00c2BU\u2019T-TEVH\u00ceD OKUMALARI 10. SEM\u0130NER \u00d6ZET\u0130<\/strong><\/span><\/a><\/p>\n<p><a href=\"https:\/\/klasikdusunceokulu.com\/index.php\/ekrem-demirli-kitabut-tevhid-okumalari-11\/\"><span style=\"color: #3b5163;\"><strong>EKREM DEM\u0130RL\u0130: K\u0130T\u00c2BU\u2019T-TEVH\u00ceD OKUMALARI 11. SEM\u0130NER \u00d6ZET\u0130<\/strong><\/span><\/a><\/p>\n<p><a href=\"https:\/\/klasikdusunceokulu.com\/index.php\/ekrem-demirli-kitabut-tevhid-okumalari-12\/\"><span style=\"color: #3b5163;\"><strong>EKREM DEM\u0130RL\u0130: K\u0130T\u00c2BU\u2019T-TEVH\u00ceD OKUMALARI 12. SEM\u0130NER \u00d6ZET\u0130<\/strong><\/span><\/a><\/p>\n<p><a href=\"https:\/\/klasikdusunceokulu.com\/index.php\/ekrem-demirli-kitabut-tevhid-okumalari-13\/\"><span style=\"color: #3b5163;\"><strong>EKREM DEM\u0130RL\u0130: K\u0130T\u00c2BU\u2019T-TEVH\u00ceD OKUMALARI 13. SEM\u0130NER \u00d6ZET\u0130<\/strong><\/span><\/a><\/p>\n<p><a href=\"https:\/\/klasikdusunceokulu.com\/index.php\/ekrem-demirli-kitabut-tevhid-okumalari-4\/\"><span style=\"color: #3b5163;\"><strong>EKREM DEM\u0130RL\u0130: K\u0130T\u00c2BU\u2019T-TEVH\u00ceD OKUMALARI 14. SEM\u0130NER \u00d6ZET\u0130<\/strong><\/span><\/a><\/p>\n<p><a href=\"https:\/\/klasikdusunceokulu.com\/index.php\/ekrem-demirli-kitabut-tevhid-okumalari-15\/\"><span style=\"color: #3b5163;\"><strong>EKREM DEM\u0130RL\u0130: K\u0130T\u00c2BU\u2019T-TEVH\u00ceD OKUMALARI 15. SEM\u0130NER \u00d6ZET\u0130<\/strong><\/span><\/a><\/p>\n<p><a href=\"https:\/\/klasikdusunceokulu.com\/index.php\/ekrem-demirli-kitabut-tevhid-okumalari-16\/\"><span style=\"color: #3b5163;\"><strong>EKREM DEM\u0130RL\u0130: K\u0130T\u00c2BU\u2019T-TEVH\u00ceD OKUMALARI 16. SEM\u0130NER \u00d6ZET\u0130<\/strong><\/span><\/a><\/p>\n<p><a href=\"https:\/\/klasikdusunceokulu.com\/index.php\/ekrem-demirli-kitabut-tevhid-okumalari-17\/\"><span style=\"color: #3b5163;\"><strong>EKREM DEM\u0130RL\u0130: K\u0130T\u00c2BU\u2019T-TEVH\u00ceD OKUMALARI 17. SEM\u0130NER \u00d6ZET\u0130<\/strong><\/span><\/a><\/p>\n<p><a href=\"https:\/\/klasikdusunceokulu.com\/index.php\/ekrem-demirli-kitabut-tevhid-okumalari-18\/\"><span style=\"color: #3b5163;\"><strong>EKREM DEM\u0130RL\u0130: K\u0130T\u00c2BU\u2019T-TEVH\u00ceD OKUMALARI 18. SEM\u0130NER \u00d6ZET\u0130<\/strong><\/span><\/a><\/p>\n<p><span style=\"color: #3b5163;\"><strong>EKREM DEM\u0130RL\u0130: K\u0130T\u00c2BU\u2019T-TEVH\u00ceD OKUMALARI 19. SEM\u0130NER \u00d6ZET\u0130<\/strong><\/span><\/p>\n<p><a href=\"https:\/\/klasikdusunceokulu.com\/index.php\/ekrem-demirli-kitabut-tevhid-okumalari-20\/\"><span style=\"color: #3b5163;\"><strong>EKREM DEM\u0130RL\u0130: K\u0130T\u00c2BU\u2019T-TEVH\u00ceD OKUMALARI 20. SEM\u0130NER \u00d6ZET\u0130<\/strong><\/span><\/a><\/p>\n<p><a href=\"https:\/\/klasikdusunceokulu.com\/index.php\/ekrem-demirli-kitabut-tevhid-okumalari-21\/\"><span style=\"color: #3b5163;\"><strong>EKREM DEM\u0130RL\u0130: K\u0130T\u00c2BU\u2019T-TEVH\u00ceD OKUMALARI 21. SEM\u0130NER \u00d6ZET\u0130<\/strong><\/span><\/a><\/p>\n<p><a href=\"https:\/\/klasikdusunceokulu.com\/index.php\/ekrem-demirli-kitabut-tevhid-okumalari-22\/\"><span style=\"color: #3b5163;\"><strong>EKREM DEM\u0130RL\u0130: K\u0130T\u00c2BU\u2019T-TEVH\u00ceD OKUMALARI 22. SEM\u0130NER \u00d6ZET\u0130<\/strong><\/span><\/a><\/p>\n<p><a href=\"https:\/\/klasikdusunceokulu.com\/index.php\/ekrem-demirli-kitabut-tevhid-okumalari-23\/\"><span style=\"color: #3b5163;\"><strong>EKREM DEM\u0130RL\u0130: K\u0130T\u00c2BU\u2019T-TEVH\u00ceD OKUMALARI 23. SEM\u0130NER \u00d6ZET\u0130<\/strong><\/span><\/a><\/p>\n<p><a href=\"https:\/\/klasikdusunceokulu.com\/index.php\/ekrem-demirli-kitabut-tevhid-okumalari-24\/\"><span style=\"color: #3b5163;\"><strong>EKREM DEM\u0130RL\u0130: K\u0130T\u00c2BU\u2019T-TEVH\u00ceD OKUMALARI 24<\/strong><strong>. SEM\u0130NER \u00d6ZET\u0130<\/strong><\/span><\/a><\/p>\n<p><a href=\"https:\/\/klasikdusunceokulu.com\/index.php\/ekrem-demirli-kitabut-tevhid-okumalari-25\/\"><span style=\"color: #3b5163;\"><strong>EKREM DEM\u0130RL\u0130: K\u0130T\u00c2BU\u2019T-TEVH\u00ceD OKUMALARI 25. SEM\u0130NER \u00d6ZET\u0130<\/strong><\/span><\/a><\/p>\n<p><a href=\"https:\/\/klasikdusunceokulu.com\/index.php\/ekrem-demirli-kitabut-tevhid-okumalari-26\/\"><span style=\"color: #3b5163;\"><strong>EKREM DEM\u0130RL\u0130: K\u0130T\u00c2BU\u2019T-TEVH\u00ceD OKUMALARI 26. SEM\u0130NER \u00d6ZET\u0130<\/strong><\/span><\/a><\/p>\n<p><a href=\"https:\/\/klasikdusunceokulu.com\/index.php\/ekrem-demirli-kitabut-tevhid-okumalari-27\/\"><span style=\"color: #3b5163;\"><strong>EKREM DEM\u0130RL\u0130: K\u0130T\u00c2BU\u2019T-TEVH\u00ceD OKUMALARI 27. SEM\u0130NER \u00d6ZET\u0130<\/strong><\/span><\/a><\/p>\n<p><a href=\"https:\/\/klasikdusunceokulu.com\/index.php\/ekrem-demirli-kitabut-tevhid-okumalari-28\/\"><span style=\"color: #3b5163;\"><strong>EKREM DEM\u0130RL\u0130: K\u0130T\u00c2BU\u2019T-TEVH\u00ceD OKUMALARI 28. SEM\u0130NER \u00d6ZET\u0130<\/strong><\/span><\/a><\/p>\n<p><a href=\"https:\/\/klasikdusunceokulu.com\/index.php\/ekrem-demirli-kitabut-tevhid-okumalari-29\/\"><span style=\"color: #3b5163;\"><strong>EKREM DEM\u0130RL\u0130: K\u0130T\u00c2BU\u2019T-TEVH\u00ceD OKUMALARI 29. SEM\u0130NER \u00d6ZET\u0130<\/strong><\/span><\/a><\/p>\n<p><a href=\"https:\/\/klasikdusunceokulu.com\/index.php\/ekrem-demirli-kitabut-tevhid-okumalari-30\/\"><span style=\"color: #3b5163;\"><strong>EKREM DEM\u0130RL\u0130: K\u0130T\u00c2BU\u2019T-TEVH\u00ceD OKUMALARI 30. SEM\u0130NER \u00d6ZET\u0130<\/strong><\/span><\/a><\/p>\n<p><a href=\"https:\/\/klasikdusunceokulu.com\/index.php\/ekrem-demirli-kitabut-tevhid-okumalari-31\/\"><span style=\"color: #3b5163;\"><strong>EKREM DEM\u0130RL\u0130: K\u0130T\u00c2BU\u2019T-TEVH\u00ceD OKUMALARI 31. SEM\u0130NER \u00d6ZET\u0130<\/strong><\/span><\/a><\/p>\n<p><a href=\"https:\/\/klasikdusunceokulu.com\/index.php\/ekrem-demirli-kitabut-tevhid-okumalari-32\/\"><span style=\"color: #3b5163;\"><strong>EKREM DEM\u0130RL\u0130: K\u0130T\u00c2BU\u2019T-TEVH\u00ceD OKUMALARI 32. SEM\u0130NER \u00d6ZET\u0130<\/strong><\/span><\/a><\/p>\n<p><span style=\"color: #3b5163;\"><strong>EKREM DEM\u0130RL\u0130: K\u0130T\u00c2BU\u2019T-TEVH\u00ceD OKUMALARI 33. SEM\u0130NER \u00d6ZET\u0130<\/strong><\/span><\/p>\n","protected":false},"excerpt":{"rendered":"<p>EKREM DEM\u0130RL\u0130: K\u0130T\u00c2BU\u2019T-TEVH\u00ceD OKUMALARI 1. SEM\u0130NER \u00d6ZET\u0130 EKREM DEM\u0130RL\u0130: K\u0130T\u00c2BU\u2019T-TEVH\u00ceD [&hellip;]<\/p>\n","protected":false},"author":1,"featured_media":0,"parent":0,"menu_order":0,"comment_status":"closed","ping_status":"closed","template":"100-width.php","meta":{"footnotes":""},"class_list":["post-2698","page","type-page","status-publish","hentry"],"jetpack_sharing_enabled":true,"_links":{"self":[{"href":"https:\/\/klasikdusunceokulu.com\/index.php\/wp-json\/wp\/v2\/pages\/2698","targetHints":{"allow":["GET"]}}],"collection":[{"href":"https:\/\/klasikdusunceokulu.com\/index.php\/wp-json\/wp\/v2\/pages"}],"about":[{"href":"https:\/\/klasikdusunceokulu.com\/index.php\/wp-json\/wp\/v2\/types\/page"}],"author":[{"embeddable":true,"href":"https:\/\/klasikdusunceokulu.com\/index.php\/wp-json\/wp\/v2\/users\/1"}],"replies":[{"embeddable":true,"href":"https:\/\/klasikdusunceokulu.com\/index.php\/wp-json\/wp\/v2\/comments?post=2698"}],"version-history":[{"count":3,"href":"https:\/\/klasikdusunceokulu.com\/index.php\/wp-json\/wp\/v2\/pages\/2698\/revisions"}],"predecessor-version":[{"id":4540,"href":"https:\/\/klasikdusunceokulu.com\/index.php\/wp-json\/wp\/v2\/pages\/2698\/revisions\/4540"}],"wp:attachment":[{"href":"https:\/\/klasikdusunceokulu.com\/index.php\/wp-json\/wp\/v2\/media?parent=2698"}],"curies":[{"name":"wp","href":"https:\/\/api.w.org\/{rel}","templated":true}]}}