{"id":2743,"date":"2025-01-21T11:14:44","date_gmt":"2025-01-21T08:14:44","guid":{"rendered":"https:\/\/klasikdusunceokulu.com\/?page_id=2743"},"modified":"2025-04-13T03:35:29","modified_gmt":"2025-04-13T00:35:29","slug":"ekrem-demirli-2024-2025-lisans-programi-metafizik-dusunce-secme-metinler","status":"publish","type":"page","link":"https:\/\/klasikdusunceokulu.com\/index.php\/ekrem-demirli-2024-2025-lisans-programi-metafizik-dusunce-secme-metinler\/","title":{"rendered":"Ekrem Demirli, 2024-2025 Lisans Program\u0131: Metafizik D\u00fc\u015f\u00fcnce: Se\u00e7me Metinler"},"content":{"rendered":"<p><a href=\"https:\/\/klasikdusunceokulu.com\/index.php\/ekrem-demirlimetafizik-dusunce-secme-metinler-1\/\"><span style=\"color: #3b5163;\"><strong>EKREM DEM\u0130RL\u0130, METAF\u0130Z\u0130K D\u00dc\u015e\u00dcNCE: SE\u00c7ME MET\u0130NLER 1. SEM\u0130NER \u00d6ZET\u0130<\/strong><\/span><\/a><\/p>\n<p><a href=\"https:\/\/klasikdusunceokulu.com\/index.php\/ekrem-demirlimetafizik-dusunce-secme-metinler-2\/\"><span style=\"color: #3b5163;\"><strong>EKREM DEM\u0130RL\u0130, METAF\u0130Z\u0130K D\u00dc\u015e\u00dcNCE: SE\u00c7ME MET\u0130NLER 2. SEM\u0130NER \u00d6ZET\u0130<\/strong><\/span><\/a><\/p>\n<p><a href=\"https:\/\/klasikdusunceokulu.com\/index.php\/ekrem-demirlimetafizik-dusunce-secme-metinler-3\/\"><span style=\"color: #3b5163;\"><strong>EKREM DEM\u0130RL\u0130, METAF\u0130Z\u0130K D\u00dc\u015e\u00dcNCE: SE\u00c7ME MET\u0130NLER 3. SEM\u0130NER \u00d6ZET\u0130<\/strong><\/span><\/a><\/p>\n<p><a href=\"https:\/\/klasikdusunceokulu.com\/index.php\/ekrem-demirlimetafizik-dusunce-secme-metinler-4\/\"><span style=\"color: #3b5163;\"><strong>EKREM DEM\u0130RL\u0130, METAF\u0130Z\u0130K D\u00dc\u015e\u00dcNCE: SE\u00c7ME MET\u0130NLER 4. SEM\u0130NER \u00d6ZET\u0130<\/strong><\/span><\/a><\/p>\n<p><a href=\"https:\/\/klasikdusunceokulu.com\/index.php\/ekrem-demirlimetafizik-dusunce-secme-metinler-5\/\"><span style=\"color: #3b5163;\"><strong>EKREM DEM\u0130RL\u0130, METAF\u0130Z\u0130K D\u00dc\u015e\u00dcNCE: SE\u00c7ME MET\u0130NLER 5. SEM\u0130NER \u00d6ZET\u0130<\/strong><\/span><\/a><\/p>\n<p><a href=\"https:\/\/klasikdusunceokulu.com\/index.php\/ekrem-demirlimetafizik-dusunce-secme-metinler-6\/\"><span style=\"color: #3b5163;\"><strong>EKREM DEM\u0130RL\u0130, METAF\u0130Z\u0130K D\u00dc\u015e\u00dcNCE: SE\u00c7ME MET\u0130NLER 6. SEM\u0130NER \u00d6ZET\u0130<\/strong><\/span><\/a><\/p>\n<p><a href=\"https:\/\/klasikdusunceokulu.com\/index.php\/ekrem-demirlimetafizik-dusunce-secme-metinler-7\/\"><span style=\"color: #3b5163;\"><strong>EKREM DEM\u0130RL\u0130, METAF\u0130Z\u0130K D\u00dc\u015e\u00dcNCE: SE\u00c7ME MET\u0130NLER 7. SEM\u0130NER \u00d6ZET\u0130<\/strong><\/span><\/a><\/p>\n","protected":false},"excerpt":{"rendered":"<p>EKREM DEM\u0130RL\u0130, METAF\u0130Z\u0130K D\u00dc\u015e\u00dcNCE: SE\u00c7ME MET\u0130NLER 1. SEM\u0130NER \u00d6ZET\u0130 EKREM [&hellip;]<\/p>\n","protected":false},"author":1,"featured_media":0,"parent":0,"menu_order":0,"comment_status":"closed","ping_status":"closed","template":"100-width.php","meta":{"footnotes":""},"class_list":["post-2743","page","type-page","status-publish","hentry"],"jetpack_sharing_enabled":true,"_links":{"self":[{"href":"https:\/\/klasikdusunceokulu.com\/index.php\/wp-json\/wp\/v2\/pages\/2743","targetHints":{"allow":["GET"]}}],"collection":[{"href":"https:\/\/klasikdusunceokulu.com\/index.php\/wp-json\/wp\/v2\/pages"}],"about":[{"href":"https:\/\/klasikdusunceokulu.com\/index.php\/wp-json\/wp\/v2\/types\/page"}],"author":[{"embeddable":true,"href":"https:\/\/klasikdusunceokulu.com\/index.php\/wp-json\/wp\/v2\/users\/1"}],"replies":[{"embeddable":true,"href":"https:\/\/klasikdusunceokulu.com\/index.php\/wp-json\/wp\/v2\/comments?post=2743"}],"version-history":[{"count":3,"href":"https:\/\/klasikdusunceokulu.com\/index.php\/wp-json\/wp\/v2\/pages\/2743\/revisions"}],"predecessor-version":[{"id":4531,"href":"https:\/\/klasikdusunceokulu.com\/index.php\/wp-json\/wp\/v2\/pages\/2743\/revisions\/4531"}],"wp:attachment":[{"href":"https:\/\/klasikdusunceokulu.com\/index.php\/wp-json\/wp\/v2\/media?parent=2743"}],"curies":[{"name":"wp","href":"https:\/\/api.w.org\/{rel}","templated":true}]}}