{"id":2896,"date":"2025-01-21T14:42:30","date_gmt":"2025-01-21T11:42:30","guid":{"rendered":"https:\/\/klasikdusunceokulu.com\/?page_id=2896"},"modified":"2025-04-12T12:12:40","modified_gmt":"2025-04-12T09:12:40","slug":"ferruh-ozpilavci-mantik-okumalari-katibi-es-semsiyye","status":"publish","type":"page","link":"https:\/\/klasikdusunceokulu.com\/index.php\/ferruh-ozpilavci-mantik-okumalari-katibi-es-semsiyye\/","title":{"rendered":"Ferruh \u00d6zpilavc\u0131, Mant\u0131k Okumalar\u0131: K\u00e2tib\u00ee, e\u015f-\u015eemsiyye"},"content":{"rendered":"<p><span style=\"color: #3b5163;\"><strong>FERRUH \u00d6ZP\u0130LAVCI, MANTIK OKUMALARI: K\u00c2T\u0130B\u00ce, E\u015e-\u015eEMS\u0130YYE 1. SEM\u0130NER \u00d6ZET\u0130<\/strong><\/span><\/p>\n<p><span style=\"color: #3b5163;\"><strong>FERRUH \u00d6ZP\u0130LAVCI, MANTIK OKUMALARI: K\u00c2T\u0130B\u00ce, E\u015e-\u015eEMS\u0130YYE 2. SEM\u0130NER \u00d6ZET\u0130<\/strong><\/span><\/p>\n<p><a href=\"https:\/\/klasikdusunceokulu.com\/index.php\/ferruh-ozpilavci-mantik-okumalari-katibi-es-semsiyye-3\/\"><span style=\"color: #3b5163;\"><strong>FERRUH \u00d6ZP\u0130LAVCI, MANTIK OKUMALARI: K\u00c2T\u0130B\u00ce, E\u015e-\u015eEMS\u0130YYE 3. SEM\u0130NER \u00d6ZET\u0130<\/strong><\/span><\/a><\/p>\n<p><a href=\"https:\/\/klasikdusunceokulu.com\/index.php\/ferruh-ozpilavci-mantik-okumalari-katibi-es-semsiyye-4\/\"><span style=\"color: #3b5163;\"><strong>FERRUH \u00d6ZP\u0130LAVCI, MANTIK OKUMALARI: K\u00c2T\u0130B\u00ce, E\u015e-\u015eEMS\u0130YYE 4. SEM\u0130NER \u00d6ZET\u0130<\/strong><\/span><\/a><\/p>\n<p><a href=\"https:\/\/klasikdusunceokulu.com\/index.php\/ferruh-ozpilavci-mantik-okumalari-katibi-es-semsiyye-5\/\"><span style=\"color: #3b5163;\"><strong>FERRUH \u00d6ZP\u0130LAVCI, MANTIK OKUMALARI: K\u00c2T\u0130B\u00ce, E\u015e-\u015eEMS\u0130YYE 5. SEM\u0130NER \u00d6ZET\u0130<\/strong><\/span><\/a><\/p>\n<p><a href=\"https:\/\/klasikdusunceokulu.com\/index.php\/ferruh-ozpilavci-mantik-okumalari-katibi-es-semsiyye-6\/\"><span style=\"color: #3b5163;\"><strong>FERRUH \u00d6ZP\u0130LAVCI, MANTIK OKUMALARI: K\u00c2T\u0130B\u00ce, E\u015e-\u015eEMS\u0130YYE 6. SEM\u0130NER \u00d6ZET\u0130<\/strong><\/span><\/a><\/p>\n<p><a href=\"https:\/\/klasikdusunceokulu.com\/index.php\/ferruh-ozpilavci-mantik-okumalari-katibi-es-semsiyye-7\/\"><span style=\"color: #3b5163;\"><strong>FERRUH \u00d6ZP\u0130LAVCI, MANTIK OKUMALARI: K\u00c2T\u0130B\u00ce, E\u015e-\u015eEMS\u0130YYE 7. SEM\u0130NER \u00d6ZET\u0130<\/strong><\/span><\/a><\/p>\n<p><a href=\"https:\/\/klasikdusunceokulu.com\/index.php\/ferruh-ozpilavci-mantik-okumalari-katibi-es-semsiyye-8\/\"><span style=\"color: #3b5163;\"><strong>FERRUH \u00d6ZP\u0130LAVCI, MANTIK OKUMALARI: K\u00c2T\u0130B\u00ce, E\u015e-\u015eEMS\u0130YYE 8. SEM\u0130NER \u00d6ZET\u0130<\/strong><\/span><\/a><\/p>\n<p><a href=\"https:\/\/klasikdusunceokulu.com\/index.php\/ferruh-ozpilavci-mantik-okumalari-katibi-es-semsiyye-9\/\"><span style=\"color: #3b5163;\"><strong>FERRUH \u00d6ZP\u0130LAVCI, MANTIK OKUMALARI: K\u00c2T\u0130B\u00ce, E\u015e-\u015eEMS\u0130YYE 9. SEM\u0130NER \u00d6ZET\u0130<\/strong><\/span><\/a><\/p>\n<p><a href=\"https:\/\/klasikdusunceokulu.com\/index.php\/ferruh-ozpilavci-mantik-okumalari-katibi-es-semsiyye-10\/\"><span style=\"color: #3b5163;\"><strong>FERRUH \u00d6ZP\u0130LAVCI, MANTIK OKUMALARI: K\u00c2T\u0130B\u00ce, E\u015e-\u015eEMS\u0130YYE 10. SEM\u0130NER \u00d6ZET\u0130<\/strong><\/span><\/a><\/p>\n<p><a href=\"https:\/\/klasikdusunceokulu.com\/index.php\/ferruh-ozpilavci-mantik-okumalari-katibi-es-semsiyye-11\/\"><span style=\"color: #3b5163;\"><strong>FERRUH \u00d6ZP\u0130LAVCI, MANTIK OKUMALARI: K\u00c2T\u0130B\u00ce, E\u015e-\u015eEMS\u0130YYE 11. SEM\u0130NER \u00d6ZET\u0130<\/strong><\/span><\/a><\/p>\n<p><a href=\"https:\/\/klasikdusunceokulu.com\/index.php\/ferruh-ozpilavci-mantik-okumalari-katibi-es-semsiyye-12\/\"><span style=\"color: #3b5163;\"><strong>FERRUH \u00d6ZP\u0130LAVCI, MANTIK OKUMALARI: K\u00c2T\u0130B\u00ce, E\u015e-\u015eEMS\u0130YYE 12. SEM\u0130NER \u00d6ZET\u0130<\/strong><\/span><\/a><\/p>\n<p><a href=\"https:\/\/klasikdusunceokulu.com\/index.php\/ferruh-ozpilavci-mantik-okumalari-katibi-es-semsiyye-13\/\"><span style=\"color: #3b5163;\"><strong>FERRUH \u00d6ZP\u0130LAVCI, MANTIK OKUMALARI: K\u00c2T\u0130B\u00ce, E\u015e-\u015eEMS\u0130YYE 13. SEM\u0130NER \u00d6ZET\u0130<\/strong><\/span><\/a><\/p>\n<p><a href=\"https:\/\/klasikdusunceokulu.com\/index.php\/ferruh-ozpilavci-mantik-okumalari-katibi-es-semsiyye-14\/\"><span style=\"color: #3b5163;\"><strong>FERRUH \u00d6ZP\u0130LAVCI, MANTIK OKUMALARI: K\u00c2T\u0130B\u00ce, E\u015e-\u015eEMS\u0130YYE 14. SEM\u0130NER \u00d6ZET\u0130<\/strong><\/span><\/a><\/p>\n<p><a href=\"https:\/\/klasikdusunceokulu.com\/index.php\/ferruh-ozpilavci-mantik-okumalari-katibi-es-semsiyye-15\/\"><span style=\"color: #3b5163;\"><strong>FERRUH \u00d6ZP\u0130LAVCI, MANTIK OKUMALARI: K\u00c2T\u0130B\u00ce, E\u015e-\u015eEMS\u0130YYE 15. SEM\u0130NER \u00d6ZET\u0130<\/strong><\/span><\/a><\/p>\n<p><a href=\"https:\/\/klasikdusunceokulu.com\/index.php\/ferruh-ozpilavci-mantik-okumalari-katibi-es-semsiyye-16\/\"><span style=\"color: #3b5163;\"><strong>FERRUH \u00d6ZP\u0130LAVCI, MANTIK OKUMALARI: K\u00c2T\u0130B\u00ce, E\u015e-\u015eEMS\u0130YYE 16. SEM\u0130NER \u00d6ZET\u0130<\/strong><\/span><\/a><\/p>\n<p><a href=\"https:\/\/klasikdusunceokulu.com\/index.php\/ferruh-ozpilavci-mantik-okumalari-katibi-es-semsiyye-17\/\"><span style=\"color: #3b5163;\"><strong>FERRUH \u00d6ZP\u0130LAVCI, MANTIK OKUMALARI: K\u00c2T\u0130B\u00ce, E\u015e-\u015eEMS\u0130YYE 17. SEM\u0130NER \u00d6ZET\u0130<\/strong><\/span><\/a><\/p>\n<p><a href=\"https:\/\/klasikdusunceokulu.com\/index.php\/ferruh-ozpilavci-mantik-okumalari-katibi-es-semsiyye-18\/\"><span style=\"color: #3b5163;\"><strong>FERRUH \u00d6ZP\u0130LAVCI, MANTIK OKUMALARI: K\u00c2T\u0130B\u00ce, E\u015e-\u015eEMS\u0130YYE 18. SEM\u0130NER \u00d6ZET\u0130<\/strong><\/span><\/a><\/p>\n<p><a href=\"https:\/\/klasikdusunceokulu.com\/index.php\/ferruh-ozpilavci-mantik-okumalari-katibi-es-semsiyye-19\/\"><span style=\"color: #3b5163;\"><strong>FERRUH \u00d6ZP\u0130LAVCI, MANTIK OKUMALARI: K\u00c2T\u0130B\u00ce, E\u015e-\u015eEMS\u0130YYE 19. SEM\u0130NER \u00d6ZET\u0130<\/strong><\/span><\/a><\/p>\n<p><a href=\"https:\/\/klasikdusunceokulu.com\/index.php\/ferruh-ozpilavci-mantik-okumalari-katibi-es-semsiyye-20\/\"><span style=\"color: #3b5163;\"><strong>FERRUH \u00d6ZP\u0130LAVCI, MANTIK OKUMALARI: K\u00c2T\u0130B\u00ce, E\u015e-\u015eEMS\u0130YYE 20. SEM\u0130NER \u00d6ZET\u0130<\/strong><\/span><\/a><\/p>\n<p><a href=\"https:\/\/klasikdusunceokulu.com\/index.php\/ferruh-ozpilavci-mantik-okumalari-katibi-es-semsiyye-21\/\"><span style=\"color: #3b5163;\"><strong>FERRUH \u00d6ZP\u0130LAVCI, MANTIK OKUMALARI: K\u00c2T\u0130B\u00ce, E\u015e-\u015eEMS\u0130YYE 21. SEM\u0130NER \u00d6ZET\u0130<\/strong><\/span><\/a><\/p>\n<p><a href=\"https:\/\/klasikdusunceokulu.com\/index.php\/ferruh-ozpilavci-mantik-okumalari-katibi-es-semsiyye-22\/\"><span style=\"color: #3b5163;\"><strong>FERRUH \u00d6ZP\u0130LAVCI, MANTIK OKUMALARI: K\u00c2T\u0130B\u00ce, E\u015e-\u015eEMS\u0130YYE 22. SEM\u0130NER \u00d6ZET\u0130<\/strong><\/span><\/a><\/p>\n<p><a href=\"https:\/\/klasikdusunceokulu.com\/index.php\/ferruh-ozpilavci-mantik-okumalari-katibi-es-semsiyye-23\/\"><span style=\"color: #3b5163;\"><strong>FERRUH \u00d6ZP\u0130LAVCI, MANTIK OKUMALARI: K\u00c2T\u0130B\u00ce, E\u015e-\u015eEMS\u0130YYE 23. SEM\u0130NER \u00d6ZET\u0130<\/strong><\/span><\/a><\/p>\n<p><span style=\"color: #3b5163;\"><strong>FERRUH \u00d6ZP\u0130LAVCI, MANTIK OKUMALARI: K\u00c2T\u0130B\u00ce, E\u015e-\u015eEMS\u0130YYE 24. SEM\u0130NER \u00d6ZET\u0130<\/strong><\/span><\/p>\n<p><span style=\"color: #3b5163;\"><strong>FERRUH \u00d6ZP\u0130LAVCI, MANTIK OKUMALARI: K\u00c2T\u0130B\u00ce, E\u015e-\u015eEMS\u0130YYE 25. SEM\u0130NER \u00d6ZET\u0130<\/strong><\/span><\/p>\n<p><a href=\"https:\/\/klasikdusunceokulu.com\/index.php\/ferruh-ozpilavci-mantik-okumalari-katibi-es-semsiyye-26\/\"><span style=\"color: #3b5163;\"><strong>FERRUH \u00d6ZP\u0130LAVCI, MANTIK OKUMALARI: K\u00c2T\u0130B\u00ce, E\u015e-\u015eEMS\u0130YYE 26. SEM\u0130NER \u00d6ZET\u0130<\/strong><\/span><\/a><\/p>\n<p><a href=\"https:\/\/klasikdusunceokulu.com\/index.php\/ferruh-ozpilavci-mantik-okumalari-katibi-es-semsiyye-27\/\"><span style=\"color: #3b5163;\"><strong>FERRUH \u00d6ZP\u0130LAVCI, MANTIK OKUMALARI: K\u00c2T\u0130B\u00ce, E\u015e-\u015eEMS\u0130YYE 27. SEM\u0130NER \u00d6ZET\u0130<\/strong><\/span><\/a><\/p>\n<p><a href=\"https:\/\/klasikdusunceokulu.com\/index.php\/ferruh-ozpilavci-mantik-okumalari-katibi-es-semsiyye-28\/\"><span style=\"color: #3b5163;\"><strong>FERRUH \u00d6ZP\u0130LAVCI, MANTIK OKUMALARI: K\u00c2T\u0130B\u00ce, E\u015e-\u015eEMS\u0130YYE 28. SEM\u0130NER \u00d6ZET\u0130<\/strong><\/span><\/a><\/p>\n<p>&nbsp;<\/p>\n","protected":false},"excerpt":{"rendered":"<p>FERRUH \u00d6ZP\u0130LAVCI, MANTIK OKUMALARI: K\u00c2T\u0130B\u00ce, E\u015e-\u015eEMS\u0130YYE 1. SEM\u0130NER \u00d6ZET\u0130 FERRUH [&hellip;]<\/p>\n","protected":false},"author":1,"featured_media":0,"parent":0,"menu_order":0,"comment_status":"closed","ping_status":"closed","template":"100-width.php","meta":{"footnotes":""},"class_list":["post-2896","page","type-page","status-publish","hentry"],"jetpack_sharing_enabled":true,"_links":{"self":[{"href":"https:\/\/klasikdusunceokulu.com\/index.php\/wp-json\/wp\/v2\/pages\/2896","targetHints":{"allow":["GET"]}}],"collection":[{"href":"https:\/\/klasikdusunceokulu.com\/index.php\/wp-json\/wp\/v2\/pages"}],"about":[{"href":"https:\/\/klasikdusunceokulu.com\/index.php\/wp-json\/wp\/v2\/types\/page"}],"author":[{"embeddable":true,"href":"https:\/\/klasikdusunceokulu.com\/index.php\/wp-json\/wp\/v2\/users\/1"}],"replies":[{"embeddable":true,"href":"https:\/\/klasikdusunceokulu.com\/index.php\/wp-json\/wp\/v2\/comments?post=2896"}],"version-history":[{"count":3,"href":"https:\/\/klasikdusunceokulu.com\/index.php\/wp-json\/wp\/v2\/pages\/2896\/revisions"}],"predecessor-version":[{"id":4483,"href":"https:\/\/klasikdusunceokulu.com\/index.php\/wp-json\/wp\/v2\/pages\/2896\/revisions\/4483"}],"wp:attachment":[{"href":"https:\/\/klasikdusunceokulu.com\/index.php\/wp-json\/wp\/v2\/media?parent=2896"}],"curies":[{"name":"wp","href":"https:\/\/api.w.org\/{rel}","templated":true}]}}