{"id":2911,"date":"2025-01-21T15:16:35","date_gmt":"2025-01-21T12:16:35","guid":{"rendered":"https:\/\/klasikdusunceokulu.com\/?page_id=2911"},"modified":"2025-07-16T18:34:34","modified_gmt":"2025-07-16T15:34:34","slug":"kursat-demirci-gilgamis-okumalari","status":"publish","type":"page","link":"https:\/\/klasikdusunceokulu.com\/index.php\/kursat-demirci-gilgamis-okumalari\/","title":{"rendered":"K\u00fcr\u015fat Demirci: G\u0131lgam\u0131\u015f Okumalar\u0131"},"content":{"rendered":"<p><a href=\"https:\/\/klasikdusunceokulu.com\/index.php\/kursat-demirci-gilgamis-okumalari-1-seminer-ozeti\/\"><span style=\"color: #3b5163;\"><strong>K\u00dcR\u015eAT DEM\u0130RC\u0130: GILGAMI\u015e OKUMALARI 1. SEM\u0130NER \u00d6ZET\u0130<\/strong><\/span><\/a><\/p>\n<p><a href=\"https:\/\/klasikdusunceokulu.com\/index.php\/kursat-demirci-gilgamis-okumalari-2-seminer-ozeti\/\"><span style=\"color: #3b5163;\"><strong>K\u00dcR\u015eAT DEM\u0130RC\u0130: GILGAMI\u015e OKUMALARI 2. SEM\u0130NER \u00d6ZET\u0130<\/strong><\/span><\/a><\/p>\n<p><a href=\"https:\/\/klasikdusunceokulu.com\/index.php\/kursat-demirci-gilgamis-okumalari-3-seminer-ozeti\/\"><span style=\"color: #3b5163;\"><strong>K\u00dcR\u015eAT DEM\u0130RC\u0130: GILGAMI\u015e OKUMALARI 3. SEM\u0130NER \u00d6ZET\u0130<\/strong><\/span><\/a><\/p>\n<p><a href=\"https:\/\/klasikdusunceokulu.com\/index.php\/kursat-demirci-gilgamis-okumalari-4-seminer-ozeti\/\"><span style=\"color: #3b5163;\"><strong>K\u00dcR\u015eAT DEM\u0130RC\u0130: GILGAMI\u015e OKUMALARI 4. SEM\u0130NER \u00d6ZET\u0130<\/strong><\/span><\/a><\/p>\n<p><a href=\"https:\/\/klasikdusunceokulu.com\/index.php\/kursat-demirci-gilgamis-okumalari-5-seminer-ozeti\/\"><span style=\"color: #3b5163;\"><strong>K\u00dcR\u015eAT DEM\u0130RC\u0130: GILGAMI\u015e OKUMALARI 5. SEM\u0130NER \u00d6ZET\u0130<\/strong><\/span><\/a><\/p>\n<p><a href=\"https:\/\/klasikdusunceokulu.com\/index.php\/kursat-demirci-gilgamis-okumalari-6-seminer-ozeti\/\"><span style=\"color: #3b5163;\"><strong>K\u00dcR\u015eAT DEM\u0130RC\u0130: GILGAMI\u015e OKUMALARI 6. SEM\u0130NER \u00d6ZET\u0130<\/strong><\/span><\/a><\/p>\n<p><a href=\"https:\/\/klasikdusunceokulu.com\/index.php\/kursat-demirci-gilgamis-okumalari-7-seminer-ozeti\/\"><span style=\"color: #3b5163;\"><strong>K\u00dcR\u015eAT DEM\u0130RC\u0130: GILGAMI\u015e OKUMALARI 7. SEM\u0130NER \u00d6ZET\u0130<\/strong><\/span><\/a><\/p>\n<p><a href=\"https:\/\/klasikdusunceokulu.com\/index.php\/kursat-demirci-gilgamis-okumalari-8-seminer-ozeti\/\"><span style=\"color: #3b5163;\"><strong>K\u00dcR\u015eAT DEM\u0130RC\u0130: GILGAMI\u015e OKUMALARI 8. SEM\u0130NER \u00d6ZET\u0130<\/strong><\/span><\/a><\/p>\n<p><a href=\"https:\/\/klasikdusunceokulu.com\/index.php\/kursat-demirci-gilgamis-okumalari-9-seminer-ozeti\/\"><span style=\"color: #3b5163;\"><strong>K\u00dcR\u015eAT DEM\u0130RC\u0130: GILGAMI\u015e OKUMALARI 9. SEM\u0130NER \u00d6ZET\u0130<\/strong><\/span><\/a><\/p>\n<p><a href=\"https:\/\/klasikdusunceokulu.com\/index.php\/kursat-demirci-gilgamis-okumalari-10-seminer-ozeti\/\"><span style=\"color: #3b5163;\"><strong>K\u00dcR\u015eAT DEM\u0130RC\u0130: GILGAMI\u015e OKUMALARI 10. SEM\u0130NER \u00d6ZET\u0130<\/strong><\/span><\/a><\/p>\n<p><a href=\"https:\/\/klasikdusunceokulu.com\/index.php\/kursat-demirci-gilgamis-okumalari-11-seminer-ozeti\/\"><span style=\"color: #3b5163;\"><strong>K\u00dcR\u015eAT DEM\u0130RC\u0130: GILGAMI\u015e OKUMALARI 11. SEM\u0130NER \u00d6ZET\u0130<\/strong><\/span><\/a><\/p>\n<p><a href=\"https:\/\/klasikdusunceokulu.com\/index.php\/kursat-demirci-gilgamis-okumalari-12-seminer-ozeti\/\"><span style=\"color: #3b5163;\"><strong>K\u00dcR\u015eAT DEM\u0130RC\u0130: GILGAMI\u015e OKUMALARI 12. SEM\u0130NER \u00d6ZET\u0130<\/strong><\/span><\/a><\/p>\n<p><a href=\"https:\/\/klasikdusunceokulu.com\/index.php\/kursat-demirci-gilgamis-okumalari-13-seminer-ozeti\/\"><span style=\"color: #3b5163;\"><strong>K\u00dcR\u015eAT DEM\u0130RC\u0130: GILGAMI\u015e OKUMALARI 13. SEM\u0130NER \u00d6ZET\u0130<\/strong><\/span><\/a><\/p>\n<p><a href=\"https:\/\/klasikdusunceokulu.com\/index.php\/kursat-demirci-gilgamis-okumalari-14-seminer-ozeti\/\"><span style=\"color: #3b5163;\"><strong>K\u00dcR\u015eAT DEM\u0130RC\u0130: GILGAMI\u015e OKUMALARI 14. SEM\u0130NER \u00d6ZET\u0130<\/strong><\/span><\/a><\/p>\n<p><a href=\"https:\/\/klasikdusunceokulu.com\/index.php\/kursat-demirci-gilgamis-okumalari-15-seminer-ozeti\/\"><span style=\"color: #3b5163;\"><strong>K\u00dcR\u015eAT DEM\u0130RC\u0130: GILGAMI\u015e OKUMALARI 15. SEM\u0130NER \u00d6ZET\u0130<\/strong><\/span><\/a><\/p>\n<p><a href=\"https:\/\/klasikdusunceokulu.com\/index.php\/kursat-demirci-gilgamis-okumalari-16-seminer-ozeti\/\"><span style=\"color: #3b5163;\"><strong>K\u00dcR\u015eAT DEM\u0130RC\u0130: GILGAMI\u015e OKUMALARI 16. SEM\u0130NER \u00d6ZET\u0130<\/strong><\/span><\/a><\/p>\n<p><a href=\"https:\/\/klasikdusunceokulu.com\/index.php\/kursat-demirci-gilgamis-okumalari-17-seminer-ozeti\/\"><span style=\"color: #3b5163;\"><strong>K\u00dcR\u015eAT DEM\u0130RC\u0130: GILGAMI\u015e OKUMALARI 17. SEM\u0130NER \u00d6ZET\u0130<\/strong><\/span><\/a><\/p>\n<p><a href=\"https:\/\/klasikdusunceokulu.com\/index.php\/kursat-demirci-gilgamis-okumalari-18-seminer-ozeti\/\"><span style=\"color: #3b5163;\"><strong>K\u00dcR\u015eAT DEM\u0130RC\u0130: GILGAMI\u015e OKUMALARI 18. SEM\u0130NER \u00d6ZET\u0130<\/strong><\/span><\/a><\/p>\n<p><a href=\"https:\/\/klasikdusunceokulu.com\/index.php\/kursat-demirci-gilgamis-okumalari-19-seminer-ozeti\/\"><span style=\"color: #3b5163;\"><strong>K\u00dcR\u015eAT DEM\u0130RC\u0130: GILGAMI\u015e OKUMALARI 19. SEM\u0130NER \u00d6ZET\u0130<\/strong><\/span><\/a><\/p>\n<p><a href=\"https:\/\/klasikdusunceokulu.com\/index.php\/kursat-demirci-gilgamis-okumalari-20-seminer-ozeti\/\"><span style=\"color: #3b5163;\"><strong>K\u00dcR\u015eAT DEM\u0130RC\u0130: GILGAMI\u015e OKUMALARI 20. SEM\u0130NER \u00d6ZET\u0130<\/strong><\/span><\/a><\/p>\n<p><a href=\"https:\/\/klasikdusunceokulu.com\/index.php\/kursat-demirci-gilgamis-okumalari-21-seminer-ozeti\/\"><span style=\"color: #3b5163;\"><strong>K\u00dcR\u015eAT DEM\u0130RC\u0130: GILGAMI\u015e OKUMALARI 21. SEM\u0130NER \u00d6ZET\u0130<\/strong><\/span><\/a><\/p>\n<p><a href=\"https:\/\/klasikdusunceokulu.com\/index.php\/kursat-demirci-gilgamis-okumalari-22-seminer-ozeti\/\"><span style=\"color: #3b5163;\"><strong>K\u00dcR\u015eAT DEM\u0130RC\u0130: GILGAMI\u015e OKUMALARI 22. SEM\u0130NER \u00d6ZET\u0130<\/strong><\/span><\/a><\/p>\n<p><span style=\"color: #3b5163;\"><a style=\"color: #3b5163;\" href=\"https:\/\/klasikdusunceokulu.com\/index.php\/kursat-demirci-gilgamis-okumalari-23\/\"><strong>K\u00dcR\u015eAT DEM\u0130RC\u0130: GILGAMI\u015e OKUMALARI 23. SEM\u0130NER \u00d6ZET\u0130<\/strong><\/a><\/span><\/p>\n<p><span style=\"color: #3b5163;\"><a style=\"color: #3b5163;\" href=\"https:\/\/klasikdusunceokulu.com\/index.php\/kursat-demirci-gilgamis-okumalari-24\/\"><strong>K\u00dcR\u015eAT DEM\u0130RC\u0130: GILGAMI\u015e OKUMALARI 24. SEM\u0130NER \u00d6ZET\u0130<\/strong><\/a><\/span><\/p>\n<p><span style=\"color: #3b5163;\"><a style=\"color: #3b5163;\" href=\"https:\/\/klasikdusunceokulu.com\/index.php\/kursat-demirci-gilgamis-okumalari-25\/\"><strong>K\u00dcR\u015eAT DEM\u0130RC\u0130: GILGAMI\u015e OKUMALARI 25. SEM\u0130NER \u00d6ZET\u0130<\/strong><\/a><\/span><\/p>\n<p><span style=\"color: #3b5163;\"><a style=\"color: #3b5163;\" href=\"https:\/\/klasikdusunceokulu.com\/index.php\/kursat-demirci-gilgamis-okumalari-26\/\"><strong>K\u00dcR\u015eAT DEM\u0130RC\u0130: GILGAMI\u015e OKUMALARI 26. SEM\u0130NER \u00d6ZET\u0130<\/strong><\/a><\/span><\/p>\n<p><span style=\"color: #3b5163;\"><a style=\"color: #3b5163;\" href=\"https:\/\/klasikdusunceokulu.com\/index.php\/kursat-demirci-gilgamis-okumalari-27\/\"><strong>K\u00dcR\u015eAT DEM\u0130RC\u0130: GILGAMI\u015e OKUMALARI 27. SEM\u0130NER \u00d6ZET\u0130<\/strong><\/a><\/span><\/p>\n<p><span style=\"color: #3b5163;\"><a style=\"color: #3b5163;\" href=\"https:\/\/klasikdusunceokulu.com\/index.php\/kursat-demirci-gilgamis-okumalari-28\/\"><strong>K\u00dcR\u015eAT DEM\u0130RC\u0130: GILGAMI\u015e OKUMALARI 28. SEM\u0130NER \u00d6ZET\u0130<\/strong><\/a><\/span><\/p>\n<p><span style=\"color: #3b5163;\"><strong>K\u00dcR\u015eAT DEM\u0130RC\u0130: GILGAMI\u015e OKUMALARI 29. SEM\u0130NER \u00d6ZET\u0130<\/strong><\/span><\/p>\n<p><span style=\"color: #3b5163;\"><a style=\"color: #3b5163;\" href=\"https:\/\/klasikdusunceokulu.com\/index.php\/kursat-demirci-gilgamis-okumalari-30\/\"><strong>K\u00dcR\u015eAT DEM\u0130RC\u0130: GILGAMI\u015e OKUMALARI 30. SEM\u0130NER \u00d6ZET\u0130<\/strong><\/a><\/span><\/p>\n<p><span style=\"color: #3b5163;\"><a style=\"color: #3b5163;\" href=\"https:\/\/klasikdusunceokulu.com\/index.php\/kursat-demirci-gilgamis-okumalari-31\/\"><strong>K\u00dcR\u015eAT DEM\u0130RC\u0130: GILGAMI\u015e OKUMALARI 31. SEM\u0130NER \u00d6ZET\u0130<\/strong><\/a><\/span><\/p>\n<p><span style=\"color: #3b5163;\"><a style=\"color: #3b5163;\" href=\"https:\/\/klasikdusunceokulu.com\/index.php\/kursat-demirci-gilgamis-okumalari-32\/\"><strong>K\u00dcR\u015eAT DEM\u0130RC\u0130: GILGAMI\u015e OKUMALARI 32. SEM\u0130NER \u00d6ZET\u0130<\/strong><\/a><\/span><\/p>\n<p><span style=\"color: #3b5163;\"><a style=\"color: #3b5163;\" href=\"https:\/\/klasikdusunceokulu.com\/index.php\/kursat-demirci-gilgamis-okumalari-33\/\"><strong>K\u00dcR\u015eAT DEM\u0130RC\u0130: GILGAMI\u015e OKUMALARI 33. SEM\u0130NER \u00d6ZET\u0130<\/strong><\/a><\/span><\/p>\n<p><span style=\"color: #3b5163;\"><a style=\"color: #3b5163;\" href=\"https:\/\/klasikdusunceokulu.com\/index.php\/kursat-demirci-gilgamis-okumalari-34\/\"><strong>K\u00dcR\u015eAT DEM\u0130RC\u0130: GILGAMI\u015e OKUMALARI 34. SEM\u0130NER \u00d6ZET\u0130<\/strong><\/a><\/span><\/p>\n<p><a href=\"https:\/\/klasikdusunceokulu.com\/index.php\/kursat-demirci-gilgamis-okumalari-35\/\"><span style=\"color: #3b5163;\"><strong><span style=\"color: #3b5163;\">K\u00dcR\u015eAT DEM\u0130RC\u0130: GILGAMI\u015e OKUMALARI 35. SEM\u0130NER \u00d6ZET<\/span>\u0130<\/strong><\/span><\/a><\/p>\n<p><span style=\"color: #3b5163;\"><strong>K\u00dcR\u015eAT DEM\u0130RC\u0130: GILGAMI\u015e OKUMALARI 36. SEM\u0130NER \u00d6ZET\u0130<\/strong><\/span><\/p>\n<p><a href=\"https:\/\/klasikdusunceokulu.com\/index.php\/kursat-demirci-gilgamis-okumalari-37\/\"><span style=\"color: #3b5163;\"><strong>K\u00dcR\u015eAT DEM\u0130RC\u0130: GILGAMI\u015e OKUMALARI 37. SEM\u0130NER \u00d6ZET\u0130<\/strong><\/span><\/a><\/p>\n<p><a href=\"https:\/\/klasikdusunceokulu.com\/index.php\/kursat-demirci-gilgamis-okumalari-38\/\"><span style=\"color: #3b5163;\"><strong>K\u00dcR\u015eAT DEM\u0130RC\u0130: GILGAMI\u015e OKUMALARI 38. SEM\u0130NER \u00d6ZET\u0130<\/strong><\/span><\/a><\/p>\n<p><a href=\"https:\/\/klasikdusunceokulu.com\/index.php\/kursat-demirci-gilgamis-okumalari-39-seminer-ozeti\/\"><span style=\"color: #3b5163;\"><strong>K\u00dcR\u015eAT DEM\u0130RC\u0130: GILGAMI\u015e OKUMALARI 39. SEM\u0130NER \u00d6ZET\u0130<\/strong><\/span><\/a><\/p>\n<p><a href=\"https:\/\/klasikdusunceokulu.com\/index.php\/kursat-demirci-gilgamis-okumalari-40-seminer-ozeti\/\"><span style=\"color: #3b5163;\"><strong>K\u00dcR\u015eAT DEM\u0130RC\u0130: GILGAMI\u015e OKUMALARI 40. SEM\u0130NER \u00d6ZET\u0130<\/strong><\/span><\/a><\/p>\n<p><a href=\"https:\/\/klasikdusunceokulu.com\/index.php\/kursat-demirci-gilgamis-okumalari-41-seminer-ozeti\/\"><span style=\"color: #3b5163;\"><strong>K\u00dcR\u015eAT DEM\u0130RC\u0130: GILGAMI\u015e OKUMALARI 41. SEM\u0130NER \u00d6ZET\u0130<\/strong><\/span><\/a><\/p>\n<p><a href=\"https:\/\/klasikdusunceokulu.com\/index.php\/kursat-demirci-gilgamis-okumalari-42-seminer-ozeti\/\"><span style=\"color: #3b5163;\"><strong>K\u00dcR\u015eAT DEM\u0130RC\u0130: GILGAMI\u015e OKUMALARI 42. SEM\u0130NER \u00d6ZET\u0130<\/strong><\/span><\/a><\/p>\n<p><a href=\"https:\/\/klasikdusunceokulu.com\/index.php\/kursat-demirci-gilgamis-okumalari-43-seminer-ozeti\/\"><span style=\"color: #3b5163;\"><strong>K\u00dcR\u015eAT DEM\u0130RC\u0130: GILGAMI\u015e OKUMALARI 43. SEM\u0130NER \u00d6ZET\u0130<\/strong><\/span><\/a><\/p>\n<p><a href=\"https:\/\/klasikdusunceokulu.com\/index.php\/kursat-demirci-gilgamis-okumalari-44-seminer-ozeti\/\"><span style=\"color: #3b5163;\"><strong>K\u00dcR\u015eAT DEM\u0130RC\u0130: GILGAMI\u015e OKUMALARI 44. SEM\u0130NER \u00d6ZET\u0130<\/strong><\/span><\/a><\/p>\n<p><a href=\"https:\/\/klasikdusunceokulu.com\/index.php\/kursat-demirci-gilgamis-okumalari-45-seminer-ozeti\/\"><span style=\"color: #3b5163;\"><strong>K\u00dcR\u015eAT DEM\u0130RC\u0130: GILGAMI\u015e OKUMALARI 45. SEM\u0130NER \u00d6ZET\u0130<\/strong><\/span><\/a><\/p>\n<p>&nbsp;<\/p>\n<p>&nbsp;<\/p>\n","protected":false},"excerpt":{"rendered":"<p>K\u00dcR\u015eAT DEM\u0130RC\u0130: GILGAMI\u015e OKUMALARI 1. SEM\u0130NER \u00d6ZET\u0130 K\u00dcR\u015eAT DEM\u0130RC\u0130: GILGAMI\u015e [&hellip;]<\/p>\n","protected":false},"author":1,"featured_media":0,"parent":0,"menu_order":0,"comment_status":"closed","ping_status":"closed","template":"100-width.php","meta":{"footnotes":""},"class_list":["post-2911","page","type-page","status-publish","hentry"],"jetpack_sharing_enabled":true,"_links":{"self":[{"href":"https:\/\/klasikdusunceokulu.com\/index.php\/wp-json\/wp\/v2\/pages\/2911","targetHints":{"allow":["GET"]}}],"collection":[{"href":"https:\/\/klasikdusunceokulu.com\/index.php\/wp-json\/wp\/v2\/pages"}],"about":[{"href":"https:\/\/klasikdusunceokulu.com\/index.php\/wp-json\/wp\/v2\/types\/page"}],"author":[{"embeddable":true,"href":"https:\/\/klasikdusunceokulu.com\/index.php\/wp-json\/wp\/v2\/users\/1"}],"replies":[{"embeddable":true,"href":"https:\/\/klasikdusunceokulu.com\/index.php\/wp-json\/wp\/v2\/comments?post=2911"}],"version-history":[{"count":6,"href":"https:\/\/klasikdusunceokulu.com\/index.php\/wp-json\/wp\/v2\/pages\/2911\/revisions"}],"predecessor-version":[{"id":6634,"href":"https:\/\/klasikdusunceokulu.com\/index.php\/wp-json\/wp\/v2\/pages\/2911\/revisions\/6634"}],"wp:attachment":[{"href":"https:\/\/klasikdusunceokulu.com\/index.php\/wp-json\/wp\/v2\/media?parent=2911"}],"curies":[{"name":"wp","href":"https:\/\/api.w.org\/{rel}","templated":true}]}}