{"id":2919,"date":"2025-01-21T15:35:37","date_gmt":"2025-01-21T12:35:37","guid":{"rendered":"https:\/\/klasikdusunceokulu.com\/?page_id=2919"},"modified":"2025-01-21T15:35:37","modified_gmt":"2025-01-21T12:35:37","slug":"kursat-demirci-gilgamis-okumalari-37","status":"publish","type":"page","link":"https:\/\/klasikdusunceokulu.com\/index.php\/kursat-demirci-gilgamis-okumalari-37\/","title":{"rendered":"K\u00fcr\u015fat Demirci: G\u0131lgam\u0131\u015f Okumalar\u0131 37"},"content":{"rendered":"<p><strong>K\u00dcR\u015eAT DEM\u0130RC\u0130: GILGAMI\u015e OKUMALARI 37. SEM\u0130NER \u00d6ZET\u0130<\/strong><\/p>\n<p>Bu seminer, <em>G\u0131lgam\u0131\u015f Destan\u0131<\/em>&#8216;n\u0131n 9. tabletine ve G\u0131lgam\u0131\u015f\u2019\u0131n \u00f6l\u00fcms\u00fczl\u00fck aray\u0131\u015f\u0131 s\u0131ras\u0131nda kar\u015f\u0131la\u015ft\u0131\u011f\u0131 sembolik \u00f6\u011felere odaklanmaktad\u0131r. Ma\u015fu Da\u011f\u0131&#8217;n\u0131n sembolizmi, d\u00fcnyan\u0131n s\u0131n\u0131rlar\u0131, G\u0131lgam\u0131\u015f\u2019\u0131n yolculu\u011fundaki hedefler, ve bu mitin farkl\u0131 k\u00fclt\u00fcrlerdeki paralellikleri tart\u0131\u015f\u0131lm\u0131\u015ft\u0131r. Seminerde ayr\u0131ca Ma\u015fu Da\u011f\u0131&#8217;n\u0131n yeri ve B\u00fcy\u00fck \u0130skender\u2019in benzer yolculuklar\u0131 da ele al\u0131narak, tarihi ve mitolojik ba\u011flar incelenmi\u015ftir.<\/p>\n<p><strong>Ana Temalar<\/strong><\/p>\n<ol>\n<li><strong>G\u0131lgam\u0131\u015f\u2019\u0131n Yolculu\u011fu ve \u00d6l\u00fcms\u00fczl\u00fck Aray\u0131\u015f\u0131<\/strong>\n<ul>\n<li>G\u0131lgam\u0131\u015f\u2019\u0131n yolculu\u011fu, \u00f6l\u00fcms\u00fczl\u00fc\u011f\u00fcn s\u0131rr\u0131n\u0131 aramak i\u00e7in ba\u015flad\u0131\u011f\u0131 mistik bir ke\u015fife d\u00f6n\u00fc\u015f\u00fcr. Bu aray\u0131\u015f, G\u0131lgam\u0131\u015f\u2019\u0131n hem fiziksel hem de metafiziksel bir yolculuk olarak sembolize edilir.<\/li>\n<li>Yolculuk, g\u00fcne\u015fin do\u011fdu\u011fu ve batt\u0131\u011f\u0131 yer aras\u0131ndaki mek\u00e2nda ge\u00e7er, bu da G\u0131lgam\u0131\u015f\u2019\u0131n evrensel bir hakikati arad\u0131\u011f\u0131na i\u015faret eder.<\/li>\n<\/ul>\n<\/li>\n<li><strong>Ma\u015fu Da\u011f\u0131 ve Kozmik Da\u011f Sembolizmi<\/strong>\n<ul>\n<li>Ma\u015fu Da\u011f\u0131, d\u00fcnya ile \u00f6teki d\u00fcnya aras\u0131ndaki s\u0131n\u0131r\u0131 simgeler. Bu da\u011f, antik Mezopotamya kozmolojisinin bir par\u00e7as\u0131 olarak, insan\u0131n manevi y\u00fckseli\u015fi ve \u00f6l\u00fcm\u00fc ge\u00e7i\u015f noktas\u0131d\u0131r.<\/li>\n<li>Ma\u015fu Da\u011f\u0131&#8217;n\u0131n, Hindistan\u2019daki Meru Da\u011f\u0131 ile benzerlik ta\u015f\u0131d\u0131\u011f\u0131 ve her iki da\u011f\u0131n da kozmosun d\u00fczenini simgeledi\u011fi tart\u0131\u015f\u0131lm\u0131\u015ft\u0131r.<\/li>\n<\/ul>\n<\/li>\n<li><strong>B\u00fcy\u00fck \u0130skender ve G\u0131lgam\u0131\u015f Aras\u0131ndaki Paralellikler<\/strong>\n<ul>\n<li>G\u0131lgam\u0131\u015f ve B\u00fcy\u00fck \u0130skender\u2019in \u00f6l\u00fcms\u00fczl\u00fck aray\u0131\u015flar\u0131 aras\u0131nda \u00f6nemli benzerlikler bulunur. \u0130kisi de do\u011fuya do\u011fru yol al\u0131r ve ayn\u0131 zamanda bu mitlerde \u00f6l\u00fcms\u00fczl\u00fck aray\u0131\u015f\u0131 bir k\u00fclt\u00fcrel \u00f6\u011fe olarak yer al\u0131r.<\/li>\n<li>Seminerde, B\u00fcy\u00fck \u0130skender\u2019in \u00f6l\u00fcms\u00fczl\u00fck i\u00e7in yapt\u0131\u011f\u0131 yolculuk ve bu yolculu\u011fun G\u0131lgam\u0131\u015f ile olan ba\u011flar\u0131 ele al\u0131nm\u0131\u015ft\u0131r.<\/li>\n<\/ul>\n<\/li>\n<li><strong>Ma\u015fu Da\u011f\u0131 ve Dilmun\u2019un Lokasyonu<\/strong>\n<ul>\n<li>Ma\u015fu Da\u011f\u0131&#8217;n\u0131n yeri, geleneksel olarak Bahreyn ile ili\u015fkilendirilse de bu seminerde, bu konumun co\u011frafi olarak do\u011fru olamayaca\u011f\u0131 tart\u0131\u015f\u0131lm\u0131\u015ft\u0131r.<\/li>\n<li>Bahreyn\u2019in Ma\u015fu Da\u011f\u0131 ile ba\u011flant\u0131s\u0131n\u0131n imkans\u0131z oldu\u011fu ve bu da\u011f\u0131n yerinin, Hinduku\u015f Da\u011flar\u0131 veya Pamir Da\u011flar\u0131 gibi daha uzak, kuzeyde bir b\u00f6lgeye denk geldi\u011fi \u00f6ne s\u00fcr\u00fclm\u00fc\u015ft\u00fcr.<\/li>\n<\/ul>\n<\/li>\n<li><strong>Ezoterik Anlamlar ve Yolculu\u011fun Felsefi Y\u00f6n\u00fc<\/strong>\n<ul>\n<li>G\u0131lgam\u0131\u015f\u2019\u0131n yolculu\u011funun ezoterik bir okumas\u0131 yap\u0131lm\u0131\u015f, ak\u0131l ve ruh aras\u0131ndaki ge\u00e7i\u015fin sembolizmi vurgulanm\u0131\u015ft\u0131r.<\/li>\n<li>Siduri, meyhane i\u015fleticisi olarak, G\u0131lgam\u0131\u015f\u2019\u0131n ak\u0131l ve ak\u0131l \u00f6tesi bir d\u00fcnyaya ge\u00e7i\u015fi i\u00e7in bir d\u00f6n\u00fcm noktas\u0131d\u0131r. Bu, metaforik olarak ak\u0131ldan kalbe ge\u00e7i\u015fi ve i\u00e7sel d\u00f6n\u00fc\u015f\u00fcm\u00fc simgeler.<\/li>\n<\/ul>\n<\/li>\n<\/ol>\n<p><strong>Sonu\u00e7<\/strong><\/p>\n<p>Seminer, <em>G\u0131lgam\u0131\u015f Destan\u0131<\/em>&#8216;n\u0131n 9. tabletindeki sembolik ve ezoterik \u00f6\u011feleri derinlemesine incelemektedir. G\u0131lgam\u0131\u015f\u2019\u0131n \u00f6l\u00fcms\u00fczl\u00fck aray\u0131\u015f\u0131, k\u00fclt\u00fcrel mitlerin evrensel bir temas\u0131 olarak analiz edilmi\u015f, Ma\u015fu Da\u011f\u0131&#8217;n\u0131n lokasyonu ve bu mitin farkl\u0131 k\u00fclt\u00fcrler \u00fczerindeki etkisi tart\u0131\u015f\u0131lm\u0131\u015ft\u0131r. G\u0131lgam\u0131\u015f\u2019\u0131n yolculu\u011fu, hem fiziksel hem de metafiziksel bir aray\u0131\u015f olarak ele al\u0131n\u0131rken, bu mitin g\u00fcn\u00fcm\u00fcz d\u00fcnyas\u0131ndaki yeri \u00fczerine de derinlemesine d\u00fc\u015f\u00fcnceler sunulmu\u015ftur.<\/p>\n<p>&nbsp;<\/p>\n<p>This seminar focuses on the 9th tablet of the <em>Epic of Gilgamesh<\/em> and the symbolic elements encountered during Gilgamesh\u2019s quest for immortality. The symbolism of the Ma\u015fu Mountain, the boundaries of the world, Gilgamesh\u2019s journey goals, and the cultural parallels of this myth across different civilizations are discussed. Additionally, the location of Ma\u015fu Mountain and the similarities between Gilgamesh\u2019s journey and that of Alexander the Great are explored, highlighting historical and mythological connections.<\/p>\n<p><strong>Key Themes<\/strong><\/p>\n<ol>\n<li><strong>Gilgamesh\u2019s Journey and the Quest for Immortality<\/strong>\n<ul>\n<li>Gilgamesh\u2019s journey transforms into a mystical exploration for the secret of immortality. This quest is symbolized as both a physical and metaphysical journey.<\/li>\n<li>The journey takes place between the points where the sun rises and sets, symbolizing Gilgamesh&#8217;s search for universal truth.<\/li>\n<\/ul>\n<\/li>\n<li><strong>Ma\u015fu Mountain and Cosmic Mountain Symbolism<\/strong>\n<ul>\n<li>Ma\u015fu Mountain symbolizes the boundary between the earthly realm and the underworld. This mountain plays a central role in Mesopotamian cosmology, representing the transition between life and death.<\/li>\n<li>The Ma\u015fu Mountain is compared to the Meru Mountain in India, as both mountains symbolize the cosmic order and universal balance.<\/li>\n<\/ul>\n<\/li>\n<li><strong>Parallels Between Alexander the Great and Gilgamesh<\/strong>\n<ul>\n<li>Both Gilgamesh and Alexander the Great share significant similarities in their quests for immortality. Both heroes journey eastward, and their mythologies feature immortality as a central cultural theme.<\/li>\n<li>The seminar discusses Alexander\u2019s journey for immortality and how this theme connects with Gilgamesh\u2019s quest.<\/li>\n<\/ul>\n<\/li>\n<li><strong>The Location of Ma\u015fu Mountain and Dilmun<\/strong>\n<ul>\n<li>The traditional association of Ma\u015fu Mountain with Bahrain is questioned. The seminar argues that Ma\u015fu Mountain\u2019s location cannot be geographically accurate in this context.<\/li>\n<li>The location of Ma\u015fu Mountain is instead suggested to be further north, possibly in the Hindu Kush or Pamir Mountain ranges.<\/li>\n<\/ul>\n<\/li>\n<li><strong>Esoteric Meanings and the Philosophical Aspect of the Journey<\/strong>\n<ul>\n<li>An esoteric reading of Gilgamesh\u2019s journey emphasizes the transition between intellect and soul.<\/li>\n<li>Siduri, as the tavern keeper, marks a pivotal point in Gilgamesh\u2019s passage from the intellectual to the metaphysical realm. This transition is interpreted as a metaphorical journey from reason to the heart, symbolizing inner transformation.<\/li>\n<\/ul>\n<\/li>\n<\/ol>\n<p><strong>Conclusion<\/strong><\/p>\n<p>The seminar provides a deep exploration of the symbolic and esoteric elements in the 9th tablet of the <em>Epic of Gilgamesh<\/em>. Gilgamesh\u2019s quest for immortality is analyzed as a universal cultural theme, with a focus on the location of Ma\u015fu Mountain and its mythological significance. The seminar also discusses how Gilgamesh&#8217;s journey serves as a metaphor for both physical and metaphysical exploration, offering profound reflections on the place of this myth in contemporary thought.<\/p>\n<p>&nbsp;<\/p>\n","protected":false},"excerpt":{"rendered":"<p>K\u00dcR\u015eAT DEM\u0130RC\u0130: GILGAMI\u015e OKUMALARI 37. SEM\u0130NER \u00d6ZET\u0130 Bu seminer, G\u0131lgam\u0131\u015f [&hellip;]<\/p>\n","protected":false},"author":1,"featured_media":0,"parent":0,"menu_order":0,"comment_status":"closed","ping_status":"closed","template":"100-width.php","meta":{"footnotes":""},"class_list":["post-2919","page","type-page","status-publish","hentry"],"jetpack_sharing_enabled":true,"_links":{"self":[{"href":"https:\/\/klasikdusunceokulu.com\/index.php\/wp-json\/wp\/v2\/pages\/2919","targetHints":{"allow":["GET"]}}],"collection":[{"href":"https:\/\/klasikdusunceokulu.com\/index.php\/wp-json\/wp\/v2\/pages"}],"about":[{"href":"https:\/\/klasikdusunceokulu.com\/index.php\/wp-json\/wp\/v2\/types\/page"}],"author":[{"embeddable":true,"href":"https:\/\/klasikdusunceokulu.com\/index.php\/wp-json\/wp\/v2\/users\/1"}],"replies":[{"embeddable":true,"href":"https:\/\/klasikdusunceokulu.com\/index.php\/wp-json\/wp\/v2\/comments?post=2919"}],"version-history":[{"count":1,"href":"https:\/\/klasikdusunceokulu.com\/index.php\/wp-json\/wp\/v2\/pages\/2919\/revisions"}],"predecessor-version":[{"id":2920,"href":"https:\/\/klasikdusunceokulu.com\/index.php\/wp-json\/wp\/v2\/pages\/2919\/revisions\/2920"}],"wp:attachment":[{"href":"https:\/\/klasikdusunceokulu.com\/index.php\/wp-json\/wp\/v2\/media?parent=2919"}],"curies":[{"name":"wp","href":"https:\/\/api.w.org\/{rel}","templated":true}]}}