{"id":2921,"date":"2025-01-21T15:36:37","date_gmt":"2025-01-21T12:36:37","guid":{"rendered":"https:\/\/klasikdusunceokulu.com\/?page_id=2921"},"modified":"2025-01-21T15:36:37","modified_gmt":"2025-01-21T12:36:37","slug":"kursat-demirci-gilgamis-okumalari-38","status":"publish","type":"page","link":"https:\/\/klasikdusunceokulu.com\/index.php\/kursat-demirci-gilgamis-okumalari-38\/","title":{"rendered":"K\u00fcr\u015fat Demirci: G\u0131lgam\u0131\u015f Okumalar\u0131 38"},"content":{"rendered":"<p><strong>K\u00dcR\u015eAT DEM\u0130RC\u0130: GILGAMI\u015e OKUMALARI 38. SEM\u0130NER \u00d6ZET\u0130<\/strong><\/p>\n<p>Bu seminerde, <em>G\u0131lgam\u0131\u015f Destan\u0131<\/em>&#8216;n\u0131n \u00e7e\u015fitli y\u00f6nleri tart\u0131\u015f\u0131lmaktad\u0131r. Seminer, G\u0131lgam\u0131\u015f\u2019\u0131n \u00f6l\u00fcms\u00fczl\u00fck aray\u0131\u015f\u0131n\u0131n sembolizmi, Ma\u015fu Da\u011f\u0131\u2019n\u0131n \u00f6nemi ve yolculu\u011fun metafiziksel boyutlar\u0131 \u00fczerine yo\u011funla\u015f\u0131r. Ayr\u0131ca, \u00f6l\u00fcms\u00fczl\u00fck temas\u0131, \u00c7in gelenekleri ve Taoizm ile kar\u015f\u0131la\u015ft\u0131r\u0131l\u0131r ve seminerde matematiksel ve astronomik yorumlar ile zaman ve mesafe anlay\u0131\u015f\u0131 ele al\u0131n\u0131r.<\/p>\n<p><strong>Ana Temalar<\/strong><\/p>\n<ol>\n<li><strong>G\u0131lgam\u0131\u015f\u2019\u0131n \u00d6l\u00fcms\u00fczl\u00fck Aray\u0131\u015f\u0131<\/strong>\n<ul>\n<li>Seminer, G\u0131lgam\u0131\u015f\u2019\u0131n \u00f6l\u00fcms\u00fczl\u00fck aray\u0131\u015f\u0131n\u0131 inceler ve bu yolculu\u011fun sembolik anlamlar\u0131n\u0131, ya\u015fam, \u00f6l\u00fcm ve yeniden do\u011fu\u015f temalar\u0131n\u0131 tart\u0131\u015f\u0131r.<\/li>\n<li>\u00d6l\u00fcms\u00fczl\u00fck sadece fiziksel bir kavram de\u011fil, ayn\u0131 zamanda metafiziksel bir aray\u0131\u015f olarak ele al\u0131n\u0131r; G\u0131lgam\u0131\u015f\u2019\u0131n yolculu\u011fu, nihai bilgelik ve ger\u00e7e\u011fi bulma yolculu\u011fudur.<\/li>\n<\/ul>\n<\/li>\n<li><strong>Ma\u015fu Da\u011f\u0131 ve Sembolizmi<\/strong>\n<ul>\n<li>Ma\u015fu Da\u011f\u0131, G\u0131lgam\u0131\u015f\u2019\u0131n yolculu\u011funda \u00f6nemli bir noktad\u0131r ve d\u00fcnyayla \u00f6teki d\u00fcnya aras\u0131ndaki s\u0131n\u0131r\u0131 simgeler. Da\u011f, kozmik d\u00fczenin ve ilahi koruman\u0131n sembol\u00fcd\u00fcr.<\/li>\n<li>Ma\u015fu Da\u011f\u0131\u2019n\u0131n \u00f6nemi, kozmik da\u011f kavram\u0131yla ili\u015fkilendirilir ve Hinduizmdeki Meru Da\u011f\u0131 gibi di\u011fer k\u00fclt\u00fcrel geleneklerle paralellik g\u00f6sterilir.<\/li>\n<\/ul>\n<\/li>\n<li><strong>Akrep Adamlar ve Arketip Semboller<\/strong>\n<ul>\n<li>G\u0131lgam\u0131\u015f\u2019\u0131n yolculu\u011funda kar\u015f\u0131la\u015ft\u0131\u011f\u0131 Akrep Adamlar, Ma\u015fu Da\u011f\u0131\u2019n\u0131 koruyan mitolojik fig\u00fcrlerdir. Bu varl\u0131klar, bilinmeyene veya ilahi olana yakla\u015fan ki\u015fiye kar\u015f\u0131la\u015fabilece\u011fi engelleri simgeler.<\/li>\n<li>Akrep Adamlar, G\u00fcne\u015f Tanr\u0131s\u0131 \u015eama\u015f ile ba\u011flant\u0131l\u0131 olarak g\u00fcne\u015fsel ve tar\u0131msal sembolizmi temsil eder ve kozmik d\u00f6ng\u00fclerle ili\u015fkilendirilir.<\/li>\n<\/ul>\n<\/li>\n<li><strong>\u00d6l\u00fcms\u00fczl\u00fck Mitolojilerindeki K\u00fclt\u00fcrel Paralellikler<\/strong>\n<ul>\n<li>G\u0131lgam\u0131\u015f\u2019\u0131n \u00f6l\u00fcms\u00fczl\u00fck aray\u0131\u015f\u0131, farkl\u0131 k\u00fclt\u00fcrlerdeki benzer mitlerle kar\u015f\u0131la\u015ft\u0131r\u0131l\u0131r, \u00f6zellikle \u00c7in ve Taoizm\u2019deki \u00f6l\u00fcms\u00fczl\u00fck aray\u0131\u015f\u0131 ile.<\/li>\n<li>\u00c7in geleneklerinde \u00f6l\u00fcms\u00fczl\u00fck aray\u0131\u015f\u0131, Penglian Da\u011f\u0131 gibi gizli topraklara yap\u0131lan yolculuklarla ili\u015fkilendirilir. Bu gelenekler, eski \u00c7in k\u00fclt\u00fcr\u00fcndeki \u00f6l\u00fcms\u00fczl\u00fck ve metafizik uygulamalar\u0131n\u0131 i\u00e7erir.<\/li>\n<\/ul>\n<\/li>\n<li><strong>Astronomik ve Matematiksel Yorumlar<\/strong>\n<ul>\n<li>Seminerde, eski Mezopotamya halklar\u0131n\u0131n g\u00f6ksel bilgisi \u00fczerine bir tart\u0131\u015fma yap\u0131l\u0131r. Ay ve y\u0131ld\u0131zlar\u0131n izledi\u011fi yollar olan <em>manzaltu<\/em> kavram\u0131 incelenir.<\/li>\n<li>Bu astronomik bilgiler \u0131\u015f\u0131\u011f\u0131nda, G\u0131lgam\u0131\u015f\u2019\u0131n yolculuk etti\u011fi mesafeler hesaplan\u0131r ve destan\u0131n co\u011frafi a\u00e7\u0131klamalar\u0131n\u0131n sembolik bir do\u011fas\u0131 oldu\u011fu vurgulan\u0131r.<\/li>\n<\/ul>\n<\/li>\n<\/ol>\n<p><strong>Sonu\u00e7<\/strong><\/p>\n<p>Seminer, G\u0131lgam\u0131\u015f\u2019\u0131n yolculu\u011funu derinlemesine inceleyerek, bu yolculu\u011fun k\u00fclt\u00fcrel, metafiziksel ve astronomik ba\u011flamlardaki yerini ortaya koyar. Ma\u015fu Da\u011f\u0131, Akrep Adamlar ve \u00f6l\u00fcms\u00fczl\u00fck temalar\u0131, G\u0131lgam\u0131\u015f\u2019\u0131n destan\u0131ndaki sembolizmin evrensel yap\u0131s\u0131n\u0131 g\u00f6sterir. Ayr\u0131ca, astronomik kavramlar ve yolculu\u011fun fiziksel boyutlar\u0131, destan\u0131n co\u011frafi anlat\u0131mlar\u0131n\u0131n sembolik anlam\u0131n\u0131 peki\u015ftirir.<\/p>\n<p><strong>\u00a0<\/strong><\/p>\n<p>In this seminar, the speaker discusses various aspects of Gilgamesh&#8217;s epic, including the quest for immortality, the symbolic meanings behind Ma\u015fu Mountain, and the journey&#8217;s metaphysical implications. The seminar highlights the idea of immortality in different cultures, including references to Chinese traditions and Taoism. The session also touches upon mathematical and astronomical interpretations, as well as the cultural understanding of time and distance, within the context of Gilgamesh\u2019s journey.<\/p>\n<p><strong>Key Themes<\/strong><\/p>\n<ol>\n<li><strong>Gilgamesh\u2019s Quest for Immortality<\/strong>\n<ul>\n<li>The seminar examines Gilgamesh&#8217;s quest for immortality, exploring the symbolic meanings behind his journey and the mythological themes of life, death, and rebirth.<\/li>\n<li>The concept of immortality is not just physical but deeply metaphysical, with Gilgamesh&#8217;s journey representing a quest for wisdom and ultimate truth.<\/li>\n<\/ul>\n<\/li>\n<li><strong>Ma\u015fu Mountain and Its Symbolism<\/strong>\n<ul>\n<li>Ma\u015fu Mountain is seen as a crucial point in Gilgamesh\u2019s journey, guarding the boundaries between the earthly realm and the afterlife. The mountain symbolizes cosmic order and divine protection.<\/li>\n<li>The significance of Ma\u015fu Mountain is linked to ancient concepts of the cosmic mountain, with parallels drawn to other cultural traditions, such as the Meru Mountain in Hinduism.<\/li>\n<\/ul>\n<\/li>\n<li><strong>The Scorpion-Men and Archetypal Symbols<\/strong>\n<ul>\n<li>The Scorpion-Men, guardians of Ma\u015fu Mountain, are analyzed as symbolic figures in Gilgamesh\u2019s journey. These creatures represent the challenges and obstacles one faces when approaching the unknown or the divine.<\/li>\n<li>Their connection to solar and agricultural symbolism, especially with the Sun God Shamash, is explored, linking them to fertility and cosmic cycles.<\/li>\n<\/ul>\n<\/li>\n<li><strong>Cultural Parallels in Immortality Myths<\/strong>\n<ul>\n<li>The quest for immortality is compared to similar myths in various cultures, particularly in China and Taoism. In Chinese traditions, the search for immortality involves the concept of hidden lands, such as the Penglian Mountain, believed to harbor the secret to eternal life.<\/li>\n<li>The Taoist approach to immortality, based on metaphysical practices and physical longevity, is discussed, highlighting the philosophical and practical aspects of immortality in ancient Chinese culture.<\/li>\n<\/ul>\n<\/li>\n<li><strong>Astronomical and Mathematical Interpretations<\/strong>\n<ul>\n<li>The seminar delves into the astronomical knowledge of the ancient Mesopotamians, exploring their understanding of celestial bodies and the distances between them. The concept of <em>manzaltu<\/em>, the path of the moon and stars, is analyzed.<\/li>\n<li>Using these astronomical concepts, the speaker calculates the distances Gilgamesh might have traveled on his quest, emphasizing the symbolic rather than literal nature of the epic\u2019s geographical descriptions.<\/li>\n<\/ul>\n<\/li>\n<\/ol>\n<p><strong>Conclusion<\/strong><\/p>\n<p>The seminar offers a rich exploration of Gilgamesh\u2019s journey, connecting it to broader cultural, metaphysical, and astronomical contexts. Through the examination of Ma\u015fu Mountain, the Scorpion-Men, and immortality myths across cultures, the session highlights the deep symbolism embedded in Gilgamesh&#8217;s quest. The discussion on the astronomical concepts and the physical dimensions of the journey serves to illustrate how ancient peoples understood the universe and their place within it.<\/p>\n<p>&nbsp;<\/p>\n","protected":false},"excerpt":{"rendered":"<p>K\u00dcR\u015eAT DEM\u0130RC\u0130: GILGAMI\u015e OKUMALARI 38. SEM\u0130NER \u00d6ZET\u0130 Bu seminerde, G\u0131lgam\u0131\u015f [&hellip;]<\/p>\n","protected":false},"author":1,"featured_media":0,"parent":0,"menu_order":0,"comment_status":"closed","ping_status":"closed","template":"100-width.php","meta":{"footnotes":""},"class_list":["post-2921","page","type-page","status-publish","hentry"],"jetpack_sharing_enabled":true,"_links":{"self":[{"href":"https:\/\/klasikdusunceokulu.com\/index.php\/wp-json\/wp\/v2\/pages\/2921","targetHints":{"allow":["GET"]}}],"collection":[{"href":"https:\/\/klasikdusunceokulu.com\/index.php\/wp-json\/wp\/v2\/pages"}],"about":[{"href":"https:\/\/klasikdusunceokulu.com\/index.php\/wp-json\/wp\/v2\/types\/page"}],"author":[{"embeddable":true,"href":"https:\/\/klasikdusunceokulu.com\/index.php\/wp-json\/wp\/v2\/users\/1"}],"replies":[{"embeddable":true,"href":"https:\/\/klasikdusunceokulu.com\/index.php\/wp-json\/wp\/v2\/comments?post=2921"}],"version-history":[{"count":1,"href":"https:\/\/klasikdusunceokulu.com\/index.php\/wp-json\/wp\/v2\/pages\/2921\/revisions"}],"predecessor-version":[{"id":2922,"href":"https:\/\/klasikdusunceokulu.com\/index.php\/wp-json\/wp\/v2\/pages\/2921\/revisions\/2922"}],"wp:attachment":[{"href":"https:\/\/klasikdusunceokulu.com\/index.php\/wp-json\/wp\/v2\/media?parent=2921"}],"curies":[{"name":"wp","href":"https:\/\/api.w.org\/{rel}","templated":true}]}}