{"id":2929,"date":"2025-01-21T15:44:52","date_gmt":"2025-01-21T12:44:52","guid":{"rendered":"https:\/\/klasikdusunceokulu.com\/?page_id=2929"},"modified":"2025-01-21T15:45:44","modified_gmt":"2025-01-21T12:45:44","slug":"muhammed-fazil-bas-max-weber-okumalari-protestan-ahlaki-ve-kapitalizmin-ruhu-1-seminer-ozeti","status":"publish","type":"page","link":"https:\/\/klasikdusunceokulu.com\/index.php\/muhammed-fazil-bas-max-weber-okumalari-protestan-ahlaki-ve-kapitalizmin-ruhu-1-seminer-ozeti\/","title":{"rendered":"Muhammed Faz\u0131l Ba\u015f, Max Weber Okumalar\u0131: Protestan Ahlak\u0131 ve Kapitalizmin Ruhu 1"},"content":{"rendered":"<p><strong>MUHAMMED FAZIL BA\u015e, MAX WEBER OKUMALARI: PROTESTAN AHLAKI VE KAPI\u0307TALI\u0307ZMI\u0307N RUHU 1. SEM\u0130NER \u00d6ZET\u0130<\/strong><\/p>\n<p>Bu seminer, Max Weber\u2019in <em>Protestan Ahlak\u0131 ve Kapitalizmin Ruhu<\/em> adl\u0131 eserine odaklanarak, eserin hem bir metin olarak hem de yaz\u0131ld\u0131\u011f\u0131 tarihi ba\u011flamda ta\u015f\u0131d\u0131\u011f\u0131 \u00f6nemi ele almaktad\u0131r. Seminer, Weber\u2019in 20. y\u00fczy\u0131l\u0131n ba\u015f\u0131nda kaleme ald\u0131\u011f\u0131 bu eserin bug\u00fcn hala neden bu kadar \u00f6nemli oldu\u011funu anlamay\u0131 ama\u00e7lamaktad\u0131r. Ayn\u0131 zamanda eserin Bat\u0131 toplumlar\u0131ndaki d\u00f6n\u00fc\u015f\u00fcmde, \u00f6zellikle protestanl\u0131k ile modern kapitalizmin geli\u015fimi aras\u0131ndaki ili\u015fkiye dair sundu\u011fu g\u00f6r\u00fc\u015fler tart\u0131\u015f\u0131lmaktad\u0131r. Seminer ayr\u0131ca Weber\u2019in sosyolojik yakla\u015f\u0131mlar\u0131n\u0131 ve metnin i\u00e7erdi\u011fi daha geni\u015f metodolojik ve sosyolojik \u00e7er\u00e7eveleri de incelemektedir.<\/p>\n<p><strong>Ana Temalar<\/strong><\/p>\n<ol>\n<li>Metnin \u00d6nemi ve Tarihsel Ba\u011flam\u0131\n<ul>\n<li>Seminer, Weber\u2019in <em>Protestan Ahlak\u0131 ve Kapitalizmin Ruhu<\/em> eserinin, yaz\u0131ld\u0131\u011f\u0131 d\u00f6nemdeki toplumsal ve ekonomik de\u011fi\u015fimlere verdi\u011fi yan\u0131ttan hala g\u00fcn\u00fcm\u00fczdeki relevans\u0131na kadar uzanan \u00f6nemli bir metin oldu\u011funu vurgulamaktad\u0131r.<\/li>\n<li>Weber\u2019in bu eseri, sanayi devrimi ve Bat\u0131\u2019daki kapitalist ekonomilerin y\u00fckseli\u015fi ba\u011flam\u0131nda yaz\u0131lm\u0131\u015ft\u0131r ve bu sebeple d\u00f6nemin toplumsal yap\u0131s\u0131na \u0131\u015f\u0131k tutan bir analiz sunmaktad\u0131r.<\/li>\n<\/ul>\n<\/li>\n<li>Weber\u2019in Sosyolojik Yakla\u015f\u0131m\u0131\n<ul>\n<li>Seminer, Weber\u2019in sosyolojik metodolojisini anlaman\u0131n \u00f6nemini vurgular. Weber, ekonomi ve dinin kesi\u015fimini k\u00fclt\u00fcrel sosyoloji a\u00e7\u0131s\u0131ndan ele al\u0131r ve protestan ahlak\u0131n\u0131n kapitalizmin geli\u015fimine nas\u0131l katk\u0131da bulundu\u011funu analiz eder.<\/li>\n<li>Weber, yaln\u0131zca ekonomik teorilere dayanmayan bir yakla\u015f\u0131m benimsemi\u015f, k\u00fclt\u00fcrel ve dini fakt\u00f6rleri de kapitalizmin a\u00e7\u0131klanmas\u0131nda kullanm\u0131\u015ft\u0131r.<\/li>\n<\/ul>\n<\/li>\n<li>Protestanl\u0131k ve Kapitalizmin \u015eekillenmesindeki Rol\u00fc\n<ul>\n<li>Seminerin en \u00f6nemli temalar\u0131ndan biri, protestanl\u0131\u011f\u0131n, \u00f6zellikle de Kalvinizm\u2019in, modern kapitalizmin geli\u015fiminde temel bir rol oynad\u0131\u011f\u0131d\u0131r. Weber, kapitalizmin &#8220;ruhu&#8221;nun protestan ahlak\u0131nda \u015fekillenen, \u00e7al\u0131\u015fkanl\u0131k, tutumluluk ve rasyonelle\u015fme gibi de\u011ferlerle ili\u015fkili oldu\u011funu savunur.<\/li>\n<li>Protestant ahlak\u0131, ekonomik hayatta rasyonel ve sistematik bir yakla\u015f\u0131m\u0131 te\u015fvik eder, bu da kapitalizmin geli\u015fimini h\u0131zland\u0131ran bir fakt\u00f6r olarak g\u00f6r\u00fcl\u00fcr.<\/li>\n<\/ul>\n<\/li>\n<li>Weber\u2019in Metodolojik Yakla\u015f\u0131m\u0131\n<ul>\n<li>Seminerde, Weber\u2019in metodolojik yakla\u015f\u0131mlar\u0131, ampirik ara\u015ft\u0131rmalar ile teorik analizleri nas\u0131l birle\u015ftirdi\u011fi tart\u0131\u015f\u0131lm\u0131\u015ft\u0131r. Weber\u2019in &#8220;ideal tipler&#8221; kavram\u0131, din ve ekonomik davran\u0131\u015f aras\u0131ndaki ili\u015fkiyi anlamak i\u00e7in kulland\u0131\u011f\u0131 \u00f6nemli bir ara\u00e7t\u0131r.<\/li>\n<li>Weber\u2019in toplumsal s\u0131n\u0131flar ve ekonomik pratikler \u00fczerine yapt\u0131\u011f\u0131 ara\u015ft\u0131rmalar, onun sosyolojik teorilerini \u015fekillendirmi\u015f ve kapitalist toplumdaki \u00e7eli\u015fkileri anlamada \u00f6nemli bir temel olu\u015fturmu\u015ftur.<\/li>\n<\/ul>\n<\/li>\n<li>Protestan Ahlak\u0131n\u0131n K\u00fclt\u00fcrel ve Toplumsal Etkileri\n<ul>\n<li>Protestan ahlak\u0131n\u0131n yaln\u0131zca dini bir \u00e7er\u00e7eve de\u011fil, ayn\u0131 zamanda toplumsal normlar\u0131 \u015fekillendiren bir g\u00fc\u00e7 oldu\u011fu \u00fczerinde durulmu\u015ftur. Weber, protestan de\u011ferlerinin bireysellik, rasyonalizm ve \u00e7al\u0131\u015fmaya y\u00f6nelik sistematik bir yakla\u015f\u0131m gibi toplumsal dinamikler yaratt\u0131\u011f\u0131n\u0131 savunur.<\/li>\n<li>Bu de\u011ferlerin Bat\u0131 toplumlar\u0131n\u0131n ekonomik geli\u015fimi \u00fczerinde \u00f6nemli etkileri oldu\u011fu belirtilmi\u015f ve kapitalist b\u00fcy\u00fcmenin bu ahlaki de\u011ferler taraf\u0131ndan \u015fekillendirildi\u011fi a\u00e7\u0131klanm\u0131\u015ft\u0131r.<\/li>\n<\/ul>\n<\/li>\n<\/ol>\n<p><strong>Sonu\u00e7<\/strong><\/p>\n<p>Seminer, Weber\u2019in <em>Protestan Ahlak\u0131 ve Kapitalizmin Ruhu<\/em> eserini, Bat\u0131 toplumlar\u0131nda kapitalizmin y\u00fckselmesini anlamak i\u00e7in kritik bir metin olarak sunmaktad\u0131r. Weber\u2019in sosyolojik metodolojisi, din ve ekonomi aras\u0131ndaki ba\u011flant\u0131lar\u0131 anlamam\u0131za yard\u0131mc\u0131 olur ve kapitalizmin ortaya \u00e7\u0131k\u0131\u015f\u0131n\u0131 a\u00e7\u0131klayan e\u015fsiz bir bak\u0131\u015f a\u00e7\u0131s\u0131 sunar. Protestan ahlak\u0131 ile kapitalist de\u011ferler aras\u0131ndaki ili\u015fkiyi inceleyerek, Weber\u2019in sosyolojiye katk\u0131lar\u0131n\u0131 ve modern toplumsal d\u00fc\u015f\u00fcnce \u00fczerindeki kal\u0131c\u0131 etkilerini anlamam\u0131za olanak tan\u0131r.<\/p>\n<p><strong>\u00a0<\/strong><\/p>\n<p>This seminar delves into Max Weber&#8217;s seminal work <em>The Protestant Ethic and the Spirit of Capitalism<\/em>, exploring its significance both as a text and within the historical context it was written. The seminar aims to understand why Weber\u2019s text, written in the early 20th century, remains relevant today, and how it addresses the transformation in Western society, particularly focusing on the relationship between Protestantism and the development of modern capitalism. The session also highlights the broader methodological and sociological aspects that Weber used to explore these issues, alongside an examination of how the text interacts with Weber\u2019s intellectual background and the historical context of his time.<\/p>\n<p><strong>Key Themes<\/strong><\/p>\n<ol>\n<li><strong>The Importance of the Text and Its Historical Context<\/strong>\n<ul>\n<li>The seminar emphasizes the continuing relevance of Weber\u2019s work, despite being written over 120 years ago. It reflects on why this text is considered a classic, not only for its intellectual contributions but also for the historical context it addresses.<\/li>\n<li>Weber&#8217;s analysis is seen as a response to the social and economic changes of his time, specifically the consequences of the industrial revolution and the rise of capitalist economies in Western societies.<\/li>\n<\/ul>\n<\/li>\n<li><strong>Weber&#8217;s Sociological Approach<\/strong>\n<ul>\n<li>Weber\u2019s sociological methodology is discussed as crucial for understanding his arguments. He approaches the intersection of religion and economics from a cultural sociology standpoint, analyzing how Protestant ethics influenced capitalist development.<\/li>\n<li>The seminar also touches on Weber&#8217;s departure from purely economic theories, noting how he integrates cultural and religious factors in understanding capitalism.<\/li>\n<\/ul>\n<\/li>\n<li><strong>Protestantism and Its Role in Shaping Capitalism<\/strong>\n<ul>\n<li>The seminar focuses on the key idea that Protestantism, particularly Calvinism, played a foundational role in the development of modern capitalism. Weber explores the &#8220;spirit&#8221; of capitalism as being rooted in Protestant ethics, which emphasizes hard work, thrift, and rationalization.<\/li>\n<li>A central argument is that Protestantism helped to shape a rational economic life, distinct from earlier forms of economic behavior that were influenced by traditional religious beliefs.<\/li>\n<\/ul>\n<\/li>\n<li><strong>Weber\u2019s Methodological Approach<\/strong>\n<ul>\n<li>The session also examines Weber\u2019s methodology, which blends empirical research with theoretical analysis. Weber&#8217;s methodological contributions, especially his use of &#8220;ideal types,&#8221; are seen as significant in constructing his argument about the relationship between religion and economic behavior.<\/li>\n<li>The seminar discusses how Weber\u2019s empirical studies, such as his reports on social class and economic practices, shaped his sociological theories and helped him address the contradictions within capitalist society.<\/li>\n<\/ul>\n<\/li>\n<li><strong>Cultural and Societal Impacts of Protestant Ethics<\/strong>\n<ul>\n<li>Protestant ethics are explored not only as a religious framework but as a driving force in shaping societal norms, particularly in the realm of economic activity. Weber contends that Protestant beliefs contributed to a culture of individualism, rationalism, and a systematic approach to work, which ultimately fueled capitalist growth.<\/li>\n<li>The impact of these ethical values on the formation of modern Western societies, particularly in terms of economic development, is highlighted.<\/li>\n<\/ul>\n<\/li>\n<\/ol>\n<p><strong>Conclusion<\/strong><\/p>\n<p>The seminar presents Weber&#8217;s <em>The Protestant Ethic and the Spirit of Capitalism<\/em> as a crucial text for understanding the rise of capitalism in Western societies. Through his sociological methodology, Weber connects religious beliefs with economic outcomes, offering a unique perspective on the development of modern capitalism. By analyzing the interplay between Protestant ethics and capitalist values, the seminar provides a comprehensive overview of Weber\u2019s contributions to the field of sociology and his lasting influence on modern social thought.<\/p>\n<p>&nbsp;<\/p>\n","protected":false},"excerpt":{"rendered":"<p>MUHAMMED FAZIL BA\u015e, MAX WEBER OKUMALARI: PROTESTAN AHLAKI VE KAPI\u0307TALI\u0307ZMI\u0307N [&hellip;]<\/p>\n","protected":false},"author":1,"featured_media":0,"parent":0,"menu_order":0,"comment_status":"closed","ping_status":"closed","template":"100-width.php","meta":{"footnotes":""},"class_list":["post-2929","page","type-page","status-publish","hentry"],"jetpack_sharing_enabled":true,"_links":{"self":[{"href":"https:\/\/klasikdusunceokulu.com\/index.php\/wp-json\/wp\/v2\/pages\/2929","targetHints":{"allow":["GET"]}}],"collection":[{"href":"https:\/\/klasikdusunceokulu.com\/index.php\/wp-json\/wp\/v2\/pages"}],"about":[{"href":"https:\/\/klasikdusunceokulu.com\/index.php\/wp-json\/wp\/v2\/types\/page"}],"author":[{"embeddable":true,"href":"https:\/\/klasikdusunceokulu.com\/index.php\/wp-json\/wp\/v2\/users\/1"}],"replies":[{"embeddable":true,"href":"https:\/\/klasikdusunceokulu.com\/index.php\/wp-json\/wp\/v2\/comments?post=2929"}],"version-history":[{"count":2,"href":"https:\/\/klasikdusunceokulu.com\/index.php\/wp-json\/wp\/v2\/pages\/2929\/revisions"}],"predecessor-version":[{"id":2934,"href":"https:\/\/klasikdusunceokulu.com\/index.php\/wp-json\/wp\/v2\/pages\/2929\/revisions\/2934"}],"wp:attachment":[{"href":"https:\/\/klasikdusunceokulu.com\/index.php\/wp-json\/wp\/v2\/media?parent=2929"}],"curies":[{"name":"wp","href":"https:\/\/api.w.org\/{rel}","templated":true}]}}