{"id":2933,"date":"2025-01-21T15:46:38","date_gmt":"2025-01-21T12:46:38","guid":{"rendered":"https:\/\/klasikdusunceokulu.com\/?page_id=2933"},"modified":"2025-01-21T15:46:38","modified_gmt":"2025-01-21T12:46:38","slug":"muhammed-fazil-bas-max-weber-okumalari-protestan-ahlaki-ve-kapitalizmin-ruhu-2","status":"publish","type":"page","link":"https:\/\/klasikdusunceokulu.com\/index.php\/muhammed-fazil-bas-max-weber-okumalari-protestan-ahlaki-ve-kapitalizmin-ruhu-2\/","title":{"rendered":"Muhammed Faz\u0131l Ba\u015f, Max Weber Okumalar\u0131: Protestan Ahlak\u0131 ve Kapitalizmin Ruhu 2"},"content":{"rendered":"<p><strong>MUHAMMED FAZIL BA\u015e, MAX WEBER OKUMALARI: PROTESTAN AHLAKI VE KAPI\u0307TALI\u0307ZMI\u0307N RUHU 2. SEM\u0130NER \u00d6ZET\u0130<\/strong><\/p>\n<p>Bu seminer, Max Weber\u2019in <em>Protestan Ahlak\u0131 ve Kapitalizmin Ruhu<\/em> adl\u0131 eserinin ikinci b\u00f6l\u00fcm\u00fcn\u00fc ele al\u0131r. \u0130lk seminere genel bir giri\u015f yap\u0131ld\u0131ktan sonra, bu seminer Weber\u2019in 1920 tarihli <em>Essays in the Sociology of Religion<\/em> adl\u0131 derlemesinin giri\u015f k\u0131sm\u0131na odaklanmaktad\u0131r. Bu derleme, Protestanl\u0131k ve kapitalizm aras\u0131ndaki ili\u015fkiyi tart\u0131\u015fan \u00f6nemli bir eserdir. Seminer, Weber\u2019in kapitalizm ve onun k\u00fclt\u00fcrel temelleri \u00fczerine daha geni\u015f entelekt\u00fcel projesini incelemeyi hedefler.<\/p>\n<p><strong>Ana Temalar<\/strong><\/p>\n<ol>\n<li>Weber\u2019in Modern Avrupa K\u00fclt\u00fcr\u00fcndeki Yeri\n<ul>\n<li>Seminer, Weber\u2019in kendisini modern Avrupa k\u00fclt\u00fcr\u00fcn\u00fcn bir par\u00e7as\u0131 olarak g\u00f6rmesini vurgular. Bat\u0131 k\u00fclt\u00fcr\u00fcn\u00fcn ve tarihsel geli\u015fiminin \u00f6zg\u00fcnl\u00fc\u011f\u00fcn\u00fc kabul eden Weber, Bat\u0131 kapitalizminin ve rasyonalitesinin geli\u015fimi \u00fczerindeki etkisini anlamak a\u00e7\u0131s\u0131ndan \u00f6nemli bir yer tutar.<\/li>\n<li>Weber, Bat\u0131 k\u00fclt\u00fcr\u00fcn\u00fcn <em>evrensel tarih<\/em>deki yerini tart\u0131\u015farak, Bat\u0131 k\u00fclt\u00fcr\u00fcn\u00fcn belirli \u00f6zelliklerinin evrensel bir anlam ta\u015f\u0131d\u0131\u011f\u0131n\u0131 \u00f6ne s\u00fcrer.<\/li>\n<\/ul>\n<\/li>\n<li>Bat\u0131\u2019n\u0131n Kendine Has \u00d6zellikleri ve Evrensel Ge\u00e7erlili\u011fi\n<ul>\n<li>Weber, Bat\u0131 k\u00fclt\u00fcr\u00fcn\u00fcn sistematik ve rasyonel bir \u015fekilde geli\u015fen belirli \u00f6zelliklere sahip oldu\u011funu savunur. Di\u011fer toplumlarda da benzer unsurlar bulunsa da Bat\u0131&#8217;daki bu unsurlar bir araya gelerek rasyonel bir sistem olu\u015fturmu\u015ftur.<\/li>\n<li>Weber, Bat\u0131\u2019daki rasyonellik ile di\u011fer toplumlar aras\u0131ndaki farklar\u0131 kar\u015f\u0131la\u015ft\u0131rarak, \u00c7in ve Hindistan gibi yerlerde rasyonalitenin var oldu\u011funu ancak Bat\u0131&#8217;daki gibi sistematik bir yap\u0131 olu\u015fturulmad\u0131\u011f\u0131n\u0131 belirtir.<\/li>\n<\/ul>\n<\/li>\n<li>Kapitalizmin Bat\u0131\u2019daki Kendine Has \u00d6zellikleri\n<ul>\n<li>Weber, kapitalizmin Bat\u0131\u2019daki \u00f6zel \u015fekli \u00fczerinde durur. Bat\u0131&#8217;da kapitalizmin yaln\u0131zca kar pe\u015finde ko\u015fma amac\u0131 g\u00fcden bir ekonomik sistem olmad\u0131\u011f\u0131n\u0131, ayn\u0131 zamanda verimlilik, hesaplanabilirlik ve sistematik muhasebe gibi de\u011ferlerle \u015fekillenen bir rasyonel sistem oldu\u011funu savunur.<\/li>\n<li>Weber, kapitalizmin Bat\u0131\u2019da ortaya \u00e7\u0131kmas\u0131nda k\u00fclt\u00fcrel ve dini de\u011ferlerin rol\u00fcn\u00fc vurgular ve di\u011fer k\u00fclt\u00fcrlerde de benzer ekonomik faaliyetlerin bulunmas\u0131na ra\u011fmen ayn\u0131 rasyonel kapitalizmin geli\u015fmedi\u011fini belirtir.<\/li>\n<\/ul>\n<\/li>\n<li>Protestanl\u0131\u011f\u0131n Kapitalizmi \u015eekillendirmedeki Rol\u00fc\n<ul>\n<li>Seminerde, Weber\u2019in Protestan ahlak\u0131n\u0131n \u00f6zellikle Kalvinizm\u2019in modern kapitalizmin temelini att\u0131\u011f\u0131na dair arg\u00fcman\u0131 yeniden ele al\u0131n\u0131r. Protestanlar\u0131n \u00e7al\u0131\u015fkanl\u0131k, d\u00fcnyev\u00ee ascetizm ve rasyonalizm \u00fczerine kurdu\u011fu de\u011ferler, kapitalizmin geli\u015fmesine zemin haz\u0131rlam\u0131\u015ft\u0131r.<\/li>\n<li>Weber, Protestan ahlak\u0131 ile di\u011fer dini ya da k\u00fclt\u00fcrel sistemlerin ekonomik ve toplumsal yap\u0131lar\u0131n\u0131 kar\u015f\u0131la\u015ft\u0131rarak, rasyonel ekonomik sistemlerin nas\u0131l \u015fekillendi\u011fini a\u00e7\u0131klar.<\/li>\n<\/ul>\n<\/li>\n<li>Metodolojik Yakla\u015f\u0131mlar ve Kar\u015f\u0131la\u015ft\u0131rmalar\n<ul>\n<li>Seminerde, Weber\u2019in k\u00fclt\u00fcrel sosyolojiye yakla\u015f\u0131m\u0131 ve rasyonel ekonomik davran\u0131\u015f\u0131n nas\u0131l belirli k\u00fclt\u00fcrel ve dini de\u011ferlerden kaynakland\u0131\u011f\u0131 tart\u0131\u015f\u0131lm\u0131\u015ft\u0131r.<\/li>\n<li>Weber, di\u011fer toplumlarda da benzer ekonomik kurumlar ve ticaret uygulamalar\u0131 bulunsa da, Bat\u0131\u2019daki sistematik rasyonel kapitalizmin geli\u015fmesinin k\u00fclt\u00fcrel ko\u015fullar taraf\u0131ndan \u015fekillendirildi\u011fini belirtir.<\/li>\n<\/ul>\n<\/li>\n<\/ol>\n<p><strong>Sonu\u00e7<\/strong><\/p>\n<p>Seminer, Weber\u2019in <em>Protestan Ahlak\u0131 ve Kapitalizmin Ruhu<\/em> eserinde Bat\u0131\u2019daki kapitalizmin geli\u015fimini anlamak i\u00e7in sundu\u011fu g\u00f6r\u00fc\u015fleri derinlemesine inceler. Weber, Bat\u0131\u2019da kapitalizmin ortaya \u00e7\u0131k\u0131\u015f\u0131n\u0131 yaln\u0131zca ekonomik de\u011fil, k\u00fclt\u00fcrel ve dini de\u011ferlerle a\u00e7\u0131klayarak, modern toplumlar\u0131n \u015fekillenmesinde rasyonalitenin temel rol\u00fcn\u00fc vurgular. Protestan ahlak\u0131n\u0131n kapitalizm \u00fczerindeki etkilerini inceleyerek, Weber\u2019in sosyolojideki katk\u0131lar\u0131n\u0131 ve modern toplumsal d\u00fc\u015f\u00fcnce \u00fczerindeki kal\u0131c\u0131 etkilerini anlamam\u0131za yard\u0131mc\u0131 olur.<\/p>\n<p><strong>\u00a0<\/strong><\/p>\n<p><strong>\u00a0<\/strong><\/p>\n<p>This seminar continues the exploration of Max Weber\u2019s <em>The Protestant Ethic and the Spirit of Capitalism<\/em>. Following the general introduction from the previous week, where the context of Weber&#8217;s life and work were discussed, the seminar shifts focus to a later piece, the introduction to the 1920 compilation <em>Essays in the Sociology of Religion<\/em>. This compilation includes Weber&#8217;s essay on Protestantism and its role in shaping modern capitalism. While not focusing directly on the main text, this seminar examines how Weber\u2019s larger intellectual project connects with his exploration of capitalism and its cultural underpinnings.<\/p>\n<p><strong>Key Themes<\/strong><\/p>\n<ol>\n<li><strong>Weber&#8217;s Positioning in Modern European Culture<\/strong>\n<ul>\n<li>The seminar emphasizes Weber\u2019s view of himself as a member of the modern European cultural world, acknowledging the distinctiveness of Western culture and its historical development. Weber&#8217;s acknowledgment of his position in European culture is important in understanding his approach to the development of Western capitalism and rationality.<\/li>\n<li>Weber sets the framework of <em>universal history<\/em>, suggesting that Western culture, while unique in its developments, has universal significance in the broader cultural narrative.<\/li>\n<\/ul>\n<\/li>\n<li><strong>Western Unique Features and Their Universal Relevance<\/strong>\n<ul>\n<li>The text explores Weber\u2019s argument that Western culture has specific characteristics that have allowed it to shape the modern world. While elements of Western culture existed elsewhere, they never coalesced into the systematic and rational forms that defined Western modernity.<\/li>\n<li>Weber contrasts Western rationality with other societies, asserting that though some elements of rationality existed elsewhere (e.g., in China or India), they never formed the systematic structures seen in the West.<\/li>\n<\/ul>\n<\/li>\n<li><strong>Capitalism and Its Distinct Characteristics in the West<\/strong>\n<ul>\n<li>Weber\u2019s analysis of capitalism focuses on how Western society developed a distinct form of rational capitalism, which contrasts with other forms of economic activity that were present in non-Western societies.<\/li>\n<li>Weber emphasizes that capitalism in the West is not just about the pursuit of profit, but about a rational, methodical system that values efficiency, calculability, and systematic accounting, which were not present in other cultures to the same extent.<\/li>\n<\/ul>\n<\/li>\n<li><strong>The Role of Protestantism in Shaping Capitalism<\/strong>\n<ul>\n<li>The seminar revisits Weber\u2019s argument that Protestant ethics, particularly Calvinism, provided the cultural foundation for modern capitalism. Protestants\u2019 focus on hard work, asceticism, and rationality helped foster the conditions necessary for capitalist development.<\/li>\n<li>Weber contrasts Protestant ethical systems with other religious or cultural systems that did not prioritize these values and did not develop the same rational economic systems.<\/li>\n<\/ul>\n<\/li>\n<li><strong>Methodological Considerations and Comparisons<\/strong>\n<ul>\n<li>Weber&#8217;s methodology is discussed, particularly his focus on cultural sociology and the idea that rational economic action is rooted in specific cultural and religious values.<\/li>\n<li>The seminar discusses Weber\u2019s comparative approach, acknowledging that while other societies had some similar elements (such as financial institutions or trade practices), they never developed the same form of rational capitalism due to different cultural conditions.<\/li>\n<\/ul>\n<\/li>\n<\/ol>\n<p><strong>Conclusion<\/strong><\/p>\n<p>In this seminar, Weber\u2019s views on the development of modern capitalism and the role of Protestantism are analyzed in the context of his broader sociological work. Weber argues that Western capitalism\u2019s rational nature, which emerged from Protestant ethics, has had a unique historical trajectory. The seminar also highlights Weber\u2019s understanding of culture and rationality as fundamental in shaping the modern world, contrasting the rational systems of the West with the more traditional approaches found in other societies. The ongoing exploration of Weber\u2019s methodology and its application to non-Western societies continues to provide insights into the cultural dynamics that have shaped global economic systems.<\/p>\n<p>&nbsp;<\/p>\n","protected":false},"excerpt":{"rendered":"<p>MUHAMMED FAZIL BA\u015e, MAX WEBER OKUMALARI: PROTESTAN AHLAKI VE KAPI\u0307TALI\u0307ZMI\u0307N [&hellip;]<\/p>\n","protected":false},"author":1,"featured_media":0,"parent":0,"menu_order":0,"comment_status":"closed","ping_status":"closed","template":"100-width.php","meta":{"footnotes":""},"class_list":["post-2933","page","type-page","status-publish","hentry"],"jetpack_sharing_enabled":true,"_links":{"self":[{"href":"https:\/\/klasikdusunceokulu.com\/index.php\/wp-json\/wp\/v2\/pages\/2933","targetHints":{"allow":["GET"]}}],"collection":[{"href":"https:\/\/klasikdusunceokulu.com\/index.php\/wp-json\/wp\/v2\/pages"}],"about":[{"href":"https:\/\/klasikdusunceokulu.com\/index.php\/wp-json\/wp\/v2\/types\/page"}],"author":[{"embeddable":true,"href":"https:\/\/klasikdusunceokulu.com\/index.php\/wp-json\/wp\/v2\/users\/1"}],"replies":[{"embeddable":true,"href":"https:\/\/klasikdusunceokulu.com\/index.php\/wp-json\/wp\/v2\/comments?post=2933"}],"version-history":[{"count":1,"href":"https:\/\/klasikdusunceokulu.com\/index.php\/wp-json\/wp\/v2\/pages\/2933\/revisions"}],"predecessor-version":[{"id":2935,"href":"https:\/\/klasikdusunceokulu.com\/index.php\/wp-json\/wp\/v2\/pages\/2933\/revisions\/2935"}],"wp:attachment":[{"href":"https:\/\/klasikdusunceokulu.com\/index.php\/wp-json\/wp\/v2\/media?parent=2933"}],"curies":[{"name":"wp","href":"https:\/\/api.w.org\/{rel}","templated":true}]}}