{"id":2938,"date":"2025-01-21T15:50:37","date_gmt":"2025-01-21T12:50:37","guid":{"rendered":"https:\/\/klasikdusunceokulu.com\/?page_id=2938"},"modified":"2025-01-21T15:50:37","modified_gmt":"2025-01-21T12:50:37","slug":"muhammed-fazil-bas-max-weber-okumalari-protestan-ahlaki-ve-kapitalizmin-ruhu-4","status":"publish","type":"page","link":"https:\/\/klasikdusunceokulu.com\/index.php\/muhammed-fazil-bas-max-weber-okumalari-protestan-ahlaki-ve-kapitalizmin-ruhu-4\/","title":{"rendered":"Muhammed Faz\u0131l Ba\u015f, Max Weber Okumalar\u0131: Protestan Ahlak\u0131 ve Kapitalizmin Ruhu 4"},"content":{"rendered":"<p><strong>MUHAMMED FAZIL BA\u015e, MAX WEBER OKUMALARI: PROTESTAN AHLAKI VE KAPI\u0307TALI\u0307ZMI\u0307N RUHU 4. SEM\u0130NER \u00d6ZET\u0130<\/strong><\/p>\n<p>Bu seminer, Max Weber&#8217;in <em>Protestan Ahlak\u0131 ve Kapitalizmin Ruhu<\/em> eserinin d\u00f6rd\u00fcnc\u00fc b\u00f6l\u00fcm\u00fcn\u00fc ele almaktad\u0131r. Seminerde Weber\u2019in metnindeki temel tart\u0131\u015fmalar\u0131n devam\u0131 olarak, kapitalizmin ruhu \u00fczerine yap\u0131lan derinlemesine analizler ve metodolojik yakla\u015f\u0131mlar ele al\u0131nm\u0131\u015ft\u0131r. Weber, kapitalizmin Bat\u0131\u2019da nas\u0131l \u015fekillendi\u011fini a\u00e7\u0131klarken, ekonomik sistemin geli\u015fiminde k\u00fclt\u00fcrel ve dini unsurlar\u0131n rol\u00fcn\u00fc tart\u0131\u015fmaya devam eder.<\/p>\n<p><strong>Ana Temalar<\/strong><\/p>\n<ol>\n<li><strong>Weber&#8217;in Metodolojik Yakla\u015f\u0131m\u0131 ve Tarihsel Birey<\/strong>\n<ul>\n<li>Weber, sosyal bilimlerdeki tan\u0131mlar\u0131n ve analizlerin, tarihsel bireyler \u00fczerinden yap\u0131lmas\u0131 gerekti\u011fini vurgular. Tarihsel birey, belirli bir d\u00f6nemin kendine \u00f6zg\u00fc olgular\u0131n\u0131 anlamada kullan\u0131lan bir kavramd\u0131r.<\/li>\n<li>Bu ba\u011flamda, Weber\u2019in kulland\u0131\u011f\u0131 &#8220;tarihsel birey&#8221; kavram\u0131, toplumsal olgular\u0131 anlaman\u0131n ve a\u00e7\u0131klaman\u0131n temel yolu olarak kar\u015f\u0131m\u0131za \u00e7\u0131kar. Yaln\u0131zca tekil olgular ve unsurlar, anlaml\u0131 bir \u015fekilde ele al\u0131narak kavramsalla\u015ft\u0131r\u0131labilir.<\/li>\n<\/ul>\n<\/li>\n<li><strong>Kapitalizmin Ruhunun Tan\u0131mlanmas\u0131 ve \u0130\u00e7sel Akrabal\u0131k<\/strong>\n<ul>\n<li>Weber, kapitalizmin ruhu ifadesine yakla\u015f\u0131rken, bu terimi a\u00e7\u0131klaman\u0131n metodolojik zorluklar\u0131ndan bahseder. Kapitalizmin ruhu, yaln\u0131zca k\u00fclt\u00fcrel ve dini \u00f6zelliklerin i\u00e7sel bir akrabal\u0131\u011f\u0131yla \u015fekillenen bir kavramd\u0131r.<\/li>\n<li>Bu i\u00e7sel akrabal\u0131k, Weber\u2019in tarihsel bir olguyu kavramsalla\u015ft\u0131rma \u00e7abas\u0131nda temel bir rol oynar. Kapitalizm, k\u00fclt\u00fcrel unsurlar\u0131n zamanla birbirine yak\u0131nla\u015farak olu\u015fturdu\u011fu bir yap\u0131d\u0131r ve bu yap\u0131y\u0131 anlamak i\u00e7in i\u00e7sel ba\u011flar kurulmal\u0131d\u0131r.<\/li>\n<\/ul>\n<\/li>\n<li><strong>Protestan Ahlak\u0131n\u0131n Kapitalizm \u00dczerindeki Etkisi<\/strong>\n<ul>\n<li>Weber, Protestan ahlak\u0131n\u0131n kapitalizmle olan ili\u015fkisinde, bireysel ahlaki de\u011ferlerin toplumsal d\u00fczeyde nas\u0131l bir ekonomik sisteme d\u00f6n\u00fc\u015febilece\u011fini g\u00f6sterir.<\/li>\n<li>Protestan ahlak\u0131, d\u00fcnyevi ya\u015famda ba\u015far\u0131ya ula\u015fmay\u0131 ve rasyonel \u00e7al\u0131\u015fmay\u0131 \u00f6n plana \u00e7\u0131karan bir sistem yaratm\u0131\u015ft\u0131r. Bu da Bat\u0131 kapitalizminin temel yap\u0131 ta\u015flar\u0131n\u0131 olu\u015fturmu\u015ftur.<\/li>\n<\/ul>\n<\/li>\n<li><strong>Dini ve Ekonomik \u0130li\u015fkiler: Asketizm ve \u00d6ted\u00fcnyal\u0131k<\/strong>\n<ul>\n<li>Katolikli\u011fin \u00f6ted\u00fcnyal\u0131l\u0131\u011f\u0131 ve asketik \u00f6zellikleri, Protestanl\u0131\u011fa k\u0131yasla farkl\u0131 bir ekonomik d\u00fc\u015f\u00fcnce tarz\u0131 yaratm\u0131\u015ft\u0131r. Bu \u00f6zellikler, Katoliklerin daha az giri\u015fimci ve daha az kazan\u00e7 odakl\u0131 bir ya\u015fam bi\u00e7imine sahip olmalar\u0131na yol a\u00e7m\u0131\u015ft\u0131r.<\/li>\n<li>Weber, bu iki mezhep aras\u0131ndaki farklar\u0131n tarihsel s\u00fcre\u00e7te nas\u0131l \u015fekillendi\u011fini ve bu farkl\u0131l\u0131klar\u0131n kapitalizmle olan ili\u015fkilerini analiz eder.<\/li>\n<\/ul>\n<\/li>\n<li><strong>Weber ve Sombart Aras\u0131ndaki Farklar<\/strong>\n<ul>\n<li>Weber, kapitalizmin ruhunu a\u00e7\u0131klarken, Sombart\u2019\u0131n yakla\u015f\u0131m\u0131n\u0131 da ele al\u0131r. Sombart, kapitalizmin k\u00f6kenlerini Yahudilerle ili\u015fkilendirirken, Weber buna kat\u0131lmaz ve bu yakla\u015f\u0131ma ele\u015ftirilerde bulunur.<\/li>\n<li>Weber, kapitalizmin Bat\u0131&#8217;da \u00f6zel bir geli\u015fim yolu izledi\u011fini ve bunun, sadece ekonomik unsurlar\u0131n bir sonucu olmad\u0131\u011f\u0131n\u0131, k\u00fclt\u00fcrel ve dini fakt\u00f6rlerin de bu s\u00fcreci \u015fekillendirdi\u011fini savunur.<\/li>\n<\/ul>\n<\/li>\n<\/ol>\n<p><strong>Sonu\u00e7<\/strong><\/p>\n<p>Seminer, Weber&#8217;in <em>Protestan Ahlak\u0131 ve Kapitalizmin Ruhu<\/em> eserinde yer alan metodolojik yakla\u015f\u0131mlar\u0131, tarihsel birey kavram\u0131n\u0131 ve kapitalizmin ruhunun in\u015fas\u0131n\u0131 derinlemesine incelemi\u015ftir. Weber, kapitalizmin Bat\u0131&#8217;da nas\u0131l \u015fekillendi\u011fini a\u00e7\u0131klarken, k\u00fclt\u00fcrel ve dini \u00f6\u011felerin kapitalizmle olan i\u00e7sel ba\u011f\u0131n\u0131 vurgular. Bu seminer, Weber&#8217;in sosyolojik y\u00f6ntemlerine ve kapitalizm \u00fczerine yapt\u0131\u011f\u0131 analizlere dair \u00f6nemli bir bak\u0131\u015f a\u00e7\u0131s\u0131 sunmu\u015ftur.<\/p>\n<p>&nbsp;<\/p>\n<p>This seminar focuses on the fourth section of Max Weber\u2019s <em>The Protestant Ethic and the Spirit of Capitalism<\/em>. It continues the analysis of Weber&#8217;s arguments regarding the nature of capitalism and its cultural and religious foundations. Weber\u2019s methodological approach to understanding historical phenomena and how cultural and religious elements shaped the development of capitalism in the West are discussed in greater detail.<\/p>\n<p><strong>Key Themes<\/strong><\/p>\n<ol>\n<li><strong>Weber&#8217;s Methodological Approach and the Historical Individual<\/strong>\n<ul>\n<li>Weber emphasizes the importance of understanding social phenomena through the concept of the &#8220;historical individual.&#8221; The historical individual refers to a person who embodies the unique elements of a specific era.<\/li>\n<li>This concept is fundamental in Weber\u2019s sociological approach, allowing for the conceptualization of social phenomena in a meaningful way by examining individual and collective experiences within their specific historical context.<\/li>\n<\/ul>\n<\/li>\n<li><strong>Defining the Spirit of Capitalism and Its Internal Affinity<\/strong>\n<ul>\n<li>Weber discusses the methodological difficulties in defining the &#8220;spirit&#8221; of capitalism, noting that it is shaped by the internal relationships of cultural and religious values.<\/li>\n<li>These internal affinities or connections between cultural factors help shape the structure of capitalism in the West. Weber argues that capitalism is not simply an economic system but is deeply intertwined with cultural elements that evolved over time.<\/li>\n<\/ul>\n<\/li>\n<li><strong>The Impact of Protestant Ethics on Capitalism<\/strong>\n<ul>\n<li>Weber explores how Protestant ethics influenced the development of capitalism, emphasizing how individual moral values were transformed into a system of economic behaviors.<\/li>\n<li>Protestantism promoted the values of hard work, thrift, and rationality, which in turn helped create the capitalist system in the West by emphasizing a rational, methodical approach to work and life.<\/li>\n<\/ul>\n<\/li>\n<li><strong>Religious and Economic Relationships: Asceticism and the Otherworldly<\/strong>\n<ul>\n<li>Weber contrasts the asceticism and otherworldliness in Catholicism with Protestantism, suggesting that these differences influenced their respective economic practices.<\/li>\n<li>Catholicism\u2019s otherworldly focus led to less entrepreneurial spirit and lower economic activity compared to Protestantism, which encouraged worldly success and rational economic activity.<\/li>\n<\/ul>\n<\/li>\n<li><strong>Differences Between Weber and Sombart<\/strong>\n<ul>\n<li>Weber critiques Sombart\u2019s view that links capitalism\u2019s origins to Jewish influence, arguing that such an explanation overlooks the broader cultural and religious shifts that shaped Western capitalism.<\/li>\n<li>Weber maintains that capitalism\u2019s development in the West was not simply the result of economic factors but also deeply influenced by religious and cultural shifts, which is why the capitalist system in the West took a distinct path.<\/li>\n<\/ul>\n<\/li>\n<\/ol>\n<p><strong>Conclusion<\/strong><\/p>\n<p>This seminar provides a deep dive into Weber\u2019s methodological approach and the role of Protestant ethics in the development of capitalism. It explores Weber&#8217;s focus on cultural and religious factors and how they interact with economic systems. The seminar emphasizes Weber&#8217;s argument that capitalism is not merely an economic system but a product of cultural and religious transformations, offering important insights into the development of modern Western societies.<\/p>\n<p>&nbsp;<\/p>\n<p>&nbsp;<\/p>\n","protected":false},"excerpt":{"rendered":"<p>MUHAMMED FAZIL BA\u015e, MAX WEBER OKUMALARI: PROTESTAN AHLAKI VE KAPI\u0307TALI\u0307ZMI\u0307N [&hellip;]<\/p>\n","protected":false},"author":1,"featured_media":0,"parent":0,"menu_order":0,"comment_status":"closed","ping_status":"closed","template":"100-width.php","meta":{"footnotes":""},"class_list":["post-2938","page","type-page","status-publish","hentry"],"jetpack_sharing_enabled":true,"_links":{"self":[{"href":"https:\/\/klasikdusunceokulu.com\/index.php\/wp-json\/wp\/v2\/pages\/2938","targetHints":{"allow":["GET"]}}],"collection":[{"href":"https:\/\/klasikdusunceokulu.com\/index.php\/wp-json\/wp\/v2\/pages"}],"about":[{"href":"https:\/\/klasikdusunceokulu.com\/index.php\/wp-json\/wp\/v2\/types\/page"}],"author":[{"embeddable":true,"href":"https:\/\/klasikdusunceokulu.com\/index.php\/wp-json\/wp\/v2\/users\/1"}],"replies":[{"embeddable":true,"href":"https:\/\/klasikdusunceokulu.com\/index.php\/wp-json\/wp\/v2\/comments?post=2938"}],"version-history":[{"count":1,"href":"https:\/\/klasikdusunceokulu.com\/index.php\/wp-json\/wp\/v2\/pages\/2938\/revisions"}],"predecessor-version":[{"id":2939,"href":"https:\/\/klasikdusunceokulu.com\/index.php\/wp-json\/wp\/v2\/pages\/2938\/revisions\/2939"}],"wp:attachment":[{"href":"https:\/\/klasikdusunceokulu.com\/index.php\/wp-json\/wp\/v2\/media?parent=2938"}],"curies":[{"name":"wp","href":"https:\/\/api.w.org\/{rel}","templated":true}]}}