{"id":2940,"date":"2025-01-21T15:53:22","date_gmt":"2025-01-21T12:53:22","guid":{"rendered":"https:\/\/klasikdusunceokulu.com\/?page_id=2940"},"modified":"2025-01-21T15:53:22","modified_gmt":"2025-01-21T12:53:22","slug":"muhammed-fazil-bas-max-weber-okumalari-protestan-ahlaki-ve-kapitalizmin-ruhu-6","status":"publish","type":"page","link":"https:\/\/klasikdusunceokulu.com\/index.php\/muhammed-fazil-bas-max-weber-okumalari-protestan-ahlaki-ve-kapitalizmin-ruhu-6\/","title":{"rendered":"Muhammed Faz\u0131l Ba\u015f, Max Weber Okumalar\u0131: Protestan Ahlak\u0131 ve Kapitalizmin Ruhu 6"},"content":{"rendered":"<p><strong>MUHAMMED FAZIL BA\u015e, MAX WEBER OKUMALARI: PROTESTAN AHLAKI VE KAPI\u0307TALI\u0307ZMI\u0307N RUHU 6. SEM\u0130NER \u00d6ZET\u0130<\/strong><\/p>\n<p>Bu seminer, Max Weber\u2019in <em>Protestan Ahlak\u0131 ve Kapitalizmin Ruhu<\/em> eserinde yer alan &#8220;kapitalizmin ruhu&#8221; kavram\u0131n\u0131 derinlemesine incelemeye devam etmektedir. Weber, kapitalizmi yaln\u0131zca bir ekonomik sistem olarak de\u011fil, ayn\u0131 zamanda k\u00fclt\u00fcrel ve ahlaki bir sistem olarak ele al\u0131r. Seminerde, kapitalizmin sadece ekonomik faaliyetler \u00fczerinden de\u011fil, bireylerin \u00e7al\u0131\u015fma ahlaklar\u0131 ve profesyonel etik anlay\u0131\u015flar\u0131 \u00fczerinden nas\u0131l \u015fekillendi\u011fi tart\u0131\u015f\u0131lmaktad\u0131r. Ayr\u0131ca, Weber\u2019in &#8220;Demir Kafes&#8221; (Iron Cage) kavram\u0131 ele al\u0131narak, kapitalizmin bireyleri nas\u0131l i\u00e7ine hapsetti\u011fi ve onlar\u0131n bu sistemle uyum sa\u011flamaya zorlanmas\u0131 konusu i\u015flenmi\u015ftir.<\/p>\n<p><strong>Ana Temalar<\/strong><\/p>\n<ol>\n<li><strong>Kapitalizm ve Kapitalizmin Ruhu Aras\u0131ndaki Ayr\u0131m<\/strong>\n<ul>\n<li>Weber, kapitalizmi yaln\u0131zca kar h\u0131rs\u0131 ya da bireysel \u00e7\u0131karlar \u00fczerinden a\u00e7\u0131klaman\u0131n yetersiz oldu\u011funu savunur. Kapitalizmin ruhu, rasyonellik, disiplin ve profesyonel etik gibi k\u00fclt\u00fcrel unsurlarla \u015fekillenir.<\/li>\n<li>Kapitalizm, ekonomik bir sistem olarak bireyleri kendi kurallar\u0131na uymaya zorlar, ancak &#8220;ruh&#8221; dedi\u011fi \u015fey, k\u00fclt\u00fcrel ve ahlaki bir d\u00fc\u015f\u00fcnme bi\u00e7imidir.<\/li>\n<\/ul>\n<\/li>\n<li><strong>&#8220;Demir Kafes&#8221; Kavram\u0131<\/strong>\n<ul>\n<li>Weber, kapitalizmin yaratt\u0131\u011f\u0131 kat\u0131 ve mekanik sistemi tan\u0131mlarken &#8220;Demir Kafes&#8221; terimini kullan\u0131r. Bu kavram, kapitalizmin bireyleri i\u00e7ine hapsetti\u011fi ve onlara uyum sa\u011flamay\u0131 dayatt\u0131\u011f\u0131 bir sistemin metaforudur.<\/li>\n<li>Bu &#8220;Demir Kafes&#8221;, sadece ekonomik de\u011fil, k\u00fclt\u00fcrel ve ahlaki bir s\u0131n\u0131rlama anlam\u0131na gelir; bireyler, kapitalizmin rasyonel ve sistematik do\u011fas\u0131na uyum sa\u011flamak zorunda b\u0131rak\u0131l\u0131r.<\/li>\n<\/ul>\n<\/li>\n<li><strong>Kapitalizmin Bir E\u011fitim Sistemi Olarak Rol\u00fc<\/strong>\n<ul>\n<li>Kapitalizm, bireyleri e\u011fiterek, onlara belirli ekonomik davran\u0131\u015f bi\u00e7imlerini benimsetir. Sistem, belirli kurallar ve beklentiler uygular, bu kurallara uymayanlar ekonomik hayattan d\u0131\u015flan\u0131r.<\/li>\n<li>Weber, kapitalizmin bireyleri bu kurallara uymaya zorlayarak onlar\u0131 e\u011fitti\u011fini, bunun da kapitalist toplumlar\u0131n temeli oldu\u011funu vurgular.<\/li>\n<\/ul>\n<\/li>\n<li><strong>Kapitalizme Uyum: Se\u00e7ilim S\u00fcreci<\/strong>\n<ul>\n<li>Seminerde, kapitalizme uyum sa\u011flamak zorunda kalan bireylerin, Darwinizm\u2019in &#8220;en uygun olan\u0131n hayatta kalmas\u0131&#8221; prensibiyle benzer \u015fekilde sistem taraf\u0131ndan se\u00e7ildi\u011fi tart\u0131\u015f\u0131l\u0131r.<\/li>\n<li>Weber, kapitalizmin, sistemin kurallar\u0131na uyum sa\u011flayabilen bireyleri se\u00e7ti\u011fini ve bu bireylerin kapitalist de\u011ferleri i\u00e7selle\u015ftirerek ba\u015far\u0131l\u0131 oldu\u011funu savunur.<\/li>\n<\/ul>\n<\/li>\n<li><strong>Yeni \u0130ngiltere ve Di\u011fer B\u00f6lgelerde Kapitalizmin Ruhu<\/strong>\n<ul>\n<li>Weber, kapitalizmin ruhunun Yeni \u0130ngiltere\u2019de nas\u0131l geli\u015fti\u011fini, burada dini motivasyonlar\u0131n \u00f6n planda oldu\u011funu ve bunun kapitalizmin ekonomik motivasyonlardan \u00f6nce gelen ahlaki bir temele dayand\u0131\u011f\u0131n\u0131 tart\u0131\u015f\u0131r.<\/li>\n<li>Yeni \u0130ngiltere\u2019de, kapitalizm hen\u00fcz tam anlam\u0131yla geli\u015fmeden \u00f6nce bile kapitalizmin &#8220;ruhu&#8221; mevcuttu. Bu erken kapitalist de\u011ferlerin, ekonomik fakt\u00f6rlerden \u00e7ok dini, ahlaki ve manevi de\u011ferlerle \u015fekillendi\u011fi anlat\u0131l\u0131r.<\/li>\n<\/ul>\n<\/li>\n<li><strong>Kapitalizm ve Ahlaki Sistem: Bir \u0130deolojik Yap\u0131 Olarak Kapitalizm<\/strong>\n<ul>\n<li>Weber, kapitalizmin sadece bir ekonomik sistem de\u011fil, ayn\u0131 zamanda bireylerin d\u00fcnya g\u00f6r\u00fc\u015f\u00fcn\u00fc \u015fekillendiren ideolojik ve ahlaki bir sistem oldu\u011funu vurgular.<\/li>\n<li>Kapitalizmin y\u00fckseli\u015fi, geleneksel d\u00fc\u015f\u00fcnce bi\u00e7imleriyle \u00e7at\u0131\u015farak, bireylerin ahlaki ve ekonomik bak\u0131\u015f a\u00e7\u0131lar\u0131n\u0131 yeniden \u015fekillendirmelerini gerektirmi\u015ftir.<\/li>\n<\/ul>\n<\/li>\n<\/ol>\n<p><strong>Sonu\u00e7<\/strong><\/p>\n<p>Seminer, <em>Protestan Ahlak\u0131 ve Kapitalizmin Ruhu<\/em> eserindeki &#8220;kapitalizmin ruhu&#8221; kavram\u0131n\u0131 ve kapitalizmin bireyleri nas\u0131l \u015fekillendirdi\u011fini derinlemesine incelemi\u015ftir. Weber, kapitalizmi yaln\u0131zca bir ekonomik sistem olarak de\u011fil, k\u00fclt\u00fcrel, ahlaki ve ideolojik bir yap\u0131 olarak ele al\u0131r. Seminer, kapitalizmin insanlar\u0131 nas\u0131l &#8220;Demir Kafes&#8221;e hapsederek sistemin kurallar\u0131na uyum sa\u011flamaya zorlad\u0131\u011f\u0131n\u0131 a\u00e7\u0131klar ve kapitalizmin rasyonel, disiplinli \u00e7al\u0131\u015fma ahlak\u0131n\u0131n Bat\u0131 toplumlar\u0131nda nas\u0131l geli\u015fti\u011fine dair kapsaml\u0131 bir bak\u0131\u015f sunar.<\/p>\n<p><strong>\u00a0<\/strong><\/p>\n<p>This seminar continues to explore Max Weber&#8217;s <em>The Protestant Ethic and the Spirit of Capitalism<\/em>, focusing on the ongoing development of the concept of the &#8220;spirit of capitalism.&#8221; Weber distinguishes between capitalism as an economic system and its spirit, which is formed through specific cultural and moral developments. The session explores the training and adaptation of individuals to the capitalist system, emphasizing the role of professional ethics and how individuals are shaped by the system\u2019s rules. The seminar also introduces the concept of the &#8220;Iron Cage,&#8221; an inescapable, rigid system that forces individuals to comply with its rules.<\/p>\n<p><strong>Key Themes<\/strong><\/p>\n<ol>\n<li><strong>The Separation Between Capitalism and the Spirit of Capitalism<\/strong>\n<ul>\n<li>Weber argues that capitalism, in its basic form, is not merely about profit-seeking or individual greed, as seen in figures like Jacob Fugger. Instead, the &#8220;spirit of capitalism&#8221; is about rationality, discipline, and the professional ethos.<\/li>\n<li>Capitalism, as an economic system, compels individuals to follow its rules, but the &#8220;spirit&#8221; involves a cultural and ethical mindset that emphasizes rational economic activity.<\/li>\n<\/ul>\n<\/li>\n<li><strong>The Role of the &#8220;Iron Cage&#8221;<\/strong>\n<ul>\n<li>Weber introduces the term &#8220;Iron Cage&#8221; (or &#8220;Stahlhartes Geh\u00e4use&#8221;) to describe the rigid and impersonal system created by capitalism. The metaphor refers to the societal structure that individuals are trapped in, where their actions must conform to the rules of the capitalist system.<\/li>\n<li>This &#8220;Iron Cage&#8221; is not just a physical or economic condition but a cultural and moral constraint, forcing individuals to adapt to the rational and systematic nature of capitalism.<\/li>\n<\/ul>\n<\/li>\n<li><strong>Capitalism as an Educational System<\/strong>\n<ul>\n<li>Capitalism educates individuals, shaping their behaviors to fit within the economic system. The system imposes certain rules and expectations, and those who fail to comply are marginalized or excluded from economic life.<\/li>\n<li>Weber highlights that in today\u2019s capitalist system, individuals must adapt to its rules in order to survive and succeed. The system educates them to function within its framework, creating a particular mindset that aligns with capitalist values.<\/li>\n<\/ul>\n<\/li>\n<li><strong>Adaptation to Capitalism: The Role of Selection<\/strong>\n<ul>\n<li>The seminar discusses how individuals must adapt to capitalism to survive. This adaptation is likened to the concept of &#8220;survival of the fittest&#8221; from Darwinism, where those who are best able to conform to the system\u2019s requirements will thrive.<\/li>\n<li>Weber argues that capitalism selects individuals based on their ability to adapt to its rules, creating a selection process that rewards those who internalize the system\u2019s values.<\/li>\n<\/ul>\n<\/li>\n<li><strong>The Spirit of Capitalism in New England and Other Regions<\/strong>\n<ul>\n<li>Weber contrasts the development of the capitalist spirit in New England, where religious motivations played a key role, with other regions that developed capitalist practices later, driven by economic motivations.<\/li>\n<li>In New England, even before the full emergence of capitalism, the &#8220;spirit&#8221; was already present. This early manifestation of capitalist values was influenced by religious, ethical, and moral values, rather than purely economic factors.<\/li>\n<\/ul>\n<\/li>\n<li><strong>Capitalism as an Ideological and Moral System<\/strong>\n<ul>\n<li>Weber emphasizes that the &#8220;spirit of capitalism&#8221; is not just an economic system but an ideological and moral framework that shapes individuals&#8217; worldviews. This transformation, according to Weber, is not a simple, linear process, but a complex development of ideas and values that emerge from existing cultural conditions.<\/li>\n<li>The seminar also touches on the relationship between capitalism and traditionalism, arguing that capitalism&#8217;s rise involved a conflict with traditional ways of thinking and behaving, requiring individuals to reshape their moral and economic outlook.<\/li>\n<\/ul>\n<\/li>\n<\/ol>\n<p><strong>Conclusion<\/strong><\/p>\n<p>In this seminar, Weber\u2019s concept of the &#8220;spirit of capitalism&#8221; is explored further, with a focus on how capitalism imposes its rules on individuals, shaping their behaviors and values. Weber introduces the &#8220;Iron Cage&#8221; as a metaphor for the rigid system that capitalism creates, which forces individuals to comply with its demands. The seminar also explores how capitalism functions as both an economic system and a cultural, moral framework that individuals must adapt to in order to survive. Finally, Weber discusses the ideological transformation that capitalism triggers, contrasting it with traditional systems of thought and highlighting its complex relationship with earlier moral frameworks.<\/p>\n<p>&nbsp;<\/p>\n","protected":false},"excerpt":{"rendered":"<p>MUHAMMED FAZIL BA\u015e, MAX WEBER OKUMALARI: PROTESTAN AHLAKI VE KAPI\u0307TALI\u0307ZMI\u0307N [&hellip;]<\/p>\n","protected":false},"author":1,"featured_media":0,"parent":0,"menu_order":0,"comment_status":"closed","ping_status":"closed","template":"100-width.php","meta":{"footnotes":""},"class_list":["post-2940","page","type-page","status-publish","hentry"],"jetpack_sharing_enabled":true,"_links":{"self":[{"href":"https:\/\/klasikdusunceokulu.com\/index.php\/wp-json\/wp\/v2\/pages\/2940","targetHints":{"allow":["GET"]}}],"collection":[{"href":"https:\/\/klasikdusunceokulu.com\/index.php\/wp-json\/wp\/v2\/pages"}],"about":[{"href":"https:\/\/klasikdusunceokulu.com\/index.php\/wp-json\/wp\/v2\/types\/page"}],"author":[{"embeddable":true,"href":"https:\/\/klasikdusunceokulu.com\/index.php\/wp-json\/wp\/v2\/users\/1"}],"replies":[{"embeddable":true,"href":"https:\/\/klasikdusunceokulu.com\/index.php\/wp-json\/wp\/v2\/comments?post=2940"}],"version-history":[{"count":1,"href":"https:\/\/klasikdusunceokulu.com\/index.php\/wp-json\/wp\/v2\/pages\/2940\/revisions"}],"predecessor-version":[{"id":2941,"href":"https:\/\/klasikdusunceokulu.com\/index.php\/wp-json\/wp\/v2\/pages\/2940\/revisions\/2941"}],"wp:attachment":[{"href":"https:\/\/klasikdusunceokulu.com\/index.php\/wp-json\/wp\/v2\/media?parent=2940"}],"curies":[{"name":"wp","href":"https:\/\/api.w.org\/{rel}","templated":true}]}}