{"id":2960,"date":"2025-01-22T12:11:02","date_gmt":"2025-01-22T09:11:02","guid":{"rendered":"https:\/\/klasikdusunceokulu.com\/?page_id=2960"},"modified":"2025-04-13T01:34:31","modified_gmt":"2025-04-12T22:34:31","slug":"omer-turker-farabi-okumalari-kitabul-huruf","status":"publish","type":"page","link":"https:\/\/klasikdusunceokulu.com\/index.php\/omer-turker-farabi-okumalari-kitabul-huruf\/","title":{"rendered":"\u00d6mer T\u00fcrker, F\u00e2r\u00e2b\u00ee Okumalar\u0131: Kit\u00e2bu\u2019l-hur\u00fbf"},"content":{"rendered":"<p><span style=\"color: #3b5163;\"><a style=\"color: #3b5163;\" href=\"https:\/\/klasikdusunceokulu.com\/index.php\/omer-turker-farabi-okumalari-kitabul-huruf-1\/\" target=\"_blank\" rel=\"noopener\"><strong>\u00d6MER T\u00dcRKER, F\u00c2R\u00c2B\u00ce OKUMALARI: K\u0130TABU\u2019L-HUR\u00dbF 1. SEM\u0130NER \u00d6ZET\u0130<\/strong><\/a><\/span><\/p>\n<p><span style=\"color: #3b5163;\"><a style=\"color: #3b5163;\" href=\"https:\/\/klasikdusunceokulu.com\/index.php\/omer-turker-farabi-okumalari-kitabul-huruf-2\/\" target=\"_blank\" rel=\"noopener\"><strong>\u00d6MER T\u00dcRKER, F\u00c2R\u00c2B\u00ce OKUMALARI: K\u0130TABU\u2019L-HUR\u00dbF 2. SEM\u0130NER \u00d6ZET\u0130<\/strong><\/a><\/span><\/p>\n<p><span style=\"color: #3b5163;\"><a style=\"color: #3b5163;\" href=\"https:\/\/klasikdusunceokulu.com\/index.php\/omer-turker-farabi-okumalari-kitabul-huruf-3\/\" target=\"_blank\" rel=\"noopener\"><strong>\u00d6MER T\u00dcRKER, F\u00c2R\u00c2B\u00ce OKUMALARI: K\u0130TABU\u2019L-HUR\u00dbF 3. SEM\u0130NER \u00d6ZET\u0130<\/strong><\/a><\/span><\/p>\n<p><span style=\"color: #3b5163;\"><a style=\"color: #3b5163;\" href=\"https:\/\/klasikdusunceokulu.com\/index.php\/omer-turker-farabi-okumalari-kitabul-huruf-4\/\" target=\"_blank\" rel=\"noopener\"><strong>\u00d6MER T\u00dcRKER, F\u00c2R\u00c2B\u00ce OKUMALARI: K\u0130TABU\u2019L-HUR\u00dbF 4. SEM\u0130NER \u00d6ZET\u0130<\/strong><\/a><\/span><\/p>\n<p><span style=\"color: #3b5163;\"><a style=\"color: #3b5163;\" href=\"https:\/\/klasikdusunceokulu.com\/index.php\/omer-turker-farabi-okumalari-kitabul-huruf-5\/\" target=\"_blank\" rel=\"noopener\"><strong>\u00d6MER T\u00dcRKER, F\u00c2R\u00c2B\u00ce OKUMALARI: K\u0130TABU\u2019L-HUR\u00dbF 5. SEM\u0130NER \u00d6ZET\u0130<\/strong><\/a><\/span><\/p>\n<p><span style=\"color: #3b5163;\"><a style=\"color: #3b5163;\" href=\"https:\/\/klasikdusunceokulu.com\/index.php\/omer-turker-farabi-okumalari-kitabul-huruf-6\/\" target=\"_blank\" rel=\"noopener\"><strong>\u00d6MER T\u00dcRKER, F\u00c2R\u00c2B\u00ce OKUMALARI: K\u0130TABU\u2019L-HUR\u00dbF 6. SEM\u0130NER \u00d6ZET\u0130<\/strong><\/a><\/span><\/p>\n<p><span style=\"color: #3b5163;\"><a style=\"color: #3b5163;\" href=\"https:\/\/klasikdusunceokulu.com\/index.php\/omer-turker-farabi-okumalari-kitabul-huruf-7\/\" target=\"_blank\" rel=\"noopener\"><strong>\u00d6MER T\u00dcRKER, F\u00c2R\u00c2B\u00ce OKUMALARI: K\u0130TABU\u2019L-HUR\u00dbF 7. SEM\u0130NER \u00d6ZET\u0130<\/strong><\/a><\/span><\/p>\n<p><span style=\"color: #3b5163;\"><a style=\"color: #3b5163;\" href=\"https:\/\/klasikdusunceokulu.com\/index.php\/omer-turker-farabi-okumalari-kitabul-huruf-8\/\" target=\"_blank\" rel=\"noopener\"><strong>\u00d6MER T\u00dcRKER, F\u00c2R\u00c2B\u00ce OKUMALARI: K\u0130TABU\u2019L-HUR\u00dbF 8. SEM\u0130NER \u00d6ZET\u0130<\/strong><\/a><\/span><\/p>\n<p><span style=\"color: #3b5163;\"><a style=\"color: #3b5163;\" href=\"https:\/\/klasikdusunceokulu.com\/index.php\/omer-turker-farabi-okumalari-kitabul-huruf-9\/\" target=\"_blank\" rel=\"noopener\"><strong>\u00d6MER T\u00dcRKER, F\u00c2R\u00c2B\u00ce OKUMALARI: K\u0130TABU\u2019L-HUR\u00dbF 9. SEM\u0130NER \u00d6ZET\u0130<\/strong><\/a><\/span><\/p>\n","protected":false},"excerpt":{"rendered":"<p>\u00d6MER T\u00dcRKER, F\u00c2R\u00c2B\u00ce OKUMALARI: K\u0130TABU\u2019L-HUR\u00dbF 1. SEM\u0130NER \u00d6ZET\u0130 \u00d6MER T\u00dcRKER, [&hellip;]<\/p>\n","protected":false},"author":1,"featured_media":0,"parent":0,"menu_order":0,"comment_status":"closed","ping_status":"closed","template":"100-width.php","meta":{"footnotes":""},"class_list":["post-2960","page","type-page","status-publish","hentry"],"jetpack_sharing_enabled":true,"_links":{"self":[{"href":"https:\/\/klasikdusunceokulu.com\/index.php\/wp-json\/wp\/v2\/pages\/2960","targetHints":{"allow":["GET"]}}],"collection":[{"href":"https:\/\/klasikdusunceokulu.com\/index.php\/wp-json\/wp\/v2\/pages"}],"about":[{"href":"https:\/\/klasikdusunceokulu.com\/index.php\/wp-json\/wp\/v2\/types\/page"}],"author":[{"embeddable":true,"href":"https:\/\/klasikdusunceokulu.com\/index.php\/wp-json\/wp\/v2\/users\/1"}],"replies":[{"embeddable":true,"href":"https:\/\/klasikdusunceokulu.com\/index.php\/wp-json\/wp\/v2\/comments?post=2960"}],"version-history":[{"count":3,"href":"https:\/\/klasikdusunceokulu.com\/index.php\/wp-json\/wp\/v2\/pages\/2960\/revisions"}],"predecessor-version":[{"id":4490,"href":"https:\/\/klasikdusunceokulu.com\/index.php\/wp-json\/wp\/v2\/pages\/2960\/revisions\/4490"}],"wp:attachment":[{"href":"https:\/\/klasikdusunceokulu.com\/index.php\/wp-json\/wp\/v2\/media?parent=2960"}],"curies":[{"name":"wp","href":"https:\/\/api.w.org\/{rel}","templated":true}]}}