{"id":3045,"date":"2025-01-27T12:29:20","date_gmt":"2025-01-27T09:29:20","guid":{"rendered":"https:\/\/klasikdusunceokulu.com\/?page_id=3045"},"modified":"2025-01-27T12:29:20","modified_gmt":"2025-01-27T09:29:20","slug":"abdurrahim-kozali-el-muvafakat-43","status":"publish","type":"page","link":"https:\/\/klasikdusunceokulu.com\/index.php\/abdurrahim-kozali-el-muvafakat-43\/","title":{"rendered":"Abdurrahim Kozal\u0131: el-Muv\u00e2fak\u00e2t 43"},"content":{"rendered":"<p><strong>ABDURRAH\u0130M KOZALI: el-MUV\u00c2FAK\u00c2T 43. SEM\u0130NER \u00d6ZET\u0130<\/strong><\/p>\n<p>Bu seminer, \u0130mam \u015e\u00e2t\u0131b\u00ee\u2019nin <em>el-Muv\u00e2fak\u00e2t<\/em> adl\u0131 eserindeki <em>Del\u00e2il<\/em> (deliller) b\u00f6l\u00fcm\u00fcne giri\u015f yaparak, genel ilkeler (<em>k\u00fclliyy\u00e2t<\/em>) ile \u00f6zel h\u00fck\u00fcmler (<em>c\u00fcz\u2019iyy\u00e2t<\/em>) aras\u0131ndaki dengeyi ele al\u0131r. \u015e\u00e2t\u0131b\u00ee\u2019nin yenilik\u00e7i yakla\u015f\u0131m\u0131, \u0130slam hukukunun etik ve hukuki boyutlar\u0131n\u0131 bir araya getirerek, geleneksel f\u0131k\u0131h anlay\u0131\u015f\u0131n\u0131 dinamik bir yorumlama y\u00f6ntemiyle zenginle\u015ftirmektedir. Seminer, \u0130slam hukukunun genel ilkeleri ve \u00f6zel metinlerden \u00e7\u0131kar\u0131lan h\u00fck\u00fcmler aras\u0131ndaki ili\u015fkileri derinlemesine inceler.<\/p>\n<p><strong>Ana Temalar<\/strong><\/p>\n<ol>\n<li><strong>Hukuki Delillere Yenilik\u00e7i Yakla\u015f\u0131m<\/strong>\n<ul>\n<li>\u015e\u00e2t\u0131b\u00ee, hukuki delillerin ele al\u0131n\u0131\u015f\u0131nda b\u00fct\u00fcnc\u00fcl bir yakla\u015f\u0131m\u0131 benimseyerek, <em>k\u00fclliyy\u00e2t<\/em>\u0131 (evrensel ilkeler) temel olarak g\u00f6r\u00fcr ve ayn\u0131 zamanda \u00f6zel uygulamalar\u0131n \u00f6nemini kabul eder.<\/li>\n<li>Bu yakla\u015f\u0131m\u0131, yaln\u0131zca m\u00fcnferit h\u00fck\u00fcmlere odaklanan geleneksel y\u00f6ntemlerden ayr\u0131larak genel ilkelerin hukuk sistemine entegre edilmesini \u00f6nceler.<\/li>\n<\/ul>\n<\/li>\n<li><strong>\u0130slam Hukukunda Genel ve \u00d6zel \u0130lkeler<\/strong>\n<ul>\n<li>Seminer, genel ilkeler ile \u00f6zel h\u00fck\u00fcmler aras\u0131ndaki gerilimi analiz eder:\n<ul>\n<li><strong>\u00d6zel Deliller:<\/strong> Belirli bir duruma y\u00f6nelik bir ayet veya hadis.<\/li>\n<li><strong>Genel \u0130lkeler:<\/strong> T\u00fcmevar\u0131m yoluyla \u00e7\u0131kar\u0131lan, \u00f6rne\u011fin dinin, can\u0131n, akl\u0131n, mal\u0131n ve neslin korunmas\u0131 gibi evrensel kurallar.<\/li>\n<\/ul>\n<\/li>\n<li>\u015e\u00e2t\u0131b\u00ee, bu iki boyutun hangisinin \u00f6ncelikli olmas\u0131 gerekti\u011fi \u00fczerine detayl\u0131 bir de\u011ferlendirme sunar.<\/li>\n<\/ul>\n<\/li>\n<li><strong>T\u00fcmevar\u0131m\u0131n (<em>\u0130stikra<\/em>) Rol\u00fc<\/strong>\n<ul>\n<li>Genel ilkelerin, \u00e7e\u015fitli naslar\u0131n sistematik bir t\u00fcmevar\u0131m y\u00f6ntemiyle \u00e7\u0131kar\u0131ld\u0131\u011f\u0131n\u0131 savunur. Bu y\u00f6ntem, hukuk sisteminde uyumlu ve kapsaml\u0131 bir \u00e7er\u00e7eve olu\u015fturur.<\/li>\n<li>Ancak bu ilkelerin sabit olmad\u0131\u011f\u0131, \u00f6zel h\u00fck\u00fcmlerle uyumlu hale getirilmesi gerekti\u011fi belirtilir. Bu yakla\u015f\u0131m, \u015f\u00e2ri\u2018in (<em>hukuk koyucunun<\/em>) maksatlar\u0131 (<em>mak\u00e2s\u0131d<\/em>) ile paralellik sa\u011flamay\u0131 hedefler.<\/li>\n<\/ul>\n<\/li>\n<li><strong>Genel ve \u00d6zel H\u00fck\u00fcmlerin Dinamik \u0130li\u015fkisi<\/strong>\n<ul>\n<li>Seminer, <em>k\u00fclliyy\u00e2t<\/em> ve <em>c\u00fcz\u2019iyy\u00e2t<\/em> aras\u0131ndaki etkile\u015fimi ele al\u0131r:\n<ul>\n<li>Genel ilkeler \u00f6zel h\u00fck\u00fcmleri y\u00f6nlendirirken, baz\u0131 durumlarda genel ilkelere istisna getirerek \u00f6zel durumlar \u00f6n plana \u00e7\u0131kar\u0131labilir.<\/li>\n<li>\u00d6rne\u011fin, <em>rib\u00e2<\/em>-ya benzeyen i\u015flemler gibi baz\u0131 \u00f6zel s\u00f6zle\u015fmelerde (<em>mudaraba<\/em> gibi) genel ilkenin esnetilmesi, pratik ihtiya\u00e7lara yan\u0131t verme a\u00e7\u0131s\u0131ndan de\u011ferlidir.<\/li>\n<\/ul>\n<\/li>\n<\/ul>\n<\/li>\n<li><strong>Hukuki Yorumu Dengede Tutma<\/strong>\n<ul>\n<li>\u015e\u00e2t\u0131b\u00ee, genel ve \u00f6zel h\u00fck\u00fcmler aras\u0131nda bir denge kurman\u0131n dikkatli bir hukuki yorum (<em>ictihad<\/em>) s\u00fcrecini gerektirdi\u011fini vurgular.<\/li>\n<li>Bu denge, genel ilkelerin sayg\u0131 g\u00f6rd\u00fc\u011f\u00fc, ancak \u00f6zel h\u00fck\u00fcmlerin pratik ger\u00e7ekliklere uygun \u015fekilde uyguland\u0131\u011f\u0131 bir hukuk anlay\u0131\u015f\u0131n\u0131 m\u00fcmk\u00fcn k\u0131lar.<\/li>\n<\/ul>\n<\/li>\n<\/ol>\n<p><strong>Sonu\u00e7<\/strong><\/p>\n<p>Bu seminer, \u015e\u00e2t\u0131b\u00ee\u2019nin genel ilkeler ile \u00f6zel h\u00fck\u00fcmleri uyumlu hale getiren yakla\u015f\u0131m\u0131n\u0131 detayland\u0131r\u0131r ve \u0130slam hukukunun temelindeki <em>mak\u00e2s\u0131d<\/em>\u0131n vurgusunu \u00f6n plana \u00e7\u0131kar\u0131r. \u015e\u00e2t\u0131b\u00ee\u2019nin dinamik f\u0131k\u0131h y\u00f6ntemi, hukuki formalizme meydan okuyarak etik de\u011ferlerle hukuki ilkeleri birle\u015ftirir. Bu y\u00f6ntem, \u0130slam hukukunun b\u00fct\u00fcnl\u00fc\u011f\u00fcn\u00fc korurken \u00e7e\u015fitli ba\u011flamlara uyarlanabilirli\u011fini de garanti eder.<\/p>\n<p>&nbsp;<\/p>\n<p>&nbsp;<\/p>\n<p>This seminar introduces the <em>Del\u0101\u02beil<\/em> (evidences) section of Im\u0101m al-Sh\u0101\u1e6dib\u012b\u2019s <em>al-Muw\u0101faq\u0101t<\/em>, focusing on the balance between general principles (<em>kulliyy\u0101t<\/em>) and particular rulings (<em>juz\u02beiyy\u0101t<\/em>). Al-Sh\u0101\u1e6dib\u012b\u2019s innovative approach emphasizes integrating ethics and law by blending traditional Islamic jurisprudence with a dynamic interpretative method. This seminar addresses the dynamic interplay between the overarching principles of Islamic law and specific textual rulings.<\/p>\n<p><strong>Key Themes<\/strong><\/p>\n<ol>\n<li><strong>Innovative Approach to Legal Evidence<\/strong>\n<ul>\n<li>Al-Sh\u0101\u1e6dib\u012b adopts a holistic perspective in his treatment of legal evidence, considering <em>kulliyy\u0101t<\/em> (universal principles) as foundational while acknowledging the importance of specific applications.<\/li>\n<li>His methodology departs from traditional jurisprudential approaches by integrating overarching principles rather than focusing solely on isolated rulings.<\/li>\n<\/ul>\n<\/li>\n<li><strong>The General and the Particular in Islamic Jurisprudence<\/strong>\n<ul>\n<li>The seminar explores the tension between general principles derived from multiple texts and specific rulings tied to individual cases.<\/li>\n<li>Al-Sh\u0101\u1e6dib\u012b examines whether general principles should take precedence over specific rulings or vice versa. For example:\n<ul>\n<li><strong>Particular Evidence:<\/strong> A specific verse or hadith guiding a single case.<\/li>\n<li><strong>General Principles:<\/strong> Universal rules derived through inductive reasoning, such as the preservation of religion, life, intellect, wealth, and lineage.<\/li>\n<\/ul>\n<\/li>\n<\/ul>\n<\/li>\n<li><strong>The Role of Induction (<em>Istiqr\u0101\u02be<\/em>)<\/strong>\n<ul>\n<li>Al-Sh\u0101\u1e6dib\u012b argues that general principles are derived through systematic induction of various texts, creating cohesive and comprehensive legal frameworks.<\/li>\n<li>However, these principles are not static and must be reconciled with particular rulings to ensure they align with the objectives (<em>maq\u0101\u1e63id<\/em>) of the lawgiver.<\/li>\n<\/ul>\n<\/li>\n<li><strong>The Dynamic Relationship Between General and Particular Rulings<\/strong>\n<ul>\n<li>The seminar highlights the interplay between <em>kulliyy\u0101t<\/em> and <em>juz\u02beiyy\u0101t<\/em>:\n<ul>\n<li>General principles govern particulars, but specific cases may occasionally require deviations to achieve broader legal objectives.<\/li>\n<li>For instance, exceptions such as <em>rib\u0101<\/em>-like transactions in particular contracts (e.g., <em>mudarabah<\/em>) demonstrate how specific rulings adapt general principles to practical needs.<\/li>\n<\/ul>\n<\/li>\n<\/ul>\n<\/li>\n<li><strong>The Balance of Legal Interpretation<\/strong>\n<ul>\n<li>Al-Sh\u0101\u1e6dib\u012b emphasizes that achieving a balance between general and specific requires careful legal interpretation (<em>ijtih\u0101d<\/em>).<\/li>\n<li>This balance ensures that overarching objectives are respected while accommodating practical realities of particular rulings.<\/li>\n<\/ul>\n<\/li>\n<\/ol>\n<p><strong>Conclusion<\/strong><\/p>\n<p>This seminar underscores Al-Sh\u0101\u1e6dib\u012b\u2019s method of harmonizing general principles with specific rulings to reflect the broader maq\u0101\u1e63id of Islamic law. His dynamic approach to jurisprudence challenges rigid formalism and seeks a balance that respects the interplay between ethical imperatives and legal mandates. This methodology not only preserves the integrity of Islamic law but also ensures its adaptability across various contexts.<\/p>\n<p>&nbsp;<\/p>\n","protected":false},"excerpt":{"rendered":"<p>ABDURRAH\u0130M KOZALI: el-MUV\u00c2FAK\u00c2T 43. SEM\u0130NER \u00d6ZET\u0130 Bu seminer, \u0130mam \u015e\u00e2t\u0131b\u00ee\u2019nin [&hellip;]<\/p>\n","protected":false},"author":1,"featured_media":0,"parent":0,"menu_order":0,"comment_status":"closed","ping_status":"closed","template":"100-width.php","meta":{"footnotes":""},"class_list":["post-3045","page","type-page","status-publish","hentry"],"jetpack_sharing_enabled":true,"_links":{"self":[{"href":"https:\/\/klasikdusunceokulu.com\/index.php\/wp-json\/wp\/v2\/pages\/3045","targetHints":{"allow":["GET"]}}],"collection":[{"href":"https:\/\/klasikdusunceokulu.com\/index.php\/wp-json\/wp\/v2\/pages"}],"about":[{"href":"https:\/\/klasikdusunceokulu.com\/index.php\/wp-json\/wp\/v2\/types\/page"}],"author":[{"embeddable":true,"href":"https:\/\/klasikdusunceokulu.com\/index.php\/wp-json\/wp\/v2\/users\/1"}],"replies":[{"embeddable":true,"href":"https:\/\/klasikdusunceokulu.com\/index.php\/wp-json\/wp\/v2\/comments?post=3045"}],"version-history":[{"count":1,"href":"https:\/\/klasikdusunceokulu.com\/index.php\/wp-json\/wp\/v2\/pages\/3045\/revisions"}],"predecessor-version":[{"id":3046,"href":"https:\/\/klasikdusunceokulu.com\/index.php\/wp-json\/wp\/v2\/pages\/3045\/revisions\/3046"}],"wp:attachment":[{"href":"https:\/\/klasikdusunceokulu.com\/index.php\/wp-json\/wp\/v2\/media?parent=3045"}],"curies":[{"name":"wp","href":"https:\/\/api.w.org\/{rel}","templated":true}]}}