{"id":3080,"date":"2025-01-27T12:46:09","date_gmt":"2025-01-27T09:46:09","guid":{"rendered":"https:\/\/klasikdusunceokulu.com\/?page_id=3080"},"modified":"2025-04-13T01:54:24","modified_gmt":"2025-04-12T22:54:24","slug":"esref-altas-serhul-isarat-okumalari","status":"publish","type":"page","link":"https:\/\/klasikdusunceokulu.com\/index.php\/esref-altas-serhul-isarat-okumalari\/","title":{"rendered":"E\u015fref Alta\u015f, \u015eerhu\u2019l-\u0130\u015f\u00e2r\u00e2t Okumalar\u0131"},"content":{"rendered":"<p><a href=\"https:\/\/klasikdusunceokulu.com\/index.php\/esref-altas-serhul-isarat-okumalari-1\/\" target=\"_blank\" rel=\"noopener\"><span style=\"color: #3b5163;\"><strong>E\u015eREF ALTA\u015e: \u015eERHU\u2019L-\u0130\u015e\u00c2R\u00c2T OKUMALARI 1. SEM\u0130NER \u00d6ZET\u0130<\/strong><\/span><\/a><\/p>\n<p><a href=\"https:\/\/klasikdusunceokulu.com\/index.php\/esref-altas-serhul-isarat-okumalari-2\/\" target=\"_blank\" rel=\"noopener\"><span style=\"color: #3b5163;\"><strong>E\u015eREF ALTA\u015e: \u015eERHU\u2019L-\u0130\u015e\u00c2R\u00c2T OKUMALARI 2. SEM\u0130NER \u00d6ZET\u0130<\/strong><\/span><\/a><\/p>\n<p><a href=\"https:\/\/klasikdusunceokulu.com\/index.php\/esref-altas-serhul-isarat-okumalari-3\/\" target=\"_blank\" rel=\"noopener\"><span style=\"color: #3b5163;\"><strong>E\u015eREF ALTA\u015e: \u015eERHU\u2019L-\u0130\u015e\u00c2R\u00c2T OKUMALARI 3. SEM\u0130NER \u00d6ZET\u0130<\/strong><\/span><\/a><\/p>\n<p><span style=\"color: #3b5163;\"><strong>E\u015eREF ALTA\u015e: \u015eERHU\u2019L-\u0130\u015e\u00c2R\u00c2T OKUMALARI 4. SEM\u0130NER \u00d6ZET\u0130<\/strong><\/span><\/p>\n<p><a href=\"https:\/\/klasikdusunceokulu.com\/index.php\/esref-altas-serhul-isarat-okumalari-5\/\" target=\"_blank\" rel=\"noopener\"><span style=\"color: #3b5163;\"><strong>E\u015eREF ALTA\u015e: \u015eERHU\u2019L-\u0130\u015e\u00c2R\u00c2T OKUMALARI 5. SEM\u0130NER \u00d6ZET\u0130<\/strong><\/span><\/a><\/p>\n<p><span style=\"color: #3b5163;\"><strong>E\u015eREF ALTA\u015e: \u015eERHU\u2019L-\u0130\u015e\u00c2R\u00c2T OKUMALARI 6. SEM\u0130NER \u00d6ZET\u0130<\/strong><\/span><\/p>\n<p><span style=\"color: #3b5163;\"><strong>E\u015eREF ALTA\u015e: \u015eERHU\u2019L-\u0130\u015e\u00c2R\u00c2T OKUMALARI 7. SEM\u0130NER \u00d6ZET\u0130<\/strong><\/span><\/p>\n<p><a href=\"https:\/\/klasikdusunceokulu.com\/index.php\/esref-altas-serhul-isarat-okumalari-8\/\" target=\"_blank\" rel=\"noopener\"><span style=\"color: #3b5163;\"><strong>E\u015eREF ALTA\u015e: \u015eERHU\u2019L-\u0130\u015e\u00c2R\u00c2T OKUMALARI 8. SEM\u0130NER \u00d6ZET\u0130<\/strong><\/span><\/a><\/p>\n<p><a href=\"https:\/\/klasikdusunceokulu.com\/index.php\/esref-altas-serhul-isarat-okumalari-9\/\" target=\"_blank\" rel=\"noopener\"><span style=\"color: #3b5163;\"><strong>E\u015eREF ALTA\u015e: \u015eERHU\u2019L-\u0130\u015e\u00c2R\u00c2T OKUMALARI 9. SEM\u0130NER \u00d6ZET\u0130<\/strong><\/span><\/a><\/p>\n<p><a href=\"https:\/\/klasikdusunceokulu.com\/index.php\/esref-altas-serhul-isarat-okumalari-10\/\" target=\"_blank\" rel=\"noopener\"><span style=\"color: #3b5163;\"><strong>E\u015eREF ALTA\u015e: \u015eERHU\u2019L-\u0130\u015e\u00c2R\u00c2T OKUMALARI 10. SEM\u0130NER \u00d6ZET\u0130<\/strong><\/span><\/a><\/p>\n<p><a href=\"https:\/\/klasikdusunceokulu.com\/index.php\/esref-altas-serhul-isarat-okumalari-11\/\"><span style=\"color: #3b5163;\"><strong>E\u015eREF ALTA\u015e: \u015eERHU\u2019L-\u0130\u015e\u00c2R\u00c2T OKUMALARI 11. SEM\u0130NER \u00d6ZET\u0130<\/strong><\/span><\/a><\/p>\n<p><a href=\"https:\/\/klasikdusunceokulu.com\/index.php\/esref-altas-serhul-isarat-okumalari-12\/\"><span style=\"color: #3b5163;\"><strong>E\u015eREF ALTA\u015e: \u015eERHU\u2019L-\u0130\u015e\u00c2R\u00c2T OKUMALARI 12. SEM\u0130NER \u00d6ZET\u0130<\/strong><\/span><\/a><\/p>\n<p><a href=\"https:\/\/klasikdusunceokulu.com\/index.php\/esref-altas-serhul-isarat-okumalari-13\/\"><span style=\"color: #3b5163;\"><strong>E\u015eREF ALTA\u015e: \u015eERHU\u2019L-\u0130\u015e\u00c2R\u00c2T OKUMALARI 13. SEM\u0130NER \u00d6ZET\u0130<\/strong><\/span><\/a><\/p>\n<p><span style=\"color: #3b5163;\"><strong>E\u015eREF ALTA\u015e: \u015eERHU\u2019L-\u0130\u015e\u00c2R\u00c2T OKUMALARI 14. SEM\u0130NER \u00d6ZET\u0130<\/strong><\/span><\/p>\n<p><a href=\"https:\/\/klasikdusunceokulu.com\/index.php\/esref-altas-teftazani-okumalari-serhul-akaid-15\/\"><span style=\"color: #3b5163;\"><strong>E\u015eREF ALTA\u015e: \u015eERHU\u2019L-\u0130\u015e\u00c2R\u00c2T OKUMALARI 15. SEM\u0130NER \u00d6ZET\u0130<\/strong><\/span><\/a><\/p>\n<p><a href=\"https:\/\/klasikdusunceokulu.com\/index.php\/esref-altas-teftazani-okumalari-serhul-akaid-16\/\"><span style=\"color: #3b5163;\"><strong>E\u015eREF ALTA\u015e: \u015eERHU\u2019L-\u0130\u015e\u00c2R\u00c2T OKUMALARI 16. SEM\u0130NER \u00d6ZET\u0130<\/strong><\/span><\/a><\/p>\n<p><a href=\"https:\/\/klasikdusunceokulu.com\/index.php\/esref-altas-teftazani-okumalari-serhul-akaid-17\/\"><span style=\"color: #3b5163;\"><strong>E\u015eREF ALTA\u015e: \u015eERHU\u2019L-\u0130\u015e\u00c2R\u00c2T OKUMALARI 17. SEM\u0130NER \u00d6ZET\u0130<\/strong><\/span><\/a><\/p>\n<p><a href=\"https:\/\/klasikdusunceokulu.com\/index.php\/esref-altas-teftazani-okumalari-serhul-akaid-18\/\"><span style=\"color: #3b5163;\"><strong>E\u015eREF ALTA\u015e: \u015eERHU\u2019L-\u0130\u015e\u00c2R\u00c2T OKUMALARI 18. SEM\u0130NER \u00d6ZET\u0130<\/strong><\/span><\/a><\/p>\n<p><a href=\"https:\/\/klasikdusunceokulu.com\/index.php\/esref-altas-teftazani-okumalari-serhul-akaid-19\/\"><span style=\"color: #3b5163;\"><strong>E\u015eREF ALTA\u015e: \u015eERHU\u2019L-\u0130\u015e\u00c2R\u00c2T OKUMALARI 19. SEM\u0130NER \u00d6ZET\u0130<\/strong><\/span><\/a><\/p>\n<p><a href=\"https:\/\/klasikdusunceokulu.com\/index.php\/esref-altas-teftazani-okumalari-serhul-akaid-20\/\"><span style=\"color: #3b5163;\"><strong>E\u015eREF ALTA\u015e: \u015eERHU\u2019L-\u0130\u015e\u00c2R\u00c2T OKUMALARI 20. SEM\u0130NER \u00d6ZET\u0130<\/strong><\/span><\/a><\/p>\n<p><a href=\"https:\/\/klasikdusunceokulu.com\/index.php\/esref-altas-teftazani-okumalari-serhul-akaid-21\/\"><span style=\"color: #3b5163;\"><strong>E\u015eREF ALTA\u015e: \u015eERHU\u2019L-\u0130\u015e\u00c2R\u00c2T OKUMALARI 21. SEM\u0130NER \u00d6ZET\u0130<\/strong><\/span><\/a><\/p>\n<p><a href=\"https:\/\/klasikdusunceokulu.com\/index.php\/esref-altas-teftazani-okumalari-serhul-akaid-22\/\"><span style=\"color: #3b5163;\"><strong>E\u015eREF ALTA\u015e: \u015eERHU\u2019L-\u0130\u015e\u00c2R\u00c2T OKUMALARI 22. SEM\u0130NER \u00d6ZET\u0130<\/strong><\/span><\/a><\/p>\n<p>&nbsp;<\/p>\n","protected":false},"excerpt":{"rendered":"<p>E\u015eREF ALTA\u015e: \u015eERHU\u2019L-\u0130\u015e\u00c2R\u00c2T OKUMALARI 1. SEM\u0130NER \u00d6ZET\u0130 E\u015eREF ALTA\u015e: \u015eERHU\u2019L-\u0130\u015e\u00c2R\u00c2T [&hellip;]<\/p>\n","protected":false},"author":1,"featured_media":0,"parent":0,"menu_order":0,"comment_status":"closed","ping_status":"closed","template":"100-width.php","meta":{"footnotes":""},"class_list":["post-3080","page","type-page","status-publish","hentry"],"jetpack_sharing_enabled":true,"_links":{"self":[{"href":"https:\/\/klasikdusunceokulu.com\/index.php\/wp-json\/wp\/v2\/pages\/3080","targetHints":{"allow":["GET"]}}],"collection":[{"href":"https:\/\/klasikdusunceokulu.com\/index.php\/wp-json\/wp\/v2\/pages"}],"about":[{"href":"https:\/\/klasikdusunceokulu.com\/index.php\/wp-json\/wp\/v2\/types\/page"}],"author":[{"embeddable":true,"href":"https:\/\/klasikdusunceokulu.com\/index.php\/wp-json\/wp\/v2\/users\/1"}],"replies":[{"embeddable":true,"href":"https:\/\/klasikdusunceokulu.com\/index.php\/wp-json\/wp\/v2\/comments?post=3080"}],"version-history":[{"count":3,"href":"https:\/\/klasikdusunceokulu.com\/index.php\/wp-json\/wp\/v2\/pages\/3080\/revisions"}],"predecessor-version":[{"id":4496,"href":"https:\/\/klasikdusunceokulu.com\/index.php\/wp-json\/wp\/v2\/pages\/3080\/revisions\/4496"}],"wp:attachment":[{"href":"https:\/\/klasikdusunceokulu.com\/index.php\/wp-json\/wp\/v2\/media?parent=3080"}],"curies":[{"name":"wp","href":"https:\/\/api.w.org\/{rel}","templated":true}]}}