{"id":3339,"date":"2025-02-26T15:03:55","date_gmt":"2025-02-26T12:03:55","guid":{"rendered":"https:\/\/klasikdusunceokulu.com\/?page_id=3339"},"modified":"2025-04-13T04:13:54","modified_gmt":"2025-04-13T01:13:54","slug":"mesut-kaya-tefsir-okumalari-taberi-camiul-beyan","status":"publish","type":"page","link":"https:\/\/klasikdusunceokulu.com\/index.php\/mesut-kaya-tefsir-okumalari-taberi-camiul-beyan\/","title":{"rendered":"Mesut Kaya, Tefsir Okumalar\u0131: Taber\u00ee, C\u00e2miu\u2019l-bey\u00e2n"},"content":{"rendered":"<p><a href=\"https:\/\/klasikdusunceokulu.com\/index.php\/mesut-kaya-tefsir-okumalari-taberi-camiul-beyan-1-seminer\/\"><span style=\"color: #3b5163;\"><strong>MESUT KAYA, TEFS\u0130R OKUMALARI: TABER\u0130, C\u00c2M\u0130U\u2019L-BEY\u00c2N 1. SEM\u0130NER \u00d6ZET\u0130<\/strong><\/span><\/a><\/p>\n<p><a href=\"https:\/\/klasikdusunceokulu.com\/index.php\/mesut-kaya-tefsir-okumalari-taberi-camiul-beyan-2-seminer\/\"><span style=\"color: #3b5163;\"><strong>MESUT KAYA, TEFS\u0130R OKUMALARI: TABER\u0130, C\u00c2M\u0130U\u2019L-BEY\u00c2N 2. SEM\u0130NER \u00d6ZET\u0130<\/strong><\/span><\/a><\/p>\n<p><a href=\"https:\/\/klasikdusunceokulu.com\/index.php\/mesut-kaya-tefsir-okumalari-taberi-camiul-beyan-3-seminer\/\"><span style=\"color: #3b5163;\"><strong>MESUT KAYA, TEFS\u0130R OKUMALARI: TABER\u0130, C\u00c2M\u0130U\u2019L-BEY\u00c2N 3. SEM\u0130NER \u00d6ZET\u0130<\/strong><\/span><\/a><\/p>\n<p><a href=\"https:\/\/klasikdusunceokulu.com\/index.php\/mesut-kaya-tefsir-okumalari-taberi-camiul-beyan-4-seminer\/\"><span style=\"color: #3b5163;\"><strong>MESUT KAYA, TEFS\u0130R OKUMALARI: TABER\u0130, C\u00c2M\u0130U\u2019L-BEY\u00c2N 4. SEM\u0130NER \u00d6ZET\u0130<\/strong><\/span><\/a><\/p>\n<p><span style=\"color: #3b5163;\"><strong>MESUT KAYA, TEFS\u0130R OKUMALARI: TABER\u0130, C\u00c2M\u0130U\u2019L-BEY\u00c2N 5. SEM\u0130NER \u00d6ZET\u0130<\/strong><\/span><\/p>\n<p><span style=\"color: #3b5163;\"><strong>MESUT KAYA, TEFS\u0130R OKUMALARI: TABER\u0130, C\u00c2M\u0130U\u2019L-BEY\u00c2N 6. SEM\u0130NER \u00d6ZET\u0130<\/strong><\/span><\/p>\n<p><a href=\"https:\/\/klasikdusunceokulu.com\/index.php\/mesut-kaya-tefsir-okumalari-taberi-camiul-beyan-7-seminer\/\"><span style=\"color: #3b5163;\"><strong>MESUT KAYA, TEFS\u0130R OKUMALARI: TABER\u0130, C\u00c2M\u0130U\u2019L-BEY\u00c2N 7. SEM\u0130NER \u00d6ZET\u0130<\/strong><\/span><\/a><\/p>\n<p><a href=\"https:\/\/klasikdusunceokulu.com\/index.php\/mesut-kaya-tefsir-okumalari-taberi-camiul-beyan-8-seminer\/\"><span style=\"color: #3b5163;\"><strong>MESUT KAYA, TEFS\u0130R OKUMALARI: TABER\u0130, C\u00c2M\u0130U\u2019L-BEY\u00c2N 8. SEM\u0130NER \u00d6ZET\u0130<\/strong><\/span><\/a><\/p>\n","protected":false},"excerpt":{"rendered":"<p>MESUT KAYA, TEFS\u0130R OKUMALARI: TABER\u0130, C\u00c2M\u0130U\u2019L-BEY\u00c2N 1. SEM\u0130NER \u00d6ZET\u0130 MESUT [&hellip;]<\/p>\n","protected":false},"author":1,"featured_media":0,"parent":0,"menu_order":0,"comment_status":"closed","ping_status":"closed","template":"100-width.php","meta":{"footnotes":""},"class_list":["post-3339","page","type-page","status-publish","hentry"],"jetpack_sharing_enabled":true,"_links":{"self":[{"href":"https:\/\/klasikdusunceokulu.com\/index.php\/wp-json\/wp\/v2\/pages\/3339","targetHints":{"allow":["GET"]}}],"collection":[{"href":"https:\/\/klasikdusunceokulu.com\/index.php\/wp-json\/wp\/v2\/pages"}],"about":[{"href":"https:\/\/klasikdusunceokulu.com\/index.php\/wp-json\/wp\/v2\/types\/page"}],"author":[{"embeddable":true,"href":"https:\/\/klasikdusunceokulu.com\/index.php\/wp-json\/wp\/v2\/users\/1"}],"replies":[{"embeddable":true,"href":"https:\/\/klasikdusunceokulu.com\/index.php\/wp-json\/wp\/v2\/comments?post=3339"}],"version-history":[{"count":3,"href":"https:\/\/klasikdusunceokulu.com\/index.php\/wp-json\/wp\/v2\/pages\/3339\/revisions"}],"predecessor-version":[{"id":4548,"href":"https:\/\/klasikdusunceokulu.com\/index.php\/wp-json\/wp\/v2\/pages\/3339\/revisions\/4548"}],"wp:attachment":[{"href":"https:\/\/klasikdusunceokulu.com\/index.php\/wp-json\/wp\/v2\/media?parent=3339"}],"curies":[{"name":"wp","href":"https:\/\/api.w.org\/{rel}","templated":true}]}}