{"id":3344,"date":"2025-02-26T15:06:57","date_gmt":"2025-02-26T12:06:57","guid":{"rendered":"https:\/\/klasikdusunceokulu.com\/?page_id=3344"},"modified":"2025-04-13T04:18:24","modified_gmt":"2025-04-13T01:18:24","slug":"m-taha-boyalik-tefsir-okumalari-zemahseri-el-kessaf","status":"publish","type":"page","link":"https:\/\/klasikdusunceokulu.com\/index.php\/m-taha-boyalik-tefsir-okumalari-zemahseri-el-kessaf\/","title":{"rendered":"M. Taha Boyal\u0131k, Tefsir Okumalar\u0131: Zemah\u015fer\u00ee, el-Ke\u015f\u015f\u00e2f,"},"content":{"rendered":"<p><a href=\"https:\/\/klasikdusunceokulu.com\/index.php\/m-taha-boyalik-tefsir-okumalari-zemahseri-el-kessaf-1-seminer\/\"><span style=\"color: #3b5163;\"><strong>M. TAHA BOYALIK, TEFS\u0130R OKUMALARI: ZEMAH\u015eER\u00ce, EL KE\u015e\u015e\u00c2F 1. SEM\u0130NER \u00d6ZET\u0130<\/strong><\/span><\/a><\/p>\n<p><a href=\"https:\/\/klasikdusunceokulu.com\/index.php\/m-taha-boyalik-tefsir-okumalari-zemahseri-el-kessaf-2-seminer\/\"><span style=\"color: #3b5163;\"><strong>M. TAHA BOYALIK, TEFS\u0130R OKUMALARI: ZEMAH\u015eER\u00ce, EL KE\u015e\u015e\u00c2F 2. SEM\u0130NER \u00d6ZET\u0130<\/strong><\/span><\/a><\/p>\n<p><a href=\"https:\/\/klasikdusunceokulu.com\/index.php\/m-taha-boyalik-tefsir-okumalari-zemahseri-el-kessaf-3-seminer\/\"><span style=\"color: #3b5163;\"><strong>M. TAHA BOYALIK, TEFS\u0130R OKUMALARI: ZEMAH\u015eER\u00ce, EL KE\u015e\u015e\u00c2F 3. SEM\u0130NER \u00d6ZET\u0130<\/strong><\/span><\/a><\/p>\n<p><a href=\"https:\/\/klasikdusunceokulu.com\/index.php\/m-taha-boyalik-tefsir-okumalari-zemahseri-el-kessaf-4-seminer\/\"><span style=\"color: #3b5163;\"><strong>M. TAHA BOYALIK, TEFS\u0130R OKUMALARI: ZEMAH\u015eER\u00ce, EL KE\u015e\u015e\u00c2F 4. SEM\u0130NER \u00d6ZET\u0130<\/strong><\/span><\/a><\/p>\n<p><a href=\"https:\/\/klasikdusunceokulu.com\/index.php\/m-taha-boyalik-tefsir-okumalari-zemahseri-el-kessaf-5-seminer\/\"><span style=\"color: #3b5163;\"><strong>M. TAHA BOYALIK, TEFS\u0130R OKUMALARI: ZEMAH\u015eER\u00ce, EL KE\u015e\u015e\u00c2F 5. SEM\u0130NER \u00d6ZET\u0130<\/strong><\/span><\/a><\/p>\n<p><span style=\"color: #3b5163;\"><strong>M. TAHA BOYALIK, TEFS\u0130R OKUMALARI: ZEMAH\u015eER\u00ce, EL KE\u015e\u015e\u00c2F 6. SEM\u0130NER \u00d6ZET\u0130<\/strong><\/span><\/p>\n<p><span style=\"color: #3b5163;\"><strong>M. TAHA BOYALIK, TEFS\u0130R OKUMALARI: ZEMAH\u015eER\u00ce, EL KE\u015e\u015e\u00c2F 7. SEM\u0130NER \u00d6ZET\u0130<\/strong><\/span><\/p>\n<p><a href=\"https:\/\/klasikdusunceokulu.com\/index.php\/m-taha-boyalik-tefsir-okumalari-zemahseri-el-kessaf-8-seminer\/\"><span style=\"color: #3b5163;\"><strong>M. TAHA BOYALIK, TEFS\u0130R OKUMALARI: ZEMAH\u015eER\u00ce, EL KE\u015e\u015e\u00c2F 8. SEM\u0130NER \u00d6ZET\u0130<\/strong><\/span><\/a><\/p>\n<p><a href=\"https:\/\/klasikdusunceokulu.com\/index.php\/m-taha-boyalik-tefsir-okumalari-zemahseri-el-kessaf-9-seminer\/\"><span style=\"color: #3b5163;\"><strong>M. TAHA BOYALIK, TEFS\u0130R OKUMALARI: ZEMAH\u015eER\u00ce, EL KE\u015e\u015e\u00c2F 9. SEM\u0130NER \u00d6ZET\u0130<\/strong><\/span><\/a><\/p>\n<p><a href=\"https:\/\/klasikdusunceokulu.com\/index.php\/m-taha-boyalik-tefsir-okumalari-zemahseri-el-kessaf-10-seminer\/\"><span style=\"color: #3b5163;\"><strong>M. TAHA BOYALIK, TEFS\u0130R OKUMALARI: ZEMAH\u015eER\u00ce, EL KE\u015e\u015e\u00c2F 10. SEM\u0130NER \u00d6ZET\u0130<\/strong><\/span><\/a><\/p>\n<p><a href=\"https:\/\/klasikdusunceokulu.com\/index.php\/m-taha-boyalik-tefsir-okumalari-zemahseri-el-kessaf-11-seminer\/\"><span style=\"color: #3b5163;\"><strong>M. TAHA BOYALIK, TEFS\u0130R OKUMALARI: ZEMAH\u015eER\u00ce, EL KE\u015e\u015e\u00c2F 11. SEM\u0130NER \u00d6ZET\u0130<\/strong><\/span><\/a><\/p>\n<p><a href=\"https:\/\/klasikdusunceokulu.com\/index.php\/m-taha-boyalik-tefsir-okumalari-zemahseri-el-kessaf-12-seminer\/\"><span style=\"color: #3b5163;\"><strong>M. TAHA BOYALIK, TEFS\u0130R OKUMALARI: ZEMAH\u015eER\u00ce, EL KE\u015e\u015e\u00c2F 12. SEM\u0130NER \u00d6ZET\u0130<\/strong><\/span><\/a><\/p>\n<p><a href=\"https:\/\/klasikdusunceokulu.com\/index.php\/m-taha-boyalik-tefsir-okumalari-zemahseri-el-kessaf-13-seminer\/\"><span style=\"color: #3b5163;\"><strong>M. TAHA BOYALIK, TEFS\u0130R OKUMALARI: ZEMAH\u015eER\u00ce, EL KE\u015e\u015e\u00c2F 13. SEM\u0130NER \u00d6ZET\u0130<\/strong><\/span><\/a><\/p>\n<p><a href=\"https:\/\/klasikdusunceokulu.com\/index.php\/m-taha-boyalik-tefsir-okumalari-zemahseri-el-kessaf-14-seminer\/\"><span style=\"color: #3b5163;\"><strong>M. TAHA BOYALIK, TEFS\u0130R OKUMALARI: ZEMAH\u015eER\u00ce, EL KE\u015e\u015e\u00c2F 14. SEM\u0130NER \u00d6ZET\u0130<\/strong><\/span><\/a><\/p>\n","protected":false},"excerpt":{"rendered":"<p>M. TAHA BOYALIK, TEFS\u0130R OKUMALARI: ZEMAH\u015eER\u00ce, EL KE\u015e\u015e\u00c2F 1. SEM\u0130NER [&hellip;]<\/p>\n","protected":false},"author":1,"featured_media":0,"parent":0,"menu_order":0,"comment_status":"closed","ping_status":"closed","template":"100-width.php","meta":{"footnotes":""},"class_list":["post-3344","page","type-page","status-publish","hentry"],"jetpack_sharing_enabled":true,"_links":{"self":[{"href":"https:\/\/klasikdusunceokulu.com\/index.php\/wp-json\/wp\/v2\/pages\/3344","targetHints":{"allow":["GET"]}}],"collection":[{"href":"https:\/\/klasikdusunceokulu.com\/index.php\/wp-json\/wp\/v2\/pages"}],"about":[{"href":"https:\/\/klasikdusunceokulu.com\/index.php\/wp-json\/wp\/v2\/types\/page"}],"author":[{"embeddable":true,"href":"https:\/\/klasikdusunceokulu.com\/index.php\/wp-json\/wp\/v2\/users\/1"}],"replies":[{"embeddable":true,"href":"https:\/\/klasikdusunceokulu.com\/index.php\/wp-json\/wp\/v2\/comments?post=3344"}],"version-history":[{"count":3,"href":"https:\/\/klasikdusunceokulu.com\/index.php\/wp-json\/wp\/v2\/pages\/3344\/revisions"}],"predecessor-version":[{"id":4550,"href":"https:\/\/klasikdusunceokulu.com\/index.php\/wp-json\/wp\/v2\/pages\/3344\/revisions\/4550"}],"wp:attachment":[{"href":"https:\/\/klasikdusunceokulu.com\/index.php\/wp-json\/wp\/v2\/media?parent=3344"}],"curies":[{"name":"wp","href":"https:\/\/api.w.org\/{rel}","templated":true}]}}