{"id":3350,"date":"2025-02-26T15:29:56","date_gmt":"2025-02-26T12:29:56","guid":{"rendered":"https:\/\/klasikdusunceokulu.com\/?page_id=3350"},"modified":"2025-02-26T15:29:56","modified_gmt":"2025-02-26T12:29:56","slug":"m-taha-boyalik-tefsir-okumalari-zemahseri-el-kessaf-10-seminer","status":"publish","type":"page","link":"https:\/\/klasikdusunceokulu.com\/index.php\/m-taha-boyalik-tefsir-okumalari-zemahseri-el-kessaf-10-seminer\/","title":{"rendered":"M. Taha Boyal\u0131k, Tefsir Okumalar\u0131: Zemah\u015fer\u00ee, el-Ke\u015f\u015f\u00e2f, 10. Seminer"},"content":{"rendered":"<p><strong>M. TAHA BOYALIK, TEFS\u0130R OKUMALARI: ZEMAH\u015eER\u00ce, EL KE\u015e\u015e\u00c2F 10. SEM\u0130NER \u00d6ZET\u0130<\/strong><\/p>\n<p>Bu seminer, Zemah\u015fer\u00ee\u2019nin <em>el-Ke\u015f\u015f\u00e2f<\/em> adl\u0131 tefsir eserindeki dilsel ve teolojik analizleri detayland\u0131rmaktad\u0131r. \u00d6zellikle &#8220;Elhamd\u00fclillah&#8221; ifadesi ve bu ifadenin dilbilgisi, anlam katmanlar\u0131 ve k\u0131raat farkl\u0131l\u0131klar\u0131 ba\u011flam\u0131nda incelenmesi ele al\u0131nm\u0131\u015ft\u0131r. Ayr\u0131ca, &#8220;Rabb\u00fc\u2019l-\u00c2lem\u00een&#8221; ve &#8220;Meliki Yevmi\u2019d-Din&#8221; ifadeleriyle birlikte Allah\u2019\u0131n s\u0131fatlar\u0131n\u0131n semantik ve tefsirsel boyutlar\u0131 tart\u0131\u015f\u0131lm\u0131\u015ft\u0131r. Zemah\u015fer\u00ee\u2019nin metin yorumlama y\u00f6ntemi, dil bilgisel detaylara yo\u011funla\u015fmas\u0131 ve anlam geni\u015fletmeleri ile dikkat \u00e7ekmektedir.<\/p>\n<p><strong>Ana Temalar<\/strong><\/p>\n<ol>\n<li><strong>&#8220;Elhamd\u00fclillah&#8221; \u0130fadesinin Dilsel ve Anlamsal \u0130ncelemesi:<\/strong>\n<ul>\n<li>&#8220;Elhamd\u00fclillah&#8221;\u0131n dilbilgisel yap\u0131s\u0131, harf-i tarifin etkisi ve k\u0131raat farklar\u0131n\u0131n anlam \u00fczerindeki etkisi tart\u0131\u015f\u0131lm\u0131\u015ft\u0131r.<\/li>\n<li>Zemah\u015fer\u00ee, \u201cElhamd\u00fclillah\u201d ifadesindeki harf-i tarifin \u00f6zelle\u015ftirici (ihtisas) ve kapsay\u0131c\u0131 (istihkak) anlamlar\u0131n\u0131 analiz ederek bu ifadeyi detayland\u0131rm\u0131\u015ft\u0131r.<\/li>\n<\/ul>\n<\/li>\n<li><strong>K\u0131raat Farkl\u0131l\u0131klar\u0131:<\/strong>\n<ul>\n<li>&#8220;Elhamd\u00fclillah&#8221; ve &#8220;Elhamdilillah&#8221; gibi sahih olmayan k\u0131raat varyasyonlar\u0131 tart\u0131\u015f\u0131lm\u0131\u015f ve bu farkl\u0131l\u0131klar\u0131n dilsel dayanaklar\u0131 a\u00e7\u0131klanm\u0131\u015ft\u0131r.<\/li>\n<li>Zemah\u015fer\u00ee, k\u0131raat tercihlerinin tefsirdeki etkilerini vurgularken dilsel uyum ve kullan\u0131m s\u0131kl\u0131\u011f\u0131na dayanarak baz\u0131 k\u0131raatleri tercih etmi\u015ftir.<\/li>\n<\/ul>\n<\/li>\n<li><strong>Rabb\u00fc\u2019l-\u00c2lem\u00een:<\/strong>\n<ul>\n<li>&#8220;Rabb&#8221; kelimesinin mastar ve s\u0131fat-\u0131 m\u00fc\u015febbehe olarak iki farkl\u0131 yorumunu sunarak, terbiyecilik anlam\u0131n\u0131 derinlemesine a\u00e7\u0131klam\u0131\u015ft\u0131r.<\/li>\n<li>\u201c\u00c2lem\u201d kelimesi \u00fczerinden \u00e7okluk (\u00e7o\u011ful yap\u0131lma) ve anlam kapsam\u0131 tart\u0131\u015f\u0131lm\u0131\u015f; insanlar\u0131n, cinlerin ve meleklerin yan\u0131 s\u0131ra t\u00fcm varl\u0131k \u00e2lemleri de bu kapsamda ele al\u0131nm\u0131\u015ft\u0131r.<\/li>\n<\/ul>\n<\/li>\n<li><strong>Meliki Yevmi\u2019d-Din:<\/strong>\n<ul>\n<li>\u201cMelik\u201d ve \u201cMalik\u201d k\u0131raatleri aras\u0131ndaki anlam farkl\u0131l\u0131klar\u0131 analiz edilmi\u015f ve her iki kullan\u0131m\u0131n Allah\u2019\u0131n s\u0131fatlar\u0131 ba\u011flam\u0131nda teolojik anlamlar\u0131 tart\u0131\u015f\u0131lm\u0131\u015ft\u0131r.<\/li>\n<li>\u201cMelik\u201din otoriteyi, \u201cMalik\u201din ise sahiplik ve her detay\u0131 kontrol etmeyi ifade etti\u011fi vurgulanm\u0131\u015ft\u0131r.<\/li>\n<\/ul>\n<\/li>\n<li><strong>Rahman ve Rahim S\u0131fatlar\u0131n\u0131n Yorumlanmas\u0131:<\/strong>\n<ul>\n<li>Allah\u2019\u0131n rahmet s\u0131fatlar\u0131 olan \u201cRahman\u201d ve \u201cRahim\u201din Besmele\u2019deki kullan\u0131m\u0131 ile burada yeniden zikredilmesinin anlam katmanlar\u0131 ele al\u0131nm\u0131\u015ft\u0131r.<\/li>\n<li>Zemah\u015fer\u00ee, bu s\u0131fatlar\u0131n ahiret ve d\u00fcnya ile ili\u015fkisini a\u00e7\u0131klamakla birlikte, ba\u011flamlar\u0131na g\u00f6re de\u011fi\u015fen etkilerini de incelemi\u015ftir.<\/li>\n<\/ul>\n<\/li>\n<li><strong>Tefsir Metodolojisi ve Zemah\u015fer\u00ee\u2019nin Y\u00f6ntemi:<\/strong>\n<ul>\n<li>Zemah\u015fer\u00ee\u2019nin dilbilgisel analizlere ve semantik tercihlere yo\u011funla\u015fan yakla\u015f\u0131m\u0131, \u00f6zellikle kelimelerin k\u00f6ken ve kullan\u0131m s\u0131kl\u0131\u011f\u0131 ba\u011flam\u0131nda tart\u0131\u015f\u0131lm\u0131\u015ft\u0131r.<\/li>\n<li>Tefsir y\u00f6ntemi, klasik dil bilimci (nahivci) bir perspektif ile \u0130slam teolojisini birle\u015ftiren bir \u00e7izgi sunmaktad\u0131r.<\/li>\n<\/ul>\n<\/li>\n<\/ol>\n<p><strong>Sonu\u00e7<\/strong><\/p>\n<p>Seminer, Zemah\u015fer\u00ee\u2019nin <em>el-Ke\u015f\u015f\u00e2f<\/em> tefsirindeki y\u00f6ntemlerini, k\u0131raat farklar\u0131n\u0131 ve Allah\u2019\u0131n s\u0131fatlar\u0131yla ilgili detayl\u0131 analizlerini ele alarak, klasik tefsir gelene\u011fine dair derinlemesine bir inceleme sunar. \u201cElhamd\u00fclillah\u201d ifadesi ve devam\u0131ndaki terkiplerin, dil ve teoloji ba\u011flam\u0131nda \u00e7ok y\u00f6nl\u00fc bir analizine odaklanm\u0131\u015ft\u0131r. Zemah\u015fer\u00ee\u2019nin dikkat \u00e7ekti\u011fi dilsel detaylar, tefsir bilimindeki anlam geni\u015flemelerinin \u00f6nemini vurgulamaktad\u0131r.<\/p>\n<p>This seminar delves into the linguistic and theological analyses in Zemahshari\u2019s <em>al-Kashshaf<\/em>, focusing particularly on the phrase <em>&#8220;Alhamdulillah&#8221;<\/em>. The linguistic structure, semantic layers, and variations in Qur\u2019anic recitations (<em>qira&#8217;at<\/em>) are explored in depth. Additionally, the meanings of <em>Rabb al-&#8216;Alamin<\/em> and <em>Malik\/Malik Yawm ad-Din<\/em> are discussed, emphasizing the divine attributes of God. Zemahshari\u2019s interpretative approach, marked by meticulous attention to grammatical details and semantic expansions, is critically examined.<\/p>\n<p><strong>Key Themes<\/strong><\/p>\n<ol>\n<li><strong>Linguistic and Semantic Analysis of <em>Alhamdulillah<\/em>:<\/strong>\n<ul>\n<li>The grammatical structure of <em>Alhamdulillah<\/em> is analyzed, focusing on the role of the definite article (<em>al<\/em>) and its implications for exclusivity (<em>ikhtisas<\/em>) and universality (<em>istihqaq<\/em>).<\/li>\n<li>Zemahshari explores how the definite article shapes the meaning and significance of this phrase within the Qur\u2019anic context.<\/li>\n<\/ul>\n<\/li>\n<li><strong>Qur\u2019anic Recitation Variations (<em>Qira\u2019at<\/em>):<\/strong>\n<ul>\n<li>Variations such as <em>Alhamdulillah<\/em> versus <em>Alhamdilillah<\/em> are discussed, highlighting their linguistic foundations and theological implications.<\/li>\n<li>Zemahshari evaluates these recitations based on grammatical consistency and usage frequency, emphasizing the impact of such choices on interpretation.<\/li>\n<\/ul>\n<\/li>\n<li><strong>Interpretation of <em>Rabb al-&#8216;Alamin<\/em>:<\/strong>\n<ul>\n<li>The term <em>Rabb<\/em> is explained in two senses: as a verbal noun and as a descriptive attribute, emphasizing its connection to nurturing and sustaining.<\/li>\n<li>The word <em>\u2018Alamin<\/em> (worlds) is discussed in terms of its plurality, encompassing not only humans, jinn, and angels but all realms of existence.<\/li>\n<\/ul>\n<\/li>\n<li><strong>Analysis of <em>Malik\/Malik Yawm ad-Din<\/em>:<\/strong>\n<ul>\n<li>The differences between <em>Malik<\/em> (Owner) and <em>Malik<\/em> (King) in Qur\u2019anic recitation are explored, along with their theological implications.<\/li>\n<li>While <em>Malik<\/em> conveys authority and sovereignty, <em>Malik<\/em> emphasizes ownership and comprehensive control.<\/li>\n<\/ul>\n<\/li>\n<li><strong>Interpretation of <em>Rahman<\/em> and <em>Rahim<\/em>:<\/strong>\n<ul>\n<li>The repetition of God\u2019s mercy-related attributes, <em>Rahman<\/em> (Most Merciful) and <em>Rahim<\/em> (Most Compassionate), is examined in both the <em>Basmala<\/em> and the verse.<\/li>\n<li>Zemahshari explains the contextual significance of these attributes, distinguishing their relevance to both this world and the hereafter.<\/li>\n<\/ul>\n<\/li>\n<li><strong>Zemahshari\u2019s Methodology:<\/strong>\n<ul>\n<li>Zemahshari\u2019s exegetical approach, which integrates linguistic analysis and theological perspectives, is discussed.<\/li>\n<li>His focus on grammar, word roots, and frequent usage showcases his method of combining classical linguistic insights with Islamic theology.<\/li>\n<\/ul>\n<\/li>\n<\/ol>\n<p><strong>Conclusion<\/strong><\/p>\n<p>This seminar offers a comprehensive examination of Zemahshari\u2019s interpretative methods in <em>al-Kashshaf<\/em>, with an emphasis on linguistic precision and semantic depth. The analysis of <em>Alhamdulillah<\/em> and related phrases illustrates the interplay between language and theology in classical Qur\u2019anic exegesis. Zemahshari\u2019s attention to grammatical and semantic nuances highlights the expansive potential of Qur\u2019anic interpretation.<\/p>\n<p>&nbsp;<\/p>\n","protected":false},"excerpt":{"rendered":"<p>M. TAHA BOYALIK, TEFS\u0130R OKUMALARI: ZEMAH\u015eER\u00ce, EL KE\u015e\u015e\u00c2F 10. SEM\u0130NER [&hellip;]<\/p>\n","protected":false},"author":1,"featured_media":0,"parent":0,"menu_order":0,"comment_status":"closed","ping_status":"closed","template":"100-width.php","meta":{"footnotes":""},"class_list":["post-3350","page","type-page","status-publish","hentry"],"jetpack_sharing_enabled":true,"_links":{"self":[{"href":"https:\/\/klasikdusunceokulu.com\/index.php\/wp-json\/wp\/v2\/pages\/3350","targetHints":{"allow":["GET"]}}],"collection":[{"href":"https:\/\/klasikdusunceokulu.com\/index.php\/wp-json\/wp\/v2\/pages"}],"about":[{"href":"https:\/\/klasikdusunceokulu.com\/index.php\/wp-json\/wp\/v2\/types\/page"}],"author":[{"embeddable":true,"href":"https:\/\/klasikdusunceokulu.com\/index.php\/wp-json\/wp\/v2\/users\/1"}],"replies":[{"embeddable":true,"href":"https:\/\/klasikdusunceokulu.com\/index.php\/wp-json\/wp\/v2\/comments?post=3350"}],"version-history":[{"count":1,"href":"https:\/\/klasikdusunceokulu.com\/index.php\/wp-json\/wp\/v2\/pages\/3350\/revisions"}],"predecessor-version":[{"id":3351,"href":"https:\/\/klasikdusunceokulu.com\/index.php\/wp-json\/wp\/v2\/pages\/3350\/revisions\/3351"}],"wp:attachment":[{"href":"https:\/\/klasikdusunceokulu.com\/index.php\/wp-json\/wp\/v2\/media?parent=3350"}],"curies":[{"name":"wp","href":"https:\/\/api.w.org\/{rel}","templated":true}]}}