{"id":3356,"date":"2025-02-26T15:33:51","date_gmt":"2025-02-26T12:33:51","guid":{"rendered":"https:\/\/klasikdusunceokulu.com\/?page_id=3356"},"modified":"2025-02-26T15:33:51","modified_gmt":"2025-02-26T12:33:51","slug":"m-taha-boyalik-tefsir-okumalari-zemahseri-el-kessaf-13-seminer","status":"publish","type":"page","link":"https:\/\/klasikdusunceokulu.com\/index.php\/m-taha-boyalik-tefsir-okumalari-zemahseri-el-kessaf-13-seminer\/","title":{"rendered":"M. Taha Boyal\u0131k, Tefsir Okumalar\u0131: Zemah\u015fer\u00ee, el-Ke\u015f\u015f\u00e2f, 13. Seminer"},"content":{"rendered":"<p><strong>M. TAHA BOYALIK, TEFS\u0130R OKUMALARI: ZEMAH\u015eER\u00ce, EL KE\u015e\u015e\u00c2F 13. SEM\u0130NER \u00d6ZET\u0130<\/strong><\/p>\n<p>Bu seminer, Zemah\u015fer\u00ee\u2019nin <em>el-Ke\u015f\u015f\u00e2f<\/em> adl\u0131 tefsir eserinde, Fatiha Suresi\u2019nin 6. ve 7. ayetleri olan <em>\u0130hdina\u2019s-S\u0131r\u00e2ta\u2019l-Mustak\u00eem<\/em> ve <em>S\u0131r\u00e2ta\u2019l-Lez\u00eene En\u2019amte Aleyhim<\/em> ayetlerinin anlamlar\u0131n\u0131, dilsel yap\u0131s\u0131n\u0131 ve tefsirsel detaylar\u0131n\u0131 ele al\u0131r. Kelimelerin s\u00f6zl\u00fck anlamlar\u0131, hidayet talebinin gerek\u00e7eleri ve naz\u0131m a\u00e7\u0131s\u0131ndan anlam incelikleri tart\u0131\u015f\u0131lmaktad\u0131r.<\/p>\n<p><strong>Ana Temalar<\/strong><\/p>\n<ol>\n<li><strong>Hidayet Kavram\u0131n\u0131n \u00c7e\u015fitli Y\u00f6nleri:<\/strong>\n<ul>\n<li><em>\u0130hdina\u2019s-S\u0131r\u00e2ta\u2019l-Mustak\u00eem<\/em> ayetinde ge\u00e7en hidayet fiilinin, <em>lam<\/em> ve <em>ila<\/em> edatlar\u0131yla kullan\u0131m\u0131ndaki anlam farkl\u0131l\u0131klar\u0131 a\u00e7\u0131klan\u0131r.<\/li>\n<li>Hidayet talebinin m\u00fcminler taraf\u0131ndan yap\u0131lmas\u0131, onlar\u0131n hidayet \u00fczerindeki sabitliklerini art\u0131rma amac\u0131yla ili\u015fkilendirilmi\u015ftir. Bu talep, l\u00fctuf ve fazilet anlam\u0131na gelen <em>altaf<\/em> kavram\u0131yla a\u00e7\u0131klan\u0131r.<\/li>\n<\/ul>\n<\/li>\n<li><strong>S\u0131r\u00e2ta\u2019l-Lez\u00eene En\u2019amte Aleyhim Ayetinin Yorumu:<\/strong>\n<ul>\n<li>Bu ayette ge\u00e7en \u201ckendisine nimet verilenler\u201d tabiri, \u0130slam nimeti ba\u011flam\u0131nda yorumlanm\u0131\u015f ve bu nimetin d\u00fcnyev\u00ee ve uhrev\u00ee her t\u00fcrl\u00fc nimeti kapsad\u0131\u011f\u0131 belirtilmi\u015ftir.<\/li>\n<li>Mefhul\u00fcn mutlak b\u0131rak\u0131lmas\u0131, anlam\u0131 geni\u015fletmek ve kapsam\u0131n\u0131 art\u0131rmak amac\u0131 ta\u015f\u0131r.<\/li>\n<\/ul>\n<\/li>\n<li><strong>Naz\u0131m ve Bedel Uygulamalar\u0131:<\/strong>\n<ul>\n<li><em>S\u0131r\u00e2ta\u2019l-Lez\u00eene En\u2019amte Aleyhim<\/em> ifadesi, <em>\u0130hdina\u2019s-S\u0131r\u00e2ta\u2019l-Mustak\u00eem<\/em> ifadesinden bir bedel olarak de\u011ferlendirilmi\u015ftir. Bedelin dilbilgisel ve anlam a\u00e7\u0131s\u0131ndan etkileri detayl\u0131 \u015fekilde analiz edilmi\u015ftir.<\/li>\n<li>Bedelin, tekit (vurgulama) ve beyan (a\u00e7\u0131klama) i\u015flevleri \u00fczerinde durulmu\u015ftur.<\/li>\n<\/ul>\n<\/li>\n<li><strong>Kelime ve Ses Bilgisi \u00dczerine Detaylar:<\/strong>\n<ul>\n<li><em>S\u0131r\u00e2t<\/em> kelimesinin etimolojik k\u00f6keni ve telaffuzda neden <em>s\u00een<\/em> yerine <em>s\u00e2d<\/em> harfinin tercih edildi\u011fi ses bilgisi a\u00e7\u0131s\u0131ndan a\u00e7\u0131klanm\u0131\u015ft\u0131r. Zemah\u015fer\u00ee, bu t\u00fcr ses de\u011fi\u015fimlerinin k\u0131raat farklar\u0131na etkisini vurgulam\u0131\u015ft\u0131r.<\/li>\n<\/ul>\n<\/li>\n<li><strong>Gayr-i\u2019l-Ma\u011fd\u00fbbi Aleyhim ve Bedel-S\u0131fat Tart\u0131\u015fmalar\u0131:<\/strong>\n<ul>\n<li>Ayetin bu k\u0131sm\u0131nda ge\u00e7en ifadelerin bedel mi yoksa s\u0131fat m\u0131 oldu\u011fu tart\u0131\u015f\u0131lm\u0131\u015ft\u0131r. Bedel ve s\u0131fat aras\u0131ndaki dilbilgisel farklar ve anlam katk\u0131lar\u0131 detayl\u0131ca ele al\u0131nm\u0131\u015ft\u0131r.<\/li>\n<li>\u0130fadenin anlam\u0131n\u0131 g\u00fc\u00e7lendiren dilsel tercihler a\u00e7\u0131klanm\u0131\u015ft\u0131r.<\/li>\n<\/ul>\n<\/li>\n<li><strong>Ebu Suud ve Fahrettin Razi\u2019nin Katk\u0131lar\u0131:<\/strong>\n<ul>\n<li>Zemah\u015fer\u00ee\u2019nin a\u00e7\u0131klamalar\u0131ndaki eksikliklerin, Fahrettin Razi ve Ebu Suud gibi m\u00fcfessirlerin tefsirlerinde nas\u0131l tamamland\u0131\u011f\u0131na dair mukayeseler yap\u0131lm\u0131\u015ft\u0131r.<\/li>\n<li>\u00d6zellikle hidayetin t\u00fcrleri ve nimet kavramlar\u0131 konular\u0131nda bu m\u00fcfessirlerin katk\u0131lar\u0131 tart\u0131\u015f\u0131lm\u0131\u015ft\u0131r.<\/li>\n<\/ul>\n<\/li>\n<\/ol>\n<p><strong>Sonu\u00e7<\/strong><\/p>\n<p>Bu seminer, Zemah\u015fer\u00ee\u2019nin Fatiha Suresi tefsirindeki dilbilgisel ve tefsirsel yakla\u015f\u0131mlar\u0131n\u0131 derinlemesine incelemektedir. <em>\u0130hdina\u2019s-S\u0131r\u00e2ta\u2019l-Mustak\u00eem<\/em> ve <em>S\u0131r\u00e2ta\u2019l-Lez\u00eene En\u2019amte Aleyhim<\/em> ifadelerinin bedel, s\u0131fat ve naz\u0131m gibi y\u00f6nlerden ele al\u0131nmas\u0131, klasik tefsir literat\u00fcr\u00fcnde dil ve anlam ili\u015fkisinin \u00f6nemini vurgular. Ayr\u0131ca, Zemah\u015fer\u00ee\u2019nin dil odakl\u0131 yakla\u015f\u0131m\u0131, sonraki m\u00fcfessirler taraf\u0131ndan nas\u0131l zenginle\u015ftirildi\u011fini de g\u00f6stermektedir.<\/p>\n<p>&nbsp;<\/p>\n<p>This seminar examines the linguistic structure and exegetical details of verses 6 and 7 of Surah Al-Fatiha, <em>&#8220;Ihdina\u2019s-Sirata\u2019l-Mustaqim&#8221;<\/em> (Guide us to the Straight Path) and <em>&#8220;Sirata\u2019l-Ladhina An\u2018amta \u2018Alayhim&#8221;<\/em> (The path of those upon whom You have bestowed favor), as interpreted in Zemahshari\u2019s <em>al-Kashshaf<\/em>. The discussion focuses on the lexical meanings of the words, the rationale behind the request for guidance, and the rhetorical subtleties within the verses.<\/p>\n<p><strong>Key Themes<\/strong><\/p>\n<ol>\n<li><strong>Various Aspects of Guidance (<em>Hidayah<\/em>):<\/strong>\n<ul>\n<li>The seminar explores the verb <em>hidayah<\/em> and its use with the prepositions <em>lam<\/em> and <em>ila<\/em>, explaining the nuanced differences in meaning.<\/li>\n<li>The believers\u2019 request for guidance is interpreted as a plea for continued firmness on the path, emphasizing the divine grace (<em>lutf<\/em>) associated with this act.<\/li>\n<\/ul>\n<\/li>\n<li><strong>Interpretation of <em>Sirata\u2019l-Ladhina An\u2018amta \u2018Alayhim<\/em>:<\/strong>\n<ul>\n<li>The phrase &#8220;those upon whom You have bestowed favor&#8221; is explained in the context of Islamic blessings, encompassing both worldly and spiritual benefits.<\/li>\n<li>The open-ended mention of &#8220;favor&#8221; serves to broaden the meaning and includes a wide range of divine gifts.<\/li>\n<\/ul>\n<\/li>\n<li><strong>Rhetoric and Apposition (<em>Nazm<\/em> and <em>Badal<\/em>):<\/strong>\n<ul>\n<li>The phrase <em>Sirata\u2019l-Ladhina An\u2018amta \u2018Alayhim<\/em> is treated as an apposition (<em>badal<\/em>) to <em>Ihdina\u2019s-Sirata\u2019l-Mustaqim<\/em>, with the grammatical and semantic effects of this structure analyzed.<\/li>\n<li>The role of apposition in emphasizing and clarifying the meaning is discussed in detail.<\/li>\n<\/ul>\n<\/li>\n<li><strong>Phonetics and Etymology of <em>Sirat<\/em>:<\/strong>\n<ul>\n<li>The seminar examines the etymology of the word <em>sirat<\/em> and why the letter <em>sad<\/em> is used instead of <em>sin<\/em>, focusing on phonetic preferences and their impact on Qur\u2019anic recitation.<\/li>\n<li>Zemahshari highlights the role of phonetic variations in the richness of Qur\u2019anic style.<\/li>\n<\/ul>\n<\/li>\n<li><strong>Discussion on <em>Ghayr al-Maghdubi \u2018Alayhim<\/em> and Sifat-Badal Differences:<\/strong>\n<ul>\n<li>The distinction between treating this phrase as an attribute (<em>sifat<\/em>) or an apposition (<em>badal<\/em>) is analyzed, focusing on the grammatical and semantic implications.<\/li>\n<li>Zemahshari elaborates on how these linguistic choices enhance the depth and precision of the verse.<\/li>\n<\/ul>\n<\/li>\n<li><strong>Contributions from Fakhr al-Din al-Razi and Abu al-Su\u2018ud:<\/strong>\n<ul>\n<li>Comparisons are drawn between Zemahshari\u2019s interpretations and later exegetes like Fakhr al-Din al-Razi and Abu al-Su\u2018ud.<\/li>\n<li>Their contributions, particularly on the nature of guidance and the concept of divine blessings, are explored as extensions of Zemahshari\u2019s explanations.<\/li>\n<\/ul>\n<\/li>\n<\/ol>\n<p><strong>Conclusion<\/strong><\/p>\n<p>This seminar provides an in-depth analysis of Zemahshari\u2019s exegetical and linguistic approach to Surah Al-Fatiha. The detailed examination of <em>&#8220;Ihdina\u2019s-Sirata\u2019l-Mustaqim&#8221;<\/em> and <em>&#8220;Sirata\u2019l-Ladhina An\u2018amta \u2018Alayhim&#8221;<\/em> highlights the interplay between linguistic structures and theological insights in classical Qur\u2019anic exegesis. Zemahshari\u2019s focus on grammatical nuances and rhetorical devices underscores the richness of his methodology and its influence on subsequent tafsir traditions.<\/p>\n<p>&nbsp;<\/p>\n","protected":false},"excerpt":{"rendered":"<p>M. TAHA BOYALIK, TEFS\u0130R OKUMALARI: ZEMAH\u015eER\u00ce, EL KE\u015e\u015e\u00c2F 13. SEM\u0130NER [&hellip;]<\/p>\n","protected":false},"author":1,"featured_media":0,"parent":0,"menu_order":0,"comment_status":"closed","ping_status":"closed","template":"100-width.php","meta":{"footnotes":""},"class_list":["post-3356","page","type-page","status-publish","hentry"],"jetpack_sharing_enabled":true,"_links":{"self":[{"href":"https:\/\/klasikdusunceokulu.com\/index.php\/wp-json\/wp\/v2\/pages\/3356","targetHints":{"allow":["GET"]}}],"collection":[{"href":"https:\/\/klasikdusunceokulu.com\/index.php\/wp-json\/wp\/v2\/pages"}],"about":[{"href":"https:\/\/klasikdusunceokulu.com\/index.php\/wp-json\/wp\/v2\/types\/page"}],"author":[{"embeddable":true,"href":"https:\/\/klasikdusunceokulu.com\/index.php\/wp-json\/wp\/v2\/users\/1"}],"replies":[{"embeddable":true,"href":"https:\/\/klasikdusunceokulu.com\/index.php\/wp-json\/wp\/v2\/comments?post=3356"}],"version-history":[{"count":1,"href":"https:\/\/klasikdusunceokulu.com\/index.php\/wp-json\/wp\/v2\/pages\/3356\/revisions"}],"predecessor-version":[{"id":3357,"href":"https:\/\/klasikdusunceokulu.com\/index.php\/wp-json\/wp\/v2\/pages\/3356\/revisions\/3357"}],"wp:attachment":[{"href":"https:\/\/klasikdusunceokulu.com\/index.php\/wp-json\/wp\/v2\/media?parent=3356"}],"curies":[{"name":"wp","href":"https:\/\/api.w.org\/{rel}","templated":true}]}}