{"id":3375,"date":"2025-02-27T10:52:11","date_gmt":"2025-02-27T07:52:11","guid":{"rendered":"https:\/\/klasikdusunceokulu.com\/?page_id=3375"},"modified":"2025-04-13T03:42:46","modified_gmt":"2025-04-13T00:42:46","slug":"oguz-haslakoglu-2023-2024-lisans-programi-phaidon-2","status":"publish","type":"page","link":"https:\/\/klasikdusunceokulu.com\/index.php\/oguz-haslakoglu-2023-2024-lisans-programi-phaidon-2\/","title":{"rendered":"O\u011fuz Ha\u015flako\u011flu, 2023-2024 Lisans Program\u0131: Phaidon"},"content":{"rendered":"<p><a href=\"https:\/\/klasikdusunceokulu.com\/index.php\/oguz-haslakoglu-phaidon-1\/\"><span style=\"color: #3b5163;\"><strong>O\u011eUZ HA\u015eLAKO\u011eLU: PHA\u0130DON 1. SEM\u0130NER \u00d6ZET\u0130<\/strong><\/span><\/a><\/p>\n<p><a href=\"https:\/\/klasikdusunceokulu.com\/index.php\/oguz-haslakoglu-phaidon-2\/\"><span style=\"color: #3b5163;\"><strong>O\u011eUZ HA\u015eLAKO\u011eLU: PHA\u0130DON 2. SEM\u0130NER \u00d6ZET\u0130<\/strong><\/span><\/a><\/p>\n<p><span style=\"color: #3b5163;\"><strong>O\u011eUZ HA\u015eLAKO\u011eLU: PHA\u0130DON 3. SEM\u0130NER \u00d6ZET\u0130<\/strong><\/span><\/p>\n<p><span style=\"color: #3b5163;\"><strong>O\u011eUZ HA\u015eLAKO\u011eLU: PHA\u0130DON 4. SEM\u0130NER \u00d6ZET\u0130<\/strong><\/span><\/p>\n<p><a href=\"https:\/\/klasikdusunceokulu.com\/index.php\/oguz-haslakoglu-phaidon-5\/\"><span style=\"color: #3b5163;\"><strong>O\u011eUZ HA\u015eLAKO\u011eLU: PHA\u0130DON 5. SEM\u0130NER \u00d6ZET\u0130<\/strong><\/span><\/a><\/p>\n<p><a href=\"https:\/\/klasikdusunceokulu.com\/index.php\/oguz-haslakoglu-phaidon-6\/\"><span style=\"color: #3b5163;\"><strong>O\u011eUZ HA\u015eLAKO\u011eLU: PHA\u0130DON 6. SEM\u0130NER \u00d6ZET\u0130<\/strong><\/span><\/a><\/p>\n<p><a href=\"https:\/\/klasikdusunceokulu.com\/index.php\/oguz-haslakoglu-phaidon-7\/\"><span style=\"color: #3b5163;\"><strong>O\u011eUZ HA\u015eLAKO\u011eLU: PHA\u0130DON 7. SEM\u0130NER \u00d6ZET\u0130<\/strong><\/span><\/a><\/p>\n<p><a href=\"https:\/\/klasikdusunceokulu.com\/index.php\/oguz-haslakoglu-phaidon-8\/\"><span style=\"color: #3b5163;\"><strong>O\u011eUZ HA\u015eLAKO\u011eLU: PHA\u0130DON 8. SEM\u0130NER \u00d6ZET\u0130<\/strong><\/span><\/a><\/p>\n<p><a href=\"https:\/\/klasikdusunceokulu.com\/index.php\/oguz-haslakoglu-phaidon-9\/\"><span style=\"color: #3b5163;\"><strong>O\u011eUZ HA\u015eLAKO\u011eLU: PHA\u0130DON 9. SEM\u0130NER \u00d6ZET\u0130<\/strong><\/span><\/a><\/p>\n<p><a href=\"https:\/\/klasikdusunceokulu.com\/index.php\/oguz-haslakoglu-phaidon-10-2\/\"><span style=\"color: #3b5163;\"><strong>O\u011eUZ HA\u015eLAKO\u011eLU: PHA\u0130DON 10. SEM\u0130NER \u00d6ZET\u0130<\/strong><\/span><\/a><\/p>\n<p><a href=\"https:\/\/klasikdusunceokulu.com\/index.php\/oguz-haslakoglu-phaidon-11-2\/\"><span style=\"color: #3b5163;\"><strong>O\u011eUZ HA\u015eLAKO\u011eLU: PHA\u0130DON 11. SEM\u0130NER \u00d6ZET\u0130<\/strong><\/span><\/a><\/p>\n<p><a href=\"https:\/\/klasikdusunceokulu.com\/index.php\/oguz-haslakoglu-phaidon-12\/\"><span style=\"color: #3b5163;\"><strong>O\u011eUZ HA\u015eLAKO\u011eLU: PHA\u0130DON 12. SEM\u0130NER \u00d6ZET\u0130<\/strong><\/span><\/a><\/p>\n<p><a href=\"https:\/\/klasikdusunceokulu.com\/index.php\/oguz-haslakoglu-phaidon-13\/\"><span style=\"color: #3b5163;\"><strong>O\u011eUZ HA\u015eLAKO\u011eLU: PHA\u0130DON 13. SEM\u0130NER \u00d6ZET\u0130<\/strong><\/span><\/a><\/p>\n<p><a href=\"https:\/\/klasikdusunceokulu.com\/index.php\/oguz-haslakoglu-phaidon-14\/\"><span style=\"color: #3b5163;\"><strong>O\u011eUZ HA\u015eLAKO\u011eLU: PHA\u0130DON 14. SEM\u0130NER \u00d6ZET\u0130<\/strong><\/span><\/a><\/p>\n<p><a href=\"https:\/\/klasikdusunceokulu.com\/index.php\/oguz-haslakoglu-phaidon-15\/\"><span style=\"color: #3b5163;\"><strong>O\u011eUZ HA\u015eLAKO\u011eLU: PHA\u0130DON 15. SEM\u0130NER \u00d6ZET\u0130<\/strong><\/span><\/a><\/p>\n<p><a href=\"https:\/\/klasikdusunceokulu.com\/index.php\/oguz-haslakoglu-phaidon-16\/\"><span style=\"color: #3b5163;\"><strong>O\u011eUZ HA\u015eLAKO\u011eLU: PHA\u0130DON 16. SEM\u0130NER \u00d6ZET\u0130<\/strong><\/span><\/a><\/p>\n<p><a href=\"https:\/\/klasikdusunceokulu.com\/index.php\/oguz-haslakoglu-phaidon-17\/\"><span style=\"color: #3b5163;\"><strong>O\u011eUZ HA\u015eLAKO\u011eLU: PHA\u0130DON 17. SEM\u0130NER \u00d6ZET\u0130<\/strong><\/span><\/a><\/p>\n<p><a href=\"https:\/\/klasikdusunceokulu.com\/index.php\/oguz-haslakoglu-phaidon-18\/\"><span style=\"color: #3b5163;\"><strong>O\u011eUZ HA\u015eLAKO\u011eLU: PHA\u0130DON 18. SEM\u0130NER \u00d6ZET\u00a0<\/strong><\/span><\/a><\/p>\n","protected":false},"excerpt":{"rendered":"<p>O\u011eUZ HA\u015eLAKO\u011eLU: PHA\u0130DON 1. SEM\u0130NER \u00d6ZET\u0130 O\u011eUZ HA\u015eLAKO\u011eLU: PHA\u0130DON 2. [&hellip;]<\/p>\n","protected":false},"author":1,"featured_media":0,"parent":0,"menu_order":0,"comment_status":"closed","ping_status":"closed","template":"100-width.php","meta":{"footnotes":""},"class_list":["post-3375","page","type-page","status-publish","hentry"],"jetpack_sharing_enabled":true,"_links":{"self":[{"href":"https:\/\/klasikdusunceokulu.com\/index.php\/wp-json\/wp\/v2\/pages\/3375","targetHints":{"allow":["GET"]}}],"collection":[{"href":"https:\/\/klasikdusunceokulu.com\/index.php\/wp-json\/wp\/v2\/pages"}],"about":[{"href":"https:\/\/klasikdusunceokulu.com\/index.php\/wp-json\/wp\/v2\/types\/page"}],"author":[{"embeddable":true,"href":"https:\/\/klasikdusunceokulu.com\/index.php\/wp-json\/wp\/v2\/users\/1"}],"replies":[{"embeddable":true,"href":"https:\/\/klasikdusunceokulu.com\/index.php\/wp-json\/wp\/v2\/comments?post=3375"}],"version-history":[{"count":3,"href":"https:\/\/klasikdusunceokulu.com\/index.php\/wp-json\/wp\/v2\/pages\/3375\/revisions"}],"predecessor-version":[{"id":4533,"href":"https:\/\/klasikdusunceokulu.com\/index.php\/wp-json\/wp\/v2\/pages\/3375\/revisions\/4533"}],"wp:attachment":[{"href":"https:\/\/klasikdusunceokulu.com\/index.php\/wp-json\/wp\/v2\/media?parent=3375"}],"curies":[{"name":"wp","href":"https:\/\/api.w.org\/{rel}","templated":true}]}}