{"id":3399,"date":"2025-02-27T19:28:24","date_gmt":"2025-02-27T16:28:24","guid":{"rendered":"https:\/\/klasikdusunceokulu.com\/?page_id=3399"},"modified":"2025-04-13T04:54:25","modified_gmt":"2025-04-13T01:54:25","slug":"omer-turker-2023-2024-lisans-programi-faslul-makal","status":"publish","type":"page","link":"https:\/\/klasikdusunceokulu.com\/index.php\/omer-turker-2023-2024-lisans-programi-faslul-makal\/","title":{"rendered":"\u00d6mer T\u00fcrker, 2023-2024 Lisans Program\u0131:  Faslu\u2019l-Mak\u00e2l"},"content":{"rendered":"<p><span style=\"color: #3b5163;\"><strong>\u00d6MER T\u00dcRKER: FASLU&#8217;L-MAK\u00c2L 1. SEM\u0130NER \u00d6ZET\u0130<\/strong><\/span><\/p>\n<p><a href=\"https:\/\/klasikdusunceokulu.com\/index.php\/omer-turker-faslul-makal-2\/\"><span style=\"color: #3b5163;\"><strong>\u00d6MER T\u00dcRKER: FASLU&#8217;L-MAK\u00c2L 2. SEM\u0130NER \u00d6ZET\u0130<\/strong><\/span><\/a><\/p>\n<p><a href=\"https:\/\/klasikdusunceokulu.com\/index.php\/omer-turker-faslul-makal-3\/\"><span style=\"color: #3b5163;\"><strong>\u00d6MER T\u00dcRKER: FASLU&#8217;L-MAK\u00c2L 3. SEM\u0130NER \u00d6ZET\u0130<\/strong><\/span><\/a><\/p>\n<p><a href=\"https:\/\/klasikdusunceokulu.com\/index.php\/omer-turker-faslul-makal-4\/\"><span style=\"color: #3b5163;\"><strong>\u00d6MER T\u00dcRKER: FASLU&#8217;L-MAK\u00c2L 4. SEM\u0130NER \u00d6ZET\u0130<\/strong><\/span><\/a><\/p>\n<p><a href=\"https:\/\/klasikdusunceokulu.com\/index.php\/omer-turker-faslul-makal-5\/\"><span style=\"color: #3b5163;\"><strong>\u00d6MER T\u00dcRKER: FASLU&#8217;L-MAK\u00c2L 5. SEM\u0130NER \u00d6ZET\u0130<\/strong><\/span><\/a><\/p>\n<p><a href=\"https:\/\/klasikdusunceokulu.com\/index.php\/omer-turker-faslul-makal-6\/\"><span style=\"color: #3b5163;\"><strong>\u00d6MER T\u00dcRKER: FASLU&#8217;L-MAK\u00c2L 6. SEM\u0130NER \u00d6ZET\u0130<\/strong><\/span><\/a><\/p>\n","protected":false},"excerpt":{"rendered":"<p>\u00d6MER T\u00dcRKER: FASLU&#8217;L-MAK\u00c2L 1. SEM\u0130NER \u00d6ZET\u0130 \u00d6MER T\u00dcRKER: FASLU&#8217;L-MAK\u00c2L 2. [&hellip;]<\/p>\n","protected":false},"author":1,"featured_media":0,"parent":0,"menu_order":0,"comment_status":"closed","ping_status":"closed","template":"100-width.php","meta":{"footnotes":""},"class_list":["post-3399","page","type-page","status-publish","hentry"],"jetpack_sharing_enabled":true,"_links":{"self":[{"href":"https:\/\/klasikdusunceokulu.com\/index.php\/wp-json\/wp\/v2\/pages\/3399","targetHints":{"allow":["GET"]}}],"collection":[{"href":"https:\/\/klasikdusunceokulu.com\/index.php\/wp-json\/wp\/v2\/pages"}],"about":[{"href":"https:\/\/klasikdusunceokulu.com\/index.php\/wp-json\/wp\/v2\/types\/page"}],"author":[{"embeddable":true,"href":"https:\/\/klasikdusunceokulu.com\/index.php\/wp-json\/wp\/v2\/users\/1"}],"replies":[{"embeddable":true,"href":"https:\/\/klasikdusunceokulu.com\/index.php\/wp-json\/wp\/v2\/comments?post=3399"}],"version-history":[{"count":3,"href":"https:\/\/klasikdusunceokulu.com\/index.php\/wp-json\/wp\/v2\/pages\/3399\/revisions"}],"predecessor-version":[{"id":4560,"href":"https:\/\/klasikdusunceokulu.com\/index.php\/wp-json\/wp\/v2\/pages\/3399\/revisions\/4560"}],"wp:attachment":[{"href":"https:\/\/klasikdusunceokulu.com\/index.php\/wp-json\/wp\/v2\/media?parent=3399"}],"curies":[{"name":"wp","href":"https:\/\/api.w.org\/{rel}","templated":true}]}}