{"id":3415,"date":"2025-02-27T20:02:48","date_gmt":"2025-02-27T17:02:48","guid":{"rendered":"https:\/\/klasikdusunceokulu.com\/?page_id=3415"},"modified":"2025-04-13T01:40:44","modified_gmt":"2025-04-12T22:40:44","slug":"omer-turker-2023-2024-lisans-programi-ibn-sina-metafizik-okumalari","status":"publish","type":"page","link":"https:\/\/klasikdusunceokulu.com\/index.php\/omer-turker-2023-2024-lisans-programi-ibn-sina-metafizik-okumalari\/","title":{"rendered":"\u00d6mer T\u00fcrker, 2023-2024 Lisans Program\u0131: \u0130bn S\u00een\u00e2, Metafizik Okumalar\u0131"},"content":{"rendered":"<p><a href=\"https:\/\/klasikdusunceokulu.com\/index.php\/omer-turker-ibn-sina-metafizik-okumalari-1\/\" target=\"_blank\" rel=\"noopener\"><span style=\"color: #3b5163;\"><strong>\u00d6MER T\u00dcRKER, \u0130BN S\u00ceN\u00c2: METAF\u0130Z\u0130K OKUMALARI 1. SEM\u0130NER \u00d6ZET\u0130<\/strong><\/span><\/a><\/p>\n<p><a href=\"https:\/\/klasikdusunceokulu.com\/index.php\/omer-turker-ibn-sina-metafizik-okumalari-2\/\" target=\"_blank\" rel=\"noopener\"><span style=\"color: #3b5163;\"><strong>\u00d6MER T\u00dcRKER, \u0130BN S\u00ceN\u00c2: METAF\u0130Z\u0130K OKUMALARI 2. SEM\u0130NER \u00d6ZET\u0130<\/strong><\/span><\/a><\/p>\n<p><a href=\"https:\/\/klasikdusunceokulu.com\/index.php\/omer-turker-ibn-sina-metafizik-okumalari-3\/\" target=\"_blank\" rel=\"noopener\"><span style=\"color: #3b5163;\"><strong>\u00d6MER T\u00dcRKER, \u0130BN S\u00ceN\u00c2: METAF\u0130Z\u0130K OKUMALARI 3. SEM\u0130NER \u00d6ZET\u0130<\/strong><\/span><\/a><\/p>\n<p><a href=\"https:\/\/klasikdusunceokulu.com\/index.php\/omer-turker-ibn-sina-metafizik-okumalari-4\/\" target=\"_blank\" rel=\"noopener\"><span style=\"color: #3b5163;\"><strong>\u00d6MER T\u00dcRKER, \u0130BN S\u00ceN\u00c2: METAF\u0130Z\u0130K OKUMALARI 4. SEM\u0130NER \u00d6ZET\u0130<\/strong><\/span><\/a><\/p>\n<p><a href=\"https:\/\/klasikdusunceokulu.com\/index.php\/omer-turker-ibn-sina-metafizik-okumalari-5\/\" target=\"_blank\" rel=\"noopener\"><span style=\"color: #3b5163;\"><strong>\u00d6MER T\u00dcRKER, \u0130BN S\u00ceN\u00c2: METAF\u0130Z\u0130K OKUMALARI 5. SEM\u0130NER \u00d6ZET\u0130<\/strong><\/span><\/a><\/p>\n<p><span style=\"color: #3b5163;\"><a style=\"color: #3b5163;\" href=\"https:\/\/klasikdusunceokulu.com\/index.php\/omer-turker-ibn-sina-metafizik-okumalari-6\/\" target=\"_blank\" rel=\"noopener\"><strong>\u00d6MER T\u00dcRKER, \u0130BN S\u00ceN\u00c2: METAF\u0130Z\u0130K OKUMALARI 6. SEM\u0130NER \u00d6ZET\u0130<\/strong><\/a><\/span><\/p>\n<p><span style=\"color: #3b5163;\"><a style=\"color: #3b5163;\" href=\"https:\/\/klasikdusunceokulu.com\/index.php\/omer-turker-ibn-sina-metafizik-okumalari-7\/\" target=\"_blank\" rel=\"noopener\"><strong>\u00d6MER T\u00dcRKER, \u0130BN S\u00ceN\u00c2: METAF\u0130Z\u0130K OKUMALARI 7. SEM\u0130NER \u00d6ZET\u0130<\/strong><\/a><\/span><\/p>\n","protected":false},"excerpt":{"rendered":"<p>\u00d6MER T\u00dcRKER, \u0130BN S\u00ceN\u00c2: METAF\u0130Z\u0130K OKUMALARI 1. SEM\u0130NER \u00d6ZET\u0130 \u00d6MER [&hellip;]<\/p>\n","protected":false},"author":1,"featured_media":0,"parent":0,"menu_order":0,"comment_status":"closed","ping_status":"closed","template":"100-width.php","meta":{"footnotes":""},"class_list":["post-3415","page","type-page","status-publish","hentry"],"jetpack_sharing_enabled":true,"_links":{"self":[{"href":"https:\/\/klasikdusunceokulu.com\/index.php\/wp-json\/wp\/v2\/pages\/3415","targetHints":{"allow":["GET"]}}],"collection":[{"href":"https:\/\/klasikdusunceokulu.com\/index.php\/wp-json\/wp\/v2\/pages"}],"about":[{"href":"https:\/\/klasikdusunceokulu.com\/index.php\/wp-json\/wp\/v2\/types\/page"}],"author":[{"embeddable":true,"href":"https:\/\/klasikdusunceokulu.com\/index.php\/wp-json\/wp\/v2\/users\/1"}],"replies":[{"embeddable":true,"href":"https:\/\/klasikdusunceokulu.com\/index.php\/wp-json\/wp\/v2\/comments?post=3415"}],"version-history":[{"count":3,"href":"https:\/\/klasikdusunceokulu.com\/index.php\/wp-json\/wp\/v2\/pages\/3415\/revisions"}],"predecessor-version":[{"id":4494,"href":"https:\/\/klasikdusunceokulu.com\/index.php\/wp-json\/wp\/v2\/pages\/3415\/revisions\/4494"}],"wp:attachment":[{"href":"https:\/\/klasikdusunceokulu.com\/index.php\/wp-json\/wp\/v2\/media?parent=3415"}],"curies":[{"name":"wp","href":"https:\/\/api.w.org\/{rel}","templated":true}]}}