{"id":3463,"date":"2025-02-27T20:57:42","date_gmt":"2025-02-27T17:57:42","guid":{"rendered":"https:\/\/klasikdusunceokulu.com\/?page_id=3463"},"modified":"2025-02-27T20:57:42","modified_gmt":"2025-02-27T17:57:42","slug":"abdurrahim-kozali-fikih-usulune-giris-10","status":"publish","type":"page","link":"https:\/\/klasikdusunceokulu.com\/index.php\/abdurrahim-kozali-fikih-usulune-giris-10\/","title":{"rendered":"Abdurrahim Kozal\u0131: F\u0131k\u0131h Usul\u00fcne Giri\u015f 10"},"content":{"rendered":"<p><strong>ABDURRAH\u0130M KOZALI: FIKIH USUL\u00dcNE G\u0130R\u0130\u015e 10.SEM\u0130NER \u00d6ZET\u0130<\/strong><\/p>\n<p>Bu seminer, f\u0131k\u0131h usul\u00fcnde s\u00fcnnetin rol\u00fc ve onun epistemolojik de\u011feri \u00fczerine odaklanmaktad\u0131r. Kur\u2019an ve s\u00fcnnet aras\u0131ndaki yorumlay\u0131c\u0131 ili\u015fki, \u0130mam \u015e\u00e2fi\u00ee ve Gazz\u00e2l\u00ee gibi klasik \u00e2limlerin bu konuyu nas\u0131l ele ald\u0131\u011f\u0131 incelenmektedir. Seminerde ayr\u0131ca, m\u00fctevatir ve \u00e2h\u00e2d haberler aras\u0131ndaki farklar ele al\u0131narak, bu haberlerin f\u0131khi h\u00fck\u00fcmlere etkisi tart\u0131\u015f\u0131lmaktad\u0131r.<\/p>\n<p><strong>Ana Temalar ve Ba\u015fl\u0131klar<\/strong><\/p>\n<ol>\n<li><strong>S\u00fcnnetin Kur\u2019an\u2019\u0131 A\u00e7\u0131klay\u0131c\u0131 Rol\u00fc<\/strong><br \/>\nS\u00fcnnet, \u00f6zellikle yoruma a\u00e7\u0131k (m\u00fccmel) ayetlerin a\u00e7\u0131klanmas\u0131nda temel bir kaynakt\u0131r. \u0130mam \u015e\u00e2fi\u00ee, Kur\u2019an\u2019\u0131n tek ba\u015f\u0131na t\u00fcm hukuk\u00ee ve itikadi meseleleri \u00e7\u00f6zmeyece\u011fini, s\u00fcnnetin tamamlay\u0131c\u0131 bir unsur oldu\u011funu vurgulamaktad\u0131r. Bu ba\u011flamda, s\u00fcnnetin vahiy \u00e7er\u00e7evesinde nas\u0131l anla\u015f\u0131lmas\u0131 gerekti\u011fi ele al\u0131nmaktad\u0131r.<\/li>\n<li><strong>M\u00fctevatir ve \u00c2h\u00e2d Haberlerin Ay\u0131rt Edilmesi<\/strong><br \/>\nM\u00fctevatir haberler, \u00e7ok say\u0131da g\u00fcvenilir ravi taraf\u0131ndan nakledildi\u011fi i\u00e7in kesin bilgi ifade ederken, \u00e2h\u00e2d haberler s\u0131n\u0131rl\u0131 say\u0131da raviden aktar\u0131ld\u0131\u011f\u0131 i\u00e7in zann\u00ee (kesinlik i\u00e7ermeyen) bilgi kabul edilmektedir. Bu ayr\u0131m\u0131n, \u0130slam hukukundaki delil de\u011feri ve h\u00fck\u00fcm \u00e7\u0131karma y\u00f6ntemlerine etkisi tart\u0131\u015f\u0131lmaktad\u0131r.<\/li>\n<li><strong>Kur\u2019an ve S\u00fcnnet Aras\u0131ndaki Ontolojik Ba\u011f<\/strong><br \/>\nSeminerde, Kur\u2019an\u2019da ge\u00e7en &#8220;kitap ve hikmet&#8221; ifadesinin s\u00fcnnetle ili\u015fkisi ele al\u0131nmaktad\u0131r. Bu ifade, klasik \u00e2limler taraf\u0131ndan Kur\u2019an ile s\u00fcnnetin ayr\u0131lmaz bir b\u00fct\u00fcn oldu\u011fu \u015feklinde yorumlanmaktad\u0131r. \u015e\u00e2fi\u00ee ve Gazz\u00e2l\u00ee\u2019nin s\u00fcnnetin ba\u011flay\u0131c\u0131l\u0131\u011f\u0131n\u0131 bu ba\u011flamda nas\u0131l temellendirdi\u011fi analiz edilmektedir.<\/li>\n<li><strong>Peygamberin S\u00f6zlerinin Ba\u011flay\u0131c\u0131l\u0131\u011f\u0131<\/strong><br \/>\nPeygamberin s\u00f6z ve fiillerinin M\u00fcsl\u00fcmanlar i\u00e7in ba\u011flay\u0131c\u0131 olup olmad\u0131\u011f\u0131 tart\u0131\u015f\u0131lmaktad\u0131r. Mucizelerin, peygamberin do\u011frulu\u011funun akli bir delili oldu\u011fu ve Kur\u2019an\u2019da peygambere itaati emreden ayetlerin s\u00fcnnetin ba\u011flay\u0131c\u0131l\u0131\u011f\u0131n\u0131 destekledi\u011fi vurgulanmaktad\u0131r. Gazz\u00e2l\u00ee\u2019nin hukuki deliller s\u0131n\u0131fland\u0131rmas\u0131 \u00e7er\u00e7evesinde, s\u00fcnnetin hangi durumlarda ba\u011flay\u0131c\u0131 kabul edilmesi gerekti\u011fi ele al\u0131nmaktad\u0131r.<\/li>\n<li><strong>\u0130slam Hukukunda Epistemolojik Temeller<\/strong><br \/>\nF\u0131k\u0131h usul\u00fcnde kesin bilgi (kat\u2019\u00ee) ile zann\u00ee bilginin ayr\u0131m\u0131 b\u00fcy\u00fck \u00f6nem ta\u015f\u0131maktad\u0131r. M\u00fctevatir haberler kesin bilgi sunarken, bir\u00e7ok f\u0131khi h\u00fck\u00fcm zann\u00ee delillere (\u00e2h\u00e2d hadisler, k\u0131yas ve icma gibi y\u00f6ntemler) dayanmaktad\u0131r. Bu ayr\u0131m\u0131n f\u0131k\u0131h usul\u00fcnde nas\u0131l de\u011ferlendirildi\u011fi a\u00e7\u0131klanmaktad\u0131r.<\/li>\n<li><strong>Hanefi ve \u015e\u00e2fi\u00ee Mezheplerinin \u00c2h\u00e2d Haberleri Kabul\u00fc Konusundaki Yakla\u015f\u0131mlar\u0131<\/strong><br \/>\nHanefi ekol\u00fc, \u00e2h\u00e2d haberlerin kabul\u00fcnde daha kat\u0131 kriterler uygularken, \u015e\u00e2fi\u00ee ekol\u00fc g\u00fcvenilir bir senetle gelen \u00e2h\u00e2d haberleri delil olarak kabul etmektedir. Bu metodolojik farkl\u0131l\u0131klar\u0131n, hadislerin hukuk\u00ee ba\u011flamda kullan\u0131m\u0131na nas\u0131l yans\u0131d\u0131\u011f\u0131 incelenmektedir.<\/li>\n<li><strong>Gelenek ve Ak\u0131lc\u0131 Yorumlar\u0131n Hukuktaki Yeri<\/strong><br \/>\nF\u0131k\u0131h usul\u00fcnde, geleneksel normlar (\u00f6rf) ve ak\u0131l y\u00fcr\u00fctme y\u00f6ntemleri \u00f6nemli bir yer tutmaktad\u0131r. Klasik fakihlerin, haberlerin g\u00fcvenilirli\u011fini belirlerken akli delillere nas\u0131l ba\u015fvurdu\u011fu ve hangi \u00f6l\u00e7\u00fctleri esas ald\u0131\u011f\u0131 tart\u0131\u015f\u0131lmaktad\u0131r.<\/li>\n<\/ol>\n<p><strong>Sonu\u00e7<\/strong><\/p>\n<p>Bu seminer, s\u00fcnnetin f\u0131k\u0131h usul\u00fcndeki i\u015flevi ve Kur\u2019an ile ili\u015fkisini detayl\u0131 bir \u015fekilde incelemektedir. M\u00fctevatir ve \u00e2h\u00e2d haberlerin f\u0131k\u0131h a\u00e7\u0131s\u0131ndan delil de\u011feri, Gazz\u00e2l\u00ee ve \u015e\u00e2fi\u00ee\u2019nin g\u00f6r\u00fc\u015fleri \u00e7er\u00e7evesinde de\u011ferlendirilmi\u015ftir. Ayr\u0131ca, Hanefi ve \u015e\u00e2fi\u00ee ekollerinin hadis kabul\u00fc konusundaki metodolojik farklar\u0131 tart\u0131\u015f\u0131lm\u0131\u015f ve \u0130slam hukukunda ak\u0131l ve gelenek dengesinin nas\u0131l kuruldu\u011fu ele al\u0131nm\u0131\u015ft\u0131r.<\/p>\n<p>&nbsp;<\/p>\n<p>&nbsp;<\/p>\n<p>This seminar, part of the &#8220;Introduction to Islamic Jurisprudence&#8221; course, explores the role of Sunnah in understanding the Qur&#8217;an and its epistemological significance within Islamic legal thought. The discussion centers on the interpretative authority of the Sunnah, its relationship with the Qur&#8217;an, and how classical scholars like Imam al-Shafi&#8217;i and al-Ghazali approached these issues. The seminar also examines different categories of transmitted reports, particularly the distinction between mutawatir (mass-transmitted) and ahad (solitary) reports, and their impact on jurisprudence.<\/p>\n<p><strong>Main Themes and Topics<\/strong><\/p>\n<ol>\n<li><strong>The Role of Sunnah in Understanding the Qur&#8217;an<\/strong><br \/>\nThe Sunnah serves as an essential source for interpreting the Qur&#8217;an, especially when verses require contextual explanation. Imam al-Shafi&#8217;i emphasized that the Qur&#8217;an alone does not provide solutions to all legal and theological issues but must be supplemented with the Sunnah. The necessity of understanding Sunnah within the framework of revelation is also discussed.<\/li>\n<li><strong>The Concept of Mutawatir and Ahad Reports<\/strong><br \/>\nThe seminar differentiates between mutawatir reports, which are transmitted by large numbers of people and provide certainty, and ahad reports, which are conveyed by a limited number of narrators and thus do not yield absolute certainty. The discussion highlights how Islamic scholars, including al-Ghazali, analyzed these reports to determine their reliability and legal implications.<\/li>\n<li><strong>The Ontological Connection between the Qur&#8217;an and Sunnah<\/strong><br \/>\nThe relationship between the Qur&#8217;an and Sunnah is examined through the lens of &#8220;kitab and hikmah&#8221; (Book and Wisdom) mentioned in the Qur&#8217;an. Scholars argue that this phrase implies an intrinsic link between the two sources. The seminar explores how al-Shafi&#8217;i and al-Ghazali justified the authority of Sunnah within this framework.<\/li>\n<li><strong>The Authority of the Prophet&#8217;s Statements<\/strong><br \/>\nThe Prophet\u2019s sayings and actions are binding for Muslims based on rational, textual, and ontological proofs. The seminar discusses how miracles serve as rational evidence of the Prophet\u2019s truthfulness and how divine command in the Qur&#8217;an mandates adherence to his teachings. The binding nature of prophetic teachings is further explored through al-Ghazali\u2019s classification of legal proofs.<\/li>\n<li><strong>The Epistemological Basis of Islamic Jurisprudence<\/strong><br \/>\nIslamic jurisprudence relies on both definitive (qat&#8217;i) and probabilistic (zanni) knowledge. While mutawatir reports provide absolute certainty, most jurisprudential rulings are derived from probabilistic sources such as ahad reports, analogical reasoning (qiyas), and juristic consensus (ijma). This distinction is crucial for understanding the nature of Islamic legal rulings.<\/li>\n<li><strong>Hanafi and Shafi&#8217;i Approaches to Hadith Acceptance<\/strong><br \/>\nThe seminar explores how different legal schools assessed the authenticity of ahad reports. The Hanafi school applied stricter criteria by cross-examining solitary reports against established principles, while al-Shafi&#8217;i defended the authority of ahad reports as long as they were transmitted through reliable chains. This methodological difference illustrates the diversity in hadith acceptance and application in legal discourse.<\/li>\n<li><strong>The Role of Custom (\u2018Urf) and Rational Justification in Law<\/strong><br \/>\nThe discussion highlights how classical jurists incorporated rational arguments and customary practices in their legal methodology. The importance of consistent norms in shaping jurisprudential rulings is emphasized, particularly in relation to determining the authenticity of reports and their application in Islamic law.<\/li>\n<\/ol>\n<p><strong>Conclusion<\/strong><br \/>\nThis seminar provides an in-depth analysis of the function of Sunnah in Islamic legal thought and its interdependence with the Qur&#8217;an. The classification of transmitted reports and their implications for jurisprudence is a central theme. By exploring the methodologies of al-Shafi&#8217;i, al-Ghazali, and the Hanafi school, the seminar sheds light on how classical scholars sought to balance textual authority with rational inquiry.<\/p>\n<p>&nbsp;<\/p>\n","protected":false},"excerpt":{"rendered":"<p>ABDURRAH\u0130M KOZALI: FIKIH USUL\u00dcNE G\u0130R\u0130\u015e 10.SEM\u0130NER \u00d6ZET\u0130 Bu seminer, f\u0131k\u0131h [&hellip;]<\/p>\n","protected":false},"author":1,"featured_media":0,"parent":0,"menu_order":0,"comment_status":"closed","ping_status":"closed","template":"100-width.php","meta":{"footnotes":""},"class_list":["post-3463","page","type-page","status-publish","hentry"],"jetpack_sharing_enabled":true,"_links":{"self":[{"href":"https:\/\/klasikdusunceokulu.com\/index.php\/wp-json\/wp\/v2\/pages\/3463","targetHints":{"allow":["GET"]}}],"collection":[{"href":"https:\/\/klasikdusunceokulu.com\/index.php\/wp-json\/wp\/v2\/pages"}],"about":[{"href":"https:\/\/klasikdusunceokulu.com\/index.php\/wp-json\/wp\/v2\/types\/page"}],"author":[{"embeddable":true,"href":"https:\/\/klasikdusunceokulu.com\/index.php\/wp-json\/wp\/v2\/users\/1"}],"replies":[{"embeddable":true,"href":"https:\/\/klasikdusunceokulu.com\/index.php\/wp-json\/wp\/v2\/comments?post=3463"}],"version-history":[{"count":1,"href":"https:\/\/klasikdusunceokulu.com\/index.php\/wp-json\/wp\/v2\/pages\/3463\/revisions"}],"predecessor-version":[{"id":3464,"href":"https:\/\/klasikdusunceokulu.com\/index.php\/wp-json\/wp\/v2\/pages\/3463\/revisions\/3464"}],"wp:attachment":[{"href":"https:\/\/klasikdusunceokulu.com\/index.php\/wp-json\/wp\/v2\/media?parent=3463"}],"curies":[{"name":"wp","href":"https:\/\/api.w.org\/{rel}","templated":true}]}}