{"id":3535,"date":"2025-02-28T20:13:58","date_gmt":"2025-02-28T17:13:58","guid":{"rendered":"https:\/\/klasikdusunceokulu.com\/?page_id=3535"},"modified":"2025-02-28T20:13:58","modified_gmt":"2025-02-28T17:13:58","slug":"dursun-ali-aykit-dinler-tarihi-okumalarihristiyanlik-3","status":"publish","type":"page","link":"https:\/\/klasikdusunceokulu.com\/index.php\/dursun-ali-aykit-dinler-tarihi-okumalarihristiyanlik-3\/","title":{"rendered":"Dursun Ali Ayk\u0131t, Dinler Tarihi Okumalar\u0131:Hristiyanl\u0131k 3"},"content":{"rendered":"<p><strong>DURSUN AL\u0130 AYKIT, D\u0130NLER TAR\u0130H\u0130 OKUMALARI:HR\u0130ST\u0130YANLIK 3. SEM\u0130NER \u00d6ZET\u0130<\/strong><\/p>\n<p>Bu seminer, tarihsel \u0130sa ile inan\u00e7 ba\u011flam\u0131nda \u015fekillenen \u0130sa aras\u0131ndaki ayr\u0131m\u0131 ve \u0130sa hakk\u0131nda elimizde bulunan kaynaklar\u0131 de\u011ferlendirmektedir. Yahudi, Roma, Hristiyan ve \u0130slami kaynaklar\u0131n \u0130sa hakk\u0131nda neler s\u00f6yledi\u011fi, bu kaynaklar\u0131n g\u00fcvenilirli\u011fi ve eksiklikleri analiz edilmi\u015ftir. Ayr\u0131ca, \u0130sa&#8217;n\u0131n tarihsel bir fig\u00fcr olup olmad\u0131\u011f\u0131na dair tart\u0131\u015fmalar ele al\u0131nm\u0131\u015f, Tiyana\u2019l\u0131 Apollonius, Mitraizm ve M\u0131s\u0131r dinleri ile Hristiyanl\u0131k aras\u0131ndaki benzerlikler incelenmi\u015ftir.<\/p>\n<p><strong>Ana Temalar<\/strong>:<\/p>\n<ol>\n<li><strong>Hristiyanl\u0131\u011f\u0131n Bir Din Olarak Olu\u015fumu<\/strong>: Hristiyanl\u0131k, zaman i\u00e7inde \u015fekillenmi\u015f bir inan\u00e7 sistemidir ve bu s\u00fcreci belirleyen fakt\u00f6rler aras\u0131nda Yahudi gelenekleri, Helenistik etkiler, Roma gizem dinleri, \u00d6l\u00fc Deniz Yazmalar\u0131 ve <em>Tanr\u0131\u2019dan Korkanlar<\/em> (<em>God-Fearers<\/em>) yer almaktad\u0131r.<\/li>\n<li><strong>\u0130sa ve Tiyana\u2019l\u0131 Apollonius Aras\u0131ndaki Benzerlikler<\/strong>: Tiyana\u2019l\u0131 Apollonius\u2019un ya\u015fam \u00f6yk\u00fcs\u00fc ile \u0130sa\u2019n\u0131n hayat\u0131 aras\u0131ndaki \u00e7arp\u0131c\u0131 benzerlikler ele al\u0131nm\u0131\u015f, Apollonius\u2019un \u0130sa\u2019dan \u00f6nce bilinen bir fig\u00fcr olmas\u0131 nedeniyle, baz\u0131 Bat\u0131l\u0131 ara\u015ft\u0131rmac\u0131lar\u0131n, \u0130sa\u2019n\u0131n asl\u0131nda Apollonius\u2019tan esinlenerek olu\u015fturulmu\u015f bir fig\u00fcr olabilece\u011fi iddialar\u0131 tart\u0131\u015f\u0131lm\u0131\u015ft\u0131r.<\/li>\n<li><strong>Roma Gizem Dinlerinin Hristiyanl\u0131\u011fa Etkisi<\/strong>: Mitraizm\u2019in rit\u00fcelleri (\u00f6rne\u011fin 25 Aral\u0131k do\u011fum g\u00fcn\u00fc, <em>Sunday<\/em> ibadeti, 12 takip\u00e7i sembolizmi) ile Hristiyanl\u0131k aras\u0131ndaki benzerlikler de\u011ferlendirilmi\u015ftir. Ayn\u0131 \u015fekilde, M\u0131s\u0131r tanr\u0131lar\u0131 \u0130sis, Osiris ve Horus aras\u0131ndaki mitolojik ili\u015fkilerin, Hristiyanl\u0131ktaki Meryem, \u0130sa ve Baba-O\u011ful kutsall\u0131\u011f\u0131 ile ili\u015fkisi ele al\u0131nm\u0131\u015ft\u0131r.<\/li>\n<li><strong>\u0130sa\u2019n\u0131n Tarihsel Kaynaklardaki Yeri<\/strong>:\n<ul>\n<li><em>Yahudi Kaynaklar\u0131<\/em>: Yahudi tarih\u00e7isi Josefus\u2019un eserlerinde \u0130sa hakk\u0131nda ge\u00e7en b\u00f6l\u00fcmler, sonradan eklenmi\u015f olabilece\u011fi iddialar\u0131yla ele\u015ftirel olarak incelenmi\u015ftir.<\/li>\n<li><em>Roma Kaynaklar\u0131<\/em>: Romal\u0131 tarih\u00e7iler Tacitus ve Plinius\u2019un \u0130sa hakk\u0131ndaki ilk at\u0131flar\u0131, \u0130sa\u2019n\u0131n ya\u015fad\u0131\u011f\u0131 iddia edilen d\u00f6neme olduk\u00e7a ge\u00e7 bir tarihte yap\u0131lm\u0131\u015ft\u0131r.<\/li>\n<li><em>Hristiyan Kaynaklar\u0131<\/em>: \u0130ncil\u2019in yaz\u0131l\u0131\u015f s\u00fcreci, metinlerin \u00e7eli\u015fkileri ve farkl\u0131 \u0130sa tasvirleri detayl\u0131ca tart\u0131\u015f\u0131lm\u0131\u015ft\u0131r.<\/li>\n<\/ul>\n<\/li>\n<li><strong>Tarihsel \u0130sa ile \u0130nanc\u0131n \u0130sa\u2019s\u0131 Aras\u0131ndaki Farklar<\/strong>: Hristiyan metinlerindeki \u0130sa, tarihsel ger\u00e7eklikten ziyade teolojik bir fig\u00fcr olarak sunulmu\u015ftur. Bu ba\u011flamda, bakire do\u011fum, mucizeler, \u00e7arm\u0131ha gerili\u015f ve dirili\u015f gibi inan\u00e7 unsurlar\u0131 tart\u0131\u015f\u0131lm\u0131\u015ft\u0131r.<\/li>\n<li><strong>\u0130sa\u2019n\u0131n Soy A\u011fac\u0131 ve Do\u011fum Hikayesi<\/strong>: Matta ve Luka \u0130ncilleri&#8217;nde \u0130sa\u2019n\u0131n soy a\u011fac\u0131ndaki farkl\u0131l\u0131klar ve Betlehem\u2019de do\u011fum anlat\u0131s\u0131n\u0131n teolojik bir anlat\u0131 olup olmad\u0131\u011f\u0131 de\u011ferlendirilmi\u015ftir.<\/li>\n<li><strong>Apokrif (Kanonik Olmayan) Metinlerde \u0130sa<\/strong>: Thomas ve Yakup\u2019a atfedilen apokrif \u0130ncillerde \u0130sa\u2019n\u0131n \u00e7ocuklu\u011funa dair anlat\u0131lar, onun k\u00fc\u00e7\u00fck ya\u015flardan itibaren mucizeler ger\u00e7ekle\u015ftirdi\u011fi ve tanr\u0131sal \u00f6zelliklere sahip oldu\u011fu g\u00f6r\u00fc\u015f\u00fcn\u00fc peki\u015ftirmek amac\u0131yla yaz\u0131ld\u0131\u011f\u0131 de\u011ferlendirilmi\u015ftir.<\/li>\n<\/ol>\n<p><strong>Sonu\u00e7<\/strong>:<br \/>\nBu seminer, \u0130sa hakk\u0131ndaki tarihsel kaynaklar\u0131 ve inan\u00e7 \u00e7er\u00e7evesinde \u015fekillenen anlat\u0131lar\u0131 kar\u015f\u0131la\u015ft\u0131rmal\u0131 bir \u015fekilde ele alarak, Hristiyanl\u0131\u011f\u0131n nas\u0131l \u015fekillendi\u011fine dair \u00e7ok y\u00f6nl\u00fc bir analiz sunmaktad\u0131r. \u0130sa\u2019n\u0131n ger\u00e7ekten ya\u015fay\u0131p ya\u015famad\u0131\u011f\u0131 sorusu etraf\u0131nda geli\u015fen akademik tart\u0131\u015fmalar, antik dinler ve k\u00fclt\u00fcrel etkile\u015fimler ba\u011flam\u0131nda de\u011ferlendirilmi\u015ftir. Hristiyanl\u0131k inanc\u0131n\u0131n k\u00f6kenleri ve farkl\u0131 geleneklerden nas\u0131l etkilendi\u011fi \u00fczerine yap\u0131lan bu tart\u0131\u015fmalar, dinler tarihi a\u00e7\u0131s\u0131ndan \u00f6nemli bir perspektif sunmaktad\u0131r.<\/p>\n<p>This seminar examines the distinction between the historical Jesus and the Jesus of faith, analyzing the available sources on Jesus. It evaluates Jewish, Roman, Christian, and Islamic accounts of Jesus, assessing their reliability and limitations. Additionally, the discussion explores whether Jesus was a historical figure and compares Christianity with figures like Apollonius of Tyana, as well as influences from Mithraism and Egyptian religions.<\/p>\n<p><strong>Main Themes<\/strong>:<\/p>\n<ol>\n<li><strong>The Formation of Christianity as a Religion<\/strong>: Christianity evolved over time, shaped by Jewish traditions, Hellenistic influences, Roman mystery religions, the Dead Sea Scrolls, and <em>God-Fearers<\/em> (Gentiles sympathetic to Judaism).<\/li>\n<li><strong>Similarities Between Jesus and Apollonius of Tyana<\/strong>: The striking similarities between the life stories of Jesus and Apollonius of Tyana are examined. Some Western scholars suggest that Jesus may have been modeled after Apollonius, who was a known historical figure before Jesus.<\/li>\n<li><strong>Influence of Roman Mystery Religions on Christianity<\/strong>: The seminar explores parallels between Mithraism and Christianity, including Mithras&#8217; birth on December 25, Sunday worship, and the symbolism of 12 followers. Similarities between the Egyptian deities Isis, Osiris, and Horus and the Christian concepts of Mary, Jesus, and the Father-Son relationship are also discussed.<\/li>\n<li><strong>Jesus in Historical Sources<\/strong>:\n<ul>\n<li><em>Jewish Sources<\/em>: The references to Jesus in the works of Jewish historian Josephus are critically examined, with discussions on whether certain passages were later Christian interpolations.<\/li>\n<li><em>Roman Sources<\/em>: Mentions of Jesus by Roman historians such as Tacitus and Pliny the Younger are analyzed, noting that these references were written long after Jesus&#8217; alleged lifetime.<\/li>\n<li><em>Christian Sources<\/em>: The composition of the Gospels, textual contradictions, and differing portrayals of Jesus within the New Testament are explored.<\/li>\n<\/ul>\n<\/li>\n<li><strong>The Difference Between the Historical Jesus and the Theological Jesus<\/strong>: The seminar discusses how the Jesus depicted in Christian texts is more of a theological figure than a historical one, analyzing beliefs about his virgin birth, miracles, crucifixion, and resurrection.<\/li>\n<li><strong>Jesus\u2019 Genealogy and Birth Narrative<\/strong>: The contradictions in the genealogies of Jesus found in the Gospels of Matthew and Luke, as well as the theological motivations behind the Bethlehem birth narrative, are examined.<\/li>\n<li><strong>Jesus in Apocryphal (Non-Canonical) Texts<\/strong>: The Gospel of Thomas and the Infancy Gospel of James contain accounts of Jesus&#8217; childhood, depicting him as performing miracles from a young age. These texts are analyzed as attempts to reinforce the belief in his divine nature.<\/li>\n<\/ol>\n<p><strong>Conclusion<\/strong>:<br \/>\nThis seminar provides a comparative analysis of historical sources and faith-based narratives about Jesus, offering a multidimensional perspective on the formation of Christianity. The academic debate over Jesus&#8217; historicity is discussed within the context of ancient religions and cultural interactions. By examining the origins of Christian beliefs and their influences from various traditions, the seminar presents an important perspective on the history of religions.<\/p>\n<p>&nbsp;<\/p>\n","protected":false},"excerpt":{"rendered":"<p>DURSUN AL\u0130 AYKIT, D\u0130NLER TAR\u0130H\u0130 OKUMALARI:HR\u0130ST\u0130YANLIK 3. SEM\u0130NER \u00d6ZET\u0130 Bu [&hellip;]<\/p>\n","protected":false},"author":1,"featured_media":0,"parent":0,"menu_order":0,"comment_status":"closed","ping_status":"closed","template":"100-width.php","meta":{"footnotes":""},"class_list":["post-3535","page","type-page","status-publish","hentry"],"jetpack_sharing_enabled":true,"_links":{"self":[{"href":"https:\/\/klasikdusunceokulu.com\/index.php\/wp-json\/wp\/v2\/pages\/3535","targetHints":{"allow":["GET"]}}],"collection":[{"href":"https:\/\/klasikdusunceokulu.com\/index.php\/wp-json\/wp\/v2\/pages"}],"about":[{"href":"https:\/\/klasikdusunceokulu.com\/index.php\/wp-json\/wp\/v2\/types\/page"}],"author":[{"embeddable":true,"href":"https:\/\/klasikdusunceokulu.com\/index.php\/wp-json\/wp\/v2\/users\/1"}],"replies":[{"embeddable":true,"href":"https:\/\/klasikdusunceokulu.com\/index.php\/wp-json\/wp\/v2\/comments?post=3535"}],"version-history":[{"count":1,"href":"https:\/\/klasikdusunceokulu.com\/index.php\/wp-json\/wp\/v2\/pages\/3535\/revisions"}],"predecessor-version":[{"id":3536,"href":"https:\/\/klasikdusunceokulu.com\/index.php\/wp-json\/wp\/v2\/pages\/3535\/revisions\/3536"}],"wp:attachment":[{"href":"https:\/\/klasikdusunceokulu.com\/index.php\/wp-json\/wp\/v2\/media?parent=3535"}],"curies":[{"name":"wp","href":"https:\/\/api.w.org\/{rel}","templated":true}]}}