{"id":3619,"date":"2025-03-03T00:15:19","date_gmt":"2025-03-02T21:15:19","guid":{"rendered":"https:\/\/klasikdusunceokulu.com\/?page_id=3619"},"modified":"2025-05-20T18:05:30","modified_gmt":"2025-05-20T15:05:30","slug":"esref-altas-razi-okumalari-muhassal","status":"publish","type":"page","link":"https:\/\/klasikdusunceokulu.com\/index.php\/esref-altas-razi-okumalari-muhassal\/","title":{"rendered":"E\u015fref Alta\u015f, R\u00e2z\u00ee Okumalar\u0131: Muhassal"},"content":{"rendered":"<p><span style=\"color: #3b5163;\"><a style=\"color: #3b5163;\" href=\"https:\/\/klasikdusunceokulu.com\/index.php\/esref-altas-razi-okumalari-muhassal-1-seminer-ozeti\/\"><strong>E\u015eREF ALTA\u015e, R\u00c2Z\u0130 OKUMALARI: MUHASSAL 1. SEM\u0130NER \u00d6ZET\u0130<\/strong><\/a><\/span><\/p>\n<p><span style=\"color: #3b5163;\"><a style=\"color: #3b5163;\" href=\"https:\/\/klasikdusunceokulu.com\/index.php\/esref-altas-razi-okumalari-muhassal-2-seminer-ozeti\/\"><strong>E\u015eREF ALTA\u015e, R\u00c2Z\u0130 OKUMALARI: MUHASSAL 2. SEM\u0130NER \u00d6ZET\u0130<\/strong><\/a><\/span><\/p>\n<p><span style=\"color: #3b5163;\"><a style=\"color: #3b5163;\" href=\"https:\/\/klasikdusunceokulu.com\/index.php\/esref-altas-razi-okumalari-muhassal-3-seminer-ozeti\/\"><strong>E\u015eREF ALTA\u015e, R\u00c2Z\u0130 OKUMALARI: MUHASSAL 3. SEM\u0130NER \u00d6ZET\u0130<\/strong><\/a><\/span><\/p>\n<p><span style=\"color: #3b5163;\"><a style=\"color: #3b5163;\" href=\"https:\/\/klasikdusunceokulu.com\/index.php\/esref-altas-razi-okumalari-muhassal-4-seminer-ozeti\/\"><strong>E\u015eREF ALTA\u015e, R\u00c2Z\u0130 OKUMALARI: MUHASSAL 4. SEM\u0130NER \u00d6ZET\u0130<\/strong><\/a><\/span><\/p>\n<p><span style=\"color: #3b5163;\"><a style=\"color: #3b5163;\" href=\"https:\/\/klasikdusunceokulu.com\/index.php\/esref-altas-razi-okumalari-muhassal-5-seminer-ozeti\/\"><strong>E\u015eREF ALTA\u015e, R\u00c2Z\u0130 OKUMALARI: MUHASSAL 5. SEM\u0130NER \u00d6ZET\u0130<\/strong><\/a><\/span><\/p>\n<p><span style=\"color: #3b5163;\"><a style=\"color: #3b5163;\" href=\"https:\/\/klasikdusunceokulu.com\/index.php\/esref-altas-razi-okumalari-muhassal-6-seminer-ozeti\/\"><strong>E\u015eREF ALTA\u015e, R\u00c2Z\u0130 OKUMALARI: MUHASSAL 6. SEM\u0130NER \u00d6ZET\u0130<\/strong><\/a><\/span><\/p>\n<p><span style=\"color: #3b5163;\"><a style=\"color: #3b5163;\" href=\"https:\/\/klasikdusunceokulu.com\/index.php\/esref-altas-razi-okumalari-muhassal-7-seminer-ozeti\/\"><strong>E\u015eREF ALTA\u015e, R\u00c2Z\u0130 OKUMALARI: MUHASSAL 7. SEM\u0130NER \u00d6ZET\u0130<\/strong><\/a><\/span><\/p>\n<p><span style=\"color: #3b5163;\"><a style=\"color: #3b5163;\" href=\"https:\/\/klasikdusunceokulu.com\/index.php\/esref-altas-razi-okumalari-muhassal-8-seminer-ozeti\/\"><strong>E\u015eREF ALTA\u015e, R\u00c2Z\u0130 OKUMALARI: MUHASSAL 8. SEM\u0130NER \u00d6ZET\u0130<\/strong><\/a><\/span><\/p>\n<p><span style=\"color: #3b5163;\"><a style=\"color: #3b5163;\" href=\"https:\/\/klasikdusunceokulu.com\/index.php\/esref-altas-razi-okumalari-muhassal-9-seminer-ozeti\/\"><strong>E\u015eREF ALTA\u015e, R\u00c2Z\u0130 OKUMALARI: MUHASSAL 9. SEM\u0130NER \u00d6ZET\u0130<\/strong><\/a><\/span><\/p>\n<p><span style=\"color: #3b5163;\"><a style=\"color: #3b5163;\" href=\"https:\/\/klasikdusunceokulu.com\/index.php\/esref-altas-razi-okumalari-muhassal-10-seminer-ozeti\/\"><strong>E\u015eREF ALTA\u015e, R\u00c2Z\u0130 OKUMALARI: MUHASSAL 10. SEM\u0130NER \u00d6ZET\u0130<\/strong><\/a><\/span><\/p>\n<p><span style=\"color: #3b5163;\"><a style=\"color: #3b5163;\" href=\"https:\/\/klasikdusunceokulu.com\/index.php\/esref-altas-razi-okumalari-muhassal-11-seminer-ozeti\/\"><strong>E\u015eREF ALTA\u015e, R\u00c2Z\u0130 OKUMALARI: MUHASSAL 11. SEM\u0130NER \u00d6ZET\u0130<\/strong><\/a><\/span><\/p>\n<p><span style=\"color: #3b5163;\"><a style=\"color: #3b5163;\" href=\"https:\/\/klasikdusunceokulu.com\/index.php\/esref-altas-razi-okumalari-muhassal-12-seminer-ozeti\/\"><strong>E\u015eREF ALTA\u015e, R\u00c2Z\u0130 OKUMALARI: MUHASSAL 12. SEM\u0130NER \u00d6ZET\u0130<\/strong><\/a><\/span><\/p>\n<p><span style=\"color: #3b5163;\"><a style=\"color: #3b5163;\" href=\"https:\/\/klasikdusunceokulu.com\/index.php\/esref-altas-razi-okumalari-muhassal-13-seminer-ozeti\/\"><strong>E\u015eREF ALTA\u015e, R\u00c2Z\u0130 OKUMALARI: MUHASSAL 13. SEM\u0130NER \u00d6ZET\u0130<\/strong><\/a><\/span><\/p>\n<p><span style=\"color: #3b5163;\"><a style=\"color: #3b5163;\" href=\"https:\/\/klasikdusunceokulu.com\/index.php\/esref-altas-razi-okumalari-muhassal-14-seminer-ozeti\/\"><strong>E\u015eREF ALTA\u015e, R\u00c2Z\u0130 OKUMALARI: MUHASSAL 14. SEM\u0130NER \u00d6ZET\u0130<\/strong><\/a><\/span><\/p>\n<p><span style=\"color: #3b5163;\"><a style=\"color: #3b5163;\" href=\"https:\/\/klasikdusunceokulu.com\/index.php\/esref-altas-razi-okumalari-muhassal-15-seminer-ozeti\/\"><strong>E\u015eREF ALTA\u015e, R\u00c2Z\u0130 OKUMALARI: MUHASSAL 15. SEM\u0130NER \u00d6ZET\u0130<\/strong><\/a><\/span><\/p>\n<p><span style=\"color: #3b5163;\"><a style=\"color: #3b5163;\" href=\"https:\/\/klasikdusunceokulu.com\/index.php\/esref-altas-razi-okumalari-muhassal-16-seminer-ozeti\/\"><strong>E\u015eREF ALTA\u015e, R\u00c2Z\u0130 OKUMALARI: MUHASSAL 16. SEM\u0130NER \u00d6ZET\u0130<\/strong><\/a><\/span><\/p>\n<p><span style=\"color: #3b5163;\"><a style=\"color: #3b5163;\" href=\"https:\/\/klasikdusunceokulu.com\/index.php\/esref-altas-razi-okumalari-muhassal-17-seminer-ozeti\/\"><strong>E\u015eREF ALTA\u015e, R\u00c2Z\u0130 OKUMALARI: MUHASSAL 17. SEM\u0130NER \u00d6ZET\u0130<\/strong><\/a><\/span><\/p>\n<p><span style=\"color: #3b5163;\"><a style=\"color: #3b5163;\" href=\"https:\/\/klasikdusunceokulu.com\/index.php\/esref-altas-razi-okumalari-muhassal-18-seminer-ozeti\/\"><strong>E\u015eREF ALTA\u015e, R\u00c2Z\u0130 OKUMALARI: MUHASSAL 18. SEM\u0130NER \u00d6ZET\u0130<\/strong><\/a><\/span><\/p>\n<p><span style=\"color: #3b5163;\"><a style=\"color: #3b5163;\" href=\"https:\/\/klasikdusunceokulu.com\/index.php\/esref-altas-razi-okumalari-muhassal-19-seminer-ozeti\/\"><strong>E\u015eREF ALTA\u015e, R\u00c2Z\u0130 OKUMALARI: MUHASSAL 19. SEM\u0130NER \u00d6ZET\u0130<\/strong><\/a><\/span><\/p>\n<p><span style=\"color: #3b5163;\"><a style=\"color: #3b5163;\" href=\"https:\/\/klasikdusunceokulu.com\/index.php\/esref-altas-razi-okumalari-muhassal-20-seminer-ozeti\/\"><strong>E\u015eREF ALTA\u015e, R\u00c2Z\u0130 OKUMALARI: MUHASSAL 20. SEM\u0130NER \u00d6ZET\u0130<\/strong><\/a><\/span><\/p>\n<p><span style=\"color: #3b5163;\"><a style=\"color: #3b5163;\" href=\"https:\/\/klasikdusunceokulu.com\/index.php\/esref-altas-razi-okumalari-muhassal-21-seminer-ozeti\/\"><strong>E\u015eREF ALTA\u015e, R\u00c2Z\u0130 OKUMALARI: MUHASSAL 21. SEM\u0130NER \u00d6ZET\u0130<\/strong><\/a><\/span><\/p>\n<p><span style=\"color: #3b5163;\"><a style=\"color: #3b5163;\" href=\"https:\/\/klasikdusunceokulu.com\/index.php\/esref-altas-razi-okumalari-muhassal-22-seminer-ozeti\/\"><strong>E\u015eREF ALTA\u015e, R\u00c2Z\u0130 OKUMALARI: MUHASSAL 22. SEM\u0130NER \u00d6ZET\u0130<\/strong><\/a><\/span><\/p>\n<p><span style=\"color: #3b5163;\"><a style=\"color: #3b5163;\" href=\"https:\/\/klasikdusunceokulu.com\/index.php\/esref-altas-razi-okumalari-muhassal-23-seminer-ozeti\/\"><strong>E\u015eREF ALTA\u015e, R\u00c2Z\u0130 OKUMALARI: MUHASSAL 23. SEM\u0130NER \u00d6ZET\u0130<\/strong><\/a><\/span><\/p>\n<p><span style=\"color: #3b5163;\"><a style=\"color: #3b5163;\" href=\"https:\/\/klasikdusunceokulu.com\/index.php\/esref-altas-razi-okumalari-muhassal-24-seminer-ozeti\/\"><strong>E\u015eREF ALTA\u015e, R\u00c2Z\u0130 OKUMALARI: MUHASSAL 24. SEM\u0130NER \u00d6ZET\u0130<\/strong><\/a><\/span><\/p>\n<p><span style=\"color: #3b5163;\"><a style=\"color: #3b5163;\" href=\"https:\/\/klasikdusunceokulu.com\/index.php\/esref-altas-razi-okumalari-muhassal-25-seminer-ozeti\/\"><strong>E\u015eREF ALTA\u015e, R\u00c2Z\u0130 OKUMALARI: MUHASSAL 25. SEM\u0130NER \u00d6ZET\u0130<\/strong><\/a><\/span><\/p>\n<p><span style=\"color: #3b5163;\"><a style=\"color: #3b5163;\" href=\"https:\/\/klasikdusunceokulu.com\/index.php\/esref-altas-razi-okumalari-muhassal-26-seminer-ozeti\/\"><strong>E\u015eREF ALTA\u015e, R\u00c2Z\u0130 OKUMALARI: MUHASSAL 26. SEM\u0130NER \u00d6ZET\u0130<\/strong><\/a><\/span><\/p>\n<p><span style=\"color: #3b5163;\"><a style=\"color: #3b5163;\" href=\"https:\/\/klasikdusunceokulu.com\/index.php\/esref-altas-razi-okumalari-muhassal-27-seminer-ozeti\/\"><strong>E\u015eREF ALTA\u015e, R\u00c2Z\u0130 OKUMALARI: MUHASSAL 27. SEM\u0130NER \u00d6ZET\u0130<\/strong><\/a><\/span><\/p>\n<p><span style=\"color: #3b5163;\"><a style=\"color: #3b5163;\" href=\"https:\/\/klasikdusunceokulu.com\/index.php\/esref-altas-razi-okumalari-muhassal-28-seminer-ozeti\/\"><strong>E\u015eREF ALTA\u015e, R\u00c2Z\u0130 OKUMALARI: MUHASSAL 28. SEM\u0130NER \u00d6ZET\u0130<\/strong><\/a><\/span><\/p>\n<p><span style=\"color: #3b5163;\"><a style=\"color: #3b5163;\" href=\"https:\/\/klasikdusunceokulu.com\/index.php\/esref-altas-razi-okumalari-muhassal-29-seminer-ozeti\/\"><strong>E\u015eREF ALTA\u015e, R\u00c2Z\u0130 OKUMALARI: MUHASSAL 29. SEM\u0130NER \u00d6ZET\u0130<\/strong><\/a><\/span><\/p>\n<p><span style=\"color: #3b5163;\"><a style=\"color: #3b5163;\" href=\"https:\/\/klasikdusunceokulu.com\/index.php\/esref-altas-razi-okumalari-muhassal-30-seminer-ozeti\/\"><strong>E\u015eREF ALTA\u015e, R\u00c2Z\u0130 OKUMALARI: MUHASSAL 30. SEM\u0130NER \u00d6ZET\u0130<\/strong><\/a><\/span><\/p>\n<p><a href=\"https:\/\/klasikdusunceokulu.com\/index.php\/esref-altas-razi-okumalari-muhassal-31-seminer-ozeti\/\"><span style=\"color: #3b5163;\"><strong>E\u015eREF ALTA\u015e, R\u00c2Z\u0130 OKUMALARI: MUHASSAL 31. SEM\u0130NER \u00d6ZET\u0130<\/strong><\/span><\/a><\/p>\n<p><a href=\"https:\/\/klasikdusunceokulu.com\/index.php\/esref-altas-razi-okumalari-muhassal-32-seminer-ozeti\/\"><span style=\"color: #3b5163;\"><strong>E\u015eREF ALTA\u015e, R\u00c2Z\u0130 OKUMALARI: MUHASSAL 32. SEM\u0130NER \u00d6ZET\u0130<\/strong><\/span><\/a><\/p>\n<p><span style=\"color: #3b5163;\"><a style=\"color: #3b5163;\" href=\"https:\/\/klasikdusunceokulu.com\/index.php\/esref-altas-razi-okumalari-muhassal-33-seminer-ozeti\/\"><strong>E\u015eREF ALTA\u015e, R\u00c2Z\u0130 OKUMALARI: MUHASSAL 33. SEM\u0130NER \u00d6ZET\u0130<\/strong><\/a><\/span><\/p>\n<p><span style=\"color: #3b5163;\"><a style=\"color: #3b5163;\" href=\"https:\/\/klasikdusunceokulu.com\/index.php\/esref-altas-razi-okumalari-muhassal-34-seminer-ozeti\/\"><strong>E\u015eREF ALTA\u015e, R\u00c2Z\u0130 OKUMALARI: MUHASSAL 34. SEM\u0130NER \u00d6ZET\u0130<\/strong><\/a><\/span><\/p>\n<p><span style=\"color: #3b5163;\"><strong>E\u015eREF ALTA\u015e, R\u00c2Z\u0130 OKUMALARI: MUHASSAL 35. SEM\u0130NER \u00d6ZET\u0130<\/strong><\/span><\/p>\n<p><span style=\"color: #3b5163;\"><a style=\"color: #3b5163;\" href=\"https:\/\/klasikdusunceokulu.com\/index.php\/esref-altas-razi-okumalari-muhassal-36-seminer-ozeti\/\"><strong>E\u015eREF ALTA\u015e, R\u00c2Z\u0130 OKUMALARI: MUHASSAL 36. SEM\u0130NER \u00d6ZET\u0130<\/strong><\/a><\/span><\/p>\n<p><span style=\"color: #3b5163;\"><a style=\"color: #3b5163;\" href=\"https:\/\/klasikdusunceokulu.com\/index.php\/esref-altas-razi-okumalari-muhassal-37-seminer-ozeti\/\"><strong>E\u015eREF ALTA\u015e, R\u00c2Z\u0130 OKUMALARI: MUHASSAL 37. SEM\u0130NER \u00d6ZET\u0130<\/strong><\/a><\/span><\/p>\n<p><span style=\"color: #3b5163;\"><a style=\"color: #3b5163;\" href=\"https:\/\/klasikdusunceokulu.com\/index.php\/esref-altas-razi-okumalari-muhassal-38-seminer-ozeti\/\"><strong>E\u015eREF ALTA\u015e, R\u00c2Z\u0130 OKUMALARI: MUHASSAL 38. SEM\u0130NER \u00d6ZET\u0130<\/strong><\/a><\/span><\/p>\n<p><span style=\"color: #3b5163;\"><a style=\"color: #3b5163;\" href=\"https:\/\/klasikdusunceokulu.com\/index.php\/esref-altas-razi-okumalari-muhassal-39-seminer-ozeti\/\"><strong>E\u015eREF ALTA\u015e, R\u00c2Z\u0130 OKUMALARI: MUHASSAL 39. SEM\u0130NER \u00d6ZET\u0130<\/strong><\/a><\/span><\/p>\n<p><span style=\"color: #3b5163;\"><a style=\"color: #3b5163;\" href=\"https:\/\/klasikdusunceokulu.com\/index.php\/esref-altas-razi-okumalari-muhassal-40-seminer-ozeti\/\"><strong>E\u015eREF ALTA\u015e, R\u00c2Z\u0130 OKUMALARI: MUHASSAL 40. SEM\u0130NER \u00d6ZET\u0130<\/strong><\/a><\/span><\/p>\n<p><span style=\"color: #3b5163;\"><a style=\"color: #3b5163;\" href=\"https:\/\/klasikdusunceokulu.com\/index.php\/esref-altas-razi-okumalari-muhassal-41-seminer-ozeti\/\"><strong>E\u015eREF ALTA\u015e, R\u00c2Z\u0130 OKUMALARI: MUHASSAL 41. SEM\u0130NER \u00d6ZET\u0130<\/strong><\/a><\/span><\/p>\n<p><span style=\"color: #3b5163;\"><a style=\"color: #3b5163;\" href=\"https:\/\/klasikdusunceokulu.com\/index.php\/esref-altas-razi-okumalari-muhassal-42-seminer-ozeti\/\"><strong>E\u015eREF ALTA\u015e, R\u00c2Z\u0130 OKUMALARI: MUHASSAL 42. SEM\u0130NER \u00d6ZET\u0130<\/strong><\/a><\/span><\/p>\n<p><a href=\"https:\/\/klasikdusunceokulu.com\/index.php\/esref-altas-razi-okumalari-muhassal-43-seminer-ozeti\/\"><span style=\"color: #3b5163;\"><strong>E\u015eREF ALTA\u015e, R\u00c2Z\u0130 OKUMALARI: MUHASSAL 43. SEM\u0130NER \u00d6ZET\u0130<\/strong><\/span><\/a><\/p>\n<p><span style=\"color: #3b5163;\"><a style=\"color: #3b5163;\" href=\"https:\/\/klasikdusunceokulu.com\/index.php\/esref-altas-razi-okumalari-muhassal-44-seminer-ozeti\/\"><strong>E\u015eREF ALTA\u015e, R\u00c2Z\u0130 OKUMALARI: MUHASSAL 44. SEM\u0130NER \u00d6ZET\u0130<\/strong><\/a><\/span><\/p>\n<p><span style=\"color: #3b5163;\"><a style=\"color: #3b5163;\" href=\"https:\/\/klasikdusunceokulu.com\/index.php\/esref-altas-razi-okumalari-muhassal-45-seminer-ozeti\/\"><strong>E\u015eREF ALTA\u015e, R\u00c2Z\u0130 OKUMALARI: MUHASSAL 45. SEM\u0130NER \u00d6ZET\u0130<\/strong><\/a><\/span><\/p>\n<p><span style=\"color: #3b5163;\"><a style=\"color: #3b5163;\" href=\"https:\/\/klasikdusunceokulu.com\/index.php\/esref-altas-razi-okumalari-muhassal-46-seminer-ozeti\/\"><strong>E\u015eREF ALTA\u015e, R\u00c2Z\u0130 OKUMALARI: MUHASSAL 46. SEM\u0130NER \u00d6ZET\u0130<\/strong><\/a><\/span><\/p>\n<p><span style=\"color: #3b5163;\"><a style=\"color: #3b5163;\" href=\"https:\/\/klasikdusunceokulu.com\/index.php\/esref-altas-razi-okumalari-muhassal-47-seminer-ozeti\/\"><strong>E\u015eREF ALTA\u015e, R\u00c2Z\u0130 OKUMALARI: MUHASSAL 47. SEM\u0130NER \u00d6ZET\u0130<\/strong><\/a><\/span><\/p>\n<p><span style=\"color: #3b5163;\"><a style=\"color: #3b5163;\" href=\"https:\/\/klasikdusunceokulu.com\/index.php\/esref-altas-razi-okumalari-muhassal-48-seminer-ozeti\/\"><strong>E\u015eREF ALTA\u015e, R\u00c2Z\u0130 OKUMALARI: MUHASSAL 48<\/strong><strong>. SEM\u0130NER \u00d6ZET\u0130<\/strong><\/a><\/span><\/p>\n<p><span style=\"color: #3b5163;\"><a style=\"color: #3b5163;\" href=\"https:\/\/klasikdusunceokulu.com\/index.php\/esref-altas-razi-okumalari-muhassal-49-seminer-ozeti\/\"><strong>E\u015eREF ALTA\u015e, R\u00c2Z\u0130 OKUMALARI: MUHASSAL 49. SEM\u0130NER \u00d6ZET\u0130<\/strong><\/a><\/span><\/p>\n<p><span style=\"color: #3b5163;\"><a style=\"color: #3b5163;\" href=\"https:\/\/klasikdusunceokulu.com\/index.php\/esref-altas-razi-okumalari-muhassal-50-seminer-ozeti\/\"><strong>E\u015eREF ALTA\u015e, R\u00c2Z\u0130 OKUMALARI: MUHASSAL 50. SEM\u0130NER \u00d6ZET\u0130<\/strong><\/a><\/span><\/p>\n<p><span style=\"color: #3b5163;\"><a style=\"color: #3b5163;\" href=\"https:\/\/klasikdusunceokulu.com\/index.php\/esref-altas-razi-okumalari-muhassal-51-seminer-ozeti\/\"><strong>E\u015eREF ALTA\u015e, R\u00c2Z\u0130 OKUMALARI: MUHASSAL 51. SEM\u0130NER \u00d6ZET\u0130<\/strong><\/a><\/span><\/p>\n<p><span style=\"color: #3b5163;\"><a style=\"color: #3b5163;\" href=\"https:\/\/klasikdusunceokulu.com\/index.php\/esref-altas-razi-okumalari-muhassal-52-seminer-ozeti\/\"><strong>E\u015eREF ALTA\u015e, R\u00c2Z\u0130 OKUMALARI: MUHASSAL 52. SEM\u0130NER \u00d6ZET\u0130<\/strong><\/a><\/span><\/p>\n<p><span style=\"color: #3b5163;\"><a style=\"color: #3b5163;\" href=\"https:\/\/klasikdusunceokulu.com\/index.php\/esref-altas-razi-okumalari-muhassal-53-seminer-ozeti\/\"><strong>E\u015eREF ALTA\u015e, R\u00c2Z\u0130 OKUMALARI: MUHASSAL 53. SEM\u0130NER \u00d6ZET\u0130<\/strong><\/a><\/span><\/p>\n<p><span style=\"color: #3b5163;\"><a style=\"color: #3b5163;\" href=\"https:\/\/klasikdusunceokulu.com\/index.php\/esref-altas-razi-okumalari-muhassal-54-seminer-ozeti\/\"><strong>E\u015eREF ALTA\u015e, R\u00c2Z\u0130 OKUMALARI: MUHASSAL 54<\/strong><strong>. SEM\u0130NER \u00d6ZET\u0130<\/strong><\/a><\/span><\/p>\n<p><span style=\"color: #3b5163;\"><a style=\"color: #3b5163;\" href=\"https:\/\/klasikdusunceokulu.com\/index.php\/esref-altas-razi-okumalari-muhassal-55\/\" target=\"_blank\" rel=\"noopener\"><strong>E\u015eREF ALTA\u015e, R\u00c2Z\u0130 OKUMALARI: MUHASSAL 55. SEM\u0130NER \u00d6ZET\u0130<\/strong><\/a><\/span><\/p>\n<p><span style=\"color: #3b5163;\"><a style=\"color: #3b5163;\" href=\"https:\/\/klasikdusunceokulu.com\/index.php\/esref-altas-razi-okumalari-muhassal-56\/\"><strong>E\u015eREF ALTA\u015e, R\u00c2Z\u0130 OKUMALARI: MUHASSAL 56. SEM\u0130NER \u00d6ZET\u0130<\/strong><\/a><\/span><\/p>\n<p><span style=\"color: #3b5163;\"><a style=\"color: #3b5163;\" href=\"https:\/\/klasikdusunceokulu.com\/index.php\/esref-altas-razi-okumalari-muhassal-57\/\"><strong>E\u015eREF ALTA\u015e, R\u00c2Z\u0130 OKUMALARI: MUHASSAL 57. SEM\u0130NER \u00d6ZET\u0130<\/strong><\/a><\/span><\/p>\n<p><span style=\"color: #3b5163;\"><a style=\"color: #3b5163;\" href=\"https:\/\/klasikdusunceokulu.com\/index.php\/esref-altas-razi-okumalari-muhassal-58\/\"><strong>E\u015eREF ALTA\u015e, R\u00c2Z\u0130 OKUMALARI: MUHASSAL 58. SEM\u0130NER \u00d6ZET\u0130<\/strong><\/a><\/span><\/p>\n<p><span style=\"color: #3b5163;\"><a style=\"color: #3b5163;\" href=\"https:\/\/klasikdusunceokulu.com\/index.php\/esref-altas-razi-okumalari-muhassal-59\/\"><strong>E\u015eREF ALTA\u015e, R\u00c2Z\u0130 OKUMALARI: MUHASSAL 59. SEM\u0130NER \u00d6ZET\u0130<\/strong><\/a><\/span><\/p>\n<p><span style=\"color: #3b5163;\"><a style=\"color: #3b5163;\" href=\"https:\/\/klasikdusunceokulu.com\/index.php\/esref-altas-razi-okumalari-muhassal-60\/\"><strong>E\u015eREF ALTA\u015e, R\u00c2Z\u0130 OKUMALARI: MUHASSAL 60. SEM\u0130NER \u00d6ZET\u0130<\/strong><\/a><\/span><\/p>\n","protected":false},"excerpt":{"rendered":"<p>E\u015eREF ALTA\u015e, R\u00c2Z\u0130 OKUMALARI: MUHASSAL 1. SEM\u0130NER \u00d6ZET\u0130 E\u015eREF ALTA\u015e, [&hellip;]<\/p>\n","protected":false},"author":1,"featured_media":0,"parent":0,"menu_order":0,"comment_status":"closed","ping_status":"closed","template":"100-width.php","meta":{"footnotes":""},"class_list":["post-3619","page","type-page","status-publish","hentry"],"jetpack_sharing_enabled":true,"_links":{"self":[{"href":"https:\/\/klasikdusunceokulu.com\/index.php\/wp-json\/wp\/v2\/pages\/3619","targetHints":{"allow":["GET"]}}],"collection":[{"href":"https:\/\/klasikdusunceokulu.com\/index.php\/wp-json\/wp\/v2\/pages"}],"about":[{"href":"https:\/\/klasikdusunceokulu.com\/index.php\/wp-json\/wp\/v2\/types\/page"}],"author":[{"embeddable":true,"href":"https:\/\/klasikdusunceokulu.com\/index.php\/wp-json\/wp\/v2\/users\/1"}],"replies":[{"embeddable":true,"href":"https:\/\/klasikdusunceokulu.com\/index.php\/wp-json\/wp\/v2\/comments?post=3619"}],"version-history":[{"count":4,"href":"https:\/\/klasikdusunceokulu.com\/index.php\/wp-json\/wp\/v2\/pages\/3619\/revisions"}],"predecessor-version":[{"id":5916,"href":"https:\/\/klasikdusunceokulu.com\/index.php\/wp-json\/wp\/v2\/pages\/3619\/revisions\/5916"}],"wp:attachment":[{"href":"https:\/\/klasikdusunceokulu.com\/index.php\/wp-json\/wp\/v2\/media?parent=3619"}],"curies":[{"name":"wp","href":"https:\/\/api.w.org\/{rel}","templated":true}]}}