{"id":3750,"date":"2025-03-03T01:27:11","date_gmt":"2025-03-02T22:27:11","guid":{"rendered":"https:\/\/klasikdusunceokulu.com\/?page_id=3750"},"modified":"2025-03-03T01:27:50","modified_gmt":"2025-03-02T22:27:50","slug":"ekrem-demirli-kitabut-tevhid-okumalari-4","status":"publish","type":"page","link":"https:\/\/klasikdusunceokulu.com\/index.php\/ekrem-demirli-kitabut-tevhid-okumalari-4\/","title":{"rendered":"Ekrem Demirli: Kit\u00e2bu\u2019t-Tevh\u00eed Okumalar\u0131 14"},"content":{"rendered":"<p><strong>EKREM DEM\u0130RL\u0130: K\u0130T\u00c2BU&#8217;T-TEVH\u00ceD OKUMALARI 14. SEM\u0130NER \u00d6ZET\u0130<\/strong><\/p>\n<p>Bu seminer, \u0130slam d\u00fc\u015f\u00fcncesinde n\u00fcb\u00fcvvet (peygamberlik) kavram\u0131n\u0131 ele almakta ve \u00f6zellikle \u0130slam\u2019\u0131n peygamberlik anlay\u0131\u015f\u0131n\u0131n di\u011fer dinlerden nas\u0131l ayr\u0131ld\u0131\u011f\u0131n\u0131 tart\u0131\u015fmaktad\u0131r. N\u00fcb\u00fcvvetin \u0130slam\u2019daki yeri, peygamberlik ile Tanr\u0131\u2019ya iman aras\u0131ndaki ili\u015fki ve peygamberlik kavram\u0131n\u0131n teolojik temelleri \u00fczerine yo\u011funla\u015f\u0131lmaktad\u0131r. Ayn\u0131 zamanda \u0130slam, Yahudilik ve Hristiyanl\u0131k ba\u011flam\u0131nda n\u00fcb\u00fcvvet anlay\u0131\u015flar\u0131 kar\u015f\u0131la\u015ft\u0131r\u0131lmakta ve \u0130slam\u2019\u0131n peygamberlik kavram\u0131n\u0131n \u00f6zg\u00fcnl\u00fc\u011f\u00fc vurgulanmaktad\u0131r.<\/p>\n<p><strong>Ana Temalar<\/strong>:<\/p>\n<ol>\n<li><strong>\u0130slam\u2019da N\u00fcb\u00fcvvetin Tan\u0131m\u0131 ve \u00d6nemi<\/strong>: Peygamberlik, \u0130slam inanc\u0131nda Allah\u2019a imanla do\u011frudan ba\u011flant\u0131l\u0131 bir konudur. Deizm ve agnostisizmin peygamberli\u011fi reddetti\u011fi, \u00e7\u00fcnk\u00fc Tanr\u0131-insan irtibat\u0131n\u0131 kabul etmedikleri vurgulanm\u0131\u015ft\u0131r.<\/li>\n<li><strong>N\u00fcb\u00fcvvetin Di\u011fer Dinlerdeki Yeri<\/strong>:\n<ul>\n<li><em>Yahudilikte N\u00fcb\u00fcvvet<\/em>: Yahudilikte esas olan kavmin se\u00e7ilmi\u015fli\u011fi oldu\u011fu i\u00e7in peygamberlerin rol\u00fc \u0130slam\u2019daki gibi de\u011fildir. Yahudi peygamberleri, topluma dini yaymak yerine Yahudi halk\u0131n\u0131n i\u00e7 meselelerine odaklanm\u0131\u015ft\u0131r.<\/li>\n<li><em>Hristiyanl\u0131kta N\u00fcb\u00fcvvet<\/em>: Hristiyanl\u0131k, peygamber temelli bir din olarak geli\u015fmemi\u015ftir. Hz. \u0130sa, Hristiyan teolojisinde bir peygamber olarak de\u011fil, Tanr\u0131\u2019n\u0131n bedenlenmi\u015f hali olarak kabul edilmektedir. Dolay\u0131s\u0131yla, peygamberlik anlay\u0131\u015f\u0131 Hristiyanl\u0131kta merkezi bir \u00f6\u011fe de\u011fildir.<\/li>\n<\/ul>\n<\/li>\n<li><strong>N\u00fcb\u00fcvvetin \u0130slam\u2019a Mahsus Olmas\u0131<\/strong>: \u0130slam\u2019da peygamberlik, Tanr\u0131\u2019n\u0131n insanlarla irtibat\u0131n\u0131 sa\u011flayan temel bir unsurdur. \u0130slam, kendisinden \u00f6nceki dinleri bir gelenek olarak kabul etmedi\u011fi i\u00e7in peygamberli\u011fe dair \u00f6zg\u00fcn bir yap\u0131 kurmu\u015ftur.<\/li>\n<li><strong>Peygamberin Misyonu ve Toplumsal D\u00fczene Katk\u0131s\u0131<\/strong>: \u0130mam M\u00e2t\u00fcr\u00eed\u00ee\u2019ye g\u00f6re peygamberlerin temel amac\u0131, insanlara toplumsal d\u00fczeni ve medenile\u015fmeyi \u00f6\u011fretmektir. Temedd\u00fcn (medenile\u015fme) kavram\u0131 peygamberlik ile ba\u011flant\u0131l\u0131 g\u00f6r\u00fclmekte, peygamberlerin insanlara bilgi, ahlak ve hukuk \u00f6\u011freterek d\u00fczen kurdu\u011fu ifade edilmektedir.<\/li>\n<li><strong>Peygamberlik ile Mucize ve Kehanet Aras\u0131ndaki Fark<\/strong>: Kur\u2019an\u2019da peygamberlerin kahin, sihirbaz veya \u015fair olmad\u0131klar\u0131n\u0131n \u00f6zellikle vurgulanmas\u0131, tarih boyunca peygamberli\u011fin bu t\u00fcr fig\u00fcrlerle kar\u0131\u015ft\u0131r\u0131ld\u0131\u011f\u0131n\u0131 g\u00f6stermektedir. \u0130slam\u2019da peygamberler, s\u0131radan insanlar taraf\u0131ndan bilinmeyen hakikatleri bildiren ki\u015filer olarak kabul edilir.<\/li>\n<li><strong>N\u00fcb\u00fcvvetin Epistemolojik Temeli<\/strong>: \u0130mam M\u00e2t\u00fcr\u00eed\u00ee, insanlar\u0131n kesin bilgileri ancak peygamberler arac\u0131l\u0131\u011f\u0131yla edinebilece\u011fini savunur. \u00d6rne\u011fin, \u00f6l\u00fcm\u00fcn evrenselli\u011fi gibi konular, insani g\u00f6zlemle de\u011fil, peygamberlerin vahiy yoluyla aktard\u0131klar\u0131 bilgilerle kesinle\u015fmektedir.<\/li>\n<li><strong>Toplumlar\u0131n N\u00fcb\u00fcvvetle \u0130li\u015fkisi ve Antropolojik Yakla\u015f\u0131m<\/strong>: \u0130mam M\u00e2t\u00fcr\u00eed\u00ee\u2019ye g\u00f6re, bir toplumun k\u00fclt\u00fcrel seviyesini ve toplumsal d\u00fczenini inceleyerek orada bir peygamberin gelip gelmedi\u011fini anlamak m\u00fcmk\u00fcnd\u00fcr. Geli\u015fmi\u015f medeniyetler, peygamberlerin toplumsal d\u00fczen kurma misyonunun bir g\u00f6stergesidir.<\/li>\n<\/ol>\n<p><strong>Sonu\u00e7<\/strong>:<br \/>\nBu seminer, \u0130slam\u2019\u0131n peygamberlik anlay\u0131\u015f\u0131n\u0131n teolojik ve toplumsal temellerini ele alarak n\u00fcb\u00fcvvetin epistemolojik ve ontolojik a\u00e7\u0131dan nas\u0131l bir fonksiyon \u00fcstlendi\u011fini tart\u0131\u015fmaktad\u0131r. Peygamberlerin sadece dini liderler de\u011fil, ayn\u0131 zamanda toplumsal d\u00fczen kurucular\u0131 oldu\u011fu fikri, \u0130mam M\u00e2t\u00fcr\u00eed\u00ee\u2019nin g\u00f6r\u00fc\u015fleri \u0131\u015f\u0131\u011f\u0131nda detayland\u0131r\u0131lm\u0131\u015ft\u0131r. Yahudilik, Hristiyanl\u0131k ve \u0130slam aras\u0131ndaki peygamberlik anlay\u0131\u015flar\u0131n\u0131n farkl\u0131l\u0131klar\u0131 ortaya konulmu\u015f, \u0130slam\u2019\u0131n peygamberlik konusundaki \u00f6zg\u00fcn yakla\u015f\u0131m\u0131 vurgulanm\u0131\u015ft\u0131r.<\/p>\n<p>This seminar explores the concept of prophethood (<em>nubuwwa<\/em>) in Islamic thought, particularly focusing on how Islam\u2019s understanding of prophethood differs from that of other religions. It examines the role of prophethood in Islam, its connection to belief in God, and the theological foundations of the prophetic mission. Additionally, a comparative analysis is made between Islam, Judaism, and Christianity, emphasizing the uniqueness of Islam\u2019s prophetic tradition.<\/p>\n<p><strong>Main Themes<\/strong>:<\/p>\n<ol>\n<li><strong>The Definition and Significance of Prophethood in Islam<\/strong>: Prophethood in Islam is directly linked to faith in God. Deism and agnosticism reject prophethood because they deny direct communication between God and humanity.<\/li>\n<li><strong>The Role of Prophethood in Other Religions<\/strong>:\n<ul>\n<li><em>Prophethood in Judaism<\/em>: Judaism emphasizes the concept of a &#8220;chosen people,&#8221; and prophets serve more as guides for the Jewish community rather than universal messengers spreading a divine message to all humanity.<\/li>\n<li><em>Prophethood in Christianity<\/em>: Christianity is not fundamentally a prophet-centered religion. Jesus is not considered a prophet in Christian theology but rather the incarnation of God, making prophethood a secondary concept.<\/li>\n<\/ul>\n<\/li>\n<li><strong>The Uniqueness of Prophethood in Islam<\/strong>: Islam establishes a distinct framework for prophethood, rejecting the notion that it merely follows previous religious traditions. In Islam, prophets are essential intermediaries between God and humanity.<\/li>\n<li><strong>The Mission of Prophets and Their Role in Civilization<\/strong>: According to Im\u0101m al-M\u0101tur\u012bd\u012b, prophets are primarily sent to establish social order and civilization (<em>tamaddun<\/em>). They provide knowledge, morality, and laws to structure society.<\/li>\n<li><strong>Prophethood vs. Miracles and Divination<\/strong>: The Qur\u2019an emphasizes that prophets are not soothsayers, magicians, or poets. This distinction suggests that throughout history, prophethood was often misunderstood and conflated with mystical or supernatural roles. In Islam, prophets are bearers of truths that are unknown to ordinary people.<\/li>\n<li><strong>The Epistemological Basis of Prophethood<\/strong>: Im\u0101m al-M\u0101tur\u012bd\u012b argues that absolute truths can only be obtained through prophets. For example, universal truths such as the certainty of death cannot be fully grasped through mere human observation but require prophetic revelation.<\/li>\n<li><strong>Prophethood and the Anthropological Approach<\/strong>: According to M\u0101tur\u012bd\u012b, analyzing a society\u2019s cultural and social structure can indicate whether a prophet had been sent there. Developed civilizations reflect the role of prophets in establishing order and progress.<\/li>\n<\/ol>\n<p><strong>Conclusion<\/strong>:<br \/>\nThis seminar provides an in-depth analysis of Islam\u2019s unique approach to prophethood, examining its theological and social implications. It explores how prophets serve not only as religious guides but also as founders of social order. By comparing the concept of prophethood in Islam, Judaism, and Christianity, the discussion highlights Islam\u2019s distinctive emphasis on prophets as essential mediators between God and humanity.<\/p>\n<p>&nbsp;<\/p>\n","protected":false},"excerpt":{"rendered":"<p>EKREM DEM\u0130RL\u0130: K\u0130T\u00c2BU&#8217;T-TEVH\u00ceD OKUMALARI 14. SEM\u0130NER \u00d6ZET\u0130 Bu seminer, \u0130slam [&hellip;]<\/p>\n","protected":false},"author":1,"featured_media":0,"parent":0,"menu_order":0,"comment_status":"closed","ping_status":"closed","template":"100-width.php","meta":{"footnotes":""},"class_list":["post-3750","page","type-page","status-publish","hentry"],"jetpack_sharing_enabled":true,"_links":{"self":[{"href":"https:\/\/klasikdusunceokulu.com\/index.php\/wp-json\/wp\/v2\/pages\/3750","targetHints":{"allow":["GET"]}}],"collection":[{"href":"https:\/\/klasikdusunceokulu.com\/index.php\/wp-json\/wp\/v2\/pages"}],"about":[{"href":"https:\/\/klasikdusunceokulu.com\/index.php\/wp-json\/wp\/v2\/types\/page"}],"author":[{"embeddable":true,"href":"https:\/\/klasikdusunceokulu.com\/index.php\/wp-json\/wp\/v2\/users\/1"}],"replies":[{"embeddable":true,"href":"https:\/\/klasikdusunceokulu.com\/index.php\/wp-json\/wp\/v2\/comments?post=3750"}],"version-history":[{"count":2,"href":"https:\/\/klasikdusunceokulu.com\/index.php\/wp-json\/wp\/v2\/pages\/3750\/revisions"}],"predecessor-version":[{"id":3754,"href":"https:\/\/klasikdusunceokulu.com\/index.php\/wp-json\/wp\/v2\/pages\/3750\/revisions\/3754"}],"wp:attachment":[{"href":"https:\/\/klasikdusunceokulu.com\/index.php\/wp-json\/wp\/v2\/media?parent=3750"}],"curies":[{"name":"wp","href":"https:\/\/api.w.org\/{rel}","templated":true}]}}