{"id":3786,"date":"2025-03-03T01:44:10","date_gmt":"2025-03-02T22:44:10","guid":{"rendered":"https:\/\/klasikdusunceokulu.com\/?page_id=3786"},"modified":"2025-04-13T04:10:29","modified_gmt":"2025-04-13T01:10:29","slug":"ekrem-demirli-konevi-okumalari-fatiha-suresi-tefsiri","status":"publish","type":"page","link":"https:\/\/klasikdusunceokulu.com\/index.php\/ekrem-demirli-konevi-okumalari-fatiha-suresi-tefsiri\/","title":{"rendered":"Ekrem Demirli, Konev\u00ee Okumalar\u0131: Fatiha S\u00fbresi Tefsiri"},"content":{"rendered":"<p><a href=\"https:\/\/klasikdusunceokulu.com\/index.php\/ekrem-demirli-konevi-okumalari-fatiha-suresi-tefsiri-1\/\"><span style=\"color: #3b5163;\"><strong>EKREM DEM\u0130RL\u0130, KONEV\u00ce OKUMALARI: FAT\u0130HA S\u00dbRES\u0130 TEFS\u0130R\u0130 1. SEM\u0130NER \u00d6ZET\u0130<\/strong><\/span><\/a><\/p>\n<p><a href=\"https:\/\/klasikdusunceokulu.com\/index.php\/ekrem-demirli-konevi-okumalari-fatiha-suresi-tefsiri-2\/\"><span style=\"color: #3b5163;\"><strong>EKREM DEM\u0130RL\u0130, KONEV\u00ce OKUMALARI: FAT\u0130HA S\u00dbRES\u0130 TEFS\u0130R\u0130 1. SEM\u0130NER \u00d6ZET\u0130<\/strong><\/span><\/a><\/p>\n<p><a href=\"https:\/\/klasikdusunceokulu.com\/index.php\/ekrem-demirli-konevi-okumalari-fatiha-suresi-tefsiri-3\/\"><span style=\"color: #3b5163;\"><strong>EKREM DEM\u0130RL\u0130, KONEV\u00ce OKUMALARI: FAT\u0130HA S\u00dbRES\u0130 TEFS\u0130R\u0130 1. SEM\u0130NER \u00d6ZET\u0130<\/strong><\/span><\/a><\/p>\n","protected":false},"excerpt":{"rendered":"<p>EKREM DEM\u0130RL\u0130, KONEV\u00ce OKUMALARI: FAT\u0130HA S\u00dbRES\u0130 TEFS\u0130R\u0130 1. SEM\u0130NER \u00d6ZET\u0130 [&hellip;]<\/p>\n","protected":false},"author":1,"featured_media":0,"parent":0,"menu_order":0,"comment_status":"closed","ping_status":"closed","template":"100-width.php","meta":{"footnotes":""},"class_list":["post-3786","page","type-page","status-publish","hentry"],"jetpack_sharing_enabled":true,"_links":{"self":[{"href":"https:\/\/klasikdusunceokulu.com\/index.php\/wp-json\/wp\/v2\/pages\/3786","targetHints":{"allow":["GET"]}}],"collection":[{"href":"https:\/\/klasikdusunceokulu.com\/index.php\/wp-json\/wp\/v2\/pages"}],"about":[{"href":"https:\/\/klasikdusunceokulu.com\/index.php\/wp-json\/wp\/v2\/types\/page"}],"author":[{"embeddable":true,"href":"https:\/\/klasikdusunceokulu.com\/index.php\/wp-json\/wp\/v2\/users\/1"}],"replies":[{"embeddable":true,"href":"https:\/\/klasikdusunceokulu.com\/index.php\/wp-json\/wp\/v2\/comments?post=3786"}],"version-history":[{"count":3,"href":"https:\/\/klasikdusunceokulu.com\/index.php\/wp-json\/wp\/v2\/pages\/3786\/revisions"}],"predecessor-version":[{"id":4546,"href":"https:\/\/klasikdusunceokulu.com\/index.php\/wp-json\/wp\/v2\/pages\/3786\/revisions\/4546"}],"wp:attachment":[{"href":"https:\/\/klasikdusunceokulu.com\/index.php\/wp-json\/wp\/v2\/media?parent=3786"}],"curies":[{"name":"wp","href":"https:\/\/api.w.org\/{rel}","templated":true}]}}