{"id":3836,"date":"2025-03-03T02:25:40","date_gmt":"2025-03-02T23:25:40","guid":{"rendered":"https:\/\/klasikdusunceokulu.com\/?page_id=3836"},"modified":"2025-03-03T02:25:40","modified_gmt":"2025-03-02T23:25:40","slug":"kursat-demirci-gilgamis-okumalari-23","status":"publish","type":"page","link":"https:\/\/klasikdusunceokulu.com\/index.php\/kursat-demirci-gilgamis-okumalari-23\/","title":{"rendered":"K\u00fcr\u015fat Demirci: G\u0131lgam\u0131\u015f Okumalar\u0131 23"},"content":{"rendered":"<p><strong>K\u00dcR\u015eAT DEM\u0130RC\u0130: GILGAMI\u015e OKUMALARI 23. SEM\u0130NER \u00d6ZET\u0130<\/strong><\/p>\n<p>Bu seminerde G\u0131lgam\u0131\u015f Destan\u0131\u2019n\u0131n 6. Tableti ele al\u0131nm\u0131\u015f ve detayl\u0131 bir okuma yap\u0131lm\u0131\u015ft\u0131r. Seminer, destan\u0131n tarih\u00ee ba\u011flam\u0131, mitolojik unsurlar\u0131 ve karakterler aras\u0131ndaki ili\u015fkiler \u00fczerinden ilerlemi\u015ftir. \u0130\u015ftar\u2019\u0131n G\u0131lgam\u0131\u015f\u2019a olan a\u015fk\u0131 ve G\u0131lgam\u0131\u015f\u2019\u0131n bu a\u015fk\u0131 reddetmesi temel temalar aras\u0131ndad\u0131r. Ayr\u0131ca, g\u00f6klerin bo\u011fas\u0131 anlat\u0131s\u0131 ve bunun astronomik ba\u011flam\u0131 da de\u011ferlendirilmi\u015ftir.<\/p>\n<p><strong>Ana Temalar<\/strong><\/p>\n<ol>\n<li><strong>G\u0131lgam\u0131\u015f Destan\u0131 ve Efsanelerin B\u00fct\u00fcnle\u015fik Yap\u0131s\u0131<\/strong>\n<ul>\n<li>Destanlar ve mitler genellikle zaman i\u00e7inde farkl\u0131 hik\u00e2yelerin birle\u015fmesiyle olu\u015fur.<\/li>\n<li>G\u0131lgam\u0131\u015f Destan\u0131 da S\u00fcmerler ve onlardan \u00f6nceki Mezopotamya toplumlar\u0131n\u0131n farkl\u0131 anlat\u0131lar\u0131n\u0131n birle\u015fimi olarak \u015fekillenmi\u015ftir.<\/li>\n<li>Standart Babil versiyonu, destan\u0131n en kapsaml\u0131 hali olup M.\u00d6. 1000\u2019lere tarihlenmektedir.<\/li>\n<\/ul>\n<\/li>\n<li><strong>\u0130\u015ftar\u2019\u0131n G\u0131lgam\u0131\u015f\u2019a A\u015fk\u0131 ve Kahraman\u0131n Ahlaki D\u00f6n\u00fc\u015f\u00fcm\u00fc<\/strong>\n<ul>\n<li>\u0130\u015ftar, G\u0131lgam\u0131\u015f\u2019a a\u015fk\u0131n\u0131 ilan eder ve onunla evlenmek ister.<\/li>\n<li>G\u0131lgam\u0131\u015f ba\u015flang\u0131\u00e7ta zalim bir kralken, zamanla ahlaki bir d\u00f6n\u00fc\u015f\u00fcm ge\u00e7irerek bir destan kahraman\u0131na d\u00f6n\u00fc\u015fm\u00fc\u015ft\u00fcr.<\/li>\n<li>Bu y\u00fczden \u0130\u015ftar\u2019\u0131n teklifini reddeder ve onu k\u00fc\u00e7\u00fck d\u00fc\u015f\u00fcrerek a\u015fk\u0131na kar\u015f\u0131l\u0131k vermez.<\/li>\n<\/ul>\n<\/li>\n<li><strong>Kad\u0131n \u0130mgesi ve \u0130\u015ftar\u2019\u0131n Olumsuzlanmas\u0131<\/strong>\n<ul>\n<li>\u0130\u015ftar\u2019\u0131n reddedilmesi, Semitik k\u00fclt\u00fcrlerde kad\u0131n imaj\u0131n\u0131n d\u00f6n\u00fc\u015f\u00fcm\u00fcyle ili\u015fkilendirilmi\u015ftir.<\/li>\n<li>S\u00fcmer metinlerinde kad\u0131nlar\u0131n daha g\u00fc\u00e7l\u00fc bir konumu varken, Babil d\u00f6neminde kad\u0131nlar daha edilgen bir rol \u00fcstlenmi\u015ftir.<\/li>\n<li>G\u0131lgam\u0131\u015f\u2019\u0131n \u0130\u015ftar\u2019a kar\u015f\u0131 olumsuz tavr\u0131, bu toplumsal d\u00f6n\u00fc\u015f\u00fcm\u00fcn bir yans\u0131mas\u0131d\u0131r.<\/li>\n<\/ul>\n<\/li>\n<li><strong>G\u00f6klerin Bo\u011fas\u0131 ve Astronomik Ba\u011flam<\/strong>\n<ul>\n<li>\u0130\u015ftar, G\u0131lgam\u0131\u015f\u2019\u0131 cezaland\u0131rmak i\u00e7in babas\u0131 Anu\u2019dan G\u00f6klerin Bo\u011fas\u0131\u2019n\u0131 ister.<\/li>\n<li>G\u00f6klerin Bo\u011fas\u0131 anlat\u0131s\u0131, muhtemelen eski Mezopotamya\u2019daki astronomik g\u00f6zlemlere dayan\u0131r.<\/li>\n<li>Bo\u011fa burcu (Taurus) ve Ven\u00fcs\u2019\u00fcn hareketleriyle ili\u015fkilendirilen bu anlat\u0131, mitolojinin g\u00f6ky\u00fcz\u00fc olaylar\u0131n\u0131 nas\u0131l yans\u0131tt\u0131\u011f\u0131n\u0131 g\u00f6sterir.<\/li>\n<\/ul>\n<\/li>\n<li><strong>G\u0131lgam\u0131\u015f ve Enkidu\u2019nun G\u00f6klerin Bo\u011fas\u0131 ile M\u00fccadelesi<\/strong>\n<ul>\n<li>G\u00f6klerin Bo\u011fas\u0131, Uruk \u015fehrine b\u00fcy\u00fck bir felaket getirir ve halk\u0131 yok etmeye ba\u015flar.<\/li>\n<li>Enkidu ve G\u0131lgam\u0131\u015f, bo\u011fa ile sava\u015farak onu \u00f6ld\u00fcr\u00fcrler.<\/li>\n<li>Bu olay, kahramanlar\u0131n g\u00fc\u00e7lerini kan\u0131tlad\u0131klar\u0131 \u00f6nemli bir a\u015famad\u0131r.<\/li>\n<\/ul>\n<\/li>\n<li><strong>\u0130\u015ftar\u2019\u0131n \u00d6fkesi ve \u0130lahi Tepkiler<\/strong>\n<ul>\n<li>G\u0131lgam\u0131\u015f\u2019\u0131n \u0130\u015ftar\u2019\u0131 reddetmesi ve bo\u011fay\u0131 \u00f6ld\u00fcrmesi, tanr\u0131lar\u0131 k\u0131zd\u0131r\u0131r.<\/li>\n<li>\u0130\u015ftar, babas\u0131 Anu\u2019ya giderek G\u0131lgam\u0131\u015f\u2019\u0131n cezaland\u0131r\u0131lmas\u0131n\u0131 talep eder.<\/li>\n<li>Bu durum, kahraman\u0131n ilahi otorite ile \u00e7at\u0131\u015fmaya girmesi anlam\u0131na gelir.<\/li>\n<\/ul>\n<\/li>\n<\/ol>\n<p><strong>Sonu\u00e7<\/strong><\/p>\n<p>Bu seminerde G\u0131lgam\u0131\u015f Destan\u0131\u2019n\u0131n 6. Tableti kapsaml\u0131 bir \u015fekilde okunmu\u015f, \u0130\u015ftar\u2019\u0131n G\u0131lgam\u0131\u015f\u2019a olan a\u015fk\u0131 ve kahraman\u0131n reddi mitolojik, tarih\u00ee ve sosyolojik ba\u011flamlar\u0131yla de\u011ferlendirilmi\u015ftir. G\u00f6klerin Bo\u011fas\u0131 anlat\u0131s\u0131n\u0131n hem mitolojik hem de astronomik boyutlar\u0131 ele al\u0131nm\u0131\u015f ve kahramanlar\u0131n geli\u015fim s\u00fcrecine etkisi incelenmi\u015ftir. Bir sonraki seminerde metnin dilbilimsel analizi ve astral ba\u011flant\u0131lar\u0131 \u00fczerine daha derinlemesine bir tart\u0131\u015fma yap\u0131laca\u011f\u0131 belirtilmi\u015ftir.<\/p>\n<p>&nbsp;<\/p>\n<p>This seminar focused on a detailed reading of Tablet VI of the Epic of Gilgamesh. The discussion revolved around the historical context, mythological elements, and relationships between the characters. A central theme was Ishtar\u2019s love for Gilgamesh and his rejection of her advances. Additionally, the myth of the Bull of Heaven and its potential astronomical significance was examined.<\/p>\n<p><strong>Main Themesk.d.<\/strong><\/p>\n<ol>\n<li><strong>The Composite Nature of the Epic of Gilgamesh<\/strong>\n<ul>\n<li>Epics and myths often emerge as a fusion of various narratives over time.<\/li>\n<li>The Epic of Gilgamesh incorporates stories from Sumerian and earlier Mesopotamian traditions.<\/li>\n<li>The Standard Babylonian version, dated to around 1000 BCE, is the most complete form of the epic.<\/li>\n<\/ul>\n<\/li>\n<li><strong>Ishtar\u2019s Love for Gilgamesh and the Hero\u2019s Moral Transformation<\/strong>\n<ul>\n<li>Ishtar declares her love for Gilgamesh and proposes marriage.<\/li>\n<li>Gilgamesh, once a tyrannical king, undergoes a moral transformation into an epic hero.<\/li>\n<li>He rejects Ishtar\u2019s proposal, humiliating her and refusing to reciprocate her love.<\/li>\n<\/ul>\n<\/li>\n<li><strong>The Representation of Women and the Rejection of Ishtar<\/strong>\n<ul>\n<li>Ishtar\u2019s rejection is linked to shifting perceptions of women in Semitic cultures.<\/li>\n<li>In early Sumerian texts, women held more authoritative roles, whereas in Babylonian times, they became more passive figures.<\/li>\n<li>Gilgamesh\u2019s disdain for Ishtar reflects this social transformation.<\/li>\n<\/ul>\n<\/li>\n<li><strong>The Bull of Heaven and Its Astronomical Significance<\/strong>\n<ul>\n<li>Ishtar, in response to Gilgamesh\u2019s rejection, asks her father Anu to send the Bull of Heaven to punish him.<\/li>\n<li>This myth likely correlates with ancient Mesopotamian astronomical observations.<\/li>\n<li>The narrative is associated with the Taurus constellation and the movement of Venus, highlighting the connection between mythology and celestial events.<\/li>\n<\/ul>\n<\/li>\n<li><strong>The Battle Between Gilgamesh, Enkidu, and the Bull of Heaven<\/strong>\n<ul>\n<li>The Bull of Heaven brings destruction upon the city of Uruk, causing widespread devastation.<\/li>\n<li>Gilgamesh and Enkidu battle the bull and ultimately kill it.<\/li>\n<li>This episode serves as a defining moment in their heroic journey.<\/li>\n<\/ul>\n<\/li>\n<li><strong>Ishtar\u2019s Wrath and Divine Retaliation<\/strong>\n<ul>\n<li>Gilgamesh\u2019s rejection of Ishtar and the slaying of the bull provoke the anger of the gods.<\/li>\n<li>Ishtar appeals to her father Anu, demanding punishment for Gilgamesh.<\/li>\n<li>This marks a significant conflict between the hero and divine authority.<\/li>\n<\/ul>\n<\/li>\n<\/ol>\n<p><strong>Conclusion<\/strong><\/p>\n<p>This seminar provided an in-depth analysis of Tablet VI of the Epic of Gilgamesh, focusing on Ishtar\u2019s love for Gilgamesh, his rejection of her, and the ensuing mythological consequences. The Bull of Heaven\u2019s story was examined both from a mythological and astronomical perspective, shedding light on its symbolic importance. In the next seminar, a linguistic analysis of the text and its astral connections will be further explored.<\/p>\n<p>&nbsp;<\/p>\n","protected":false},"excerpt":{"rendered":"<p>K\u00dcR\u015eAT DEM\u0130RC\u0130: GILGAMI\u015e OKUMALARI 23. SEM\u0130NER \u00d6ZET\u0130 Bu seminerde G\u0131lgam\u0131\u015f [&hellip;]<\/p>\n","protected":false},"author":1,"featured_media":0,"parent":0,"menu_order":0,"comment_status":"closed","ping_status":"closed","template":"100-width.php","meta":{"footnotes":""},"class_list":["post-3836","page","type-page","status-publish","hentry"],"jetpack_sharing_enabled":true,"_links":{"self":[{"href":"https:\/\/klasikdusunceokulu.com\/index.php\/wp-json\/wp\/v2\/pages\/3836","targetHints":{"allow":["GET"]}}],"collection":[{"href":"https:\/\/klasikdusunceokulu.com\/index.php\/wp-json\/wp\/v2\/pages"}],"about":[{"href":"https:\/\/klasikdusunceokulu.com\/index.php\/wp-json\/wp\/v2\/types\/page"}],"author":[{"embeddable":true,"href":"https:\/\/klasikdusunceokulu.com\/index.php\/wp-json\/wp\/v2\/users\/1"}],"replies":[{"embeddable":true,"href":"https:\/\/klasikdusunceokulu.com\/index.php\/wp-json\/wp\/v2\/comments?post=3836"}],"version-history":[{"count":1,"href":"https:\/\/klasikdusunceokulu.com\/index.php\/wp-json\/wp\/v2\/pages\/3836\/revisions"}],"predecessor-version":[{"id":3838,"href":"https:\/\/klasikdusunceokulu.com\/index.php\/wp-json\/wp\/v2\/pages\/3836\/revisions\/3838"}],"wp:attachment":[{"href":"https:\/\/klasikdusunceokulu.com\/index.php\/wp-json\/wp\/v2\/media?parent=3836"}],"curies":[{"name":"wp","href":"https:\/\/api.w.org\/{rel}","templated":true}]}}