{"id":3870,"date":"2025-03-03T12:35:06","date_gmt":"2025-03-03T09:35:06","guid":{"rendered":"https:\/\/klasikdusunceokulu.com\/?page_id=3870"},"modified":"2025-03-03T12:35:06","modified_gmt":"2025-03-03T09:35:06","slug":"muhammed-fazil-bas-max-weber-okumalari-protestan-ahlaki-ve-kapitalizmin-ruhu-10","status":"publish","type":"page","link":"https:\/\/klasikdusunceokulu.com\/index.php\/muhammed-fazil-bas-max-weber-okumalari-protestan-ahlaki-ve-kapitalizmin-ruhu-10\/","title":{"rendered":"Muhammed Faz\u0131l Ba\u015f, Max Weber Okumalar\u0131: Protestan Ahlak\u0131 ve Kapitalizmin Ruhu 10"},"content":{"rendered":"<p><strong>MUHAMMED FAZIL BA\u015e, MAX WEBER OKUMALARI: PROTESTAN AHLAKI VE KAPI\u0307TALI\u0307ZMI\u0307N RUHU 10. SEM\u0130NER \u00d6ZET\u0130<\/strong><\/p>\n<p>Bu seminerde Max Weber\u2019in Protestan Ahlak\u0131 ve Kapitalizmin Ruhu eserinin ilk k\u0131sm\u0131n\u0131n son b\u00f6l\u00fcm\u00fc ele al\u0131narak meslek ahlak\u0131, d\u00fcnya i\u00e7i asketizm ve Kalvinizm\u2019in ekonomik disiplinle ili\u015fkisi tart\u0131\u015f\u0131lm\u0131\u015ft\u0131r. Weber\u2019in metodolojisi, reformasyonun kapitalizmin geli\u015fiminde oynad\u0131\u011f\u0131 rol ve ekonomik zihniyetin tarihsel d\u00f6n\u00fc\u015f\u00fcm\u00fc detayland\u0131r\u0131lm\u0131\u015ft\u0131r. Ayr\u0131ca, Dante ve Milton \u00fczerinden Bat\u0131 d\u00fc\u015f\u00fcncesinde d\u00fcnya ile ahiret aras\u0131ndaki ba\u011f\u0131n nas\u0131l de\u011fi\u015fti\u011fi kar\u015f\u0131la\u015ft\u0131rmal\u0131 olarak ele al\u0131nm\u0131\u015ft\u0131r.<\/p>\n<p><strong>Ana Temalar<\/strong><\/p>\n<ol>\n<li><strong>D\u00fcnya \u0130\u00e7i Asketizm ve Kapitalist Zihniyetin Temelleri<\/strong>\n<ul>\n<li>Weber\u2019e g\u00f6re kapitalizmin geli\u015fiminde belirleyici olan etken, mesle\u011fin yaln\u0131zca bir ekonomik faaliyet de\u011fil, Tanr\u0131\u2019n\u0131n bir buyru\u011fu olarak kabul edilmesiyle olu\u015fan disiplinli ya\u015fam tarz\u0131d\u0131r.<\/li>\n<li>D\u00fcnya i\u00e7i asketizm kavram\u0131, bireyin d\u00fcnyadan el etek \u00e7ekerek de\u011fil, d\u00fcnyevi i\u015flerde disiplinli, sistematik ve Tanr\u0131\u2019ya hizmet anlay\u0131\u015f\u0131yla \u00e7al\u0131\u015farak kurtulu\u015fa ula\u015fmas\u0131n\u0131 \u00f6ng\u00f6ren bir anlay\u0131\u015f\u0131 temsil etmektedir.<\/li>\n<\/ul>\n<\/li>\n<li><strong>Dante ve Milton Kar\u015f\u0131la\u015ft\u0131rmas\u0131: D\u00fcnyevi Hayata Bak\u0131\u015f<\/strong>\n<ul>\n<li>Dante\u2019nin \u0130lahi Komedya\u2019s\u0131nda birey, cenneti yitirdi\u011fi i\u00e7in yas tutarken, Milton\u2019un Kay\u0131p Cennet\u2019inde insan\u0131n cennetten kovulmas\u0131na ra\u011fmen d\u00fcnyaya y\u00f6nelmesi gerekti\u011fi vurgulanmaktad\u0131r.<\/li>\n<li>Bu d\u00f6n\u00fc\u015f\u00fcm, Protestan ahlak\u0131n\u0131n d\u00fcnyay\u0131 kutsal bir g\u00f6rev alan\u0131 olarak g\u00f6rmeye ba\u015flamas\u0131n\u0131n edebi yans\u0131malar\u0131ndan biri olarak de\u011ferlendirilmektedir.<\/li>\n<\/ul>\n<\/li>\n<li><strong>Lutheranizm ve Kapitalist Disiplin Aras\u0131ndaki S\u0131n\u0131rl\u0131 \u0130li\u015fki<\/strong>\n<ul>\n<li>Luther meslek anlay\u0131\u015f\u0131n\u0131 kutsal bir \u00e7a\u011fr\u0131 olarak ele alsa da, d\u00fcnyevi ba\u015far\u0131y\u0131 ilahi bir i\u015faret olarak yorumlamam\u0131\u015ft\u0131r.<\/li>\n<li>Weber, Lutheranizmin mevcut toplumsal d\u00fczeni korumaya y\u00f6nelik olmas\u0131 nedeniyle ekonomik hareketlili\u011fi te\u015fvik etmedi\u011fini savunmaktad\u0131r.<\/li>\n<\/ul>\n<\/li>\n<li><strong>Ulusal Karakter ve Kapitalizmin Geli\u015fimi \u00dczerine Tart\u0131\u015fmalar<\/strong>\n<ul>\n<li>Weber, kapitalizmin belirli ulusal karakterler nedeniyle geli\u015fti\u011fi g\u00f6r\u00fc\u015f\u00fcn\u00fc reddetmektedir.<\/li>\n<li>17. y\u00fczy\u0131l \u0130ngilteresi ve Almanyas\u0131 aras\u0131nda belirgin bir ekonomik zihniyet fark\u0131 olsa da, bunun temel sebebinin ulusal karakterden ziyade dini ve toplumsal reformlar oldu\u011fu belirtilmektedir.<\/li>\n<\/ul>\n<\/li>\n<li><strong>Kalvinizm ve Se\u00e7ilmi\u015flik \u0130nanc\u0131: Kapitalizmin Ger\u00e7ek Dinamikleri<\/strong>\n<ul>\n<li>Kalvinizm\u2019de ilahi takdir (predestinasyon) \u00f6\u011fretisi, bireylerin Tanr\u0131 taraf\u0131ndan se\u00e7ilmi\u015f olup olmad\u0131\u011f\u0131n\u0131 bilemeyece\u011fi fikrine dayan\u0131r.<\/li>\n<li>Bu belirsizlik, bireyleri mesleklerine s\u0131k\u0131 s\u0131k\u0131ya ba\u011flanmaya ve s\u00fcrekli \u00e7al\u0131\u015fmaya sevk etmi\u015f, zamanla ekonomik disiplinin temel ta\u015flar\u0131ndan biri haline gelmi\u015ftir.<\/li>\n<\/ul>\n<\/li>\n<li><strong>Weber\u2019in Y\u00f6ntemi: Determinizmden Ka\u00e7\u0131nma ve Tarihsel Karma\u015f\u0131kl\u0131k<\/strong>\n<ul>\n<li>Weber, kapitalizmin do\u011fu\u015funu sadece Reformasyon ile a\u00e7\u0131klaman\u0131n indirgemeci bir yakla\u015f\u0131m oldu\u011funu vurgulamakta ve ekonomik, toplumsal ve dini fakt\u00f6rlerin kar\u015f\u0131l\u0131kl\u0131 etkile\u015fimini analiz etmektedir.<\/li>\n<li>Kapitalist zihniyetin geli\u015fiminde Reformasyon\u2019un etkili oldu\u011funu ancak tek belirleyici unsur olmad\u0131\u011f\u0131n\u0131 savunmaktad\u0131r.<\/li>\n<\/ul>\n<\/li>\n<\/ol>\n<p><strong>Sonu\u00e7<\/strong><\/p>\n<p>Bu seminerde kapitalist disiplinin olu\u015fumunda d\u00fcnya i\u00e7i asketizmin rol\u00fc, meslek ahlak\u0131n\u0131n dini \u00e7er\u00e7evede nas\u0131l \u015fekillendi\u011fi ve Reformasyon\u2019un ekonomik zihniyete etkisi tart\u0131\u015f\u0131lm\u0131\u015ft\u0131r. Lutheranizmin kapitalizmi do\u011frudan te\u015fvik etmedi\u011fi, ancak Kalvinist d\u00fc\u015f\u00fcncenin bireyleri mesleklerine s\u0131k\u0131 s\u0131k\u0131ya ba\u011flayarak bu s\u00fcreci h\u0131zland\u0131rd\u0131\u011f\u0131 vurgulanm\u0131\u015ft\u0131r. Bir sonraki seminerde, Kalvinist etik ve kapitalist ekonomi aras\u0131ndaki ba\u011f daha ayr\u0131nt\u0131l\u0131 \u015fekilde ele al\u0131nacakt\u0131r.<\/p>\n<p>&nbsp;<\/p>\n<p>This seminar focuses on the final chapter of the first part of Max Weber\u2019s <em>The Protestant Ethic and the Spirit of Capitalism<\/em>, discussing work ethics, worldly asceticism, and the relationship between Calvinism and economic discipline. Weber\u2019s methodology, the role of the Reformation in shaping capitalist development, and the historical transformation of economic mentality are analyzed. Additionally, comparisons between Dante and Milton are drawn to illustrate how the relationship between the earthly and the divine evolved in Western thought.<\/p>\n<p><strong>Main Themes<\/strong><\/p>\n<ol>\n<li><strong>Worldly Asceticism and the Foundations of Capitalist Mentality<\/strong>\n<ul>\n<li>According to Weber, the defining factor in the development of capitalism is the disciplined lifestyle that views work not merely as an economic activity but as a divine obligation.<\/li>\n<li>Worldly asceticism does not promote withdrawal from the world but rather encourages systematic, disciplined work as a means of serving God and achieving salvation.<\/li>\n<\/ul>\n<\/li>\n<li><strong>Comparison of Dante and Milton: Perspectives on Earthly Life<\/strong>\n<ul>\n<li>In Dante\u2019s <em>Divine Comedy<\/em>, the individual mourns the loss of paradise, whereas in Milton\u2019s <em>Paradise Lost<\/em>, humanity is urged to embrace earthly existence despite the fall.<\/li>\n<li>This shift reflects the Protestant ethic\u2019s transformation of the world into a sacred realm of duty.<\/li>\n<\/ul>\n<\/li>\n<li><strong>Lutheranism and Its Limited Connection to Capitalist Discipline<\/strong>\n<ul>\n<li>Luther viewed vocation as a divine calling but did not associate material success with divine favor.<\/li>\n<li>Weber argues that Lutheranism, by promoting the preservation of the existing social order, did not encourage economic mobility.<\/li>\n<\/ul>\n<\/li>\n<li><strong>National Character and the Development of Capitalism<\/strong>\n<ul>\n<li>Weber rejects the idea that capitalism emerged due to specific national characteristics.<\/li>\n<li>The economic mentality differences between 17th-century England and Germany are attributed not to national traits but to religious and social reforms.<\/li>\n<\/ul>\n<\/li>\n<li><strong>Calvinism and the Doctrine of Predestination: The True Dynamics of Capitalism<\/strong>\n<ul>\n<li>In Calvinism, the doctrine of predestination asserts that individuals cannot know whether they are among the elect.<\/li>\n<li>This uncertainty drove believers to work diligently and prove their devotion, which ultimately reinforced economic discipline.<\/li>\n<\/ul>\n<\/li>\n<li><strong>Weber\u2019s Methodology: Avoiding Determinism and Emphasizing Historical Complexity<\/strong>\n<ul>\n<li>Weber warns against a reductionist view that attributes capitalism\u2019s rise solely to the Reformation, instead emphasizing the interplay of economic, social, and religious factors.<\/li>\n<li>While the Reformation influenced capitalist mentality, it was not the sole determining factor.<\/li>\n<\/ul>\n<\/li>\n<\/ol>\n<p><strong>Conclusion<\/strong><\/p>\n<p>This seminar explores the role of worldly asceticism in shaping capitalist discipline, how work ethics were framed within a religious context, and the impact of the Reformation on economic mentality. While Lutheranism did not directly promote capitalism, Calvinist thought reinforced a commitment to work, accelerating the process. In the next seminar, the relationship between Calvinist ethics and capitalist economics will be examined in greater detail.<\/p>\n<p>&nbsp;<\/p>\n","protected":false},"excerpt":{"rendered":"<p>MUHAMMED FAZIL BA\u015e, MAX WEBER OKUMALARI: PROTESTAN AHLAKI VE KAPI\u0307TALI\u0307ZMI\u0307N [&hellip;]<\/p>\n","protected":false},"author":1,"featured_media":0,"parent":0,"menu_order":0,"comment_status":"closed","ping_status":"closed","template":"100-width.php","meta":{"footnotes":""},"class_list":["post-3870","page","type-page","status-publish","hentry"],"jetpack_sharing_enabled":true,"_links":{"self":[{"href":"https:\/\/klasikdusunceokulu.com\/index.php\/wp-json\/wp\/v2\/pages\/3870","targetHints":{"allow":["GET"]}}],"collection":[{"href":"https:\/\/klasikdusunceokulu.com\/index.php\/wp-json\/wp\/v2\/pages"}],"about":[{"href":"https:\/\/klasikdusunceokulu.com\/index.php\/wp-json\/wp\/v2\/types\/page"}],"author":[{"embeddable":true,"href":"https:\/\/klasikdusunceokulu.com\/index.php\/wp-json\/wp\/v2\/users\/1"}],"replies":[{"embeddable":true,"href":"https:\/\/klasikdusunceokulu.com\/index.php\/wp-json\/wp\/v2\/comments?post=3870"}],"version-history":[{"count":1,"href":"https:\/\/klasikdusunceokulu.com\/index.php\/wp-json\/wp\/v2\/pages\/3870\/revisions"}],"predecessor-version":[{"id":3872,"href":"https:\/\/klasikdusunceokulu.com\/index.php\/wp-json\/wp\/v2\/pages\/3870\/revisions\/3872"}],"wp:attachment":[{"href":"https:\/\/klasikdusunceokulu.com\/index.php\/wp-json\/wp\/v2\/media?parent=3870"}],"curies":[{"name":"wp","href":"https:\/\/api.w.org\/{rel}","templated":true}]}}