{"id":3896,"date":"2025-03-05T00:16:18","date_gmt":"2025-03-04T21:16:18","guid":{"rendered":"https:\/\/klasikdusunceokulu.com\/?page_id=3896"},"modified":"2025-03-05T00:16:18","modified_gmt":"2025-03-04T21:16:18","slug":"m-taha-boyalik-tefsir-okumalari-zemahseri-el-kessaf-1-seminer","status":"publish","type":"page","link":"https:\/\/klasikdusunceokulu.com\/index.php\/m-taha-boyalik-tefsir-okumalari-zemahseri-el-kessaf-1-seminer\/","title":{"rendered":"M. Taha Boyal\u0131k, Tefsir Okumalar\u0131: Zemah\u015fer\u00ee, el-Ke\u015f\u015f\u00e2f, 1. Seminer"},"content":{"rendered":"<p><strong>M. TAHA BOYALIK, TEFS\u0130R OKUMALARI: ZEMAH\u015eER\u00ce, EL KE\u015e\u015e\u00c2F 1. SEM\u0130NER \u00d6ZET\u0130<\/strong><\/p>\n<p>Bu seminer, Zemah\u015fer\u00ee\u2019nin <em>el-Ke\u015f\u015f\u00e2f<\/em> adl\u0131 eserinin tefsir gelene\u011findeki etkisini ve \u00f6nemini analiz etmektedir. \u00d6zellikle <em>el-Ke\u015f\u015f\u00e2f<\/em>\u2019\u0131n neden d\u00f6n\u00fcm noktas\u0131 oldu\u011fu, tefsir tarihinde nas\u0131l bir yer edindi\u011fi ve Zemah\u015fer\u00ee\u2019nin klasik tefsir metinleri aras\u0131ndaki konumu ele al\u0131nmaktad\u0131r. Tefsirin geleneksel yap\u0131s\u0131, rivayet ve dirayet tefsiri aras\u0131ndaki ayr\u0131mlar, belagat ve meani ilminin rol\u00fc gibi konular detayl\u0131 olarak tart\u0131\u015f\u0131lmaktad\u0131r.<\/p>\n<p><strong>Ana Temalar<\/strong>:<\/p>\n<ol>\n<li><strong>Zemah\u015fer\u00ee\u2019nin Tefsir Gelene\u011findeki Yeri<\/strong>: <em>el-Ke\u015f\u015f\u00e2f<\/em>, tefsir tarihinde bir d\u00f6n\u00fcm noktas\u0131 olarak kabul edilir. Zemah\u015fer\u00ee, kelami kimli\u011fi ve dilsel analizleriyle geleneksel tefsir anlay\u0131\u015f\u0131na yeni bir y\u00f6n kazand\u0131rm\u0131\u015ft\u0131r.<\/li>\n<li><strong>Tefsir Gelene\u011findeki Bo\u015fluk ve Zemah\u015fer\u00ee\u2019nin Katk\u0131s\u0131<\/strong>: Tefsir gelene\u011fi, \u00f6nceki m\u00fcfessirler taraf\u0131ndan dilbilimsel, rivayet ve dirayet temelli olarak \u015fekillendirilmi\u015ftir. Ancak Zemah\u015fer\u00ee, belagat ve naz\u0131m teorisini kullanarak Kur\u2019an\u2019\u0131 yorumlamada \u00f6zg\u00fcn bir y\u00f6ntem geli\u015ftirmi\u015ftir.<\/li>\n<li><strong>Belagat ve Meani \u0130lminin Etkisi<\/strong>: Zemah\u015fer\u00ee\u2019nin en b\u00fcy\u00fck ba\u015far\u0131s\u0131, Abd\u00fclkahir el-C\u00fcrc\u00e2n\u00ee\u2019nin geli\u015ftirdi\u011fi <em>naz\u0131m<\/em> teorisini tefsire sistematik bir \u015fekilde uygulam\u0131\u015f olmas\u0131d\u0131r. Bu y\u00f6ntem, ayetlerin ba\u011flamsal ili\u015fkilerini ve dilsel yap\u0131lar\u0131n\u0131 merkeze alarak anlam\u0131n derinlemesine incelenmesini sa\u011flam\u0131\u015ft\u0131r.<\/li>\n<li><strong>Rivayet Tefsirine Alternatif Olarak Dirayet Tefsiri<\/strong>: Geleneksel tefsirlerde yo\u011funlukla kullan\u0131lan rivayetler, <em>el-Ke\u015f\u015f\u00e2f<\/em>\u2019ta daha az yer almakta, bunun yerine dilbilgisi, mant\u0131k ve kelam \u00fczerinden ayet yorumlar\u0131 \u00f6n plana \u00e7\u0131kmaktad\u0131r.<\/li>\n<li><strong>El-Ke\u015f\u015f\u00e2f \u00dczerine Yaz\u0131lan \u015eerhler ve Etkisi<\/strong>: <em>el-Ke\u015f\u015f\u00e2f<\/em>, sonraki m\u00fcfessirler i\u00e7in temel bir kaynak olmu\u015f, Beyz\u00e2v\u00ee, Nesef\u00ee ve Ebu Su\u00fbd Efendi gibi isimler bu eseri baz alarak yeni tefsirler yazm\u0131\u015flard\u0131r. Zemah\u015fer\u00ee\u2019nin metodolojisi, <em>el-Ke\u015f\u015f\u00e2f sonras\u0131<\/em> d\u00f6nemde tefsir anlay\u0131\u015f\u0131n\u0131 b\u00fcy\u00fck \u00f6l\u00e7\u00fcde etkilemi\u015ftir.<\/li>\n<li><strong>Zemah\u015fer\u00ee\u2019nin Mu\u2018tezile Kimli\u011fi ve Tefsirin Ehl-i S\u00fcnnet Ulemas\u0131 Taraf\u0131ndan Benimsenmesi<\/strong>: Zemah\u015fer\u00ee, a\u00e7\u0131k bir Mu\u2018tezil\u00ee g\u00f6r\u00fc\u015fe sahip olmas\u0131na ra\u011fmen, <em>el-Ke\u015f\u015f\u00e2f<\/em>, S\u00fcnni alimler taraf\u0131ndan da kabul g\u00f6rm\u00fc\u015f ve yo\u011fun \u015fekilde \u015ferh edilmi\u015ftir. Bu durum, eserin metodolojik g\u00fcc\u00fcn\u00fc ve belagat alan\u0131ndaki \u00fcst\u00fcnl\u00fc\u011f\u00fcn\u00fc g\u00f6stermektedir.<\/li>\n<li><strong>Naz\u0131m ve Kur\u2019an\u2019\u0131n \u0130\u2018c\u00e2z\u0131<\/strong>: Zemah\u015fer\u00ee\u2019nin tefsiri, Kur\u2019an\u2019\u0131n i\u2018c\u00e2z\u0131n\u0131 (<em>mucizeli\u011fini<\/em>) belagat ve naz\u0131m teorisi \u00fczerinden temellendirmektedir. Kur\u2019an\u2019\u0131n dilsel yap\u0131s\u0131ndaki kusursuzlu\u011fu ve s\u00f6z dizimindeki m\u00fckemmellik, en \u00f6nemli vurgular\u0131ndan biridir.<\/li>\n<\/ol>\n<p><strong>Sonu\u00e7<\/strong>:<br \/>\nBu seminer, Zemah\u015fer\u00ee\u2019nin <em>el-Ke\u015f\u015f\u00e2f<\/em> eserinin tefsir gelene\u011findeki merkezi rol\u00fcn\u00fc, belagat ve naz\u0131m teorisi ile tefsire getirdi\u011fi yenilikleri ve eserin etkilerini detayland\u0131rmaktad\u0131r. Zemah\u015fer\u00ee\u2019nin tefsiri, hem Mu\u2018tezile hem de S\u00fcnni alimler taraf\u0131ndan dikkatle incelenmi\u015f ve \u0130slam d\u00fc\u015f\u00fcnce gelene\u011finde b\u00fcy\u00fck bir etki b\u0131rakm\u0131\u015ft\u0131r. \u00d6zellikle <em>meani ilmi<\/em> ve dilbilimsel analizlerin sistematik bir \u015fekilde uygulanmas\u0131, tefsir tarihindeki metodolojik d\u00f6n\u00fc\u015f\u00fcm\u00fcn en \u00f6nemli unsurlar\u0131ndan biri olarak de\u011ferlendirilmektedir.<\/p>\n<p>This seminar analyzes the impact and significance of al-Zamakhshar\u012b\u2019s <em>al-Kashsh\u0101f<\/em> within the tradition of Qur\u2019anic exegesis (<em>tafsir<\/em>). It explores why <em>al-Kashsh\u0101f<\/em> is considered a turning point in tafsir history, how it positioned itself among classical exegetical works, and al-Zamakhshar\u012b\u2019s role within this intellectual landscape. The discussion covers the structure of tafsir, the distinction between narrational (<em>riw\u0101ya<\/em>) and rational (<em>dir\u0101ya<\/em>) exegesis, and the role of rhetoric (<em>bal\u0101gha<\/em>) and semantics (<em>ma\u2018\u0101n\u012b<\/em>).<\/p>\n<p><strong>Main Themes<\/strong>:<\/p>\n<ol>\n<li><strong>Al-Zamakhshar\u012b\u2019s Position in the Tafsir Tradition<\/strong>: <em>al-Kashsh\u0101f<\/em> is regarded as a milestone in tafsir history. With his theological and linguistic expertise, al-Zamakhshar\u012b introduced a unique perspective to the traditional methods of Qur\u2019anic interpretation.<\/li>\n<li><strong>The Gaps in Tafsir Tradition and al-Zamakhshar\u012b\u2019s Contribution<\/strong>: Earlier exegetes focused on linguistic, narrational, and rational tafsir. Al-Zamakhshar\u012b, however, introduced a systematic approach that incorporated rhetoric and syntactic coherence (<em>na\u1e93m<\/em>) into Qur\u2019anic interpretation.<\/li>\n<li><strong>The Influence of Rhetoric and Semantics<\/strong>: One of al-Zamakhshar\u012b\u2019s greatest contributions was the systematic application of \u2018Abd al-Q\u0101hir al-Jurj\u0101n\u012b\u2019s <em>na\u1e93m<\/em> theory to tafsir. This approach emphasized the contextual relationships and linguistic structures of the Qur\u2019an, leading to a deeper understanding of its meaning.<\/li>\n<li><strong>Dir\u0101ya Tafsir as an Alternative to Riw\u0101ya Tafsir<\/strong>: Unlike traditional tafsirs, which heavily relied on narrations (<em>riw\u0101ya<\/em>), <em>al-Kashsh\u0101f<\/em> gives prominence to linguistic, logical, and theological interpretations rather than relying solely on transmitted reports.<\/li>\n<li><strong>The Commentaries on <em>al-Kashsh\u0101f<\/em> and Its Influence<\/strong>: <em>al-Kashsh\u0101f<\/em> became a foundational text for later exegetes, including al-Bay\u1e0d\u0101w\u012b, al-Nasaf\u012b, and Abu Su\u2018\u016bd Efendi, who based their tafsirs on its methodology. The post-<em>al-Kashsh\u0101f<\/em> era in tafsir was significantly shaped by al-Zamakhshar\u012b\u2019s approach.<\/li>\n<li><strong>Al-Zamakhshar\u012b\u2019s Mu\u2018tazil\u012b Background and Its Reception Among Sunni Scholars<\/strong>: Despite his strong affiliation with Mu\u2018tazil\u012b theology, <em>al-Kashsh\u0101f<\/em> was widely accepted and studied by Sunni scholars due to its methodological rigor and rhetorical excellence. This broad acceptance underscores the scholarly significance of his work.<\/li>\n<li><strong>The Role of <em>Na\u1e93m<\/em> and the Inimitability (<em>I\u2018j\u0101z<\/em>) of the Qur\u2019an<\/strong>: Al-Zamakhshar\u012b argues that the miraculous nature of the Qur\u2019an (<em>i\u2018j\u0101z<\/em>) is best understood through the perfection of its rhetoric and syntactic structure (<em>na\u1e93m<\/em>). His tafsir highlights the linguistic and compositional uniqueness of the Qur\u2019an.<\/li>\n<\/ol>\n<p><strong>Conclusion<\/strong>:<br \/>\nThis seminar explores the central role of al-Zamakhshar\u012b\u2019s <em>al-Kashsh\u0101f<\/em> in tafsir history, highlighting its contributions in rhetoric, semantics, and syntactic analysis. Despite his Mu\u2018tazil\u012b orientation, his tafsir was embraced by both Mu\u2018tazil\u012b and Sunni scholars due to its intellectual depth and linguistic precision. The systematic use of <em>ma\u2018\u0101n\u012b<\/em> (semantics) and linguistic analysis marks a significant methodological shift in the tradition of Qur\u2019anic exegesis.<\/p>\n<p>&nbsp;<\/p>\n","protected":false},"excerpt":{"rendered":"<p>M. TAHA BOYALIK, TEFS\u0130R OKUMALARI: ZEMAH\u015eER\u00ce, EL KE\u015e\u015e\u00c2F 1. SEM\u0130NER [&hellip;]<\/p>\n","protected":false},"author":1,"featured_media":0,"parent":0,"menu_order":0,"comment_status":"closed","ping_status":"closed","template":"100-width.php","meta":{"footnotes":""},"class_list":["post-3896","page","type-page","status-publish","hentry"],"jetpack_sharing_enabled":true,"_links":{"self":[{"href":"https:\/\/klasikdusunceokulu.com\/index.php\/wp-json\/wp\/v2\/pages\/3896","targetHints":{"allow":["GET"]}}],"collection":[{"href":"https:\/\/klasikdusunceokulu.com\/index.php\/wp-json\/wp\/v2\/pages"}],"about":[{"href":"https:\/\/klasikdusunceokulu.com\/index.php\/wp-json\/wp\/v2\/types\/page"}],"author":[{"embeddable":true,"href":"https:\/\/klasikdusunceokulu.com\/index.php\/wp-json\/wp\/v2\/users\/1"}],"replies":[{"embeddable":true,"href":"https:\/\/klasikdusunceokulu.com\/index.php\/wp-json\/wp\/v2\/comments?post=3896"}],"version-history":[{"count":1,"href":"https:\/\/klasikdusunceokulu.com\/index.php\/wp-json\/wp\/v2\/pages\/3896\/revisions"}],"predecessor-version":[{"id":3898,"href":"https:\/\/klasikdusunceokulu.com\/index.php\/wp-json\/wp\/v2\/pages\/3896\/revisions\/3898"}],"wp:attachment":[{"href":"https:\/\/klasikdusunceokulu.com\/index.php\/wp-json\/wp\/v2\/media?parent=3896"}],"curies":[{"name":"wp","href":"https:\/\/api.w.org\/{rel}","templated":true}]}}