{"id":3899,"date":"2025-03-05T00:16:55","date_gmt":"2025-03-04T21:16:55","guid":{"rendered":"https:\/\/klasikdusunceokulu.com\/?page_id=3899"},"modified":"2025-03-05T00:16:55","modified_gmt":"2025-03-04T21:16:55","slug":"m-taha-boyalik-tefsir-okumalari-zemahseri-el-kessaf-2-seminer","status":"publish","type":"page","link":"https:\/\/klasikdusunceokulu.com\/index.php\/m-taha-boyalik-tefsir-okumalari-zemahseri-el-kessaf-2-seminer\/","title":{"rendered":"M. Taha Boyal\u0131k, Tefsir Okumalar\u0131: Zemah\u015fer\u00ee, el-Ke\u015f\u015f\u00e2f, 2. Seminer"},"content":{"rendered":"<p><strong>M. TAHA BOYALIK, TEFS\u0130R OKUMALARI: ZEMAH\u015eER\u00ce, EL KE\u015e\u015e\u00c2F 2. SEM\u0130NER \u00d6ZET\u0130<\/strong><\/p>\n<p>Bu seminer, \u00f6nceki oturumda ba\u015flanan <em>el-Ke\u015f\u015f\u00e2f<\/em>\u2019\u0131n arka plan\u0131 ve tefsir tarihindeki yeri \u00fczerine yap\u0131lan genel giri\u015fin eksik kalan y\u00f6nlerini tamamlamay\u0131 ama\u00e7lamaktad\u0131r. Ayr\u0131ca <em>el-Ke\u015f\u015f\u00e2f<\/em>\u2019\u0131n literat\u00fcrde olu\u015fturdu\u011fu etki, sonraki tefsir geleneklerine katk\u0131s\u0131 ve Zemah\u015fer\u00ee\u2019nin mukaddimesinin \u00f6nemli k\u0131s\u0131mlar\u0131na dair a\u00e7\u0131klamalar yap\u0131lmaktad\u0131r. Tefsirin dini ilimlerle ili\u015fkisi, \u00f6zellikle kelam, f\u0131k\u0131h ve dil bilimleri ba\u011flam\u0131nda ele al\u0131nmakta, tefsirin metodolojik yap\u0131s\u0131 hakk\u0131nda de\u011ferlendirmeler sunulmaktad\u0131r.<\/p>\n<p><strong>Ana Temalar<\/strong>:<\/p>\n<ol>\n<li><strong>Tefsirin Konusu: S\u00f6z ve Metin Analizi<\/strong>: Tefsirin temel amac\u0131, ilahi s\u00f6z\u00fcn (<em>kel\u00e2m<\/em>) anlam\u0131n\u0131 a\u00e7\u0131klamak ve dilsel yap\u0131s\u0131n\u0131 incelemektir. F\u0131khi veya kelami meselelerin \u00e7\u00f6z\u00fcm\u00fc tefsirin asli g\u00f6revi de\u011fildir; tefsir, ayetlerin anlamlar\u0131n\u0131 dilbilimsel ve ba\u011flamsal analizle ortaya koyar.<\/li>\n<li><strong>Tefsir ve Dini \u0130limlerin Ayr\u0131m\u0131<\/strong>: Tefsir, kelam ve f\u0131k\u0131h gibi ilimlerden yararlansa da, do\u011frudan bu ilimlerin fonksiyonlar\u0131n\u0131 \u00fcstlenmez. Kelamc\u0131lar varl\u0131k ve ispat delilleriyle ilgilenirken, m\u00fcfessirler ayetlerin ba\u011flam i\u00e7inde nas\u0131l anlam kazand\u0131\u011f\u0131n\u0131 incelerler.<\/li>\n<li><strong>Meani Y\u00f6nteminin \u00d6nemi<\/strong>: Zemah\u015fer\u00ee\u2019nin tefsirinde <em>meani<\/em> (anlam bilim) y\u00f6ntemi, ayetlerin kelime dizilimi, ba\u011flamsal ili\u015fkileri ve anlam katmanlar\u0131n\u0131 tespit etmede \u00f6nemli bir ara\u00e7 olarak kullan\u0131lmaktad\u0131r. Bu y\u00f6ntem sayesinde ayetlerdeki kelime se\u00e7imleri ve dizilimler \u00fczerinden tevhid gibi temel inan\u00e7 konular\u0131 analiz edilebilir.<\/li>\n<li><strong>Kur\u2019an\u2019\u0131n Dil ve \u0130caz\u0131 \u00dczerine De\u011ferlendirmeler<\/strong>: Kur\u2019an\u2019\u0131n s\u00f6z yap\u0131s\u0131n\u0131n mucizev\u00ee olu\u015fu (<em>ic\u00e2z<\/em>) ve anlam \u00f6rg\u00fcs\u00fc, <em>el-Ke\u015f\u015f\u00e2f<\/em>\u2019ta detayl\u0131 bir \u015fekilde ele al\u0131nmaktad\u0131r. \u00d6zellikle Abd\u00fclkahir el-C\u00fcrc\u00e2n\u00ee\u2019nin <em>Naz\u0131m Nazariyesi<\/em> temel al\u0131narak, Kur\u2019an\u2019daki kelime tercihleri ve c\u00fcmle yap\u0131lar\u0131 analiz edilmektedir.<\/li>\n<li><strong>Kelam ve F\u0131k\u0131h Konular\u0131n\u0131n Tefsirdeki Yeri<\/strong>: Tefsirde itikadi ve f\u0131khi konular ele al\u0131nsa da, bunlar\u0131n ele al\u0131n\u0131\u015f bi\u00e7imi kelam ve f\u0131k\u0131h ilimlerindeki gibi de\u011fildir. Tefsir, bu konulara dilsel ba\u011flam ve ayetlerin i\u00e7 yap\u0131s\u0131 \u00fczerinden yakla\u015f\u0131r, ba\u011f\u0131ms\u0131z bir kelami veya f\u0131khi \u00e7\u00f6z\u00fcm sunma iddias\u0131nda de\u011fildir.<\/li>\n<li><strong>Mukaddime ve Zemah\u015fer\u00ee\u2019nin Y\u00f6ntemi<\/strong>: Zemah\u015fer\u00ee\u2019nin <em>el-Ke\u015f\u015f\u00e2f<\/em>\u2019\u0131n giri\u015finde dile getirdi\u011fi metodolojik ilkeler, sonraki m\u00fcfessirler i\u00e7in bir referans niteli\u011fi ta\u015f\u0131maktad\u0131r. Tefsirin amac\u0131, y\u00f6ntemi ve ilimlerle ili\u015fkisi ba\u011flam\u0131nda mukaddimenin okunmas\u0131, eserin anla\u015f\u0131lmas\u0131 a\u00e7\u0131s\u0131ndan b\u00fcy\u00fck \u00f6nem arz etmektedir.<\/li>\n<li><strong><em>el-Ke\u015f\u015f\u00e2f<\/em> Sonras\u0131 Geli\u015fen Tefsir Gelene\u011fi<\/strong>: Beyz\u00e2v\u00ee, Nesef\u00ee ve Ebussu\u00fbd Efendi gibi m\u00fcfessirler, <em>el-Ke\u015f\u015f\u00e2f<\/em>\u2019tan b\u00fcy\u00fck \u00f6l\u00e7\u00fcde etkilenmi\u015f, ancak metnin Mu\u2018tezil\u00ee y\u00f6nlerini d\u00f6n\u00fc\u015ft\u00fcrerek S\u00fcnni d\u00fc\u015f\u00fcnce \u00e7er\u00e7evesinde yeniden yorumlam\u0131\u015flard\u0131r.<\/li>\n<\/ol>\n<p><strong>Sonu\u00e7<\/strong>:<br \/>\nBu seminer, <em>el-Ke\u015f\u015f\u00e2f<\/em>\u2019\u0131n tefsir metodolojisini ve di\u011fer \u0130slami ilimlerle olan ili\u015fkisini ayr\u0131nt\u0131l\u0131 bir \u015fekilde incelemektedir. Zemah\u015fer\u00ee\u2019nin kelam ve f\u0131k\u0131h ile kurdu\u011fu mesafeli ancak bilin\u00e7li ili\u015fki, tefsirin temel amac\u0131n\u0131 belirlemede kritik bir rol oynamaktad\u0131r. \u00d6zellikle <em>meani<\/em> y\u00f6ntemi, Kur\u2019an\u2019\u0131n dilsel y\u00f6n\u00fcn\u00fc ve anlam katmanlar\u0131n\u0131 a\u00e7\u0131\u011fa \u00e7\u0131karmada \u00f6nemli bir ara\u00e7 olarak de\u011ferlendirilmekte, bu ba\u011flamda <em>el-Ke\u015f\u015f\u00e2f<\/em>\u2019\u0131n tefsir tarihinde nas\u0131l bir d\u00f6n\u00fc\u015f\u00fcm sa\u011flad\u0131\u011f\u0131 tart\u0131\u015f\u0131lmaktad\u0131r.<\/p>\n<p>This seminar aims to complete the general introduction to <em>al-Kashsh\u0101f<\/em> that began in the previous session, further analyzing its historical significance in the tafsir tradition. The discussion focuses on the impact of <em>al-Kashsh\u0101f<\/em>, its contribution to later exegetical traditions, and key aspects of al-Zamakhshar\u012b\u2019s introduction (<em>muqaddima<\/em>). The relationship between tafsir and other Islamic sciences, particularly theology (<em>kal\u0101m<\/em>), jurisprudence (<em>fiqh<\/em>), and linguistics, is examined, along with an assessment of <em>al-Kashsh\u0101f<\/em>\u2019s methodological framework.<\/p>\n<p><strong>Main Themes<\/strong>:<\/p>\n<ol>\n<li><strong>The Subject of Tafsir: Linguistic and Textual Analysis<\/strong>: The primary objective of tafsir is to clarify the meaning of divine speech (<em>kal\u0101m<\/em>) and analyze its linguistic structure. Unlike <em>kal\u0101m<\/em> or <em>fiqh<\/em>, tafsir does not primarily aim to resolve theological or legal disputes but rather focuses on explaining Qur\u2019anic verses through linguistic and contextual analysis.<\/li>\n<li><strong>Distinction Between Tafsir and Other Islamic Sciences<\/strong>: While tafsir benefits from disciplines like <em>kal\u0101m<\/em> and <em>fiqh<\/em>, it does not replace them. Theologians focus on proving theological doctrines, whereas exegetes analyze how Qur\u2019anic verses construct meaning within their context.<\/li>\n<li><strong>The Role of <em>Ma\u2018\u0101n\u012b<\/em> (Semantics) in Tafsir<\/strong>: Al-Zamakhshar\u012b employs <em>ma\u2018\u0101n\u012b<\/em> methodology to examine word order, syntactic structures, and contextual relationships in the Qur\u2019an. This approach allows him to analyze core theological concepts such as divine unity (<em>taw\u1e25\u012bd<\/em>) through linguistic precision.<\/li>\n<li><strong>The Qur\u2019an\u2019s Linguistic Excellence and Inimitability (<em>I\u2018j\u0101z<\/em>)<\/strong>: <em>Al-Kashsh\u0101f<\/em> explores the miraculous nature of the Qur\u2019an\u2019s language, particularly its eloquence and structural coherence. Drawing from \u2018Abd al-Q\u0101hir al-Jurj\u0101n\u012b\u2019s <em>Theory of Na\u1e93m<\/em> (syntactic cohesion), al-Zamakhshar\u012b examines how word choices and sentence structures contribute to the Qur\u2019an\u2019s unique style.<\/li>\n<li><strong>The Role of <em>Kal\u0101m<\/em> and <em>Fiqh<\/em> in Tafsir<\/strong>: Although theological and legal discussions appear in tafsir, they are treated differently than in <em>kal\u0101m<\/em> and <em>fiqh<\/em>. Exegetes approach these issues through linguistic and contextual analysis rather than offering independent doctrinal or legal rulings.<\/li>\n<li><strong>The <em>Muqaddima<\/em> and Al-Zamakhshar\u012b\u2019s Methodology<\/strong>: The methodological principles outlined in al-Zamakhshar\u012b\u2019s introduction serve as a foundational guide for later exegetes. His reflections on the purpose of tafsir, its methodology, and its relation to other sciences provide critical insights into <em>al-Kashsh\u0101f<\/em>\u2019s interpretative framework.<\/li>\n<li><strong>Post-<em>al-Kashsh\u0101f<\/em> Tafsir Tradition<\/strong>: Later exegetes such as al-Bay\u1e0d\u0101w\u012b, al-Nasaf\u012b, and Abu Su\u2018\u016bd Efendi heavily relied on <em>al-Kashsh\u0101f<\/em>, modifying its Mu\u2018tazil\u012b elements to align with Sunni theological perspectives. This adaptation demonstrates the lasting influence of al-Zamakhshar\u012b\u2019s linguistic and rhetorical approach.<\/li>\n<\/ol>\n<p><strong>Conclusion<\/strong>:<br \/>\nThis seminar provides a detailed examination of <em>al-Kashsh\u0101f<\/em>\u2019s exegetical methodology and its relationship with other Islamic sciences. Al-Zamakhshar\u012b\u2019s balanced yet critical engagement with <em>kal\u0101m<\/em> and <em>fiqh<\/em> plays a crucial role in defining the purpose of tafsir. The emphasis on <em>ma\u2018\u0101n\u012b<\/em> methodology underscores the importance of linguistic precision in uncovering the Qur\u2019an\u2019s layered meanings. In this regard, <em>al-Kashsh\u0101f<\/em> represents a methodological shift in tafsir history, influencing both Mu\u2018tazil\u012b and Sunni exegetical traditions.<\/p>\n<p>&nbsp;<\/p>\n","protected":false},"excerpt":{"rendered":"<p>M. TAHA BOYALIK, TEFS\u0130R OKUMALARI: ZEMAH\u015eER\u00ce, EL KE\u015e\u015e\u00c2F 2. SEM\u0130NER [&hellip;]<\/p>\n","protected":false},"author":1,"featured_media":0,"parent":0,"menu_order":0,"comment_status":"closed","ping_status":"closed","template":"100-width.php","meta":{"footnotes":""},"class_list":["post-3899","page","type-page","status-publish","hentry"],"jetpack_sharing_enabled":true,"_links":{"self":[{"href":"https:\/\/klasikdusunceokulu.com\/index.php\/wp-json\/wp\/v2\/pages\/3899","targetHints":{"allow":["GET"]}}],"collection":[{"href":"https:\/\/klasikdusunceokulu.com\/index.php\/wp-json\/wp\/v2\/pages"}],"about":[{"href":"https:\/\/klasikdusunceokulu.com\/index.php\/wp-json\/wp\/v2\/types\/page"}],"author":[{"embeddable":true,"href":"https:\/\/klasikdusunceokulu.com\/index.php\/wp-json\/wp\/v2\/users\/1"}],"replies":[{"embeddable":true,"href":"https:\/\/klasikdusunceokulu.com\/index.php\/wp-json\/wp\/v2\/comments?post=3899"}],"version-history":[{"count":1,"href":"https:\/\/klasikdusunceokulu.com\/index.php\/wp-json\/wp\/v2\/pages\/3899\/revisions"}],"predecessor-version":[{"id":3901,"href":"https:\/\/klasikdusunceokulu.com\/index.php\/wp-json\/wp\/v2\/pages\/3899\/revisions\/3901"}],"wp:attachment":[{"href":"https:\/\/klasikdusunceokulu.com\/index.php\/wp-json\/wp\/v2\/media?parent=3899"}],"curies":[{"name":"wp","href":"https:\/\/api.w.org\/{rel}","templated":true}]}}