{"id":3924,"date":"2025-03-08T23:21:00","date_gmt":"2025-03-08T20:21:00","guid":{"rendered":"https:\/\/klasikdusunceokulu.com\/?page_id=3924"},"modified":"2025-03-08T23:21:00","modified_gmt":"2025-03-08T20:21:00","slug":"nedim-tan-menazilus-sairin-okumalari-38","status":"publish","type":"page","link":"https:\/\/klasikdusunceokulu.com\/index.php\/nedim-tan-menazilus-sairin-okumalari-38\/","title":{"rendered":"Nedim Tan, Men\u00e2zil\u00fc\u2019s S\u00e2ir\u00een Okumalar\u0131 38"},"content":{"rendered":"<p><strong>NED\u0130M TAN, MEN\u00c2Z\u0130L\u00dc&#8217;S S\u00c2\u0130R\u00ceN OKUMALARI 38. SEM\u0130NER \u00d6ZET\u0130<\/strong><\/p>\n<p>Bu seminerde Men\u00e2zil\u00fc\u2019s S\u00e2ir\u00een\u2019in muameleler b\u00f6l\u00fcm\u00fcnde \u201cTevekk\u00fcl\u201d kavram\u0131 ele al\u0131nm\u0131\u015ft\u0131r. Tasavvufta tevekk\u00fcl, kulun sebeplere ba\u015fvurduktan sonra sonucu tamamen Allah\u2019a b\u0131rakmas\u0131 ve bu s\u00fcre\u00e7te i\u00e7sel huzur i\u00e7inde kalmas\u0131 olarak tan\u0131mlan\u0131r. Herev\u00ee, tevekk\u00fcl\u00fc tefviz (i\u015fi Allah\u2019a havale etmek) ve sika (Allah\u2019a tam g\u00fcven) kavramlar\u0131yla ili\u015fkilendirerek tasavvufi derecelerini a\u00e7\u0131klamaktad\u0131r.<\/p>\n<p><strong>Ana Temalar<\/strong><\/p>\n<ol>\n<li><strong> Tevekk\u00fcl\u00fcn Tan\u0131m\u0131 ve Tasavvufi Anlam\u0131<\/strong><br \/>\nTevekk\u00fcl, tasavvufta kulun kendi iradesini Allah\u2019a teslim etmesi ve d\u00fcnyevi kayg\u0131lardan ar\u0131narak ruhen huzur bulmas\u0131 olarak tan\u0131mlan\u0131r. Bu kavram, insan\u0131n sebeplere ba\u015fvurduktan sonra sonucu tamamen Allah\u2019a havale etmesi ve bu s\u00fcre\u00e7te zihinsel bir s\u00fck\u00fbnet i\u00e7inde kalmas\u0131d\u0131r. Herev\u00ee\u2019ye g\u00f6re tevekk\u00fcl, iman\u0131n kemale ermi\u015f hali olup, kulun Allah\u2019a olan tam teslimiyetini ve g\u00fcvenini yans\u0131t\u0131r.<\/li>\n<li><strong> Tevekk\u00fcl, Tefviz ve Sika \u0130li\u015fkisi<\/strong><br \/>\nHerev\u00ee, tevekk\u00fcl kavram\u0131n\u0131 tefviz ve sika ile birlikte ele al\u0131r. Tevekk\u00fcl, kulun Allah\u2019a g\u00fcvenerek i\u015flerini ona havale etmesi anlam\u0131na gelir. Tefviz ise bu g\u00fcvenin bir ad\u0131m \u00f6tesine ge\u00e7erek, insan\u0131n t\u00fcm tasarrufunu Allah\u2019a b\u0131rakmas\u0131d\u0131r. Sika ise, bu teslimiyetin kalpte huzur ve g\u00fcven duygusuna d\u00f6n\u00fc\u015fmesidir. Bu \u00fc\u00e7 kavram, tasavvufta kulun manevi yolculu\u011funda birbirini tamamlayan dereceler olarak kabul edilir.<\/li>\n<li><strong> Tevekk\u00fcl\u00fcn Dereceleri<\/strong><br \/>\nHerev\u00ee\u2019ye g\u00f6re tevekk\u00fcl \u00fc\u00e7 derecede ger\u00e7ekle\u015fir. Birinci derecede, kul sebeplere ba\u015fvurur ve sonucu Allah\u2019a b\u0131rak\u0131r. Bu a\u015famada ki\u015fi, d\u00fcnyevi kayg\u0131lardan tamamen s\u0131yr\u0131lmasa da Allah\u2019a g\u00fcvenini korur. \u0130kinci derecede, birey d\u00fcnyevi endi\u015felerden kurtulur ve kalbini yaln\u0131zca Allah\u2019a y\u00f6neltir. \u00dc\u00e7\u00fcnc\u00fc derecede ise ki\u015fi, Allah\u2019tan ba\u015fka hi\u00e7bir g\u00fcce g\u00fcvenmez ve t\u00fcm sebeplerin \u00f6tesine ge\u00e7erek yaln\u0131zca ilahi iradeye dayan\u0131r.<\/li>\n<li><strong> Tevekk\u00fcl ve \u0130man \u0130li\u015fkisi<\/strong><br \/>\nTevekk\u00fcl ile iman aras\u0131nda derin bir ba\u011f bulunur. \u0130slam \u00e2limlerine g\u00f6re tevekk\u00fcl, iman\u0131n olgunla\u015fmas\u0131n\u0131 sa\u011flayan temel unsurlardan biridir. Gazali ve Ku\u015feyr\u00ee, tevekk\u00fcl\u00fc tevhid bilincinin pratik yans\u0131mas\u0131 olarak de\u011ferlendirir. Bu anlay\u0131\u015fa g\u00f6re, tevekk\u00fcl sahibi bir m\u00fcmin, Allah\u2019\u0131n iradesine teslim olarak d\u00fcnyevi kayg\u0131lardan ar\u0131n\u0131r ve ruhsal bir huzura kavu\u015fur.<\/li>\n<li><strong> Tevekk\u00fcl\u00fcn Farz ve Fazilet Olarak Yeri<\/strong><br \/>\nTasavvufta tevekk\u00fcl hem farz hem de fazilet olarak kabul edilir. Farz olan tevekk\u00fcl, Allah\u2019a g\u00fcvenmenin bir gere\u011fi olarak g\u00f6r\u00fcl\u00fcrken, fazilet olan tevekk\u00fcl, bu g\u00fcvenin kalpte s\u00fck\u00fbnet ve huzur haline d\u00f6n\u00fc\u015fmesiyle ger\u00e7ekle\u015fir. Herev\u00ee\u2019ye g\u00f6re, bu iki boyut insan\u0131n manevi olgunlu\u011fa eri\u015fmesinde \u00f6nemli rol oynar.<\/li>\n<li><strong> Tasarruftan Vazge\u00e7me ve Velayet Ba\u011flam\u0131<\/strong><br \/>\nGer\u00e7ek tevekk\u00fcl, insan\u0131n kendi iradesini devre d\u0131\u015f\u0131 b\u0131rakarak Allah\u2019\u0131n iradesine teslim olmas\u0131yla m\u00fcmk\u00fcn olur. Tasavvufta bu, kulun d\u00fcnyevi beklentilerden s\u0131yr\u0131larak ilahi h\u00fckme raz\u0131 olmas\u0131 ve tam bir teslimiyet i\u00e7inde ya\u015famas\u0131 olarak de\u011ferlendirilir. Bu anlay\u0131\u015f, velayet yolunda \u00f6nemli bir ad\u0131m olarak kabul edilir ve bireyin Allah\u2019a olan yak\u0131nl\u0131\u011f\u0131n\u0131 art\u0131r\u0131r.<\/li>\n<\/ol>\n<p><strong>Sonu\u00e7<\/strong><\/p>\n<p>Bu seminerde tevekk\u00fcl kavram\u0131n\u0131n tasavvuftaki yeri, dereceleri ve ilahi irade ile insan iradesi aras\u0131ndaki ili\u015fki tart\u0131\u015f\u0131lm\u0131\u015ft\u0131r. Tevekk\u00fcl, yaln\u0131zca d\u00fcnyevi i\u015flerden el \u00e7ekmek de\u011fil, kalben ve ruhen Allah\u2019a tam teslimiyetle ya\u015famak olarak tan\u0131mlanm\u0131\u015ft\u0131r. Bir sonraki seminerde, tevekk\u00fcl\u00fcn tefviz ve sika ile olan ba\u011flant\u0131s\u0131 daha ayr\u0131nt\u0131l\u0131 \u015fekilde ele al\u0131nacakt\u0131r.<\/p>\n<p>&nbsp;<\/p>\n<p>This seminar focuses on the concept of Tawakkul (trust in God), as discussed in the &#8220;Mu\u02bf\u0101mal\u0101t&#8221; (practices) section of <em>Man\u0101zil al-S\u0101\u2019ir\u012bn<\/em>. In Sufism, tawakkul refers to the state of entrusting all matters to God after taking the necessary means, while maintaining inner peace and contentment with divine will. Herev\u012b presents <em>tawakkul<\/em> alongside <em>tafw\u012b\u1e0d<\/em> (complete surrender) and <em>thiqa<\/em> (absolute trust), describing the hierarchical relationship among these spiritual states.<\/p>\n<p><strong>Main Themes<\/strong><\/p>\n<ol>\n<li><strong> Definition and Sufi Context of Tawakkul<\/strong><br \/>\n<em>Tawakkul<\/em> in Sufism is defined as the servant\u2019s spiritual reliance on God, ensuring peace of mind regardless of worldly outcomes. It signifies a state where the believer acknowledges that, while actions are taken, the ultimate result rests solely with God\u2019s will. Herev\u012b considers <em>tawakkul<\/em> the pinnacle of faith, where the servant abandons self-reliance and trusts entirely in divine wisdom.<\/li>\n<li><strong> Relationship Between Tawakkul, Tafw\u012b\u1e0d, and Thiqa<\/strong><br \/>\nAccording to Herev\u012b, <em>tawakkul<\/em> is the initial stage, where one trusts in God while continuing to engage with worldly causes. <em>Tafw\u012b\u1e0d<\/em> represents a deeper state, where the servant not only trusts but completely surrenders all matters to God without personal concern. <em>Thiqa<\/em>, the final stage, is marked by unwavering confidence in divine providence, leading to profound inner tranquility. These stages reflect the progressive spiritual journey of the seeker toward complete reliance on God.<\/li>\n<li><strong> The Three Levels of Tawakkul<\/strong><br \/>\nHerev\u012b categorizes <em>tawakkul<\/em> into three levels. The first level involves trusting God while employing worldly means, ensuring that efforts do not undermine one\u2019s spiritual reliance. The second level is marked by abandoning personal desires and worldly anxieties, fully embracing divine decree without question. The third level transcends even the concept of reliance itself, as the seeker no longer perceives causes but sees only the divine will as the true source of all outcomes.<\/li>\n<li><strong> Tawakkul and Its Connection to Faith<\/strong><br \/>\n<em>Tawakkul<\/em> is intricately linked with faith (<em>\u012bm\u0101n<\/em>). Prominent Sufi scholars like al-Ghaz\u0101l\u012b and al-Qushayr\u012b describe <em>tawakkul<\/em> as the practical manifestation of true monotheism (<em>taw\u1e25\u012bd<\/em>), where reliance on anything other than God is seen as a deficiency in belief. In this view, <em>tawakkul<\/em> serves as both a reflection and a measure of one\u2019s spiritual maturity.<\/li>\n<li><strong> Tawakkul as Obligation and Virtue<\/strong><br \/>\nIn Islamic theology, <em>tawakkul<\/em> is regarded both as an obligation (far\u1e0d) and a virtue (fa\u1e0d\u012blah). As an obligation, it is a fundamental expression of faith, while as a virtue, it signifies the transformation of that faith into a state of inner peace and contentment. Herev\u012b highlights that true <em>tawakkul<\/em> emerges when external reliance fades, and the heart finds rest solely in God\u2019s decree.<\/li>\n<li><strong> Renunciation of Self-Determination and the Path of Sainthood<\/strong><br \/>\nTrue <em>tawakkul<\/em> in Sufism involves abandoning personal control and fully embracing divine will. This renunciation of self-determination is seen as a critical step on the path of sainthood (<em>wil\u0101yah<\/em>), where the seeker relinquishes personal agency and entrusts every aspect of life to divine governance.<\/li>\n<\/ol>\n<p><strong>Conclusion<\/strong><\/p>\n<p>This seminar explored the role of <em>tawakkul<\/em> in Sufi practice, its hierarchical stages, and its connection to divine and human will. Herev\u012b emphasizes that true <em>tawakkul<\/em> is not merely abandoning effort but maintaining complete spiritual reliance on God while engaging with the world. The next seminar will further examine the relationship between <em>tawakkul<\/em>, <em>tafw\u012b\u1e0d<\/em>, and <em>thiqa<\/em>, highlighting their roles in the seeker\u2019s spiritual progression.<\/p>\n<p>&nbsp;<\/p>\n","protected":false},"excerpt":{"rendered":"<p>NED\u0130M TAN, MEN\u00c2Z\u0130L\u00dc&#8217;S S\u00c2\u0130R\u00ceN OKUMALARI 38. SEM\u0130NER \u00d6ZET\u0130 Bu seminerde [&hellip;]<\/p>\n","protected":false},"author":1,"featured_media":0,"parent":0,"menu_order":0,"comment_status":"closed","ping_status":"closed","template":"100-width.php","meta":{"footnotes":""},"class_list":["post-3924","page","type-page","status-publish","hentry"],"jetpack_sharing_enabled":true,"_links":{"self":[{"href":"https:\/\/klasikdusunceokulu.com\/index.php\/wp-json\/wp\/v2\/pages\/3924","targetHints":{"allow":["GET"]}}],"collection":[{"href":"https:\/\/klasikdusunceokulu.com\/index.php\/wp-json\/wp\/v2\/pages"}],"about":[{"href":"https:\/\/klasikdusunceokulu.com\/index.php\/wp-json\/wp\/v2\/types\/page"}],"author":[{"embeddable":true,"href":"https:\/\/klasikdusunceokulu.com\/index.php\/wp-json\/wp\/v2\/users\/1"}],"replies":[{"embeddable":true,"href":"https:\/\/klasikdusunceokulu.com\/index.php\/wp-json\/wp\/v2\/comments?post=3924"}],"version-history":[{"count":1,"href":"https:\/\/klasikdusunceokulu.com\/index.php\/wp-json\/wp\/v2\/pages\/3924\/revisions"}],"predecessor-version":[{"id":3927,"href":"https:\/\/klasikdusunceokulu.com\/index.php\/wp-json\/wp\/v2\/pages\/3924\/revisions\/3927"}],"wp:attachment":[{"href":"https:\/\/klasikdusunceokulu.com\/index.php\/wp-json\/wp\/v2\/media?parent=3924"}],"curies":[{"name":"wp","href":"https:\/\/api.w.org\/{rel}","templated":true}]}}