{"id":3941,"date":"2025-03-08T23:31:34","date_gmt":"2025-03-08T20:31:34","guid":{"rendered":"https:\/\/klasikdusunceokulu.com\/?page_id=3941"},"modified":"2025-04-13T03:48:19","modified_gmt":"2025-04-13T00:48:19","slug":"omer-turker-2022-2023-lisans-programi-el-isarat-vet-tenbihat-okumalari","status":"publish","type":"page","link":"https:\/\/klasikdusunceokulu.com\/index.php\/omer-turker-2022-2023-lisans-programi-el-isarat-vet-tenbihat-okumalari\/","title":{"rendered":"\u00d6mer T\u00fcrker, 2022-2023 Lisans Program\u0131: el-\u0130\u015f\u00e2r\u00e2t ve\u2019t-Tenb\u00eeh\u00e2t Okumalar\u0131"},"content":{"rendered":"<p><a href=\"https:\/\/klasikdusunceokulu.com\/index.php\/omer-turker-2022-2023-lisans-programi-el-isarat-vet-tenbihat-okumalari-9\/\"><span style=\"color: #3b5163;\"><strong>\u00d6MER T\u00dcRKER,2022-2023 L\u0130SANS PROGRAMI: el-\u0130\u015e\u00c2R\u00c2T VE\u2019T- TENB\u00ceH\u00c2T OKUMALARI 9. SEM\u0130NER \u00d6ZET\u0130<\/strong><\/span><\/a><\/p>\n<p><a href=\"https:\/\/klasikdusunceokulu.com\/index.php\/omer-turker-2022-2023-lisans-programi-el-isarat-vet-tenbihat-okumalari-10\/\"><span style=\"color: #3b5163;\"><strong>\u00d6MER T\u00dcRKER,2022-2023 L\u0130SANS PROGRAMI: el-\u0130\u015e\u00c2R\u00c2T VE\u2019T- TENB\u00ceH\u00c2T OKUMALARI 10. SEM\u0130NER \u00d6ZET\u0130<\/strong><\/span><\/a><\/p>\n<p><a href=\"https:\/\/klasikdusunceokulu.com\/index.php\/omer-turker-2022-2023-lisans-programi-el-isarat-vet-tenbihat-okumalari-11\/\"><span style=\"color: #3b5163;\"><strong>\u00d6MER T\u00dcRKER,2022-2023 L\u0130SANS PROGRAMI: el-\u0130\u015e\u00c2R\u00c2T VE\u2019T- TENB\u00ceH\u00c2T OKUMALARI 11. SEM\u0130NER \u00d6ZET\u0130<\/strong><\/span><\/a><\/p>\n<p><a href=\"https:\/\/klasikdusunceokulu.com\/index.php\/omer-turker-2022-2023-lisans-programi-el-isarat-vet-tenbihat-okumalari-12\/\"><span style=\"color: #3b5163;\"><strong>\u00d6MER T\u00dcRKER,2022-2023 L\u0130SANS PROGRAMI: el-\u0130\u015e\u00c2R\u00c2T VE\u2019T- TENB\u00ceH\u00c2T OKUMALARI 12. SEM\u0130NER \u00d6ZET\u0130<\/strong><\/span><\/a><\/p>\n","protected":false},"excerpt":{"rendered":"<p>\u00d6MER T\u00dcRKER,2022-2023 L\u0130SANS PROGRAMI: el-\u0130\u015e\u00c2R\u00c2T VE\u2019T- TENB\u00ceH\u00c2T OKUMALARI 9. SEM\u0130NER [&hellip;]<\/p>\n","protected":false},"author":1,"featured_media":0,"parent":0,"menu_order":0,"comment_status":"closed","ping_status":"closed","template":"100-width.php","meta":{"footnotes":""},"class_list":["post-3941","page","type-page","status-publish","hentry"],"jetpack_sharing_enabled":true,"_links":{"self":[{"href":"https:\/\/klasikdusunceokulu.com\/index.php\/wp-json\/wp\/v2\/pages\/3941","targetHints":{"allow":["GET"]}}],"collection":[{"href":"https:\/\/klasikdusunceokulu.com\/index.php\/wp-json\/wp\/v2\/pages"}],"about":[{"href":"https:\/\/klasikdusunceokulu.com\/index.php\/wp-json\/wp\/v2\/types\/page"}],"author":[{"embeddable":true,"href":"https:\/\/klasikdusunceokulu.com\/index.php\/wp-json\/wp\/v2\/users\/1"}],"replies":[{"embeddable":true,"href":"https:\/\/klasikdusunceokulu.com\/index.php\/wp-json\/wp\/v2\/comments?post=3941"}],"version-history":[{"count":3,"href":"https:\/\/klasikdusunceokulu.com\/index.php\/wp-json\/wp\/v2\/pages\/3941\/revisions"}],"predecessor-version":[{"id":4537,"href":"https:\/\/klasikdusunceokulu.com\/index.php\/wp-json\/wp\/v2\/pages\/3941\/revisions\/4537"}],"wp:attachment":[{"href":"https:\/\/klasikdusunceokulu.com\/index.php\/wp-json\/wp\/v2\/media?parent=3941"}],"curies":[{"name":"wp","href":"https:\/\/api.w.org\/{rel}","templated":true}]}}