{"id":4007,"date":"2025-03-09T00:42:34","date_gmt":"2025-03-08T21:42:34","guid":{"rendered":"https:\/\/klasikdusunceokulu.com\/?page_id=4007"},"modified":"2025-04-13T03:45:42","modified_gmt":"2025-04-13T00:45:42","slug":"omer-turker-2023-2024-lisans-programi-kitabul-mille","status":"publish","type":"page","link":"https:\/\/klasikdusunceokulu.com\/index.php\/omer-turker-2023-2024-lisans-programi-kitabul-mille\/","title":{"rendered":"\u00d6mer T\u00fcrker, 2023-2024 Lisans Program\u0131: Kit\u00e2b\u00fc\u2019l-Mille"},"content":{"rendered":"<p><a href=\"https:\/\/klasikdusunceokulu.com\/index.php\/omer-turker-2023-2024-lisans-programi-kitabul-mille-1\/\"><span style=\"color: #3b5163;\"><strong>\u00d6MER T\u00dcRKER,2023-2024 L\u0130SANS PROGRAMI: K\u0130T\u00c2B\u00dc\u2019L-M\u0130LLE 1. SEM\u0130NER \u00d6ZET\u0130<\/strong><\/span><\/a><\/p>\n<p><a href=\"https:\/\/klasikdusunceokulu.com\/index.php\/omer-turker-2023-2024-lisans-programi-kitabul-mille-2\/\"><span style=\"color: #3b5163;\"><strong>\u00d6MER T\u00dcRKER,2023-2024 L\u0130SANS PROGRAMI: K\u0130T\u00c2B\u00dc\u2019L-M\u0130LLE 2. SEM\u0130NER \u00d6ZET\u0130<\/strong><\/span><\/a><\/p>\n<p><a href=\"https:\/\/klasikdusunceokulu.com\/index.php\/omer-turker-2023-2024-lisans-programi-kitabul-mille-3\/\"><span style=\"color: #3b5163;\"><strong>\u00d6MER T\u00dcRKER,2023-2024 L\u0130SANS PROGRAMI: K\u0130T\u00c2B\u00dc\u2019L-M\u0130LLE 3. SEM\u0130NER \u00d6ZET\u0130<\/strong><\/span><\/a><\/p>\n<p><a href=\"https:\/\/klasikdusunceokulu.com\/index.php\/omer-turker-2023-2024-lisans-programi-kitabul-mille-4\/\"><span style=\"color: #3b5163;\"><strong>\u00d6MER T\u00dcRKER,2023-2024 L\u0130SANS PROGRAMI: K\u0130T\u00c2B\u00dc\u2019L-M\u0130LLE 4. SEM\u0130NER \u00d6ZET\u0130<\/strong><\/span><\/a><\/p>\n","protected":false},"excerpt":{"rendered":"<p>\u00d6MER T\u00dcRKER,2023-2024 L\u0130SANS PROGRAMI: K\u0130T\u00c2B\u00dc\u2019L-M\u0130LLE 1. SEM\u0130NER \u00d6ZET\u0130 \u00d6MER T\u00dcRKER,2023-2024 [&hellip;]<\/p>\n","protected":false},"author":1,"featured_media":0,"parent":0,"menu_order":0,"comment_status":"closed","ping_status":"closed","template":"100-width.php","meta":{"footnotes":""},"class_list":["post-4007","page","type-page","status-publish","hentry"],"jetpack_sharing_enabled":true,"_links":{"self":[{"href":"https:\/\/klasikdusunceokulu.com\/index.php\/wp-json\/wp\/v2\/pages\/4007","targetHints":{"allow":["GET"]}}],"collection":[{"href":"https:\/\/klasikdusunceokulu.com\/index.php\/wp-json\/wp\/v2\/pages"}],"about":[{"href":"https:\/\/klasikdusunceokulu.com\/index.php\/wp-json\/wp\/v2\/types\/page"}],"author":[{"embeddable":true,"href":"https:\/\/klasikdusunceokulu.com\/index.php\/wp-json\/wp\/v2\/users\/1"}],"replies":[{"embeddable":true,"href":"https:\/\/klasikdusunceokulu.com\/index.php\/wp-json\/wp\/v2\/comments?post=4007"}],"version-history":[{"count":3,"href":"https:\/\/klasikdusunceokulu.com\/index.php\/wp-json\/wp\/v2\/pages\/4007\/revisions"}],"predecessor-version":[{"id":4535,"href":"https:\/\/klasikdusunceokulu.com\/index.php\/wp-json\/wp\/v2\/pages\/4007\/revisions\/4535"}],"wp:attachment":[{"href":"https:\/\/klasikdusunceokulu.com\/index.php\/wp-json\/wp\/v2\/media?parent=4007"}],"curies":[{"name":"wp","href":"https:\/\/api.w.org\/{rel}","templated":true}]}}