{"id":4023,"date":"2025-03-09T23:01:47","date_gmt":"2025-03-09T20:01:47","guid":{"rendered":"https:\/\/klasikdusunceokulu.com\/?page_id=4023"},"modified":"2025-03-18T23:45:52","modified_gmt":"2025-03-18T20:45:52","slug":"tanitim","status":"publish","type":"page","link":"https:\/\/klasikdusunceokulu.com\/index.php\/tanitim\/","title":{"rendered":"TANITIM"},"content":{"rendered":"<p><div class=\"fusion-fullwidth fullwidth-box fusion-builder-row-1 fusion-flex-container nonhundred-percent-fullwidth non-hundred-percent-height-scrolling\" style=\"--awb-border-radius-top-left:0px;--awb-border-radius-top-right:0px;--awb-border-radius-bottom-right:0px;--awb-border-radius-bottom-left:0px;--awb-flex-wrap:wrap;\" ><div class=\"fusion-builder-row fusion-row fusion-flex-align-items-flex-start fusion-flex-content-wrap\" style=\"max-width:1248px;margin-left: calc(-4% \/ 2 );margin-right: calc(-4% \/ 2 );\"><div class=\"fusion-layout-column fusion_builder_column fusion-builder-column-0 fusion_builder_column_1_1 1_1 fusion-flex-column\" style=\"--awb-bg-size:cover;--awb-width-large:100%;--awb-margin-top-large:0px;--awb-spacing-right-large:1.92%;--awb-margin-bottom-large:20px;--awb-spacing-left-large:1.92%;--awb-width-medium:100%;--awb-order-medium:0;--awb-spacing-right-medium:1.92%;--awb-spacing-left-medium:1.92%;--awb-width-small:100%;--awb-order-small:0;--awb-spacing-right-small:1.92%;--awb-spacing-left-small:1.92%;\"><div class=\"fusion-column-wrapper fusion-column-has-shadow fusion-flex-justify-content-flex-start fusion-content-layout-column\"><div class=\"fusion-image-element \" style=\"--awb-caption-title-font-family:var(--h2_typography-font-family);--awb-caption-title-font-weight:var(--h2_typography-font-weight);--awb-caption-title-font-style:var(--h2_typography-font-style);--awb-caption-title-size:var(--h2_typography-font-size);--awb-caption-title-transform:var(--h2_typography-text-transform);--awb-caption-title-line-height:var(--h2_typography-line-height);--awb-caption-title-letter-spacing:var(--h2_typography-letter-spacing);\"><span class=\" fusion-imageframe imageframe-none imageframe-1 hover-type-none\"><img fetchpriority=\"high\" fetchpriority=\"high\" decoding=\"async\" width=\"2560\" height=\"152\" title=\"page-divider\" src=\"http:\/\/klasikdusunceokulu.com\/wp-content\/uploads\/2024\/02\/page-divider-scaled.webp\" alt class=\"img-responsive wp-image-1397\" srcset=\"https:\/\/klasikdusunceokulu.com\/wp-content\/uploads\/2024\/02\/page-divider-200x12.webp 200w, https:\/\/klasikdusunceokulu.com\/wp-content\/uploads\/2024\/02\/page-divider-300x18.webp 300w, https:\/\/klasikdusunceokulu.com\/wp-content\/uploads\/2024\/02\/page-divider-400x24.webp 400w, https:\/\/klasikdusunceokulu.com\/wp-content\/uploads\/2024\/02\/page-divider-600x36.webp 600w, https:\/\/klasikdusunceokulu.com\/wp-content\/uploads\/2024\/02\/page-divider-768x46.webp 768w, https:\/\/klasikdusunceokulu.com\/wp-content\/uploads\/2024\/02\/page-divider-800x47.webp 800w, https:\/\/klasikdusunceokulu.com\/wp-content\/uploads\/2024\/02\/page-divider-1024x61.webp 1024w, https:\/\/klasikdusunceokulu.com\/wp-content\/uploads\/2024\/02\/page-divider-1200x71.webp 1200w, https:\/\/klasikdusunceokulu.com\/wp-content\/uploads\/2024\/02\/page-divider-1536x91.webp 1536w, https:\/\/klasikdusunceokulu.com\/wp-content\/uploads\/2024\/02\/page-divider-scaled.webp 2560w\" sizes=\"(max-width: 640px) 100vw, 1200px\" \/><\/span><\/div><\/div><\/div><div class=\"fusion-layout-column fusion_builder_column fusion-builder-column-1 fusion_builder_column_1_1 1_1 fusion-flex-column\" style=\"--awb-bg-size:cover;--awb-width-large:100%;--awb-margin-top-large:0px;--awb-spacing-right-large:1.92%;--awb-margin-bottom-large:0px;--awb-spacing-left-large:1.92%;--awb-width-medium:100%;--awb-spacing-right-medium:1.92%;--awb-spacing-left-medium:1.92%;--awb-width-small:100%;--awb-spacing-right-small:1.92%;--awb-spacing-left-small:1.92%;\"><div class=\"fusion-column-wrapper fusion-flex-justify-content-flex-start fusion-content-layout-column\"><div class=\"fusion-text fusion-text-1\"><h3 style=\"text-align: center;\"><span style=\"color: #3b5163;\" data-fusion-font=\"true\" data-fusion-google-font=\"Roboto Condensed\" data-fusion-google-variant=\"400\"><b data-fusion-font=\"true\">KLAS\u0130K D\u00dc\u015e\u00dcNCE OKULU<\/b><\/span><\/h3>\n<p style=\"text-align: center;\"><span style=\"color: #3b5163;\" data-fusion-font=\"true\" data-fusion-google-font=\"Roboto Condensed\" data-fusion-google-variant=\"400\">&nbsp; Klasik D\u00fc\u015f\u00fcnce Okulu Derne\u011fi\u201d 2016 y\u0131l\u0131nda \u00e7e\u015fitli alanlardan akademisyenler taraf\u0131ndan kurulmu\u015ftur.<br \/>Derne\u011fin mevcut ba\u015fkan\u0131 \u0130stanbul \u00dcniversitesi akademisyenlerinden Prof. Dr. Ekrem Demirli\u2019dir.<br \/>Okulun temel hedefi, klasik ve modern d\u00fc\u015f\u00fcncenin kurucu metinlerinin T\u00fcrk\u00e7e olarak okutulmas\u0131d\u0131r.<br \/>Bu hedefle felsefe, dinler tarihi, tasavvuf, kelam gibi alanlar\u0131n yan\u0131 s\u0131ra Antik Yunan, Arap ve T\u00fcrk dilinin klasikleri \u00fczerine uzman akademisyenler taraf\u0131ndan \u00e7e\u015fitli dersler yap\u0131lmaktad\u0131r.<br \/>Teorik derslere ilave olarak Antik Yunanca, Latince, Arap\u00e7a ve Fars\u00e7a gibi klasik dillerin \u00f6\u011fretimi i\u00e7in e\u011fitimler yap\u0131lm\u0131\u015f ve bu dersler de yay\u0131nlanm\u0131\u015ft\u0131r.<br \/>Ayr\u0131ca her y\u0131l g\u00fcz ve bahar d\u00f6nemlerinde t\u00fcm alanlardan lisans \u00f6\u011frencisi al\u0131nmakta ve dersler yap\u0131lmaktad\u0131r. Ba\u015fvurular aras\u0131ndan her d\u00f6nem 250 \u00f6\u011frenci al\u0131nmakta ve iki kademe iki\u015fer g\u00fcn \u015feklinde derse kat\u0131lmaktad\u0131r.<br \/>Okuldaki lisans program\u0131 d\u0131\u015f\u0131ndaki derslerin tamam\u0131 lisans\u00fcst\u00fc \u00f6\u011frencilerin kat\u0131l\u0131m\u0131na a\u00e7\u0131kt\u0131r ve kamu yarar\u0131 g\u00f6zetilerek \u00fccretsiz yap\u0131lmaktad\u0131r.<br \/>Bu derslerin yan\u0131 s\u0131ra kamuya a\u00e7\u0131k \u201cVarl\u0131k ve Olu\u015f\u201d ve \u201c\u0130slam D\u00fc\u015f\u00fcncesinde Kader\u201d gibi etkinlikler de yap\u0131lmaktad\u0131r. Bu etkinliklerdeki temel ama\u00e7, \u00e7e\u015fitli ekollerin belirli kavramlar \u00f6zelindeki d\u00fc\u015f\u00fcncelerini kar\u015f\u0131la\u015ft\u0131rmal\u0131 olarak ele almakt\u0131r.<br \/>Klasik D\u00fc\u015f\u00fcnce Okulu\u2019nda yap\u0131lan derslerin tamam\u0131 kuruldu\u011fu g\u00fcnden itibaren YouTube \u00fczerinden yay\u0131nlanmaktad\u0131r. Kanalda reklam verilmemekte ve derslerin tamam\u0131na \u00fccretsiz olarak eri\u015filebilmektedir.<br \/>Klasik D\u00fc\u015f\u00fcnce Okulu b\u00fct\u00fcn bu faaliyetlerin devam\u0131n\u0131n yan\u0131 s\u0131ra \u00f6n\u00fcm\u00fczdeki d\u00f6nemde mevcut derslerin \u0130ngilizce altyaz\u0131lar\u0131n\u0131n haz\u0131rlanmas\u0131n\u0131 ve yay\u0131nlanmas\u0131n\u0131 planlamaktad\u0131r.<\/span><\/p>\n<\/div><div class=\"fusion-image-element \" style=\"--awb-caption-title-font-family:var(--h2_typography-font-family);--awb-caption-title-font-weight:var(--h2_typography-font-weight);--awb-caption-title-font-style:var(--h2_typography-font-style);--awb-caption-title-size:var(--h2_typography-font-size);--awb-caption-title-transform:var(--h2_typography-text-transform);--awb-caption-title-line-height:var(--h2_typography-line-height);--awb-caption-title-letter-spacing:var(--h2_typography-letter-spacing);\"><span class=\" fusion-imageframe imageframe-none imageframe-2 hover-type-none\"><img fetchpriority=\"high\" fetchpriority=\"high\" decoding=\"async\" width=\"2560\" height=\"152\" title=\"page-divider\" src=\"http:\/\/klasikdusunceokulu.com\/wp-content\/uploads\/2024\/02\/page-divider-scaled.webp\" alt class=\"img-responsive wp-image-1397\" srcset=\"https:\/\/klasikdusunceokulu.com\/wp-content\/uploads\/2024\/02\/page-divider-200x12.webp 200w, https:\/\/klasikdusunceokulu.com\/wp-content\/uploads\/2024\/02\/page-divider-300x18.webp 300w, https:\/\/klasikdusunceokulu.com\/wp-content\/uploads\/2024\/02\/page-divider-400x24.webp 400w, https:\/\/klasikdusunceokulu.com\/wp-content\/uploads\/2024\/02\/page-divider-600x36.webp 600w, https:\/\/klasikdusunceokulu.com\/wp-content\/uploads\/2024\/02\/page-divider-768x46.webp 768w, https:\/\/klasikdusunceokulu.com\/wp-content\/uploads\/2024\/02\/page-divider-800x47.webp 800w, https:\/\/klasikdusunceokulu.com\/wp-content\/uploads\/2024\/02\/page-divider-1024x61.webp 1024w, https:\/\/klasikdusunceokulu.com\/wp-content\/uploads\/2024\/02\/page-divider-1200x71.webp 1200w, https:\/\/klasikdusunceokulu.com\/wp-content\/uploads\/2024\/02\/page-divider-1536x91.webp 1536w, https:\/\/klasikdusunceokulu.com\/wp-content\/uploads\/2024\/02\/page-divider-scaled.webp 2560w\" sizes=\"(max-width: 640px) 100vw, 1200px\" \/><\/span><\/div><\/div><\/div><\/div><\/div><div class=\"fusion-fullwidth fullwidth-box fusion-builder-row-2 fusion-flex-container has-pattern-background has-mask-background nonhundred-percent-fullwidth non-hundred-percent-height-scrolling\" style=\"--awb-border-radius-top-left:0px;--awb-border-radius-top-right:0px;--awb-border-radius-bottom-right:0px;--awb-border-radius-bottom-left:0px;--awb-flex-wrap:wrap;\" ><div class=\"fusion-builder-row fusion-row fusion-flex-align-items-flex-start fusion-flex-content-wrap\" style=\"max-width:1248px;margin-left: calc(-4% \/ 2 );margin-right: calc(-4% \/ 2 );\"><\/div><\/div><div class=\"fusion-fullwidth fullwidth-box fusion-builder-row-3 fusion-flex-container has-pattern-background has-mask-background nonhundred-percent-fullwidth non-hundred-percent-height-scrolling\" style=\"--awb-border-radius-top-left:0px;--awb-border-radius-top-right:0px;--awb-border-radius-bottom-right:0px;--awb-border-radius-bottom-left:0px;--awb-flex-wrap:wrap;\" ><div class=\"fusion-builder-row fusion-row fusion-flex-align-items-flex-start fusion-flex-content-wrap\" style=\"max-width:1248px;margin-left: calc(-4% \/ 2 );margin-right: calc(-4% \/ 2 );\"><div class=\"fusion-layout-column fusion_builder_column fusion-builder-column-2 fusion_builder_column_1_2 1_2 fusion-flex-column\" style=\"--awb-bg-size:cover;--awb-width-large:50%;--awb-margin-top-large:0px;--awb-spacing-right-large:3.84%;--awb-margin-bottom-large:20px;--awb-spacing-left-large:3.84%;--awb-width-medium:50%;--awb-order-medium:0;--awb-spacing-right-medium:3.84%;--awb-spacing-left-medium:3.84%;--awb-width-small:100%;--awb-order-small:0;--awb-spacing-right-small:1.92%;--awb-spacing-left-small:1.92%;\"><div class=\"fusion-column-wrapper fusion-column-has-shadow fusion-flex-justify-content-flex-start fusion-content-layout-column\"><div class=\"fusion-image-element \" style=\"--awb-aspect-ratio:4 \/ 3;--awb-caption-title-font-family:var(--h2_typography-font-family);--awb-caption-title-font-weight:var(--h2_typography-font-weight);--awb-caption-title-font-style:var(--h2_typography-font-style);--awb-caption-title-size:var(--h2_typography-font-size);--awb-caption-title-transform:var(--h2_typography-text-transform);--awb-caption-title-line-height:var(--h2_typography-line-height);--awb-caption-title-letter-spacing:var(--h2_typography-letter-spacing);\"><span class=\" fusion-imageframe imageframe-none imageframe-3 hover-type-none has-aspect-ratio\"><img decoding=\"async\" width=\"1070\" height=\"562\" title=\"230-afgan-tekkesi-uskudar_600x400\" src=\"http:\/\/klasikdusunceokulu.com\/wp-content\/uploads\/2025\/03\/230-afgan-tekkesi-uskudar_600x400.jpg\" class=\"img-responsive wp-image-4373 img-with-aspect-ratio\" alt srcset=\"https:\/\/klasikdusunceokulu.com\/wp-content\/uploads\/2025\/03\/230-afgan-tekkesi-uskudar_600x400-200x105.jpg 200w, https:\/\/klasikdusunceokulu.com\/wp-content\/uploads\/2025\/03\/230-afgan-tekkesi-uskudar_600x400-400x210.jpg 400w, https:\/\/klasikdusunceokulu.com\/wp-content\/uploads\/2025\/03\/230-afgan-tekkesi-uskudar_600x400-600x315.jpg 600w, https:\/\/klasikdusunceokulu.com\/wp-content\/uploads\/2025\/03\/230-afgan-tekkesi-uskudar_600x400-800x420.jpg 800w, https:\/\/klasikdusunceokulu.com\/wp-content\/uploads\/2025\/03\/230-afgan-tekkesi-uskudar_600x400.jpg 1070w\" sizes=\"(max-width: 640px) 100vw, 600px\" \/><\/span><\/div><\/div><\/div><div class=\"fusion-layout-column fusion_builder_column fusion-builder-column-3 fusion_builder_column_1_2 1_2 fusion-flex-column\" style=\"--awb-bg-size:cover;--awb-width-large:50%;--awb-margin-top-large:0px;--awb-spacing-right-large:3.84%;--awb-margin-bottom-large:20px;--awb-spacing-left-large:3.84%;--awb-width-medium:50%;--awb-order-medium:0;--awb-spacing-right-medium:3.84%;--awb-spacing-left-medium:3.84%;--awb-width-small:100%;--awb-order-small:0;--awb-spacing-right-small:1.92%;--awb-spacing-left-small:1.92%;\"><div class=\"fusion-column-wrapper fusion-column-has-shadow fusion-flex-justify-content-flex-start fusion-content-layout-column\"><div class=\"fusion-image-element \" style=\"--awb-aspect-ratio:4 \/ 3;--awb-caption-title-font-family:var(--h2_typography-font-family);--awb-caption-title-font-weight:var(--h2_typography-font-weight);--awb-caption-title-font-style:var(--h2_typography-font-style);--awb-caption-title-size:var(--h2_typography-font-size);--awb-caption-title-transform:var(--h2_typography-text-transform);--awb-caption-title-line-height:var(--h2_typography-line-height);--awb-caption-title-letter-spacing:var(--h2_typography-letter-spacing);\"><span class=\" fusion-imageframe imageframe-none imageframe-4 hover-type-none has-aspect-ratio\"><img decoding=\"async\" width=\"750\" height=\"571\" title=\"111\" src=\"http:\/\/klasikdusunceokulu.com\/wp-content\/uploads\/2025\/03\/111.jpg\" class=\"img-responsive wp-image-4377 img-with-aspect-ratio\" alt srcset=\"https:\/\/klasikdusunceokulu.com\/wp-content\/uploads\/2025\/03\/111-200x152.jpg 200w, https:\/\/klasikdusunceokulu.com\/wp-content\/uploads\/2025\/03\/111-400x305.jpg 400w, https:\/\/klasikdusunceokulu.com\/wp-content\/uploads\/2025\/03\/111-600x457.jpg 600w, https:\/\/klasikdusunceokulu.com\/wp-content\/uploads\/2025\/03\/111.jpg 750w\" sizes=\"(max-width: 640px) 100vw, 600px\" \/><\/span><\/div><\/div><\/div><\/div><\/div><\/p>\n","protected":false},"excerpt":{"rendered":"","protected":false},"author":1,"featured_media":0,"parent":0,"menu_order":0,"comment_status":"closed","ping_status":"closed","template":"100-width.php","meta":{"footnotes":""},"class_list":["post-4023","page","type-page","status-publish","hentry"],"jetpack_sharing_enabled":true,"_links":{"self":[{"href":"https:\/\/klasikdusunceokulu.com\/index.php\/wp-json\/wp\/v2\/pages\/4023","targetHints":{"allow":["GET"]}}],"collection":[{"href":"https:\/\/klasikdusunceokulu.com\/index.php\/wp-json\/wp\/v2\/pages"}],"about":[{"href":"https:\/\/klasikdusunceokulu.com\/index.php\/wp-json\/wp\/v2\/types\/page"}],"author":[{"embeddable":true,"href":"https:\/\/klasikdusunceokulu.com\/index.php\/wp-json\/wp\/v2\/users\/1"}],"replies":[{"embeddable":true,"href":"https:\/\/klasikdusunceokulu.com\/index.php\/wp-json\/wp\/v2\/comments?post=4023"}],"version-history":[{"count":5,"href":"https:\/\/klasikdusunceokulu.com\/index.php\/wp-json\/wp\/v2\/pages\/4023\/revisions"}],"predecessor-version":[{"id":4379,"href":"https:\/\/klasikdusunceokulu.com\/index.php\/wp-json\/wp\/v2\/pages\/4023\/revisions\/4379"}],"wp:attachment":[{"href":"https:\/\/klasikdusunceokulu.com\/index.php\/wp-json\/wp\/v2\/media?parent=4023"}],"curies":[{"name":"wp","href":"https:\/\/api.w.org\/{rel}","templated":true}]}}