{"id":4163,"date":"2025-03-10T15:37:17","date_gmt":"2025-03-10T12:37:17","guid":{"rendered":"https:\/\/klasikdusunceokulu.com\/?page_id=4163"},"modified":"2025-03-10T15:37:17","modified_gmt":"2025-03-10T12:37:17","slug":"abdurrahim-kozali","status":"publish","type":"page","link":"https:\/\/klasikdusunceokulu.com\/index.php\/abdurrahim-kozali\/","title":{"rendered":"ABDURRAH\u0130M KOZALI"},"content":{"rendered":"<p style=\"text-align: center;\"><span style=\"color: #3b5163;\"><strong><img decoding=\"async\" class=\"aligncenter size-full wp-image-4063\" src=\"http:\/\/klasikdusunceokulu.com\/wp-content\/uploads\/2025\/03\/KOZALI.jpeg\" alt=\"\" width=\"200\" height=\"200\" srcset=\"https:\/\/klasikdusunceokulu.com\/wp-content\/uploads\/2025\/03\/KOZALI-66x66.jpeg 66w, https:\/\/klasikdusunceokulu.com\/wp-content\/uploads\/2025\/03\/KOZALI-150x150.jpeg 150w, https:\/\/klasikdusunceokulu.com\/wp-content\/uploads\/2025\/03\/KOZALI.jpeg 200w\" sizes=\"(max-width: 200px) 100vw, 200px\" \/><\/strong><\/span><\/p>\n<p style=\"text-align: center;\"><span style=\"color: #3b5163;\"><strong>ABDURRAH\u0130M KOZALI<\/strong><\/span><\/p>\n<p style=\"text-align: center;\"><span style=\"color: #3b5163;\">Abdurrahim Kozal\u0131, lisans e\u011fitimini Marmara \u00dcniversitesi \u0130lahiyat Fak\u00fcltesi&#8217;nde tamamlad\u0131. Ayn\u0131 \u00fcniversitenin Sosyal Bilimler Enstit\u00fcs\u00fc \u0130slam Hukuku Bilim Dal\u0131&#8217;nda haz\u0131rlad\u0131\u011f\u0131\u00a0<i>\u0130sl\u00e2m Hukuk Us\u00fbl\u00fcnde Y\u00fck\u00fcml\u00fcl\u00fck (Tekl\u00eef)\u00a0<\/i>ba\u015fl\u0131kl\u0131 teziyle 1998 senesinde y\u00fcksek lisans\u0131n\u0131 savundu. 1996\u2019da Uluda\u011f \u00dcniversitesi \u0130lahiyat Fak\u00fcltesi \u0130slam Hukuku Anabilim Dal\u0131\u2019nda ara\u015ft\u0131rma g\u00f6revlisi olarak \u00e7al\u0131\u015fmaya ba\u015flad\u0131. 2004 senesinde\u00a0<i>\u0130stihsan ve Do\u011fal\u00a0\u00a0 Hukuk \u0130li\u015fkisi\u00a0<\/i>ba\u015fl\u0131kl\u0131 teziyle \u0130slam hukuku doktoru oldu. 2012-2017 y\u0131llar\u0131 aras\u0131nda Almanya Osnabr\u00fcck \u0130slam \u0130lahiyat\u0131 Enstit\u00fcs\u00fc \u0130slam Hukuku K\u00fcrs\u00fcs\u00fc\u2019nde kurucu ve hoca olarak g\u00f6rev yapm\u0131\u015f olup, halen Bursa Uluda\u011f \u00dcnivesitesi \u0130lahiyat Fak\u00fcltesi \u0130slam Hukuku Anabilim Dal\u0131\u2019nda \u00f6\u011fretim \u00fcyesi olarak \u00e7al\u0131\u015fmaktad\u0131r. \u00c7al\u0131\u015fma alanlar\u0131 f\u0131k\u0131h us\u00fbl\u00fc, Osmanl\u0131 hukuk d\u00fc\u015f\u00fcncesi ve hukuk felsefesi olup, bu alanlarda yay\u0131mlanm\u0131\u015f muhtelif \u00e7al\u0131\u015fmalar\u0131 bulunmaktad\u0131r.<\/span><\/p>\n<p style=\"text-align: center;\"><span style=\"color: #3b5163;\">Klasik D\u00fc\u015f\u00fcnce Okulu&#8217;nda &#8216;el-Muv\u00e2fak\u00e2t Okumalar\u0131&#8217; dersini okutmu\u015ftur.<\/span><\/p>\n","protected":false},"excerpt":{"rendered":"<p>ABDURRAH\u0130M KOZALI Abdurrahim Kozal\u0131, lisans e\u011fitimini Marmara \u00dcniversitesi \u0130lahiyat Fak\u00fcltesi&#8217;nde [&hellip;]<\/p>\n","protected":false},"author":1,"featured_media":0,"parent":0,"menu_order":0,"comment_status":"closed","ping_status":"closed","template":"100-width.php","meta":{"footnotes":""},"class_list":["post-4163","page","type-page","status-publish","hentry"],"jetpack_sharing_enabled":true,"_links":{"self":[{"href":"https:\/\/klasikdusunceokulu.com\/index.php\/wp-json\/wp\/v2\/pages\/4163","targetHints":{"allow":["GET"]}}],"collection":[{"href":"https:\/\/klasikdusunceokulu.com\/index.php\/wp-json\/wp\/v2\/pages"}],"about":[{"href":"https:\/\/klasikdusunceokulu.com\/index.php\/wp-json\/wp\/v2\/types\/page"}],"author":[{"embeddable":true,"href":"https:\/\/klasikdusunceokulu.com\/index.php\/wp-json\/wp\/v2\/users\/1"}],"replies":[{"embeddable":true,"href":"https:\/\/klasikdusunceokulu.com\/index.php\/wp-json\/wp\/v2\/comments?post=4163"}],"version-history":[{"count":1,"href":"https:\/\/klasikdusunceokulu.com\/index.php\/wp-json\/wp\/v2\/pages\/4163\/revisions"}],"predecessor-version":[{"id":4164,"href":"https:\/\/klasikdusunceokulu.com\/index.php\/wp-json\/wp\/v2\/pages\/4163\/revisions\/4164"}],"wp:attachment":[{"href":"https:\/\/klasikdusunceokulu.com\/index.php\/wp-json\/wp\/v2\/media?parent=4163"}],"curies":[{"name":"wp","href":"https:\/\/api.w.org\/{rel}","templated":true}]}}